{"id":70,"date":"2026-01-13T15:02:25","date_gmt":"2026-01-13T14:02:25","guid":{"rendered":"https:\/\/eleves.escl.fr\/wp2\/japon\/?page_id=70"},"modified":"2026-02-10T14:35:31","modified_gmt":"2026-02-10T13:35:31","slug":"anime-manga","status":"publish","type":"page","link":"https:\/\/eleves.escl.fr\/wp2\/japon\/culture\/anime-manga\/","title":{"rendered":"ANIME\/MANGA"},"content":{"rendered":"\n<div class=\"wp-block-columns is-layout-flex wp-container-core-columns-is-layout-28f84493 wp-block-columns-is-layout-flex\">\n<div class=\"wp-block-column is-layout-flow wp-block-column-is-layout-flow\" style=\"flex-basis:66.66%\">\n<figure class=\"wp-block-image size-large\"><img loading=\"lazy\" decoding=\"async\" width=\"768\" height=\"1024\" src=\"https:\/\/eleves.escl.fr\/wp2\/japon\/wp-content\/uploads\/sites\/26\/2026\/01\/379f9aeeb2bf0ee699217789f825dc88-768x1024.jpg\" alt=\"\" class=\"wp-image-149\" style=\"aspect-ratio:0.7500217561569924\" srcset=\"https:\/\/eleves.escl.fr\/wp2\/japon\/wp-content\/uploads\/sites\/26\/2026\/01\/379f9aeeb2bf0ee699217789f825dc88-768x1024.jpg 768w, https:\/\/eleves.escl.fr\/wp2\/japon\/wp-content\/uploads\/sites\/26\/2026\/01\/379f9aeeb2bf0ee699217789f825dc88-225x300.jpg 225w, https:\/\/eleves.escl.fr\/wp2\/japon\/wp-content\/uploads\/sites\/26\/2026\/01\/379f9aeeb2bf0ee699217789f825dc88.jpg 900w\" sizes=\"auto, (max-width: 768px) 100vw, 768px\" \/><\/figure>\n<\/div>\n\n\n\n<div class=\"wp-block-column is-layout-flow wp-block-column-is-layout-flow\" style=\"flex-basis:33.33%\">\n<p>Les <strong>mangas<\/strong> et les <strong>animes<\/strong> sont des formes de divertissement originaires du Japon qui connaissent une popularit\u00e9 mondiale. Les mangas sont des bandes dessin\u00e9es japonaises, g\u00e9n\u00e9ralement en noir et blanc, qui racontent toutes sortes d\u2019histoires : aventures, romance, fantastique, science-fiction ou m\u00eame des th\u00e8mes plus r\u00e9alistes. Les animes, quant \u00e0 eux, sont des dessins anim\u00e9s inspir\u00e9s de ces mangas ou cr\u00e9\u00e9s directement pour la t\u00e9l\u00e9vision ou le cin\u00e9ma.<\/p>\n<\/div>\n<\/div>\n\n\n\n<p>Au-del\u00e0 de leur aspect divertissant, les mangas et les animes refl\u00e8tent souvent la culture et la soci\u00e9t\u00e9 japonaises. Ils explorent des valeurs comme l\u2019amiti\u00e9, le courage, le d\u00e9passement de soi, mais aussi des th\u00e8mes plus complexes comme l\u2019identit\u00e9, la justice ou la m\u00e9moire. Chaque \u0153uvre propose un univers unique o\u00f9 les personnages \u00e9voluent et grandissent, permettant aux lecteurs et spectateurs de s\u2019immerger totalement dans l\u2019histoire.<\/p>\n\n\n\n<p>Les animes ajoutent une dimension suppl\u00e9mentaire gr\u00e2ce aux couleurs, aux musiques et aux mouvements, donnant vie aux \u00e9motions des personnages et aux d\u00e9cors imaginaires. Quant aux mangas, leur style graphique et leur narration permettent de ressentir l\u2019intimit\u00e9 des personnages et la profondeur de l\u2019intrigue \u00e0 son rythme. Ensemble, ils offrent des exp\u00e9riences compl\u00e9mentaires : l\u2019un fait appel \u00e0 l\u2019imagination du lecteur, l\u2019autre \u00e0 ses sens visuels et auditifs.<\/p>\n\n\n\n<p>Ainsi, que l\u2019on d\u00e9couvre un manga ou un anime, on entre dans un monde o\u00f9 la cr\u00e9ativit\u00e9 n\u2019a pas de limites et o\u00f9 chaque histoire peut toucher un public diff\u00e9rent, tout en faisant partie d\u2019une culture riche et influente \u00e0 travers le monde.<\/p>\n\n\n\n<p><\/p>\n","protected":false},"excerpt":{"rendered":"<p>Les mangas et les animes sont des formes de divertissement originaires du Japon qui connaissent une popularit\u00e9 mondiale. Les mangas sont des bandes dessin\u00e9es japonaises, g\u00e9n\u00e9ralement en noir et blanc, qui racontent toutes sortes d\u2019histoires : aventures, romance, fantastique, science-fiction ou m\u00eame des th\u00e8mes plus r\u00e9alistes. Les animes, quant \u00e0 eux, sont des dessins anim\u00e9s [&hellip;]<\/p>\n","protected":false},"author":44,"featured_media":0,"parent":25,"menu_order":0,"comment_status":"closed","ping_status":"closed","template":"","meta":{"footnotes":""},"class_list":["post-70","page","type-page","status-publish","hentry"],"_links":{"self":[{"href":"https:\/\/eleves.escl.fr\/wp2\/japon\/wp-json\/wp\/v2\/pages\/70","targetHints":{"allow":["GET"]}}],"collection":[{"href":"https:\/\/eleves.escl.fr\/wp2\/japon\/wp-json\/wp\/v2\/pages"}],"about":[{"href":"https:\/\/eleves.escl.fr\/wp2\/japon\/wp-json\/wp\/v2\/types\/page"}],"author":[{"embeddable":true,"href":"https:\/\/eleves.escl.fr\/wp2\/japon\/wp-json\/wp\/v2\/users\/44"}],"replies":[{"embeddable":true,"href":"https:\/\/eleves.escl.fr\/wp2\/japon\/wp-json\/wp\/v2\/comments?post=70"}],"version-history":[{"count":2,"href":"https:\/\/eleves.escl.fr\/wp2\/japon\/wp-json\/wp\/v2\/pages\/70\/revisions"}],"predecessor-version":[{"id":152,"href":"https:\/\/eleves.escl.fr\/wp2\/japon\/wp-json\/wp\/v2\/pages\/70\/revisions\/152"}],"up":[{"embeddable":true,"href":"https:\/\/eleves.escl.fr\/wp2\/japon\/wp-json\/wp\/v2\/pages\/25"}],"wp:attachment":[{"href":"https:\/\/eleves.escl.fr\/wp2\/japon\/wp-json\/wp\/v2\/media?parent=70"}],"curies":[{"name":"wp","href":"https:\/\/api.w.org\/{rel}","templated":true}]}}