{"id":21,"date":"2025-01-21T14:03:25","date_gmt":"2025-01-21T13:03:25","guid":{"rendered":"https:\/\/eleves.escl.fr\/wp2\/magarchi\/?page_id=21"},"modified":"2025-04-30T20:37:20","modified_gmt":"2025-04-30T18:37:20","slug":"presentation-de-lequipe","status":"publish","type":"page","link":"https:\/\/eleves.escl.fr\/wp2\/magarchi\/presentation-de-lequipe\/","title":{"rendered":"Pr\u00e9sentation de l&rsquo;\u00e9quipe"},"content":{"rendered":"\n<div style=\"height:var(--wp--preset--spacing--50)\" aria-hidden=\"true\" class=\"wp-block-spacer\"><\/div>\n\n\n\n<div class=\"wp-block-group alignwide has-global-padding is-layout-constrained wp-block-group-is-layout-constrained\">\n<h1 class=\"wp-block-heading alignwide has-xx-large-font-size\" style=\"line-height:1.2\">Le site \u00e0 \u00e9t\u00e9 cr\u00e9\u00e9 par trois \u00e9l\u00e8ves en classe de STD2A dans le cadre d&rsquo;un projet scolaire.<\/h1>\n<\/div>\n\n\n\n<p><\/p>\n\n\n\n<p><\/p>\n\n\n\n<p><\/p>\n\n\n\n<p><\/p>\n\n\n\n<p><\/p>\n\n\n\n<div class=\"wp-block-group alignwide has-global-padding is-layout-constrained wp-block-group-is-layout-constrained\">\n<p><\/p>\n\n\n\n<p><\/p>\n<\/div>\n\n\n\n<p><\/p>\n","protected":false},"excerpt":{"rendered":"<p>Le site \u00e0 \u00e9t\u00e9 cr\u00e9\u00e9 par trois \u00e9l\u00e8ves en classe de STD2A dans le cadre d&rsquo;un projet scolaire.<\/p>\n","protected":false},"author":4,"featured_media":0,"parent":0,"menu_order":0,"comment_status":"closed","ping_status":"closed","template":"","meta":{"footnotes":""},"class_list":["post-21","page","type-page","status-publish","hentry"],"_links":{"self":[{"href":"https:\/\/eleves.escl.fr\/wp2\/magarchi\/wp-json\/wp\/v2\/pages\/21","targetHints":{"allow":["GET"]}}],"collection":[{"href":"https:\/\/eleves.escl.fr\/wp2\/magarchi\/wp-json\/wp\/v2\/pages"}],"about":[{"href":"https:\/\/eleves.escl.fr\/wp2\/magarchi\/wp-json\/wp\/v2\/types\/page"}],"author":[{"embeddable":true,"href":"https:\/\/eleves.escl.fr\/wp2\/magarchi\/wp-json\/wp\/v2\/users\/4"}],"replies":[{"embeddable":true,"href":"https:\/\/eleves.escl.fr\/wp2\/magarchi\/wp-json\/wp\/v2\/comments?post=21"}],"version-history":[{"count":5,"href":"https:\/\/eleves.escl.fr\/wp2\/magarchi\/wp-json\/wp\/v2\/pages\/21\/revisions"}],"predecessor-version":[{"id":483,"href":"https:\/\/eleves.escl.fr\/wp2\/magarchi\/wp-json\/wp\/v2\/pages\/21\/revisions\/483"}],"wp:attachment":[{"href":"https:\/\/eleves.escl.fr\/wp2\/magarchi\/wp-json\/wp\/v2\/media?parent=21"}],"curies":[{"name":"wp","href":"https:\/\/api.w.org\/{rel}","templated":true}]}}