{"id":252,"date":"2025-03-04T14:04:52","date_gmt":"2025-03-04T13:04:52","guid":{"rendered":"https:\/\/eleves.escl.fr\/wp2\/magarchi\/?page_id=252"},"modified":"2025-04-30T20:57:04","modified_gmt":"2025-04-30T18:57:04","slug":"canape","status":"publish","type":"page","link":"https:\/\/eleves.escl.fr\/wp2\/magarchi\/canape\/","title":{"rendered":"Canap\u00e9s"},"content":{"rendered":"\n<details class=\"wp-block-details is-layout-flow wp-block-details-is-layout-flow\"><summary>Rayons<\/summary>\n<p><a href=\"https:\/\/eleves.escl.fr\/wp2\/magarchi\/\">accueil<\/a><\/p>\n\n\n\n<p><a href=\"https:\/\/eleves.escl.fr\/wp2\/magarchi\/canapes\/\">miroirs<\/a><\/p>\n\n\n\n<p><a href=\"https:\/\/eleves.escl.fr\/wp2\/magarchi\/149-2\/\">lampes<\/a><\/p>\n\n\n\n<p><a href=\"https:\/\/eleves.escl.fr\/wp2\/magarchi\/meuble\/\">\u00e9tag\u00e8res<\/a><\/p>\n\n\n\n<p><a href=\"https:\/\/eleves.escl.fr\/wp2\/magarchi\/tapis\/\">tapis<\/a><\/p>\n\n\n\n<p><a href=\"https:\/\/eleves.escl.fr\/wp2\/magarchi\/tables\/\">tables<\/a><\/p>\n\n\n\n<p><a href=\"https:\/\/eleves.escl.fr\/wp2\/magarchi\/vase\/\">vases<\/a><\/p>\n<\/details>\n\n\n\n<div class=\"wp-block-group alignfull has-global-padding is-layout-constrained wp-container-core-group-is-layout-b25ccd55 wp-block-group-is-layout-constrained\" style=\"margin-top:0;margin-bottom:0;padding-top:var(--wp--preset--spacing--50);padding-right:var(--wp--preset--spacing--50);padding-bottom:var(--wp--preset--spacing--50);padding-left:var(--wp--preset--spacing--50)\">\n<div class=\"wp-block-columns alignwide is-layout-flex wp-container-core-columns-is-layout-ff4b9c61 wp-block-columns-is-layout-flex\" style=\"margin-top:0;margin-bottom:0\">\n<div class=\"wp-block-column is-layout-flow wp-container-core-column-is-layout-8a368f38 wp-block-column-is-layout-flow\">\n<figure class=\"wp-block-image size-large is-style-rounded is-style-rounded--1\"><a href=\"https:\/\/www.roche-bobois.com\/fr-CI\/produit\/bombom-outdoor-bombom-outdoor---canape\/A3796327789_set.html\" target=\"_blank\" rel=\" noreferrer noopener\"><img loading=\"lazy\" decoding=\"async\" width=\"1024\" height=\"573\" src=\"https:\/\/eleves.escl.fr\/wp2\/magarchi\/wp-content\/uploads\/sites\/5\/2025\/01\/canapbleu-1024x573.jpg\" alt=\"\" class=\"wp-image-26\" style=\"aspect-ratio:4\/3;object-fit:cover\" srcset=\"https:\/\/eleves.escl.fr\/wp2\/magarchi\/wp-content\/uploads\/sites\/5\/2025\/01\/canapbleu-1024x573.jpg 1024w, https:\/\/eleves.escl.fr\/wp2\/magarchi\/wp-content\/uploads\/sites\/5\/2025\/01\/canapbleu-300x168.jpg 300w, https:\/\/eleves.escl.fr\/wp2\/magarchi\/wp-content\/uploads\/sites\/5\/2025\/01\/canapbleu-768x430.jpg 768w, https:\/\/eleves.escl.fr\/wp2\/magarchi\/wp-content\/uploads\/sites\/5\/2025\/01\/canapbleu-1536x860.jpg 1536w, https:\/\/eleves.escl.fr\/wp2\/magarchi\/wp-content\/uploads\/sites\/5\/2025\/01\/canapbleu.jpg 1600w\" sizes=\"auto, (max-width: 1024px) 100vw, 1024px\" \/><\/a><\/figure>\n\n\n\n<p class=\"has-contrast-2-color has-text-color has-link-color has-medium-font-size wp-elements-35d36f0e69e9cfdd451a8ea833f29207\">Canap\u00e9 dentifrice <\/p>\n\n\n\n<div style=\"height:var(--wp--preset--spacing--50)\" aria-hidden=\"true\" class=\"wp-block-spacer\"><\/div>\n\n\n\n<p class=\"has-contrast-2-color has-text-color has-link-color wp-elements-ddf928748a2c9da3e2eaee39971b9280\">Canap\u00e9 A propos<\/p>\n\n\n\n<figure class=\"wp-block-image size-large\"><a href=\"https:\/\/www.roche-bobois.com\/fr-BE\/produit\/a-propos-composition-a\/5671_set.html\"><img loading=\"lazy\" decoding=\"async\" width=\"1024\" height=\"573\" src=\"https:\/\/eleves.escl.fr\/wp2\/magarchi\/wp-content\/uploads\/sites\/5\/2025\/01\/canapmoutarde-1024x573.jpg\" alt=\"\" class=\"wp-image-54\" srcset=\"https:\/\/eleves.escl.fr\/wp2\/magarchi\/wp-content\/uploads\/sites\/5\/2025\/01\/canapmoutarde-1024x573.jpg 1024w, https:\/\/eleves.escl.fr\/wp2\/magarchi\/wp-content\/uploads\/sites\/5\/2025\/01\/canapmoutarde-300x168.jpg 300w, https:\/\/eleves.escl.fr\/wp2\/magarchi\/wp-content\/uploads\/sites\/5\/2025\/01\/canapmoutarde-768x430.jpg 768w, https:\/\/eleves.escl.fr\/wp2\/magarchi\/wp-content\/uploads\/sites\/5\/2025\/01\/canapmoutarde-1536x860.jpg 1536w, https:\/\/eleves.escl.fr\/wp2\/magarchi\/wp-content\/uploads\/sites\/5\/2025\/01\/canapmoutarde.jpg 1600w\" sizes=\"auto, (max-width: 1024px) 100vw, 1024px\" \/><\/a><\/figure>\n\n\n\n<div style=\"height:var(--wp--preset--spacing--50)\" aria-hidden=\"true\" class=\"wp-block-spacer\"><\/div>\n\n\n\n<p class=\"has-contrast-2-color has-text-color has-link-color wp-elements-9fd62d540bed1e77b4c72f437afef019\">Canap\u00e9 HUBBA<\/p>\n\n\n\n<figure class=\"wp-block-image size-large is-style-rounded is-style-rounded--2\"><a href=\"https:\/\/www.roche-bobois.com\/fr-FR\/produit-hubba---fauteuil\/B175893828_set.html\"><img loading=\"lazy\" decoding=\"async\" width=\"1024\" height=\"573\" src=\"https:\/\/eleves.escl.fr\/wp2\/magarchi\/wp-content\/uploads\/sites\/5\/2025\/02\/fauteil-poil-1024x573.jpg\" alt=\"\" class=\"wp-image-180\" style=\"aspect-ratio:3\/4;object-fit:cover\" srcset=\"https:\/\/eleves.escl.fr\/wp2\/magarchi\/wp-content\/uploads\/sites\/5\/2025\/02\/fauteil-poil-1024x573.jpg 1024w, https:\/\/eleves.escl.fr\/wp2\/magarchi\/wp-content\/uploads\/sites\/5\/2025\/02\/fauteil-poil-300x168.jpg 300w, https:\/\/eleves.escl.fr\/wp2\/magarchi\/wp-content\/uploads\/sites\/5\/2025\/02\/fauteil-poil-768x430.jpg 768w, https:\/\/eleves.escl.fr\/wp2\/magarchi\/wp-content\/uploads\/sites\/5\/2025\/02\/fauteil-poil-1536x860.jpg 1536w, https:\/\/eleves.escl.fr\/wp2\/magarchi\/wp-content\/uploads\/sites\/5\/2025\/02\/fauteil-poil.jpg 2000w\" sizes=\"auto, (max-width: 1024px) 100vw, 1024px\" \/><\/a><\/figure>\n\n\n\n<div style=\"height:var(--wp--preset--spacing--50)\" aria-hidden=\"true\" class=\"wp-block-spacer\"><\/div>\n\n\n\n<p class=\"has-contrast-2-color has-text-color has-link-color wp-elements-7f559b8db9d5695ebc255084241030d4\">Canap\u00e9 weg<\/p>\n\n\n\n<figure class=\"wp-block-image size-large is-style-rounded is-style-rounded--3\"><a href=\"https:\/\/www.roche-bobois.com\/fr-FR\/produit\/weg-canape\/4034.html\"><img loading=\"lazy\" decoding=\"async\" width=\"1024\" height=\"573\" src=\"https:\/\/eleves.escl.fr\/wp2\/magarchi\/wp-content\/uploads\/sites\/5\/2025\/01\/canapmaron-1024x573.jpg\" alt=\"\" class=\"wp-image-53\" style=\"aspect-ratio:16\/9;object-fit:cover\" srcset=\"https:\/\/eleves.escl.fr\/wp2\/magarchi\/wp-content\/uploads\/sites\/5\/2025\/01\/canapmaron-1024x573.jpg 1024w, https:\/\/eleves.escl.fr\/wp2\/magarchi\/wp-content\/uploads\/sites\/5\/2025\/01\/canapmaron-300x168.jpg 300w, https:\/\/eleves.escl.fr\/wp2\/magarchi\/wp-content\/uploads\/sites\/5\/2025\/01\/canapmaron-768x430.jpg 768w, https:\/\/eleves.escl.fr\/wp2\/magarchi\/wp-content\/uploads\/sites\/5\/2025\/01\/canapmaron-1536x860.jpg 1536w, https:\/\/eleves.escl.fr\/wp2\/magarchi\/wp-content\/uploads\/sites\/5\/2025\/01\/canapmaron.jpg 1600w\" sizes=\"auto, (max-width: 1024px) 100vw, 1024px\" \/><\/a><\/figure>\n<\/div>\n\n\n\n<div class=\"wp-block-column is-layout-flow wp-container-core-column-is-layout-8a368f38 wp-block-column-is-layout-flow\">\n<figure class=\"wp-block-gallery has-nested-images columns-default is-cropped wp-block-gallery-4 is-layout-flex wp-block-gallery-is-layout-flex\">\n<figure class=\"wp-block-image size-large\"><a href=\"https:\/\/www.roche-bobois.com\/fr-FR\/produit\/bubble-bubble---canape-tissu-calin\/A30722831_set.html\" target=\"_blank\" rel=\" noreferrer noopener\"><img loading=\"lazy\" decoding=\"async\" width=\"1024\" height=\"573\" data-id=\"28\" src=\"https:\/\/eleves.escl.fr\/wp2\/magarchi\/wp-content\/uploads\/sites\/5\/2025\/01\/bubblecanap-1024x573.jpg\" alt=\"\" class=\"wp-image-28\" srcset=\"https:\/\/eleves.escl.fr\/wp2\/magarchi\/wp-content\/uploads\/sites\/5\/2025\/01\/bubblecanap-1024x573.jpg 1024w, https:\/\/eleves.escl.fr\/wp2\/magarchi\/wp-content\/uploads\/sites\/5\/2025\/01\/bubblecanap-300x168.jpg 300w, https:\/\/eleves.escl.fr\/wp2\/magarchi\/wp-content\/uploads\/sites\/5\/2025\/01\/bubblecanap-768x430.jpg 768w, https:\/\/eleves.escl.fr\/wp2\/magarchi\/wp-content\/uploads\/sites\/5\/2025\/01\/bubblecanap-1536x860.jpg 1536w, https:\/\/eleves.escl.fr\/wp2\/magarchi\/wp-content\/uploads\/sites\/5\/2025\/01\/bubblecanap.jpg 1600w\" sizes=\"auto, (max-width: 1024px) 100vw, 1024px\" \/><\/a><\/figure>\n<\/figure>\n\n\n\n<p class=\"has-contrast-2-color has-text-color has-link-color has-medium-font-size wp-elements-7439a46f62931d19a175412e2ad695d6\">Canap\u00e9 bubble<\/p>\n\n\n\n<div style=\"height:var(--wp--preset--spacing--50)\" aria-hidden=\"true\" class=\"wp-block-spacer\"><\/div>\n\n\n\n<p class=\"has-contrast-2-color has-text-color has-link-color wp-elements-3e36381bbfc0b56fecf654805f0c61cf\">Fauteuil Bulle<\/p>\n\n\n\n<figure class=\"wp-block-image size-large is-style-rounded is-style-rounded--5\"><a href=\"https:\/\/www.roche-bobois.com\/fr-FR\/produit\/bubble-fauteuil-pivotant\/2127.html\"><img loading=\"lazy\" decoding=\"async\" width=\"1024\" height=\"573\" src=\"https:\/\/eleves.escl.fr\/wp2\/magarchi\/wp-content\/uploads\/sites\/5\/2025\/02\/fauteilbulle-1024x573.jpg\" alt=\"\" class=\"wp-image-181\" style=\"aspect-ratio:3\/4;object-fit:cover\" srcset=\"https:\/\/eleves.escl.fr\/wp2\/magarchi\/wp-content\/uploads\/sites\/5\/2025\/02\/fauteilbulle-1024x573.jpg 1024w, https:\/\/eleves.escl.fr\/wp2\/magarchi\/wp-content\/uploads\/sites\/5\/2025\/02\/fauteilbulle-300x168.jpg 300w, https:\/\/eleves.escl.fr\/wp2\/magarchi\/wp-content\/uploads\/sites\/5\/2025\/02\/fauteilbulle-768x430.jpg 768w, https:\/\/eleves.escl.fr\/wp2\/magarchi\/wp-content\/uploads\/sites\/5\/2025\/02\/fauteilbulle-1536x860.jpg 1536w, https:\/\/eleves.escl.fr\/wp2\/magarchi\/wp-content\/uploads\/sites\/5\/2025\/02\/fauteilbulle.jpg 2000w\" sizes=\"auto, (max-width: 1024px) 100vw, 1024px\" \/><\/a><\/figure>\n\n\n\n<div style=\"height:var(--wp--preset--spacing--50)\" aria-hidden=\"true\" class=\"wp-block-spacer\"><\/div>\n\n\n\n<p class=\"has-contrast-2-color has-text-color has-link-color wp-elements-77b8c1cebb1145cd2274a5ce6d5898d0\">Ensemble canap\u00e9<\/p>\n\n\n\n<figure class=\"wp-block-image size-large is-style-rounded is-style-rounded--6\"><a href=\"https:\/\/www.roche-bobois.com\/fr-FR\/produit\/mah-jong-umi---composition-a-%E2%80%93-kenzo-takada\/4896.html\"><img loading=\"lazy\" decoding=\"async\" width=\"1024\" height=\"573\" src=\"https:\/\/eleves.escl.fr\/wp2\/magarchi\/wp-content\/uploads\/sites\/5\/2025\/02\/ensemble-canape-1024x573.jpg\" alt=\"\" class=\"wp-image-179\" style=\"aspect-ratio:16\/9;object-fit:cover\" srcset=\"https:\/\/eleves.escl.fr\/wp2\/magarchi\/wp-content\/uploads\/sites\/5\/2025\/02\/ensemble-canape-1024x573.jpg 1024w, https:\/\/eleves.escl.fr\/wp2\/magarchi\/wp-content\/uploads\/sites\/5\/2025\/02\/ensemble-canape-300x168.jpg 300w, https:\/\/eleves.escl.fr\/wp2\/magarchi\/wp-content\/uploads\/sites\/5\/2025\/02\/ensemble-canape-768x430.jpg 768w, https:\/\/eleves.escl.fr\/wp2\/magarchi\/wp-content\/uploads\/sites\/5\/2025\/02\/ensemble-canape-1536x860.jpg 1536w, https:\/\/eleves.escl.fr\/wp2\/magarchi\/wp-content\/uploads\/sites\/5\/2025\/02\/ensemble-canape.jpg 2000w\" sizes=\"auto, (max-width: 1024px) 100vw, 1024px\" \/><\/a><\/figure>\n\n\n\n<div style=\"height:var(--wp--preset--spacing--50)\" aria-hidden=\"true\" class=\"wp-block-spacer\"><\/div>\n\n\n\n<p class=\"has-contrast-2-color has-text-color has-link-color wp-elements-5de7ec1a1fab904e3bba36623494b074\">Canap\u00e9 Caractere<\/p>\n\n\n\n<figure class=\"wp-block-image size-large is-style-rounded is-style-rounded--7\"><a href=\"https:\/\/www.roche-bobois.com\/fr-FR\/produit\/caractere-grand-canape-3-places\/3319_set.html\"><img loading=\"lazy\" decoding=\"async\" width=\"1024\" height=\"573\" src=\"https:\/\/eleves.escl.fr\/wp2\/magarchi\/wp-content\/uploads\/sites\/5\/2025\/01\/canapclassiquebleu-1024x573.jpg\" alt=\"\" class=\"wp-image-52\" style=\"aspect-ratio:16\/9;object-fit:cover\" srcset=\"https:\/\/eleves.escl.fr\/wp2\/magarchi\/wp-content\/uploads\/sites\/5\/2025\/01\/canapclassiquebleu-1024x573.jpg 1024w, https:\/\/eleves.escl.fr\/wp2\/magarchi\/wp-content\/uploads\/sites\/5\/2025\/01\/canapclassiquebleu-300x168.jpg 300w, https:\/\/eleves.escl.fr\/wp2\/magarchi\/wp-content\/uploads\/sites\/5\/2025\/01\/canapclassiquebleu-768x430.jpg 768w, https:\/\/eleves.escl.fr\/wp2\/magarchi\/wp-content\/uploads\/sites\/5\/2025\/01\/canapclassiquebleu-1536x860.jpg 1536w, https:\/\/eleves.escl.fr\/wp2\/magarchi\/wp-content\/uploads\/sites\/5\/2025\/01\/canapclassiquebleu.jpg 1600w\" sizes=\"auto, (max-width: 1024px) 100vw, 1024px\" \/><\/a><\/figure>\n\n\n\n<div style=\"height:var(--wp--preset--spacing--50)\" aria-hidden=\"true\" class=\"wp-block-spacer\"><\/div>\n\n\n\n<p class=\"has-contrast-2-color has-text-color has-link-color wp-elements-39e6d9f57540db88a3930ae42657d27e\">composition chauffeuse<\/p>\n\n\n\n<figure class=\"wp-block-image size-large is-style-rounded is-style-rounded--8\"><a href=\"https:\/\/www.roche-bobois.com\/fr-FR\/produit\/setup-composition-chauffeuse-batard-gauche\/A1108137580_4.html\"><img loading=\"lazy\" decoding=\"async\" width=\"1024\" height=\"573\" src=\"https:\/\/eleves.escl.fr\/wp2\/magarchi\/wp-content\/uploads\/sites\/5\/2025\/01\/canapbulle-1024x573.jpg\" alt=\"\" class=\"wp-image-51\" style=\"aspect-ratio:16\/9;object-fit:cover\" srcset=\"https:\/\/eleves.escl.fr\/wp2\/magarchi\/wp-content\/uploads\/sites\/5\/2025\/01\/canapbulle-1024x573.jpg 1024w, https:\/\/eleves.escl.fr\/wp2\/magarchi\/wp-content\/uploads\/sites\/5\/2025\/01\/canapbulle-300x168.jpg 300w, https:\/\/eleves.escl.fr\/wp2\/magarchi\/wp-content\/uploads\/sites\/5\/2025\/01\/canapbulle-768x430.jpg 768w, https:\/\/eleves.escl.fr\/wp2\/magarchi\/wp-content\/uploads\/sites\/5\/2025\/01\/canapbulle-1536x860.jpg 1536w, https:\/\/eleves.escl.fr\/wp2\/magarchi\/wp-content\/uploads\/sites\/5\/2025\/01\/canapbulle.jpg 1600w\" sizes=\"auto, (max-width: 1024px) 100vw, 1024px\" \/><\/a><\/figure>\n<\/div>\n<\/div>\n\n\n\n<p><\/p>\n<\/div>\n","protected":false},"excerpt":{"rendered":"<p>Canap\u00e9 dentifrice Canap\u00e9 A propos Canap\u00e9 HUBBA Canap\u00e9 weg Canap\u00e9 bubble Fauteuil Bulle Ensemble canap\u00e9 Canap\u00e9 Caractere composition chauffeuse<\/p>\n","protected":false},"author":4,"featured_media":0,"parent":0,"menu_order":0,"comment_status":"closed","ping_status":"closed","template":"","meta":{"footnotes":""},"class_list":["post-252","page","type-page","status-publish","hentry"],"_links":{"self":[{"href":"https:\/\/eleves.escl.fr\/wp2\/magarchi\/wp-json\/wp\/v2\/pages\/252","targetHints":{"allow":["GET"]}}],"collection":[{"href":"https:\/\/eleves.escl.fr\/wp2\/magarchi\/wp-json\/wp\/v2\/pages"}],"about":[{"href":"https:\/\/eleves.escl.fr\/wp2\/magarchi\/wp-json\/wp\/v2\/types\/page"}],"author":[{"embeddable":true,"href":"https:\/\/eleves.escl.fr\/wp2\/magarchi\/wp-json\/wp\/v2\/users\/4"}],"replies":[{"embeddable":true,"href":"https:\/\/eleves.escl.fr\/wp2\/magarchi\/wp-json\/wp\/v2\/comments?post=252"}],"version-history":[{"count":15,"href":"https:\/\/eleves.escl.fr\/wp2\/magarchi\/wp-json\/wp\/v2\/pages\/252\/revisions"}],"predecessor-version":[{"id":490,"href":"https:\/\/eleves.escl.fr\/wp2\/magarchi\/wp-json\/wp\/v2\/pages\/252\/revisions\/490"}],"wp:attachment":[{"href":"https:\/\/eleves.escl.fr\/wp2\/magarchi\/wp-json\/wp\/v2\/media?parent=252"}],"curies":[{"name":"wp","href":"https:\/\/api.w.org\/{rel}","templated":true}]}}