{"id":2,"date":"2025-01-07T14:58:03","date_gmt":"2025-01-07T13:58:03","guid":{"rendered":"https:\/\/eleves.escl.fr\/wp2\/magnus\/?page_id=2"},"modified":"2025-05-24T18:56:48","modified_gmt":"2025-05-24T16:56:48","slug":"page-d-exemple","status":"publish","type":"page","link":"https:\/\/eleves.escl.fr\/wp2\/magnus\/","title":{"rendered":"L&rsquo;Institut Magnus"},"content":{"rendered":"\n<p>\/<\/p>\n\n\n\n<div class=\"wp-block-cover alignwide\"><img loading=\"lazy\" decoding=\"async\" width=\"1192\" height=\"670\" class=\"wp-block-cover__image-background wp-image-59\" alt=\"\" src=\"https:\/\/eleves.escl.fr\/wp2\/magnus\/wp-content\/uploads\/sites\/14\/2025\/04\/the_magnus_archives_1366x768_wallpaper_by_cybertek13666_de3s6vh-pre.jpg\" data-object-fit=\"cover\" srcset=\"https:\/\/eleves.escl.fr\/wp2\/magnus\/wp-content\/uploads\/sites\/14\/2025\/04\/the_magnus_archives_1366x768_wallpaper_by_cybertek13666_de3s6vh-pre.jpg 1192w, https:\/\/eleves.escl.fr\/wp2\/magnus\/wp-content\/uploads\/sites\/14\/2025\/04\/the_magnus_archives_1366x768_wallpaper_by_cybertek13666_de3s6vh-pre-300x169.jpg 300w, https:\/\/eleves.escl.fr\/wp2\/magnus\/wp-content\/uploads\/sites\/14\/2025\/04\/the_magnus_archives_1366x768_wallpaper_by_cybertek13666_de3s6vh-pre-1024x576.jpg 1024w, https:\/\/eleves.escl.fr\/wp2\/magnus\/wp-content\/uploads\/sites\/14\/2025\/04\/the_magnus_archives_1366x768_wallpaper_by_cybertek13666_de3s6vh-pre-768x432.jpg 768w\" sizes=\"auto, (max-width: 1192px) 100vw, 1192px\" \/><span aria-hidden=\"true\" class=\"wp-block-cover__background has-background-dim\" style=\"background-color:#070908\"><\/span><div class=\"wp-block-cover__inner-container has-global-padding is-layout-constrained wp-block-cover-is-layout-constrained\">\n<p class=\"has-text-align-center has-xx-large-font-size\">Institut Magnus<\/p>\n\n\n\n<p class=\"has-text-align-center\">Depuis 1818<\/p>\n<\/div><\/div>\n\n\n\n<div class=\"wp-block-group is-nowrap is-layout-flex wp-container-core-group-is-layout-6c531013 wp-block-group-is-layout-flex\">\n<p class=\"has-base-background-color has-background\">The Magnus Archives est un podcast fictionnel et horrifique produit par Alexander J Newal et Lowri Ann Davies, \u00e9crit par Jonathan Sims, et r\u00e9alis\u00e9 par Alexander J Newall.<\/p>\n<\/div>\n\n\n\n<figure class=\"wp-block-image size-full\"><img loading=\"lazy\" decoding=\"async\" width=\"923\" height=\"866\" src=\"https:\/\/eleves.escl.fr\/wp2\/magnus\/wp-content\/uploads\/sites\/14\/2025\/04\/image.jpeg\" alt=\"L\u2019attribut alt de cette image est vide, son nom de fichier est the_entities_by_sunnyclockwork_ddtrasw-pre-1.jpg.\" class=\"wp-image-57\" srcset=\"https:\/\/eleves.escl.fr\/wp2\/magnus\/wp-content\/uploads\/sites\/14\/2025\/04\/image.jpeg 923w, https:\/\/eleves.escl.fr\/wp2\/magnus\/wp-content\/uploads\/sites\/14\/2025\/04\/image-300x281.jpeg 300w, https:\/\/eleves.escl.fr\/wp2\/magnus\/wp-content\/uploads\/sites\/14\/2025\/04\/image-768x721.jpeg 768w\" sizes=\"auto, (max-width: 923px) 100vw, 923px\" \/><\/figure>\n\n\n\n<p class=\"has-base-color has-contrast-background-color has-text-color has-background has-link-color wp-elements-6f31d728fbda7fb67b58f40ea24953a8\">Cet Univers est ravag\u00e9 par des Entit\u00e9s manifest\u00e9s par nos peurs et fascinations. Elles peuvent offrir des pouvoirs mais en \u00e9change consume notre humanit\u00e9.<\/p>\n\n\n\n<p><\/p>\n","protected":false},"excerpt":{"rendered":"<p>\/ The Magnus Archives est un podcast fictionnel et horrifique produit par Alexander J Newal et Lowri Ann Davies, \u00e9crit par Jonathan Sims, et r\u00e9alis\u00e9 par Alexander J Newall. Cet Univers est ravag\u00e9 par des Entit\u00e9s manifest\u00e9s par nos peurs et fascinations. Elles peuvent offrir des pouvoirs mais en \u00e9change consume notre humanit\u00e9.<\/p>\n","protected":false},"author":1,"featured_media":0,"parent":0,"menu_order":0,"comment_status":"closed","ping_status":"open","template":"","meta":{"footnotes":""},"class_list":["post-2","page","type-page","status-publish","hentry"],"_links":{"self":[{"href":"https:\/\/eleves.escl.fr\/wp2\/magnus\/wp-json\/wp\/v2\/pages\/2","targetHints":{"allow":["GET"]}}],"collection":[{"href":"https:\/\/eleves.escl.fr\/wp2\/magnus\/wp-json\/wp\/v2\/pages"}],"about":[{"href":"https:\/\/eleves.escl.fr\/wp2\/magnus\/wp-json\/wp\/v2\/types\/page"}],"author":[{"embeddable":true,"href":"https:\/\/eleves.escl.fr\/wp2\/magnus\/wp-json\/wp\/v2\/users\/1"}],"replies":[{"embeddable":true,"href":"https:\/\/eleves.escl.fr\/wp2\/magnus\/wp-json\/wp\/v2\/comments?post=2"}],"version-history":[{"count":9,"href":"https:\/\/eleves.escl.fr\/wp2\/magnus\/wp-json\/wp\/v2\/pages\/2\/revisions"}],"predecessor-version":[{"id":90,"href":"https:\/\/eleves.escl.fr\/wp2\/magnus\/wp-json\/wp\/v2\/pages\/2\/revisions\/90"}],"wp:attachment":[{"href":"https:\/\/eleves.escl.fr\/wp2\/magnus\/wp-json\/wp\/v2\/media?parent=2"}],"curies":[{"name":"wp","href":"https:\/\/api.w.org\/{rel}","templated":true}]}}