{"id":72,"date":"2025-05-13T14:50:15","date_gmt":"2025-05-13T12:50:15","guid":{"rendered":"https:\/\/eleves.escl.fr\/wp2\/magnus\/?page_id=72"},"modified":"2025-05-13T14:50:15","modified_gmt":"2025-05-13T12:50:15","slug":"entites","status":"publish","type":"page","link":"https:\/\/eleves.escl.fr\/wp2\/magnus\/entites\/","title":{"rendered":"Entit\u00e9s"},"content":{"rendered":"\n<p class=\"has-text-align-center\">Il existe 14 entit\u00e9s, \u00ab\u00a0the Smirke&rsquo;s 14th\u00a0\u00bb, elles repr\u00e9sentent les peurs fascinations de chaque \u00eatre vivants et se manifestent en \u00e9v\u00e8nement paranormaux et en art\u00e9factes.<\/p>\n\n\n\n<p><\/p>\n\n\n\n<p class=\"is-style-text-subtitle is-style-text-subtitle--1\">La Chair<\/p>\n\n\n\n<p>Elle repr\u00e9sente la peur de la mutilation et de la viande de mani\u00e8re g\u00e9n\u00e9rale, elle inclue les organes , les os et le sang.<\/p>\n\n\n\n<p><\/p>\n\n\n\n<p class=\"is-style-text-subtitle is-style-text-subtitle--2\">La Chasse<\/p>\n\n\n\n<p>C&rsquo;est la peur visc\u00e9rale d&rsquo;\u00eatre pourchass\u00e9e, le sentiment d&rsquo;\u00eatre une proie, ou le besoin de chasser.<\/p>\n\n\n\n<p><\/p>\n\n\n\n<p class=\"is-style-text-subtitle is-style-text-subtitle--3\">La Corruption<\/p>\n\n\n\n<p>La Corruption est la peur des insectes, de la maladie et de la salet\u00e9, elle se manifeste \u00e0 travers des insectes, de la moisissure mais aussi des relations malsaines.<\/p>\n\n\n\n<p><\/p>\n\n\n\n<p class=\"is-style-text-subtitle is-style-text-subtitle--4\">La D\u00e9solation<\/p>\n\n\n\n<p>Elle correspond \u00e0 la peur de la douleur, de la perte, du feu, de la destruction.<\/p>\n\n\n\n<p><\/p>\n\n\n\n<p class=\"is-style-text-subtitle is-style-text-subtitle--5\">L&rsquo;Enterr\u00e9<\/p>\n\n\n\n<p>C&rsquo;est la claustrophobie, le sentiment d&rsquo;\u00e9touffer, de se noyer, d&rsquo;\u00eatre pi\u00e9g\u00e9 et de ne pas avoir assez d&rsquo;espace.<\/p>\n\n\n\n<p><\/p>\n\n\n\n<p class=\"is-style-text-subtitle is-style-text-subtitle--6\">L&rsquo;Etranger<\/p>\n\n\n\n<p>L&rsquo;Etranger est la peur de l&rsquo;inconnu, de \u00ab\u00a0l&rsquo;uncanny\u00a0\u00bb, l&rsquo;impression que quelque chose ne va pas mais vous ne savez pas quoi. Se manifeste souvent \u00e0 travers des objets humano\u00efdes et les performances.<\/p>\n\n\n\n<p><\/p>\n\n\n\n<p class=\"is-style-text-subtitle is-style-text-subtitle--7\">La Fin<\/p>\n\n\n\n<p>La mort, la fatalit\u00e9.<\/p>\n\n\n\n<p><\/p>\n\n\n\n<p class=\"is-style-text-subtitle is-style-text-subtitle--8\">Le Massacre<\/p>\n\n\n\n<p>C&rsquo;est la peur de la violence pure, soudaine et injustifi\u00e9e. Elle se manifeste par la guerre, le g\u00e9nocide mais aussi \u00e0 travers la musique.<\/p>\n\n\n\n<p><\/p>\n\n\n\n<p class=\"is-style-text-subtitle is-style-text-subtitle--9\">Le Noir<\/p>\n\n\n\n<p>La peur primaire de la nuit, des ombres, de ne pas voir clairement, d&rsquo;\u00eatre aveugle.<\/p>\n\n\n\n<p><\/p>\n\n\n\n<p class=\"is-style-text-subtitle is-style-text-subtitle--10\">L&rsquo;Oeil ou La Contemplation<\/p>\n\n\n\n<p>Il est la peur d&rsquo;\u00eatre observer, celle d&rsquo;\u00eatre expos\u00e9 ou suivi. Elle correspond aussi au besoin de savoir. Elle se manifeste \u00e0 travers les yeux ou les cam\u00e9ra.<\/p>\n\n\n\n<p><\/p>\n\n\n\n<p>La Solitude<\/p>\n\n\n\n<p><\/p>\n\n\n\n<p><\/p>\n\n\n\n<p><\/p>\n\n\n\n<p><\/p>\n\n\n\n<p><\/p>\n","protected":false},"excerpt":{"rendered":"<p>Il existe 14 entit\u00e9s, \u00ab\u00a0the Smirke&rsquo;s 14th\u00a0\u00bb, elles repr\u00e9sentent les peurs fascinations de chaque \u00eatre vivants et se manifestent en \u00e9v\u00e8nement paranormaux et en art\u00e9factes. La Chair Elle repr\u00e9sente la peur de la mutilation et de la viande de mani\u00e8re g\u00e9n\u00e9rale, elle inclue les organes , les os et le sang. La Chasse C&rsquo;est la [&hellip;]<\/p>\n","protected":false},"author":24,"featured_media":0,"parent":0,"menu_order":0,"comment_status":"closed","ping_status":"closed","template":"","meta":{"footnotes":""},"class_list":["post-72","page","type-page","status-publish","hentry"],"_links":{"self":[{"href":"https:\/\/eleves.escl.fr\/wp2\/magnus\/wp-json\/wp\/v2\/pages\/72","targetHints":{"allow":["GET"]}}],"collection":[{"href":"https:\/\/eleves.escl.fr\/wp2\/magnus\/wp-json\/wp\/v2\/pages"}],"about":[{"href":"https:\/\/eleves.escl.fr\/wp2\/magnus\/wp-json\/wp\/v2\/types\/page"}],"author":[{"embeddable":true,"href":"https:\/\/eleves.escl.fr\/wp2\/magnus\/wp-json\/wp\/v2\/users\/24"}],"replies":[{"embeddable":true,"href":"https:\/\/eleves.escl.fr\/wp2\/magnus\/wp-json\/wp\/v2\/comments?post=72"}],"version-history":[{"count":2,"href":"https:\/\/eleves.escl.fr\/wp2\/magnus\/wp-json\/wp\/v2\/pages\/72\/revisions"}],"predecessor-version":[{"id":76,"href":"https:\/\/eleves.escl.fr\/wp2\/magnus\/wp-json\/wp\/v2\/pages\/72\/revisions\/76"}],"wp:attachment":[{"href":"https:\/\/eleves.escl.fr\/wp2\/magnus\/wp-json\/wp\/v2\/media?parent=72"}],"curies":[{"name":"wp","href":"https:\/\/api.w.org\/{rel}","templated":true}]}}