{"id":9,"date":"2025-04-01T13:44:28","date_gmt":"2025-04-01T11:44:28","guid":{"rendered":"https:\/\/eleves.escl.fr\/wp2\/magnus\/?page_id=9"},"modified":"2025-05-24T19:25:23","modified_gmt":"2025-05-24T17:25:23","slug":"personnages","status":"publish","type":"page","link":"https:\/\/eleves.escl.fr\/wp2\/magnus\/personnages\/","title":{"rendered":"Staff"},"content":{"rendered":"\n<div class=\"wp-block-group alignfull has-global-padding is-content-justification-center is-layout-constrained wp-container-core-group-is-layout-cfb377b4 wp-block-group-is-layout-constrained\" style=\"min-height:0vh;margin-top:0;margin-bottom:0;padding-top:var(--wp--preset--spacing--70);padding-right:var(--wp--preset--spacing--40);padding-bottom:var(--wp--preset--spacing--70);padding-left:var(--wp--preset--spacing--40)\">\n<div class=\"wp-block-group has-global-padding is-content-justification-left is-layout-constrained wp-container-core-group-is-layout-4aa91cc0 wp-block-group-is-layout-constrained\">\n<h2 class=\"wp-block-heading has-text-align-center is-style-default has-xx-large-font-size\" style=\"margin-right:0;margin-left:0;padding-right:0;padding-left:0\">Personnages principaux<\/h2>\n\n\n\n<p class=\"has-text-align-center\">Les images pr\u00e9sentes ci-dessous sont des <strong>repr\u00e9sentations non-officielles<\/strong> des personnages principaux. Le format utilis\u00e9 \u00e9tant exclusivement auditif, les fans ont pris la libert\u00e9 de cr\u00e9er leurs propre design pour les personnages; mais soyez libre de les imaginer comme vous le pr\u00e9f\u00e9rez.<\/p>\n\n\n\n<p><\/p>\n<\/div>\n<\/div>\n\n\n\n<div class=\"wp-block-group alignfull is-style-section-1 has-global-padding is-layout-constrained wp-block-group-is-layout-constrained is-style-section-1--1\" style=\"margin-top:0;margin-bottom:0;padding-top:var(--wp--preset--spacing--80);padding-bottom:var(--wp--preset--spacing--80)\">\n<div class=\"wp-block-columns alignwide is-layout-flex wp-container-core-columns-is-layout-66fad18a wp-block-columns-is-layout-flex\">\n<div class=\"wp-block-column is-vertically-aligned-center is-layout-flow wp-block-column-is-layout-flow\" style=\"padding-right:0;padding-left:0;flex-basis:100%\">\n<div class=\"wp-block-group is-content-justification-left is-nowrap is-layout-flex wp-container-core-group-is-layout-fc9f69e7 wp-block-group-is-layout-flex\">\n<figure class=\"wp-block-image size-large is-resized\"><img loading=\"lazy\" decoding=\"async\" width=\"1024\" height=\"939\" src=\"https:\/\/eleves.escl.fr\/wp2\/magnus\/wp-content\/uploads\/sites\/14\/2025\/03\/jon-1024x939.jpg\" alt=\"\" class=\"wp-image-42\" style=\"width:251px;height:auto\" srcset=\"https:\/\/eleves.escl.fr\/wp2\/magnus\/wp-content\/uploads\/sites\/14\/2025\/03\/jon-1024x939.jpg 1024w, https:\/\/eleves.escl.fr\/wp2\/magnus\/wp-content\/uploads\/sites\/14\/2025\/03\/jon-300x275.jpg 300w, https:\/\/eleves.escl.fr\/wp2\/magnus\/wp-content\/uploads\/sites\/14\/2025\/03\/jon-768x704.jpg 768w, https:\/\/eleves.escl.fr\/wp2\/magnus\/wp-content\/uploads\/sites\/14\/2025\/03\/jon.jpg 1170w\" sizes=\"auto, (max-width: 1024px) 100vw, 1024px\" \/><\/figure>\n\n\n\n<h2 class=\"wp-block-heading has-text-align-left\">Jonathan \u00ab\u00a0Jon\u00a0\u00bb Sims, l&rsquo;Archiviste<\/h2>\n<\/div>\n\n\n\n<div class=\"wp-block-group is-nowrap is-layout-flex wp-container-core-group-is-layout-6c531013 wp-block-group-is-layout-flex\">\n<p class=\"is-style-default\">Jon a \u00e9t\u00e9 nomm\u00e9 apr\u00e8s le cr\u00e9ateur du podcast. Il est le personnage principal de la s\u00e9rie, il nous introduit \u00e0 l&rsquo;univers alors qu&rsquo;on le suit dans les myst\u00e8res de l&rsquo;institut. Il vient juste d&rsquo;\u00eatre promu archiviste de l&rsquo;Institut Magnus apr\u00e8s que Gertrude, sa pr\u00e9d\u00e9cesseur meure tragiquement.<\/p>\n<\/div>\n<\/div>\n<\/div>\n\n\n\n<p class=\"is-style-text-subtitle is-style-text-subtitle--2\">Personnalit\u00e9<\/p>\n\n\n\n<p>Jonathan Sims se pr\u00e9sente initalement comme un homme froid et acad\u00e9mique, il est condescendant envers son assistant Martin K Blackwood. Malgr\u00e9 son travail, il nie l&rsquo;existence du paranormal et met les exp\u00e9riences \u00e9tranges sur le dos du stress ou de maladies mentales. Il se r\u00e9v\u00e8le \u00e0 travers les saisons comme \u00e9tant un personnage attentionn\u00e9 et sensible. Il est en r\u00e9alit\u00e9 tr\u00e8s superstitieux, et anxieux.<\/p>\n\n\n\n<div class=\"wp-block-group is-nowrap is-layout-flex wp-container-core-group-is-layout-6c531013 wp-block-group-is-layout-flex\">\n<p class=\"is-style-text-subtitle is-style-text-subtitle--3\">Apparence physique<\/p>\n<\/div>\n\n\n\n<p>Jon est d\u00e9crit par Martin comme \u00ab\u00a0ayant l&rsquo;air de ne pas avoir dormi depuis une semaine\u00a0\u00bb. Il a des cheveux blancs pr\u00e9matur\u00e9ment (il a environ 30 ans, probablement due au stress.<\/p>\n\n\n\n<p class=\"is-style-text-subtitle is-style-text-subtitle--4\">Rapport aux Entit\u00e9s.<\/p>\n\n\n\n<p>Jonathan est principalement align\u00e9 avec l&rsquo;Oeil, il en devient un avatar puissant. Ayant cotoy\u00e9 les autres Peurs, cela la rendu capable de provoquer l&rsquo;apocalypse involontairement.<br>     Les pouvoirs que lui donne l&rsquo;Oeil sont les suivants:<\/p>\n\n\n\n<div class=\"wp-block-group is-nowrap is-layout-flex wp-container-core-group-is-layout-6c531013 wp-block-group-is-layout-flex\">\n<ul class=\"wp-block-list\">\n<li>lorsqu&rsquo;il lit un t\u00e9moignage, il vie l&rsquo;histoire racont\u00e9e<\/li>\n\n\n\n<li>il est capable de comprendre un t\u00e9moignage, peu-importe la langue m\u00eame si il ne l&rsquo;a jamais apprise<\/li>\n\n\n\n<li>si il pose une question \u00e0 quelqu&rsquo;un, la personne lui donnera une r\u00e9ponse honn\u00eate<\/li>\n\n\n\n<li>majoritairement vu pendant l&rsquo;apocalypse, il est capable de savoir des choses sans l&rsquo;avoir appris auparavant<\/li>\n\n\n\n<li>gu\u00e9rison inhumaine, il survit \u00e0 des incidents grave et en gu\u00e9rit \u00e0 vue d&rsquo;oeil<\/li>\n\n\n\n<li>il peut forcer une personne \u00e0 exp\u00e9rimenter des \u00e9v\u00e8nement qui ne lui sont jamais arriv\u00e9s<\/li>\n\n\n\n<li>il est capable d&rsquo;inverser les r\u00f4les de pers\u00e9cuteur et pers\u00e9cut\u00e9 lors de l&rsquo;apocalypse<\/li>\n<\/ul>\n<\/div>\n\n\n\n<p class=\"is-style-text-subtitle is-style-text-subtitle--5\"><\/p>\n<\/div>\n\n\n\n<div class=\"wp-block-group alignfull is-style-section-1 has-global-padding is-layout-constrained wp-block-group-is-layout-constrained is-style-section-1--6\" style=\"margin-top:0;margin-bottom:0;padding-top:var(--wp--preset--spacing--80);padding-bottom:var(--wp--preset--spacing--80)\">\n<div class=\"wp-block-columns alignwide is-layout-flex wp-container-core-columns-is-layout-66fad18a wp-block-columns-is-layout-flex\">\n<div class=\"wp-block-column is-vertically-aligned-center is-layout-flow wp-block-column-is-layout-flow\" style=\"padding-right:0;padding-left:0;flex-basis:100%\">\n<div class=\"wp-block-group is-content-justification-left is-nowrap is-layout-flex wp-container-core-group-is-layout-fc9f69e7 wp-block-group-is-layout-flex\">\n<figure class=\"wp-block-image size-large is-resized\"><img loading=\"lazy\" decoding=\"async\" width=\"908\" height=\"1024\" src=\"https:\/\/eleves.escl.fr\/wp2\/magnus\/wp-content\/uploads\/sites\/14\/2025\/03\/martin-908x1024.jpg\" alt=\"\" class=\"wp-image-43\" style=\"width:251px;height:auto\" srcset=\"https:\/\/eleves.escl.fr\/wp2\/magnus\/wp-content\/uploads\/sites\/14\/2025\/03\/martin-908x1024.jpg 908w, https:\/\/eleves.escl.fr\/wp2\/magnus\/wp-content\/uploads\/sites\/14\/2025\/03\/martin-266x300.jpg 266w, https:\/\/eleves.escl.fr\/wp2\/magnus\/wp-content\/uploads\/sites\/14\/2025\/03\/martin-768x867.jpg 768w, https:\/\/eleves.escl.fr\/wp2\/magnus\/wp-content\/uploads\/sites\/14\/2025\/03\/martin-1361x1536.jpg 1361w, https:\/\/eleves.escl.fr\/wp2\/magnus\/wp-content\/uploads\/sites\/14\/2025\/03\/martin.jpg 1815w\" sizes=\"auto, (max-width: 908px) 100vw, 908px\" \/><\/figure>\n\n\n\n<h2 class=\"wp-block-heading has-text-align-left\">Martin Blackwood<\/h2>\n<\/div>\n\n\n\n<div class=\"wp-block-group is-nowrap is-layout-flex wp-container-core-group-is-layout-6c531013 wp-block-group-is-layout-flex\">\n<p class=\"is-style-default\">Martin Blackwood  est un archiviste assistant. Il est au d\u00e9part d\u00e9test\u00e9 par Jon sans apparente raison, alors que lui est attach\u00e9 \u00e0 l&rsquo;archiviste. Au fil des saisons les deux personnages se rapproches et finissent m\u00eame par former un couple.<\/p>\n<\/div>\n<\/div>\n<\/div>\n\n\n\n<p class=\"is-style-text-subtitle is-style-text-subtitle--7\">Personnalit\u00e9<\/p>\n\n\n\n<p>Martin Blackwood est introduit comme un personnage nerveux et modeste. Il boit beaucoup de th\u00e9 et en offre souvent \u00e0 ses coll\u00e8gues. Il a des difficult\u00e9s \u00e0 se faire des amis, et malgr\u00e9 tous ses effort est souvent sous-estim\u00e9, ce qui le vexe particuli\u00e8rement. Cependant, il est tr\u00e8s pragmatique, de temps en temps manipulateur et cache une col\u00e8re profonde.<\/p>\n\n\n\n<div class=\"wp-block-group is-nowrap is-layout-flex wp-container-core-group-is-layout-6c531013 wp-block-group-is-layout-flex\">\n<p class=\"is-style-text-subtitle is-style-text-subtitle--8\">Apparence physique<\/p>\n<\/div>\n\n\n\n<p>La seule information sur le physique de Martin est sa grande taille.<\/p>\n\n\n\n<p class=\"is-style-text-subtitle is-style-text-subtitle--9\">Rapport aux entit\u00e9s.<\/p>\n\n\n\n<p>Martin est un avatar de la Solitude, il a aussi \u00e9t\u00e9 touch\u00e9 par l&rsquo;Oeil, ce qui le rend capable de voyager entre les domaines pendant l&rsquo;apocalypse.<br>     Les pouvoirs que lui donne la Solitude sont les suivants:<\/p>\n\n\n\n<div class=\"wp-block-group is-nowrap is-layout-flex wp-container-core-group-is-layout-6c531013 wp-block-group-is-layout-flex\">\n<ul class=\"wp-block-list\">\n<li>il est capable de disparaitre, comme dans une bulle, il devient seul au monde.<\/li>\n<\/ul>\n<\/div>\n\n\n\n<p class=\"is-style-text-subtitle is-style-text-subtitle--10\"><\/p>\n<\/div>\n\n\n\n<div class=\"wp-block-group alignfull is-style-section-1 has-global-padding is-layout-constrained wp-block-group-is-layout-constrained is-style-section-1--11\" style=\"margin-top:0;margin-bottom:0;padding-top:var(--wp--preset--spacing--80);padding-bottom:var(--wp--preset--spacing--80)\">\n<div class=\"wp-block-columns alignwide is-layout-flex wp-container-core-columns-is-layout-66fad18a wp-block-columns-is-layout-flex\">\n<div class=\"wp-block-column is-vertically-aligned-center is-layout-flow wp-block-column-is-layout-flow\" style=\"padding-right:0;padding-left:0;flex-basis:100%\">\n<div class=\"wp-block-group is-content-justification-left is-nowrap is-layout-flex wp-container-core-group-is-layout-fc9f69e7 wp-block-group-is-layout-flex\">\n<figure class=\"wp-block-image size-full is-resized\"><img loading=\"lazy\" decoding=\"async\" width=\"830\" height=\"878\" src=\"https:\/\/eleves.escl.fr\/wp2\/magnus\/wp-content\/uploads\/sites\/14\/2025\/03\/elias.jpg\" alt=\"\" class=\"wp-image-45\" style=\"width:251px;height:auto\" srcset=\"https:\/\/eleves.escl.fr\/wp2\/magnus\/wp-content\/uploads\/sites\/14\/2025\/03\/elias.jpg 830w, https:\/\/eleves.escl.fr\/wp2\/magnus\/wp-content\/uploads\/sites\/14\/2025\/03\/elias-284x300.jpg 284w, https:\/\/eleves.escl.fr\/wp2\/magnus\/wp-content\/uploads\/sites\/14\/2025\/03\/elias-768x812.jpg 768w\" sizes=\"auto, (max-width: 830px) 100vw, 830px\" \/><\/figure>\n\n\n\n<h2 class=\"wp-block-heading has-text-align-left\">Jonas Magnus, \u00ab\u00a0Elias Bouchard\u00a0\u00bb<\/h2>\n\n\n\n<p><\/p>\n<\/div>\n\n\n\n<div class=\"wp-block-group is-nowrap is-layout-flex wp-container-core-group-is-layout-6c531013 wp-block-group-is-layout-flex\">\n<p class=\"is-style-default\">Jou\u00e9 par Ben Meredith Il est le fondateur de l&rsquo;Institut et son patron, c&rsquo;est un puissant avatar de l&rsquo;\u0152il qui obtient une quasi immortalit\u00e9 en changeant ses yeux de porteur. On apprend \u00e0 le connaitre \u00e0 travers le corps de Elias Bouchard, il est un antagoniste.<\/p>\n<\/div>\n<\/div>\n<\/div>\n\n\n\n<p class=\"is-style-text-subtitle is-style-text-subtitle--12\">Personnalit\u00e9<\/p>\n\n\n\n<p>Jonah a toujours \u00e9t\u00e9 fascin\u00e9 par l&rsquo;\u00e9trange et le macabre, c&rsquo;est Robert Smirke, un architecte du XIX\u00e8me si\u00e8cle qui l&rsquo;initie aux Peurs. Il cr\u00e9\u00e9 l&rsquo;institut alors qu&rsquo;il est encore dans son corps d&rsquo;origine et toutes ses corporations en ont \u00e9t\u00e9 le chef. Il est terrifi\u00e9 de la mort. Lors de l&rsquo;apocalypse, il devient la pupille de l&rsquo;\u0152il, Jon l&rsquo;arrache de sa position et le poignarde.<\/p>\n\n\n\n<div class=\"wp-block-group is-nowrap is-layout-flex wp-container-core-group-is-layout-6c531013 wp-block-group-is-layout-flex\">\n<p class=\"is-style-text-subtitle is-style-text-subtitle--13\">Apparence physique<\/p>\n<\/div>\n\n\n\n<p>Le corps d&rsquo;Elias Bouchard est d\u00e9crit comme bien trop jeune pour sa position dans l&rsquo;institut. Il a une coupe de cheveux d\u00e9mod\u00e9e.<\/p>\n\n\n\n<p class=\"is-style-text-subtitle is-style-text-subtitle--14\">Rapport aux entit\u00e9s.<\/p>\n\n\n\n<p><br> Les pouvoirs que lui donne l&rsquo;Oeil sont les suivants:<\/p>\n\n\n\n<div class=\"wp-block-group is-nowrap is-layout-flex wp-container-core-group-is-layout-6c531013 wp-block-group-is-layout-flex\">\n<ul class=\"wp-block-list\">\n<li>il est en parti omniscient, d&rsquo;apr\u00e8s Gertrude Robinson il serait capable de voir \u00e0 travers tous les yeux, organiques ou graphiques.<\/li>\n\n\n\n<li>Jonas peut ins\u00e9rer des information dans l&rsquo;esprit de quelqu&rsquo;un, cependant cette information doit \u00eatre vrai, et il ne peut pas en enlever.<\/li>\n\n\n\n<li>Il est le \u00ab\u00a0c\u0153ur de l&rsquo;Institut\u00a0\u00bb. Si il mourrait, tous ses employ\u00e9s mourraient avec lui \u00e0 l&rsquo;exception de ceux li\u00e9s fortement avec d&rsquo;autres entit\u00e9s que l&rsquo;\u0152il.<\/li>\n\n\n\n<li>Il peut changer de corps en changeant ses yeux de porteur.<\/li>\n<\/ul>\n<\/div>\n\n\n\n<p class=\"is-style-text-subtitle is-style-text-subtitle--15\"><\/p>\n<\/div>\n\n\n\n<div class=\"wp-block-group alignfull is-style-section-1 has-global-padding is-layout-constrained wp-block-group-is-layout-constrained is-style-section-1--16\" style=\"margin-top:0;margin-bottom:0;padding-top:var(--wp--preset--spacing--80);padding-bottom:var(--wp--preset--spacing--80)\">\n<div class=\"wp-block-columns alignwide is-layout-flex wp-container-core-columns-is-layout-66fad18a wp-block-columns-is-layout-flex\">\n<div class=\"wp-block-column is-vertically-aligned-center is-layout-flow wp-block-column-is-layout-flow\" style=\"padding-right:0;padding-left:0;flex-basis:100%\">\n<div class=\"wp-block-group is-content-justification-left is-nowrap is-layout-flex wp-container-core-group-is-layout-fc9f69e7 wp-block-group-is-layout-flex\">\n<figure class=\"wp-block-image size-large is-resized\"><img loading=\"lazy\" decoding=\"async\" width=\"768\" height=\"1024\" src=\"https:\/\/eleves.escl.fr\/wp2\/magnus\/wp-content\/uploads\/sites\/14\/2025\/04\/dsitortions-768x1024.jpg\" alt=\"\" class=\"wp-image-51\" style=\"width:251px;height:auto\" srcset=\"https:\/\/eleves.escl.fr\/wp2\/magnus\/wp-content\/uploads\/sites\/14\/2025\/04\/dsitortions-768x1025.jpg 768w, https:\/\/eleves.escl.fr\/wp2\/magnus\/wp-content\/uploads\/sites\/14\/2025\/04\/dsitortions-225x300.jpg 225w, https:\/\/eleves.escl.fr\/wp2\/magnus\/wp-content\/uploads\/sites\/14\/2025\/04\/dsitortions-1151x1536.jpg 1151w, https:\/\/eleves.escl.fr\/wp2\/magnus\/wp-content\/uploads\/sites\/14\/2025\/04\/dsitortions.jpg 1535w\" sizes=\"auto, (max-width: 768px) 100vw, 768px\" \/><\/figure>\n\n\n\n<h2 class=\"wp-block-heading has-text-align-left\">Spirale (Michael puis Helen)<\/h2>\n<\/div>\n\n\n\n<div class=\"wp-block-group is-nowrap is-layout-flex wp-container-core-group-is-layout-6c531013 wp-block-group-is-layout-flex\">\n<p class=\"is-style-default\">La spirale est incarn\u00e9e par une personne s&rsquo;\u00e9tant perdu dans ses couloirs, il ne peut y en avoir qu&rsquo;une \u00e0 la fois.  <\/p>\n<\/div>\n<\/div>\n<\/div>\n\n\n\n<p class=\"is-style-text-subtitle is-style-text-subtitle--17\">Personnalit\u00e9<\/p>\n\n\n\n<p><\/p>\n\n\n\n<div class=\"wp-block-group is-nowrap is-layout-flex wp-container-core-group-is-layout-6c531013 wp-block-group-is-layout-flex\">\n<p class=\"is-style-text-subtitle is-style-text-subtitle--18\">Apparence physique<\/p>\n<\/div>\n\n\n\n<p><\/p>\n\n\n\n<p class=\"is-style-text-subtitle is-style-text-subtitle--19\">Rapport aux entit\u00e9s.<\/p>\n\n\n\n<p><br> Les pouvoirs que lui donne la Solitude sont les suivants:<\/p>\n\n\n\n<div class=\"wp-block-group is-nowrap is-layout-flex wp-container-core-group-is-layout-6c531013 wp-block-group-is-layout-flex\">\n<ul class=\"wp-block-list\">\n<li>il est capable de disparaitre, comme dans une bulle, il devient seul au monde.<\/li>\n<\/ul>\n<\/div>\n\n\n\n<p class=\"is-style-text-subtitle is-style-text-subtitle--20\"><\/p>\n<\/div>\n\n\n\n<div class=\"wp-block-group alignfull has-global-padding is-layout-constrained wp-block-group-is-layout-constrained\" style=\"margin-top:0;margin-bottom:0;padding-top:var(--wp--preset--spacing--60);padding-bottom:var(--wp--preset--spacing--60)\">\n<div class=\"wp-block-columns alignwide is-layout-flex wp-container-core-columns-is-layout-74b2cda3 wp-block-columns-is-layout-flex\">\n<div class=\"wp-block-column is-layout-flow wp-block-column-is-layout-flow\">\n<div class=\"wp-block-group is-vertical is-content-justification-left is-layout-flex wp-container-core-group-is-layout-7ce391b6 wp-block-group-is-layout-flex\" style=\"min-height:100%\">\n<h2 class=\"wp-block-heading is-style-text-annotation has-x-small-font-size is-style-text-annotation--21\">T\u00e9moignages<\/h2>\n\n\n\n<blockquote class=\"wp-block-quote is-style-plain has-x-large-font-size is-layout-flow wp-container-core-quote-is-layout-5dafc681 wp-block-quote-is-layout-flow is-style-plain--22\" style=\"font-style:normal;font-weight:400\">\n<div class=\"wp-block-group has-global-padding is-content-justification-left is-layout-constrained wp-container-core-group-is-layout-085bd3d9 wp-block-group-is-layout-constrained\" style=\"margin-top:0;margin-bottom:0;padding-top:0;padding-right:0;padding-bottom:0;padding-left:0\">\n<p class=\"has-xx-large-font-size\">\u00ab&nbsp;Produit et service client exceptionnels&nbsp;!&nbsp;\u00bb<\/p>\n<\/div>\n<cite>Jeanne Desmoulins <br><sub>Rennes, Bretagne<\/sub><\/cite><\/blockquote>\n<\/div>\n<\/div>\n\n\n\n<div class=\"wp-block-column is-layout-flow wp-block-column-is-layout-flow\" style=\"padding-top:0;padding-right:0;padding-bottom:0;padding-left:0\">\n<figure class=\"wp-block-image size-large\"><img decoding=\"async\" src=\"https:\/\/eleves.escl.fr\/wp2\/magnus\/wp-content\/themes\/twentytwentyfive\/assets\/images\/typewriter.webp\" alt=\"Image d\u2019une personne tapant sur une machine \u00e0 \u00e9crire.\" style=\"aspect-ratio:1;object-fit:cover\" \/><\/figure>\n<\/div>\n<\/div>\n<\/div>\n\n\n\n<div class=\"wp-block-group alignfull has-global-padding is-layout-constrained wp-block-group-is-layout-constrained\" style=\"margin-top:0;margin-bottom:0;padding-top:var(--wp--preset--spacing--60);padding-bottom:var(--wp--preset--spacing--60)\">\n<h2 class=\"wp-block-heading alignwide has-text-align-center\">Tarifs<\/h2>\n\n\n\n<p class=\"has-text-align-center\">Annuler ou mettre en pause \u00e0 tout moment.<\/p>\n\n\n\n<div style=\"height:var(--wp--preset--spacing--40)\" aria-hidden=\"true\" class=\"wp-block-spacer\"><\/div>\n\n\n\n<div class=\"wp-block-columns alignwide is-layout-flex wp-container-core-columns-is-layout-1d9f35bd wp-block-columns-is-layout-flex\">\n<div class=\"wp-block-column has-border-color is-layout-flow wp-block-column-is-layout-flow\" style=\"border-color:var(--wp--preset--color--accent-6);border-width:1px;border-radius:10px;padding-top:var(--wp--preset--spacing--50);padding-right:var(--wp--preset--spacing--50);padding-bottom:var(--wp--preset--spacing--50);padding-left:var(--wp--preset--spacing--50)\">\n<h3 class=\"wp-block-heading\" id=\"free\">Gratuit<\/h3>\n\n\n\n<p class=\"has-large-font-size\">0&nbsp;\u20ac<\/p>\n\n\n\n<ul style=\"padding-bottom:var(--wp--preset--spacing--20);padding-left:var(--wp--preset--spacing--20)\" class=\"wp-block-list is-style-checkmark-list has-small-font-size\">\n<li>Obtenez l\u2019acc\u00e8s \u00e0 nos articles payants et \u00e0 notre newsletter hebdomadaire.<\/li>\n\n\n\n<li>Rejoignez nos \u00e9v\u00e8nements en pr\u00e9sentiel.<\/li>\n\n\n\n<li>Recevez un tote bag gratuit.<\/li>\n\n\n\n<li>Un ajout \u00e9l\u00e9gant \u00e0 la collection de d\u00e9coration int\u00e9rieure.<\/li>\n\n\n\n<li>Rejoignez nos forums.<\/li>\n<\/ul>\n\n\n\n<div class=\"wp-block-buttons is-content-justification-center is-layout-flex wp-container-core-buttons-is-layout-a89b3969 wp-block-buttons-is-layout-flex\">\n<div class=\"wp-block-button has-custom-width wp-block-button__width-100\"><a class=\"wp-block-button__link wp-element-button\">Rejoindre<\/a><\/div>\n<\/div>\n<\/div>\n\n\n\n<div class=\"wp-block-column has-border-color is-layout-flow wp-block-column-is-layout-flow\" style=\"border-color:var(--wp--preset--color--accent-6);border-width:1px;border-radius:10px;padding-top:var(--wp--preset--spacing--50);padding-right:var(--wp--preset--spacing--50);padding-bottom:var(--wp--preset--spacing--50);padding-left:var(--wp--preset--spacing--50)\">\n<h3 class=\"wp-block-heading\" id=\"single\">Simple<\/h3>\n\n\n\n<p class=\"has-large-font-size\">20&nbsp;\u20ac\/mois<\/p>\n\n\n\n<ul style=\"padding-bottom:var(--wp--preset--spacing--20);padding-left:var(--wp--preset--spacing--20)\" class=\"wp-block-list is-style-checkmark-list has-small-font-size\">\n<li>Obtenez l\u2019acc\u00e8s \u00e0 nos articles payants et \u00e0 notre newsletter hebdomadaire.<\/li>\n\n\n\n<li>Rejoignez nos \u00e9v\u00e8nements en pr\u00e9sentiel.<\/li>\n\n\n\n<li>Recevez un tote bag gratuit.<\/li>\n\n\n\n<li>Un ajout \u00e9l\u00e9gant \u00e0 la collection de d\u00e9coration int\u00e9rieure.<\/li>\n\n\n\n<li>Rejoignez nos forums.<\/li>\n<\/ul>\n\n\n\n<div class=\"wp-block-buttons is-content-justification-center is-layout-flex wp-container-core-buttons-is-layout-a89b3969 wp-block-buttons-is-layout-flex\">\n<div class=\"wp-block-button has-custom-width wp-block-button__width-100\"><a class=\"wp-block-button__link wp-element-button\">Rejoindre<\/a><\/div>\n<\/div>\n<\/div>\n<\/div>\n<\/div>\n\n\n\n<aside class=\"wp-block-group alignfull is-style-section-3 has-global-padding is-layout-constrained wp-container-core-group-is-layout-f0f2a97b wp-block-group-is-layout-constrained is-style-section-3--23\" style=\"margin-top:0;margin-bottom:0;padding-top:var(--wp--preset--spacing--50);padding-right:var(--wp--preset--spacing--50);padding-bottom:var(--wp--preset--spacing--50);padding-left:var(--wp--preset--spacing--50)\">\n<div class=\"wp-block-group is-vertical is-content-justification-center is-layout-flex wp-container-core-group-is-layout-8778ca4a wp-block-group-is-layout-flex\" style=\"min-height:360px;margin-top:0;margin-bottom:0\">\n<h2 class=\"wp-block-heading has-text-align-center has-xx-large-font-size\">Inscrivez-vous pour recevoir des histoires quotidiennes<\/h2>\n\n\n\n<p class=\"has-text-align-center is-style-text-subtitle is-style-text-subtitle--24\">Acc\u00e9dez \u00e0 une collection soigneusement s\u00e9lectionn\u00e9e de moments dans le temps, avec des photographies d\u2019int\u00e9ret historique.<\/p>\n\n\n\n<div style=\"height:0px\" aria-hidden=\"true\" class=\"wp-block-spacer wp-container-content-62aae154\"><\/div>\n\n\n\n<div class=\"wp-block-buttons is-content-justification-center is-layout-flex wp-container-core-buttons-is-layout-a89b3969 wp-block-buttons-is-layout-flex\">\n<div class=\"wp-block-button\"><a class=\"wp-block-button__link has-text-align-center wp-element-button\">S\u2019abonner<\/a><\/div>\n<\/div>\n<\/div>\n<\/aside>\n","protected":false},"excerpt":{"rendered":"<p>Personnages principaux Les images pr\u00e9sentes ci-dessous sont des repr\u00e9sentations non-officielles des personnages principaux. Le format utilis\u00e9 \u00e9tant exclusivement auditif, les fans ont pris la libert\u00e9 de cr\u00e9er leurs propre design pour les personnages; mais soyez libre de les imaginer comme vous le pr\u00e9f\u00e9rez. Jonathan \u00ab\u00a0Jon\u00a0\u00bb Sims, l&rsquo;Archiviste Jon a \u00e9t\u00e9 nomm\u00e9 apr\u00e8s le cr\u00e9ateur du [&hellip;]<\/p>\n","protected":false},"author":24,"featured_media":0,"parent":0,"menu_order":0,"comment_status":"closed","ping_status":"closed","template":"","meta":{"footnotes":""},"class_list":["post-9","page","type-page","status-publish","hentry"],"_links":{"self":[{"href":"https:\/\/eleves.escl.fr\/wp2\/magnus\/wp-json\/wp\/v2\/pages\/9","targetHints":{"allow":["GET"]}}],"collection":[{"href":"https:\/\/eleves.escl.fr\/wp2\/magnus\/wp-json\/wp\/v2\/pages"}],"about":[{"href":"https:\/\/eleves.escl.fr\/wp2\/magnus\/wp-json\/wp\/v2\/types\/page"}],"author":[{"embeddable":true,"href":"https:\/\/eleves.escl.fr\/wp2\/magnus\/wp-json\/wp\/v2\/users\/24"}],"replies":[{"embeddable":true,"href":"https:\/\/eleves.escl.fr\/wp2\/magnus\/wp-json\/wp\/v2\/comments?post=9"}],"version-history":[{"count":14,"href":"https:\/\/eleves.escl.fr\/wp2\/magnus\/wp-json\/wp\/v2\/pages\/9\/revisions"}],"predecessor-version":[{"id":96,"href":"https:\/\/eleves.escl.fr\/wp2\/magnus\/wp-json\/wp\/v2\/pages\/9\/revisions\/96"}],"wp:attachment":[{"href":"https:\/\/eleves.escl.fr\/wp2\/magnus\/wp-json\/wp\/v2\/media?parent=9"}],"curies":[{"name":"wp","href":"https:\/\/api.w.org\/{rel}","templated":true}]}}