{"id":107,"date":"2025-01-14T14:51:26","date_gmt":"2025-01-14T13:51:26","guid":{"rendered":"https:\/\/eleves.escl.fr\/wp2\/monde\/?page_id=107"},"modified":"2025-04-08T14:53:06","modified_gmt":"2025-04-08T12:53:06","slug":"springer-anglais","status":"publish","type":"page","link":"https:\/\/eleves.escl.fr\/wp2\/monde\/chien-de-chasses\/springer-anglais\/","title":{"rendered":"Springer anglais"},"content":{"rendered":"\n<p><strong>le singer anglais, symbole de puissance et de vitesse pure sur la piste.<\/strong><\/p>\n\n\n\n<div class=\"wp-block-columns alignfull is-layout-flex wp-container-core-columns-is-layout-28f84493 wp-block-columns-is-layout-flex\">\n<div class=\"wp-block-column is-layout-flow wp-block-column-is-layout-flow\">\n<p class=\"has-xx-large-font-size\" style=\"text-decoration:underline\">le singer anglais, muscl\u00e9 et \u00e9l\u00e9gance, d\u00e9gage une puissance pr\u00eate \u00e0 exploser. <\/p>\n\n\n\n<p>Le sprinter anglais impressionne par son allure athl\u00e9tique et son explosivit\u00e9 sur la piste. Son corps sculpt\u00e9, ses muscles tendus, et son regard d\u00e9termin\u00e9 traduisent des ann\u00e9es de travail acharn\u00e9. Dans les starting-blocks, il incarne le calme avant la temp\u00eate. Puis, au coup de feu, il s\u2019\u00e9lance avec puissance, ses foul\u00e9es longues et ma\u00eetris\u00e9es d\u00e9vorant la piste. Alliant technique, force et mental, il est plus qu\u2019un simple athl\u00e8te : il est le symbole d\u2019une nation qui vibre au rythme de ses performances<\/p>\n<\/div>\n\n\n\n<div class=\"wp-block-column is-layout-flow wp-block-column-is-layout-flow\">\n<figure class=\"wp-block-image size-full is-resized\"><img loading=\"lazy\" decoding=\"async\" width=\"575\" height=\"745\" src=\"https:\/\/eleves.escl.fr\/wp2\/monde\/wp-content\/uploads\/sites\/8\/2025\/04\/springer-anglais-purina.png\" alt=\"\" class=\"wp-image-328\" style=\"width:294px;height:auto\" srcset=\"https:\/\/eleves.escl.fr\/wp2\/monde\/wp-content\/uploads\/sites\/8\/2025\/04\/springer-anglais-purina.png 575w, https:\/\/eleves.escl.fr\/wp2\/monde\/wp-content\/uploads\/sites\/8\/2025\/04\/springer-anglais-purina-232x300.png 232w\" sizes=\"auto, (max-width: 575px) 100vw, 575px\" \/><\/figure>\n<\/div>\n<\/div>\n\n\n\n<hr class=\"wp-block-separator has-alpha-channel-opacity\" \/>\n\n\n\n<p class=\"has-xx-large-font-size\">Informations sur la race<\/p>\n\n\n\n<p class=\"has-large-font-size\">Gabarit : Grand<\/p>\n\n\n\n<p>Esp\u00e9rance de vie : Entre 12 et 14 ans<\/p>\n\n\n\n<p>Type de poils : Poil court, dense, lisse et brillant<\/p>\n\n\n\n<p>Couleur(s) de robe : Blanc avec des taches noires, marron ou citron, parfois avec des marques feu<\/p>\n\n\n\n<p>Taille M\u00e2le : De 63 \u00e0 69 cm<\/p>\n\n\n\n<p>Taille Femelle : De 61 \u00e0 66 cm<\/p>\n\n\n\n<p>Poids M\u00e2le : De 25 \u00e0 34 kg<\/p>\n\n\n\n<p>Poids Femelle : De 20 \u00e0 30 kg<\/p>\n\n\n\n<p>Perte de poils : Mod\u00e9r\u00e9e, un brossage occasionnel suffit pour maintenir son pelage<\/p>\n\n\n\n<p>Besoin d\u2019exercice : Tr\u00e8s \u00e9lev\u00e9, il a besoin de grandes promenades, de s\u00e9ances de chasse ou d\u2019activit\u00e9s physiques r\u00e9guli\u00e8res pour se d\u00e9penser<\/p>\n\n\n\n<p>Co\u00fbt mensuel moyen : Environ 50 \u00e0 70\u20ac par mois (alimentation, soins, entretien<\/p>\n","protected":false},"excerpt":{"rendered":"<p>le singer anglais, symbole de puissance et de vitesse pure sur la piste. le singer anglais, muscl\u00e9 et \u00e9l\u00e9gance, d\u00e9gage une puissance pr\u00eate \u00e0 exploser. Le sprinter anglais impressionne par son allure athl\u00e9tique et son explosivit\u00e9 sur la piste. Son corps sculpt\u00e9, ses muscles tendus, et son regard d\u00e9termin\u00e9 traduisent des ann\u00e9es de travail acharn\u00e9. [&hellip;]<\/p>\n","protected":false},"author":25,"featured_media":0,"parent":92,"menu_order":0,"comment_status":"closed","ping_status":"closed","template":"","meta":{"footnotes":""},"class_list":["post-107","page","type-page","status-publish","hentry"],"_links":{"self":[{"href":"https:\/\/eleves.escl.fr\/wp2\/monde\/wp-json\/wp\/v2\/pages\/107","targetHints":{"allow":["GET"]}}],"collection":[{"href":"https:\/\/eleves.escl.fr\/wp2\/monde\/wp-json\/wp\/v2\/pages"}],"about":[{"href":"https:\/\/eleves.escl.fr\/wp2\/monde\/wp-json\/wp\/v2\/types\/page"}],"author":[{"embeddable":true,"href":"https:\/\/eleves.escl.fr\/wp2\/monde\/wp-json\/wp\/v2\/users\/25"}],"replies":[{"embeddable":true,"href":"https:\/\/eleves.escl.fr\/wp2\/monde\/wp-json\/wp\/v2\/comments?post=107"}],"version-history":[{"count":3,"href":"https:\/\/eleves.escl.fr\/wp2\/monde\/wp-json\/wp\/v2\/pages\/107\/revisions"}],"predecessor-version":[{"id":330,"href":"https:\/\/eleves.escl.fr\/wp2\/monde\/wp-json\/wp\/v2\/pages\/107\/revisions\/330"}],"up":[{"embeddable":true,"href":"https:\/\/eleves.escl.fr\/wp2\/monde\/wp-json\/wp\/v2\/pages\/92"}],"wp:attachment":[{"href":"https:\/\/eleves.escl.fr\/wp2\/monde\/wp-json\/wp\/v2\/media?parent=107"}],"curies":[{"name":"wp","href":"https:\/\/api.w.org\/{rel}","templated":true}]}}