{"id":113,"date":"2025-01-14T14:52:25","date_gmt":"2025-01-14T13:52:25","guid":{"rendered":"https:\/\/eleves.escl.fr\/wp2\/monde\/?page_id=113"},"modified":"2025-03-11T14:36:00","modified_gmt":"2025-03-11T13:36:00","slug":"cavalier-king-charles","status":"publish","type":"page","link":"https:\/\/eleves.escl.fr\/wp2\/monde\/chien-de-compagnies\/cavalier-king-charles\/","title":{"rendered":"Cavalier King Charles"},"content":{"rendered":"\n<p><strong>Le Cavalier King Charles, un chien tendre et \u00e9l\u00e9gant !<\/strong><\/p>\n\n\n\n<figure class=\"wp-block-image alignright size-full is-resized\"><img loading=\"lazy\" decoding=\"async\" width=\"879\" height=\"1042\" src=\"https:\/\/eleves.escl.fr\/wp2\/monde\/wp-content\/uploads\/sites\/8\/2025\/03\/cavalier-king-charles-freepik.png\" alt=\"\" class=\"wp-image-232\" style=\"width:412px;height:auto\" \/><\/figure>\n\n\n\n<div class=\"wp-block-columns alignwide is-layout-flex wp-container-core-columns-is-layout-28f84493 wp-block-columns-is-layout-flex\">\n<div class=\"wp-block-column is-layout-flow wp-block-column-is-layout-flow\">\n<p class=\"has-xx-large-font-size\" style=\"text-decoration:underline\">Le Cavalier King Charles, un chien affectueux et facile \u00e0 vivre\u00a0!<\/p>\n\n\n\n<p>Le&nbsp;<strong>Cavalier King Charles Spaniel<\/strong>&nbsp;est connu depuis le 16<sup>e<\/sup>&nbsp;si\u00e8cle en Angleterre. Il faisait partie des chiens pr\u00e9f\u00e9r\u00e9s de la cour royale anglaise et a, par ailleurs, \u00e9t\u00e9 nomm\u00e9 en r\u00e9f\u00e9rence au roi Charles II qui affectionnait particuli\u00e8rement cette race. Vers le d\u00e9but du 19<sup>e<\/sup>&nbsp;si\u00e8cle, le&nbsp;<strong>Cavalier King Charles Spaniel<\/strong>&nbsp;a re\u00e7u des apports du&nbsp;<a href=\"https:\/\/www.woopets.fr\/chien\/race\/king-charles-spaniel\/\" target=\"_blank\" rel=\"noreferrer noopener\">King Charles Spaniel<\/a>, du&nbsp;<a href=\"https:\/\/www.woopets.fr\/chien\/race\/pekinois\/\" target=\"_blank\" rel=\"noreferrer noopener\">P\u00e9kinois<\/a>&nbsp;et du&nbsp;<a href=\"https:\/\/www.woopets.fr\/chien\/race\/carlin\/\" target=\"_blank\" rel=\"noreferrer noopener\">Carlin<\/a>&nbsp;pour aboutir aux caract\u00e9ristiques actuelles de la&nbsp;race. Le 1<sup>er<\/sup>&nbsp;standard du&nbsp;<strong>Cavalier King Charles Spaniel<\/strong>&nbsp;a \u00e9t\u00e9 \u00e9tabli en 1928.<\/p>\n\n\n\n<p>Le club de la race a \u00e9t\u00e9\u00a0fond\u00e9 \u00e0 la m\u00eame \u00e9poque en Grande-Bretagne et la race a \u00e9t\u00e9 reconnue par le Kennel Club en 1945. Pour sa part, la F\u00e9d\u00e9ration Cynologique Internationale (FCI) lui a attribu\u00e9 une reconnaissance d\u00e9finitive 10 ann\u00e9es plus tard, le 20 janvier 1955. Son standard FCI officiel en vigueur a \u00e9t\u00e9 publi\u00e9 le 4 novembre 2008. En France, les premiers repr\u00e9sentants de la race sont arriv\u00e9s en 1975.Le Cavalier King Charles Spaniel est un chien&nbsp;<strong>plein de joie de vivre et d&rsquo;entrain<\/strong>, mais tout en \u00e9tant&nbsp;<strong>calme et d\u00e9nu\u00e9 d&rsquo;agressivit\u00e9<\/strong>.&nbsp;<strong>Joueur, amical et sociable<\/strong>, il n&rsquo;en est pas moins courageux. Sa personnalit\u00e9 agr\u00e9able et particuli\u00e8rement \u00e9quilibr\u00e9e en fait un&nbsp;<strong>excellent chien de compagnie pour toute la famille<\/strong>.<\/p>\n\n\n\n<p>Il s&rsquo;entend aussi bien avec les enfants qu&rsquo;avec les personnes \u00e2g\u00e9es.&nbsp;Il est \u00e9galement un sujet d&rsquo;exposition pris\u00e9 en raison de son aspect remarquable et de ses allures gracieuses. D&rsquo;ordinaire discret, le Cavalier King Charles Spaniel&nbsp;peut devenir aboyeur en pr\u00e9sence d&rsquo;autres chiens, mais il est peu enclin aux&nbsp;<strong>disputes avec ses cong\u00e9n\u00e8res<\/strong>.<\/p>\n\n\n\n<p>Il peut s&rsquo;adapter \u00e0 tous types de ma\u00eetres allant de la personne \u00e2g\u00e9e \u00e0 une personne jeune et sportive. Petite boule d&rsquo;\u00e9nergie, il peut en un clin d&rsquo;oeil devenir tr\u00e8s calme et se faire discret.<\/p>\n<\/div>\n<\/div>\n\n\n\n<hr class=\"wp-block-separator has-alpha-channel-opacity\" \/>\n\n\n\n<p class=\"has-xx-large-font-size\">       Informations sur la race<\/p>\n\n\n\n<ul class=\"wp-block-list\">\n<li>Gabarit :\u00a0Petit<\/li>\n\n\n\n<li>Esperance de vie :\u00a0De 12 \u00e0 14 ans<\/li>\n\n\n\n<li>Type de poils :\u00a0Long<\/li>\n\n\n\n<li>Couleur(s) de robe :\u00a0Noir, roux et blanc<\/li>\n\n\n\n<li>Taille M\u00e2le :\u00a0De 25 \u00e0 34 cm<\/li>\n\n\n\n<li>Taille Femelle :\u00a0De 25 \u00e0 34 cm<\/li>\n\n\n\n<li>Poids M\u00e2le :\u00a0De 5,4 \u00e0 8 kg<\/li>\n\n\n\n<li>Poids Femelle :\u00a0De 5,4 \u00e0 8 kg<\/li>\n\n\n\n<li>Perte de poils :\u00a0Le Cavalier King Charles Spaniel observe deux mues par an : printani\u00e8re et automnale. Il est susceptible de perdre beaucoup de poils pendant ces p\u00e9riodes. Mais bien qu\u2019il ait un poil long et soyeux, un brossage deux \u00e0 trois fois par semaine suffit pour garder son pelage propre.<\/li>\n\n\n\n<li>Besoin d&rsquo;exercice :\u00a0Le Cavalier King Charles a besoin de se d\u00e9penser r\u00e9guli\u00e8rement au moyen d\u2019exercices. Il arrive \u00e0 se contenter de simples promenades quotidiennes, mais il appr\u00e9cie tout autant des activit\u00e9s telles que l\u2019agility.<\/li>\n\n\n\n<li>Co\u00fbt mensuel moyen :\u00a0Environ 70 \u20ac par mois<\/li>\n<\/ul>\n","protected":false},"excerpt":{"rendered":"<p>Le Cavalier King Charles, un chien tendre et \u00e9l\u00e9gant ! Le Cavalier King Charles, un chien affectueux et facile \u00e0 vivre\u00a0! Le&nbsp;Cavalier King Charles Spaniel&nbsp;est connu depuis le 16e&nbsp;si\u00e8cle en Angleterre. Il faisait partie des chiens pr\u00e9f\u00e9r\u00e9s de la cour royale anglaise et a, par ailleurs, \u00e9t\u00e9 nomm\u00e9 en r\u00e9f\u00e9rence au roi Charles II qui [&hellip;]<\/p>\n","protected":false},"author":25,"featured_media":0,"parent":110,"menu_order":0,"comment_status":"closed","ping_status":"closed","template":"","meta":{"footnotes":""},"class_list":["post-113","page","type-page","status-publish","hentry"],"_links":{"self":[{"href":"https:\/\/eleves.escl.fr\/wp2\/monde\/wp-json\/wp\/v2\/pages\/113","targetHints":{"allow":["GET"]}}],"collection":[{"href":"https:\/\/eleves.escl.fr\/wp2\/monde\/wp-json\/wp\/v2\/pages"}],"about":[{"href":"https:\/\/eleves.escl.fr\/wp2\/monde\/wp-json\/wp\/v2\/types\/page"}],"author":[{"embeddable":true,"href":"https:\/\/eleves.escl.fr\/wp2\/monde\/wp-json\/wp\/v2\/users\/25"}],"replies":[{"embeddable":true,"href":"https:\/\/eleves.escl.fr\/wp2\/monde\/wp-json\/wp\/v2\/comments?post=113"}],"version-history":[{"count":3,"href":"https:\/\/eleves.escl.fr\/wp2\/monde\/wp-json\/wp\/v2\/pages\/113\/revisions"}],"predecessor-version":[{"id":235,"href":"https:\/\/eleves.escl.fr\/wp2\/monde\/wp-json\/wp\/v2\/pages\/113\/revisions\/235"}],"up":[{"embeddable":true,"href":"https:\/\/eleves.escl.fr\/wp2\/monde\/wp-json\/wp\/v2\/pages\/110"}],"wp:attachment":[{"href":"https:\/\/eleves.escl.fr\/wp2\/monde\/wp-json\/wp\/v2\/media?parent=113"}],"curies":[{"name":"wp","href":"https:\/\/api.w.org\/{rel}","templated":true}]}}