{"id":119,"date":"2025-01-14T14:53:33","date_gmt":"2025-01-14T13:53:33","guid":{"rendered":"https:\/\/eleves.escl.fr\/wp2\/monde\/?page_id=119"},"modified":"2025-03-11T15:05:39","modified_gmt":"2025-03-11T14:05:39","slug":"le-chihuhua","status":"publish","type":"page","link":"https:\/\/eleves.escl.fr\/wp2\/monde\/chien-de-compagnies\/le-chihuhua\/","title":{"rendered":"Le Chihuhua"},"content":{"rendered":"\n<p><strong>Le Chihuahua, un petit chien au grand caract\u00e8re !<\/strong> <\/p>\n\n\n\n<p><\/p>\n\n\n\n<figure class=\"wp-block-image alignright size-full is-resized\"><img loading=\"lazy\" decoding=\"async\" width=\"497\" height=\"670\" src=\"https:\/\/eleves.escl.fr\/wp2\/monde\/wp-content\/uploads\/sites\/8\/2025\/03\/le-chiwawa-purina.png\" alt=\"\" class=\"wp-image-244\" style=\"width:320px;height:auto\" srcset=\"https:\/\/eleves.escl.fr\/wp2\/monde\/wp-content\/uploads\/sites\/8\/2025\/03\/le-chiwawa-purina.png 497w, https:\/\/eleves.escl.fr\/wp2\/monde\/wp-content\/uploads\/sites\/8\/2025\/03\/le-chiwawa-purina-223x300.png 223w\" sizes=\"auto, (max-width: 497px) 100vw, 497px\" \/><\/figure>\n\n\n\n<div class=\"wp-block-columns alignwide is-layout-flex wp-container-core-columns-is-layout-28f84493 wp-block-columns-is-layout-flex\">\n<div class=\"wp-block-column is-layout-flow wp-block-column-is-layout-flow\">\n<p class=\"has-xx-large-font-size\" style=\"text-decoration:underline\">Le Chihuahua, un chien attachant pour un ma\u00eetre attentionn\u00e9 !<\/p>\n\n\n\n<p>Le Chihuahua est une petite race de chien qui se distingue par sa taille minuscule, faisant de lui l&rsquo;un des plus petits chiens au monde. G\u00e9n\u00e9ralement, il p\u00e8se entre 1 et 3 kg, mais son caract\u00e8re n&rsquo;a rien de petit. Il est \u00e9nergique, audacieux et parfois m\u00eame un peu t\u00eatu. Bien que tr\u00e8s petit, il est dot\u00e9 d&rsquo;une grande personnalit\u00e9 et n\u2019h\u00e9site pas \u00e0 montrer son courage face \u00e0 des chiens beaucoup plus grands que lui.<\/p>\n\n\n\n<p>Son apparence est d\u00e9licate, avec un cr\u00e2ne arrondi, des yeux grands et expressifs qui ajoutent \u00e0 son charme. Le Chihuahua peut avoir deux types de pelage : un court et lisse ou un long et soyeux, avec une large gamme de couleurs comme le fauve, noir, chocolat, cr\u00e8me, ou encore des nuances plus rares comme le bleu. Sa petite taille et sa l\u00e9g\u00e8ret\u00e9 le rendent particuli\u00e8rement adapt\u00e9 \u00e0 la vie en appartement, car il n\u2019a pas besoin d\u2019un grand espace pour se sentir \u00e0 l&rsquo;aise.<\/p>\n\n\n\n<p>En d\u00e9pit de sa taille, il a une grande \u00e9nergie et une forte personnalit\u00e9. Le Chihuahua est connu pour \u00eatre un chien tr\u00e8s loyal, souvent tr\u00e8s attach\u00e9 \u00e0 son ma\u00eetre, avec qui il forme un lien fort. Il peut \u00eatre particuli\u00e8rement protecteur envers sa famille, et, dans certains cas, il peut aboyer pour alerter de la pr\u00e9sence d\u2019un \u00e9tranger ou pour d\u00e9fendre son territoire. Bien que tr\u00e8s affectueux, il peut parfois \u00eatre un peu m\u00e9fiant avec les inconnus, ce qui peut rendre son \u00e9ducation essentielle pour lui apprendre \u00e0 bien socialiser.<\/p>\n\n\n\n<p>Il est aussi important de noter que le Chihuahua est un chien sensible, notamment au froid. En raison de sa petite taille et de son manque de protection contre les temp\u00e9ratures basses, il peut avoir besoin de v\u00eatements en hiver pour rester au chaud. En termes d\u2019exercice, bien qu\u2019il soit petit, il a besoin de promenades r\u00e9guli\u00e8res et de jeux pour se d\u00e9penser. Il peut \u00eatre un peu vif et actif, et un manque de stimulation peut entra\u00eener de l&rsquo;ennui ou des comportements ind\u00e9sirables.<\/p>\n\n\n\n<p>En r\u00e9sum\u00e9, le Chihuahua est un chien avec une grande personnalit\u00e9 qui compense sa petite taille par son \u00e9nergie et son amour inconditionnel pour son propri\u00e9taire. C\u2019est un excellent choix pour ceux qui recherchent un chien loyal, affectueux, et dynamique, mais qui sont \u00e9galement pr\u00eats \u00e0 consacrer du temps \u00e0 son \u00e9ducation et \u00e0 son bien-\u00eatre.<\/p>\n<\/div>\n<\/div>\n\n\n\n<hr class=\"wp-block-separator has-alpha-channel-opacity\" \/>\n\n\n\n<p class=\"has-xx-large-font-size\">      Informations sur la race<\/p>\n\n\n\n<ul class=\"wp-block-list\">\n<li>Gabarit :\u00a0Petit<\/li>\n\n\n\n<li>Esperance de vie :\u00a0Environ 18 ans<\/li>\n\n\n\n<li>Type de poils :\u00a0Court, Long<\/li>\n\n\n\n<li>Couleur(s) de robe :\u00a0Blanc, Bring\u00e9 (couleurs \u00e0 rayures), Chocolat, Fauve, Marron, Noir, S\u00e9same Rouge<\/li>\n\n\n\n<li>Taille M\u00e2le :\u00a016 \u00e0 20 cm<\/li>\n\n\n\n<li>Taille Femelle :\u00a016 \u00e0 20 cm<\/li>\n\n\n\n<li>Poids M\u00e2le :\u00a01 \u00e0 3 kg<\/li>\n\n\n\n<li>Poids Femelle :\u00a01 \u00e0 3 kg<\/li>\n\n\n\n<li>Perte de poils :\u00a0La perte de poils est rare et tr\u00e8s mod\u00e9r\u00e9e. Toutefois, lors des p\u00e9riodes de mue le chien peut perdre plus de poils qu\u2019\u00e0 l\u2019habitude.<\/li>\n\n\n\n<li>Besoin d&rsquo;exercice :\u00a0Il est important de sortir le Chihuahua r\u00e9guli\u00e8rement. Si ce n\u2019est pas un grand sportif, il reste tr\u00e8s actif et dynamique. Il a donc besoin de sorties r\u00e9guli\u00e8res. Attention \u00e0 bien rester \u00e0 son rythme pour ne pas trop l\u2019\u00e9puiser. Il est \u00e9galement important de le faire sortir pour que l\u2019animal ne grossisse pas trop. En effet, le chihuahua a tendance \u00e0 rapidement prendre du poids.<\/li>\n\n\n\n<li>Co\u00fbt mensuel moyen :\u00a0Environ 20 \u20ac par mois<\/li>\n<\/ul>\n","protected":false},"excerpt":{"rendered":"<p>Le Chihuahua, un petit chien au grand caract\u00e8re ! Le Chihuahua, un chien attachant pour un ma\u00eetre attentionn\u00e9 ! Le Chihuahua est une petite race de chien qui se distingue par sa taille minuscule, faisant de lui l&rsquo;un des plus petits chiens au monde. G\u00e9n\u00e9ralement, il p\u00e8se entre 1 et 3 kg, mais son caract\u00e8re [&hellip;]<\/p>\n","protected":false},"author":25,"featured_media":0,"parent":110,"menu_order":0,"comment_status":"closed","ping_status":"closed","template":"","meta":{"footnotes":""},"class_list":["post-119","page","type-page","status-publish","hentry"],"_links":{"self":[{"href":"https:\/\/eleves.escl.fr\/wp2\/monde\/wp-json\/wp\/v2\/pages\/119","targetHints":{"allow":["GET"]}}],"collection":[{"href":"https:\/\/eleves.escl.fr\/wp2\/monde\/wp-json\/wp\/v2\/pages"}],"about":[{"href":"https:\/\/eleves.escl.fr\/wp2\/monde\/wp-json\/wp\/v2\/types\/page"}],"author":[{"embeddable":true,"href":"https:\/\/eleves.escl.fr\/wp2\/monde\/wp-json\/wp\/v2\/users\/25"}],"replies":[{"embeddable":true,"href":"https:\/\/eleves.escl.fr\/wp2\/monde\/wp-json\/wp\/v2\/comments?post=119"}],"version-history":[{"count":3,"href":"https:\/\/eleves.escl.fr\/wp2\/monde\/wp-json\/wp\/v2\/pages\/119\/revisions"}],"predecessor-version":[{"id":245,"href":"https:\/\/eleves.escl.fr\/wp2\/monde\/wp-json\/wp\/v2\/pages\/119\/revisions\/245"}],"up":[{"embeddable":true,"href":"https:\/\/eleves.escl.fr\/wp2\/monde\/wp-json\/wp\/v2\/pages\/110"}],"wp:attachment":[{"href":"https:\/\/eleves.escl.fr\/wp2\/monde\/wp-json\/wp\/v2\/media?parent=119"}],"curies":[{"name":"wp","href":"https:\/\/api.w.org\/{rel}","templated":true}]}}