{"id":130,"date":"2025-01-14T14:55:25","date_gmt":"2025-01-14T13:55:25","guid":{"rendered":"https:\/\/eleves.escl.fr\/wp2\/monde\/?page_id=130"},"modified":"2025-04-08T14:09:01","modified_gmt":"2025-04-08T12:09:01","slug":"le-whippet","status":"publish","type":"page","link":"https:\/\/eleves.escl.fr\/wp2\/monde\/levriers\/le-whippet\/","title":{"rendered":"Le Whippet"},"content":{"rendered":"\n<p><strong>Le whippet, un chien \u00e9l\u00e9gant et rapide comme l&rsquo;\u00e9clair, combine gr\u00e2ce et agilit\u00e9 pour devenir le compagnon id\u00e9al des amateurs de vitesse et de tendresse.<\/strong><\/p>\n\n\n\n<figure class=\"wp-block-image alignright size-full is-resized\"><img loading=\"lazy\" decoding=\"async\" width=\"822\" height=\"718\" src=\"https:\/\/eleves.escl.fr\/wp2\/monde\/wp-content\/uploads\/sites\/8\/2025\/03\/le-whippet-zooplus.png\" alt=\"\" class=\"wp-image-273\" style=\"width:374px;height:auto\" srcset=\"https:\/\/eleves.escl.fr\/wp2\/monde\/wp-content\/uploads\/sites\/8\/2025\/03\/le-whippet-zooplus.png 822w, https:\/\/eleves.escl.fr\/wp2\/monde\/wp-content\/uploads\/sites\/8\/2025\/03\/le-whippet-zooplus-300x262.png 300w, https:\/\/eleves.escl.fr\/wp2\/monde\/wp-content\/uploads\/sites\/8\/2025\/03\/le-whippet-zooplus-768x671.png 768w\" sizes=\"auto, (max-width: 822px) 100vw, 822px\" \/><\/figure>\n\n\n\n<div class=\"wp-block-columns alignfull is-layout-flex wp-container-core-columns-is-layout-28f84493 wp-block-columns-is-layout-flex\">\n<div class=\"wp-block-column is-layout-flow wp-block-column-is-layout-flow\">\n<p class=\"has-xx-large-font-size\" style=\"text-decoration:underline\">Le Whippet, un chien sportif au temp\u00e9rament calme<\/p>\n\n\n\n<p>Le whippet est une race de chien de taille moyenne, tr\u00e8s appr\u00e9ci\u00e9e pour sa gr\u00e2ce et sa rapidit\u00e9. Ressemblant \u00e0 un petit greyhound, il poss\u00e8de un corps \u00e9lanc\u00e9, avec des muscles fins et puissants qui lui permettent d&rsquo;atteindre des vitesses impressionnantes, allant jusqu&rsquo;\u00e0 55 km\/h. \u00c0 l&rsquo;origine, il a \u00e9t\u00e9 \u00e9lev\u00e9 pour la chasse et les courses, mais aujourd&rsquo;hui, il est surtout connu comme un chien de compagnie. Son caract\u00e8re doux et calme en fait un excellent compagnon pour les familles et les personnes vivant en ville, \u00e0 condition de lui offrir des moments de course et d&rsquo;exercice.<\/p>\n\n\n\n<p>Le whippet est un chien intelligent, facile \u00e0 \u00e9duquer, et il s&rsquo;adapte bien \u00e0 la vie en int\u00e9rieur gr\u00e2ce \u00e0 son comportement calme. Il est \u00e9galement tr\u00e8s sociable, s&rsquo;entendant bien avec les autres animaux et les enfants. Sa courte fourrure ne demande que peu d&rsquo;entretien, mais il peut avoir tendance \u00e0 avoir froid par temps humide ou froid, ce qui explique pourquoi il appr\u00e9cie un endroit confortable pour se reposer apr\u00e8s ses sessions de course. Malgr\u00e9 sa rapidit\u00e9, le whippet sait aussi se montrer tranquille et d\u00e9tendu, cr\u00e9ant un parfait \u00e9quilibre entre \u00e9nergie et douceur. C\u2019est un chien qui, bien qu&rsquo;il aime courir, appr\u00e9cie aussi les moments de tranquillit\u00e9 aupr\u00e8s de ses ma\u00eetres.<\/p>\n<\/div>\n<\/div>\n\n\n\n<hr class=\"wp-block-separator has-alpha-channel-opacity\" \/>\n\n\n\n<p class=\"has-xx-large-font-size\">   Informations sur la race<\/p>\n\n\n\n<ul class=\"wp-block-list\">\n<li>Gabarit :&nbsp;Moyen<\/li>\n\n\n\n<li>Esperance de vie :&nbsp;De 12 \u00e0 15 ans<\/li>\n\n\n\n<li>Type de poils :&nbsp;Court, serr\u00e9 et fin<\/li>\n\n\n\n<li>Couleur(s) de robe :&nbsp;Toutes les couleurs except\u00e9e la robe merle<\/li>\n\n\n\n<li>Taille M\u00e2le :&nbsp;De 47 \u00e0 51 cm<\/li>\n\n\n\n<li>Taille Femelle :&nbsp;De 44 \u00e0 47 cm<\/li>\n\n\n\n<li>Poids M\u00e2le :&nbsp;De 12 \u00e0 14 kg<\/li>\n\n\n\n<li>Poids Femelle :&nbsp;De 11 \u00e0 13 kg<\/li>\n\n\n\n<li>Perte de poils :&nbsp;Le Whippet perd peu de poils. La perte de poil reste \u00e9galement mod\u00e9r\u00e9e chez ce toutou m\u00eame pendant les p\u00e9riodes de mues. Il lui faut simplement un brossage de temps en temps pour le maintenir propre et pour garder sa robe lustr\u00e9e. Cela peut se faire avec un gant.<\/li>\n\n\n\n<li>Besoin d&rsquo;exercice :&nbsp;Le Whippet est un grand sportif et un adepte des courses. Son besoin de courir doit obligatoirement \u00eatre satisfait pour qu\u2019il reste \u00e9quilibr\u00e9. Les sports canins comme le cani-cross, l\u2019Agility ou encore le cani-vtt sont id\u00e9aux pour le stimuler physiquement et mentalement.<\/li>\n\n\n\n<li>Co\u00fbt mensuel moyen :&nbsp;Environ 70\u20ac par mois<\/li>\n<\/ul>\n","protected":false},"excerpt":{"rendered":"<p>Le whippet, un chien \u00e9l\u00e9gant et rapide comme l&rsquo;\u00e9clair, combine gr\u00e2ce et agilit\u00e9 pour devenir le compagnon id\u00e9al des amateurs de vitesse et de tendresse. Le Whippet, un chien sportif au temp\u00e9rament calme Le whippet est une race de chien de taille moyenne, tr\u00e8s appr\u00e9ci\u00e9e pour sa gr\u00e2ce et sa rapidit\u00e9. Ressemblant \u00e0 un petit [&hellip;]<\/p>\n","protected":false},"author":25,"featured_media":0,"parent":128,"menu_order":0,"comment_status":"closed","ping_status":"closed","template":"","meta":{"footnotes":""},"class_list":["post-130","page","type-page","status-publish","hentry"],"_links":{"self":[{"href":"https:\/\/eleves.escl.fr\/wp2\/monde\/wp-json\/wp\/v2\/pages\/130","targetHints":{"allow":["GET"]}}],"collection":[{"href":"https:\/\/eleves.escl.fr\/wp2\/monde\/wp-json\/wp\/v2\/pages"}],"about":[{"href":"https:\/\/eleves.escl.fr\/wp2\/monde\/wp-json\/wp\/v2\/types\/page"}],"author":[{"embeddable":true,"href":"https:\/\/eleves.escl.fr\/wp2\/monde\/wp-json\/wp\/v2\/users\/25"}],"replies":[{"embeddable":true,"href":"https:\/\/eleves.escl.fr\/wp2\/monde\/wp-json\/wp\/v2\/comments?post=130"}],"version-history":[{"count":3,"href":"https:\/\/eleves.escl.fr\/wp2\/monde\/wp-json\/wp\/v2\/pages\/130\/revisions"}],"predecessor-version":[{"id":317,"href":"https:\/\/eleves.escl.fr\/wp2\/monde\/wp-json\/wp\/v2\/pages\/130\/revisions\/317"}],"up":[{"embeddable":true,"href":"https:\/\/eleves.escl.fr\/wp2\/monde\/wp-json\/wp\/v2\/pages\/128"}],"wp:attachment":[{"href":"https:\/\/eleves.escl.fr\/wp2\/monde\/wp-json\/wp\/v2\/media?parent=130"}],"curies":[{"name":"wp","href":"https:\/\/api.w.org\/{rel}","templated":true}]}}