{"id":133,"date":"2025-01-14T14:55:49","date_gmt":"2025-01-14T13:55:49","guid":{"rendered":"https:\/\/eleves.escl.fr\/wp2\/monde\/?page_id=133"},"modified":"2025-04-08T14:08:17","modified_gmt":"2025-04-08T12:08:17","slug":"lirish","status":"publish","type":"page","link":"https:\/\/eleves.escl.fr\/wp2\/monde\/levriers\/lirish\/","title":{"rendered":"L&rsquo;Irish"},"content":{"rendered":"\n<p><strong>L&rsquo;Irish Terrier, avec son temp\u00e9rament audacieux et son pelage unique, est un chien \u00e0 la fois courageux et affectueux, parfait pour les amateurs de compagnons pleins de caract\u00e8re et d&rsquo;\u00e9nergie.<\/strong><\/p>\n\n\n\n<figure class=\"wp-block-image alignright size-large is-resized\"><img loading=\"lazy\" decoding=\"async\" width=\"1024\" height=\"509\" src=\"https:\/\/eleves.escl.fr\/wp2\/monde\/wp-content\/uploads\/sites\/8\/2025\/03\/irish-chien.com_-1024x509.png\" alt=\"\" class=\"wp-image-270\" style=\"width:429px;height:auto\" srcset=\"https:\/\/eleves.escl.fr\/wp2\/monde\/wp-content\/uploads\/sites\/8\/2025\/03\/irish-chien.com_-1024x509.png 1024w, https:\/\/eleves.escl.fr\/wp2\/monde\/wp-content\/uploads\/sites\/8\/2025\/03\/irish-chien.com_-300x149.png 300w, https:\/\/eleves.escl.fr\/wp2\/monde\/wp-content\/uploads\/sites\/8\/2025\/03\/irish-chien.com_-768x382.png 768w, https:\/\/eleves.escl.fr\/wp2\/monde\/wp-content\/uploads\/sites\/8\/2025\/03\/irish-chien.com_.png 1135w\" sizes=\"auto, (max-width: 1024px) 100vw, 1024px\" \/><\/figure>\n\n\n\n<div class=\"wp-block-columns alignfull is-layout-flex wp-container-core-columns-is-layout-28f84493 wp-block-columns-is-layout-flex\">\n<div class=\"wp-block-column is-layout-flow wp-block-column-is-layout-flow\">\n<p class=\"has-xx-large-font-size\" style=\"text-decoration:underline\">L\u2019Irish Wolfhound (L\u00e9vrier Irlandais)&nbsp;: un g\u00e9ant avec un c\u0153ur de sensible<\/p>\n\n\n\n<p>L&rsquo;Irish Terrier est une race de chien ancienne, originaire d&rsquo;Irlande, reconnue pour sa vivacit\u00e9 et son temp\u00e9rament audacieux. De taille moyenne, il se distingue par son pelage dur et rugueux, souvent de couleur rouge ou fauve. Ce chien est particuli\u00e8rement intelligent, \u00e9nergique et courageux, ce qui en fait un excellent compagnon pour les familles actives. Malgr\u00e9 sa nature ind\u00e9pendante et parfois t\u00eatue, l&rsquo;Irish Terrier est fid\u00e8le et affectueux avec ses proches. Il s\u2019adapte bien \u00e0 diff\u00e9rents environnements, \u00e0 condition de recevoir suffisamment d\u2019exercice et de stimulation. Son caract\u00e8re joyeux et son temp\u00e9rament protecteur en font \u00e9galement un bon chien de garde. L&rsquo;Irish Terrier est donc un chien dynamique, loyal, et plein de charme.<\/p>\n<\/div>\n<\/div>\n\n\n\n<hr class=\"wp-block-separator has-alpha-channel-opacity\" \/>\n\n\n\n<p class=\"has-xx-large-font-size\">   Informations sur la race<\/p>\n\n\n\n<ul class=\"wp-block-list\">\n<li>Gabarit :&nbsp;G\u00e9ant<\/li>\n\n\n\n<li>Esperance de vie :&nbsp;De 06 \u00e0 10 ans<\/li>\n\n\n\n<li>Type de poils :&nbsp;Mi-long, lisse, dur et rude<\/li>\n\n\n\n<li>Couleur(s) de robe :&nbsp;Gris, bring\u00e9, blanc pur, noir, rouge, fauve<\/li>\n\n\n\n<li>Taille M\u00e2le :&nbsp;De 79 \u00e0 86 cm<\/li>\n\n\n\n<li>Taille Femelle :&nbsp;De 71 \u00e0 80 cm<\/li>\n\n\n\n<li>Poids M\u00e2le :&nbsp;54,5 kg en moyenne<\/li>\n\n\n\n<li>Poids Femelle :&nbsp;40,5 kg en moyenne<\/li>\n\n\n\n<li>Perte de poils :&nbsp;La perte de poil est relativement importante chez l\u2019Irish Wolfhound en p\u00e9riode de mue. On recommande un brossage un jour sur deux durant cette p\u00e9riode pour retirer le poil mort. En dehors de la mue, un brossage une fois par semaine suffit pour entretenir son poil.<\/li>\n\n\n\n<li>Besoin d&rsquo;exercice :&nbsp;Le L\u00e9vrier Irlandais est un grand sportif. Il a besoin de beaucoup d\u2019activit\u00e9s pour se d\u00e9penser au quotidien. Il faudra tout de m\u00eame pr\u00e9server ses articulations en \u00e9vitant de trop les solliciter. Pour ses besoins, il est recommand\u00e9 de faire une \u00e0 deux longues balades par jour.<\/li>\n\n\n\n<li>Co\u00fbt mensuel moyen :&nbsp;Environ 65\u20ac par mois<\/li>\n<\/ul>\n","protected":false},"excerpt":{"rendered":"<p>L&rsquo;Irish Terrier, avec son temp\u00e9rament audacieux et son pelage unique, est un chien \u00e0 la fois courageux et affectueux, parfait pour les amateurs de compagnons pleins de caract\u00e8re et d&rsquo;\u00e9nergie. L\u2019Irish Wolfhound (L\u00e9vrier Irlandais)&nbsp;: un g\u00e9ant avec un c\u0153ur de sensible L&rsquo;Irish Terrier est une race de chien ancienne, originaire d&rsquo;Irlande, reconnue pour sa vivacit\u00e9 [&hellip;]<\/p>\n","protected":false},"author":25,"featured_media":0,"parent":128,"menu_order":0,"comment_status":"closed","ping_status":"closed","template":"","meta":{"footnotes":""},"class_list":["post-133","page","type-page","status-publish","hentry"],"_links":{"self":[{"href":"https:\/\/eleves.escl.fr\/wp2\/monde\/wp-json\/wp\/v2\/pages\/133","targetHints":{"allow":["GET"]}}],"collection":[{"href":"https:\/\/eleves.escl.fr\/wp2\/monde\/wp-json\/wp\/v2\/pages"}],"about":[{"href":"https:\/\/eleves.escl.fr\/wp2\/monde\/wp-json\/wp\/v2\/types\/page"}],"author":[{"embeddable":true,"href":"https:\/\/eleves.escl.fr\/wp2\/monde\/wp-json\/wp\/v2\/users\/25"}],"replies":[{"embeddable":true,"href":"https:\/\/eleves.escl.fr\/wp2\/monde\/wp-json\/wp\/v2\/comments?post=133"}],"version-history":[{"count":3,"href":"https:\/\/eleves.escl.fr\/wp2\/monde\/wp-json\/wp\/v2\/pages\/133\/revisions"}],"predecessor-version":[{"id":316,"href":"https:\/\/eleves.escl.fr\/wp2\/monde\/wp-json\/wp\/v2\/pages\/133\/revisions\/316"}],"up":[{"embeddable":true,"href":"https:\/\/eleves.escl.fr\/wp2\/monde\/wp-json\/wp\/v2\/pages\/128"}],"wp:attachment":[{"href":"https:\/\/eleves.escl.fr\/wp2\/monde\/wp-json\/wp\/v2\/media?parent=133"}],"curies":[{"name":"wp","href":"https:\/\/api.w.org\/{rel}","templated":true}]}}