{"id":137,"date":"2025-01-14T15:02:06","date_gmt":"2025-01-14T14:02:06","guid":{"rendered":"https:\/\/eleves.escl.fr\/wp2\/monde\/?page_id=137"},"modified":"2025-05-06T15:06:40","modified_gmt":"2025-05-06T13:06:40","slug":"page-principale","status":"publish","type":"page","link":"https:\/\/eleves.escl.fr\/wp2\/monde\/","title":{"rendered":"Les Chiens du Monde"},"content":{"rendered":"\n<figure class=\"wp-block-image size-full\"><img loading=\"lazy\" decoding=\"async\" width=\"660\" height=\"514\" src=\"https:\/\/eleves.escl.fr\/wp2\/monde\/wp-content\/uploads\/sites\/8\/2025\/01\/photo-chien.jpg\" alt=\"\" class=\"wp-image-152\" srcset=\"https:\/\/eleves.escl.fr\/wp2\/monde\/wp-content\/uploads\/sites\/8\/2025\/01\/photo-chien.jpg 660w, https:\/\/eleves.escl.fr\/wp2\/monde\/wp-content\/uploads\/sites\/8\/2025\/01\/photo-chien-300x234.jpg 300w\" sizes=\"auto, (max-width: 660px) 100vw, 660px\" \/><\/figure>\n\n\n\n<p>Bonjour, nous sommes actuellement \u00e9l\u00e8ves en std2a, dans le cadre de notre formation dans la mati\u00e8re OLN (outils et langage num\u00e9rique).Plongez dans l&rsquo;univers fascinant des \u00ab Chiens du Monde \u00bb, o\u00f9 chaque race a une histoire unique \u00e0 raconter. Notre site vous invite \u00e0 d\u00e9couvrir la diversit\u00e9, les origines et les particularit\u00e9s des chiens \u00e0 travers le monde. Que vous soyez passionn\u00e9 par les animaux ou simplement curieux de conna\u00eetre les caract\u00e9ristiques qui font de chaque chien un compagnon exceptionnel, vous trouverez ici une v\u00e9ritable encyclop\u00e9die vivante des races canines, de leur \u00e9volution et de leur r\u00f4le dans nos soci\u00e9t\u00e9s. Un v\u00e9ritable tour du monde canin vous attend !<\/p>\n\n\n\n<p><\/p>\n","protected":false},"excerpt":{"rendered":"<p>Bonjour, nous sommes actuellement \u00e9l\u00e8ves en std2a, dans le cadre de notre formation dans la mati\u00e8re OLN (outils et langage num\u00e9rique).Plongez dans l&rsquo;univers fascinant des \u00ab Chiens du Monde \u00bb, o\u00f9 chaque race a une histoire unique \u00e0 raconter. Notre site vous invite \u00e0 d\u00e9couvrir la diversit\u00e9, les origines et les particularit\u00e9s des chiens \u00e0 [&hellip;]<\/p>\n","protected":false},"author":25,"featured_media":0,"parent":0,"menu_order":0,"comment_status":"closed","ping_status":"closed","template":"","meta":{"footnotes":""},"class_list":["post-137","page","type-page","status-publish","hentry"],"_links":{"self":[{"href":"https:\/\/eleves.escl.fr\/wp2\/monde\/wp-json\/wp\/v2\/pages\/137","targetHints":{"allow":["GET"]}}],"collection":[{"href":"https:\/\/eleves.escl.fr\/wp2\/monde\/wp-json\/wp\/v2\/pages"}],"about":[{"href":"https:\/\/eleves.escl.fr\/wp2\/monde\/wp-json\/wp\/v2\/types\/page"}],"author":[{"embeddable":true,"href":"https:\/\/eleves.escl.fr\/wp2\/monde\/wp-json\/wp\/v2\/users\/25"}],"replies":[{"embeddable":true,"href":"https:\/\/eleves.escl.fr\/wp2\/monde\/wp-json\/wp\/v2\/comments?post=137"}],"version-history":[{"count":11,"href":"https:\/\/eleves.escl.fr\/wp2\/monde\/wp-json\/wp\/v2\/pages\/137\/revisions"}],"predecessor-version":[{"id":335,"href":"https:\/\/eleves.escl.fr\/wp2\/monde\/wp-json\/wp\/v2\/pages\/137\/revisions\/335"}],"wp:attachment":[{"href":"https:\/\/eleves.escl.fr\/wp2\/monde\/wp-json\/wp\/v2\/media?parent=137"}],"curies":[{"name":"wp","href":"https:\/\/api.w.org\/{rel}","templated":true}]}}