{"id":17,"date":"2025-01-14T14:24:37","date_gmt":"2025-01-14T13:24:37","guid":{"rendered":"https:\/\/eleves.escl.fr\/wp2\/monde\/?page_id=17"},"modified":"2025-01-28T15:04:26","modified_gmt":"2025-01-28T14:04:26","slug":"le-bouvier-de-lentlebuch","status":"publish","type":"page","link":"https:\/\/eleves.escl.fr\/wp2\/monde\/chien-de-berger\/le-bouvier-de-lentlebuch\/","title":{"rendered":"Le bouvier de l&rsquo;Entlebuch"},"content":{"rendered":"\n<p><\/p>\n\n\n\n<p class=\"is-style-default\"><strong>Le Bouvier de l\u2019Entlebuch est un chien de compagnie de petite taille polyvalent, intelligent et actif<\/strong>.<\/p>\n\n\n\n<p><\/p>\n\n\n\n<figure class=\"wp-block-image alignright size-full is-resized\"><img loading=\"lazy\" decoding=\"async\" width=\"807\" height=\"790\" src=\"https:\/\/eleves.escl.fr\/wp2\/monde\/wp-content\/uploads\/sites\/8\/2025\/01\/le-chien-de-lentlebuch-1.png\" alt=\"\" class=\"wp-image-163\" style=\"aspect-ratio:1;object-fit:cover;width:461px;height:auto\" \/><\/figure>\n\n\n\n<div class=\"wp-block-columns alignfull is-layout-flex wp-container-core-columns-is-layout-28f84493 wp-block-columns-is-layout-flex\">\n<div class=\"wp-block-column is-layout-flow wp-block-column-is-layout-flow\" style=\"flex-basis:100%\">\n<p class=\"has-accent-3-color has-text-color has-link-color has-xx-large-font-size wp-elements-f2067aef1cb651b25093bed3e21c58c1\" style=\"padding-top:0;padding-right:0;padding-bottom:0;padding-left:0;text-decoration:underline\">Le Bouvier de l&rsquo;Entlebuch, un chien aux multiples talents accro \u00e0 son ma\u00eetre<\/p>\n\n\n\n<p>Le Bouvier de l&rsquo;Entlebuch est une race de chien originaire de Suisse, pr\u00e9cis\u00e9ment de la vall\u00e9e de l&rsquo;Entlebuch, situ\u00e9e dans le canton de Lucerne. C\u2019est un chien de taille moyenne, avec une carrure robuste et muscl\u00e9e, con\u00e7u \u00e0 l&rsquo;origine pour le travail de berger. Il est facilement reconnaissable \u00e0 son pelage tricolore : noir avec des taches blanches et feu sur le visage, la poitrine, les pattes et sous la queue.<\/p>\n\n\n\n<p>Ce chien est r\u00e9put\u00e9 pour sa grande intelligence, sa loyaut\u00e9 et son \u00e9nergie d\u00e9bordante. Il est tr\u00e8s attach\u00e9 \u00e0 sa famille et a besoin de beaucoup d&rsquo;exercice et de stimulation mentale pour \u00eatre heureux. Le Bouvier de l&rsquo;Entlebuch est \u00e9galement un excellent chien de travail, utilis\u00e9 historiquement pour la conduite du b\u00e9tail et pour la garde.<\/p>\n\n\n\n<p>En raison de son caract\u00e8re protecteur et de son instinct de garde, il peut \u00eatre r\u00e9serv\u00e9 envers les \u00e9trangers, mais il est g\u00e9n\u00e9ralement tr\u00e8s doux et affectueux avec ses proches. C\u2019est un chien actif qui appr\u00e9cie les longues promenades, la randonn\u00e9e et les activit\u00e9s en plein air. Il peut aussi \u00eatre un excellent chien de compagnie pour les familles dynamiques, \u00e0 condition de lui offrir suffisamment d&rsquo;attention et de stimulation.<\/p>\n<\/div>\n<\/div>\n\n\n\n<hr class=\"wp-block-separator has-alpha-channel-opacity\" \/>\n\n\n\n<p class=\"is-style-text-display is-style-text-display--1\">Informations sur la race<\/p>\n\n\n\n<ul class=\"wp-block-list\">\n<li>Gabarit :&nbsp;Moyen<\/li>\n\n\n\n<li>Esperance de vie :&nbsp;De 10 \u00e0 15 ans<\/li>\n\n\n\n<li>Type de poils :&nbsp;Court avec sous-poil dense<\/li>\n\n\n\n<li>Couleur(s) de robe :&nbsp;Tricolore, fond noir avec des marques de feu et blanches \u2014 sous-poil gris fonc\u00e9 \u00e0 brun\u00e2tre<\/li>\n\n\n\n<li>Taille M\u00e2le :&nbsp;De 44 \u00e0 50 cm<\/li>\n\n\n\n<li>Taille Femelle :&nbsp;De 42 \u00e0 48 cm<\/li>\n\n\n\n<li>Poids M\u00e2le :&nbsp;De 20 \u00e0 28 kg<\/li>\n\n\n\n<li>Poids Femelle :&nbsp;De 18 \u00e0 24 kg<\/li>\n\n\n\n<li>Perte de poils :&nbsp;La perte de poil est consid\u00e9rable chez le Bouvier de l\u2019Entlebuch, mais elle n\u2019est pas excessive. Elle est plus importante durant la mue, p\u00e9riode durant laquelle il doit \u00eatre bross\u00e9 au moins un jour sur deux. En dehors de la mue, un brossage par semaine suffit pour maintenir son poil brillant et bien dress\u00e9.<\/li>\n\n\n\n<li>Besoin d&rsquo;exercice :&nbsp;Le Bouvier de l\u2019Entlebuch a besoin de faire beaucoup d\u2019exercices pour se d\u00e9penser convenablement. Les br\u00e8ves sorties ne suffisent donc pas pour le satisfaire. Son propri\u00e9taire doit lui faire faire de longues promenades quotidiennes pour assurer son \u00e9quilibre \u00e9motionnel.<\/li>\n\n\n\n<li>Co\u00fbt mensuel moyen :&nbsp;Environ 40 \u20ac par mois<\/li>\n<\/ul>\n","protected":false},"excerpt":{"rendered":"<p>Le Bouvier de l\u2019Entlebuch est un chien de compagnie de petite taille polyvalent, intelligent et actif. Le Bouvier de l&rsquo;Entlebuch, un chien aux multiples talents accro \u00e0 son ma\u00eetre Le Bouvier de l&rsquo;Entlebuch est une race de chien originaire de Suisse, pr\u00e9cis\u00e9ment de la vall\u00e9e de l&rsquo;Entlebuch, situ\u00e9e dans le canton de Lucerne. C\u2019est un [&hellip;]<\/p>\n","protected":false},"author":25,"featured_media":0,"parent":14,"menu_order":0,"comment_status":"closed","ping_status":"closed","template":"","meta":{"footnotes":""},"class_list":["post-17","page","type-page","status-publish","hentry"],"_links":{"self":[{"href":"https:\/\/eleves.escl.fr\/wp2\/monde\/wp-json\/wp\/v2\/pages\/17","targetHints":{"allow":["GET"]}}],"collection":[{"href":"https:\/\/eleves.escl.fr\/wp2\/monde\/wp-json\/wp\/v2\/pages"}],"about":[{"href":"https:\/\/eleves.escl.fr\/wp2\/monde\/wp-json\/wp\/v2\/types\/page"}],"author":[{"embeddable":true,"href":"https:\/\/eleves.escl.fr\/wp2\/monde\/wp-json\/wp\/v2\/users\/25"}],"replies":[{"embeddable":true,"href":"https:\/\/eleves.escl.fr\/wp2\/monde\/wp-json\/wp\/v2\/comments?post=17"}],"version-history":[{"count":5,"href":"https:\/\/eleves.escl.fr\/wp2\/monde\/wp-json\/wp\/v2\/pages\/17\/revisions"}],"predecessor-version":[{"id":171,"href":"https:\/\/eleves.escl.fr\/wp2\/monde\/wp-json\/wp\/v2\/pages\/17\/revisions\/171"}],"up":[{"embeddable":true,"href":"https:\/\/eleves.escl.fr\/wp2\/monde\/wp-json\/wp\/v2\/pages\/14"}],"wp:attachment":[{"href":"https:\/\/eleves.escl.fr\/wp2\/monde\/wp-json\/wp\/v2\/media?parent=17"}],"curies":[{"name":"wp","href":"https:\/\/api.w.org\/{rel}","templated":true}]}}