{"id":21,"date":"2025-01-14T14:25:29","date_gmt":"2025-01-14T13:25:29","guid":{"rendered":"https:\/\/eleves.escl.fr\/wp2\/monde\/?page_id=21"},"modified":"2025-01-28T19:23:18","modified_gmt":"2025-01-28T18:23:18","slug":"berger-americain","status":"publish","type":"page","link":"https:\/\/eleves.escl.fr\/wp2\/monde\/chien-de-berger\/berger-americain\/","title":{"rendered":"Berger Am\u00e9ricain"},"content":{"rendered":"\n<p class=\"has-large-font-size\"><strong>Le Berger Am\u00e9ricain Miniature est un chien intelligent, dynamique et affectueux.<\/strong><\/p>\n\n\n\n<figure class=\"wp-block-image alignright size-large is-resized\"><img loading=\"lazy\" decoding=\"async\" width=\"687\" height=\"1024\" src=\"https:\/\/eleves.escl.fr\/wp2\/monde\/wp-content\/uploads\/sites\/8\/2025\/01\/berger-americain-1-687x1024.png\" alt=\"\" class=\"wp-image-167\" style=\"width:313px;height:auto\" srcset=\"https:\/\/eleves.escl.fr\/wp2\/monde\/wp-content\/uploads\/sites\/8\/2025\/01\/berger-americain-1-687x1024.png 687w, https:\/\/eleves.escl.fr\/wp2\/monde\/wp-content\/uploads\/sites\/8\/2025\/01\/berger-americain-1-201x300.png 201w, https:\/\/eleves.escl.fr\/wp2\/monde\/wp-content\/uploads\/sites\/8\/2025\/01\/berger-americain-1-768x1145.png 768w, https:\/\/eleves.escl.fr\/wp2\/monde\/wp-content\/uploads\/sites\/8\/2025\/01\/berger-americain-1.png 777w\" sizes=\"auto, (max-width: 687px) 100vw, 687px\" \/><\/figure>\n\n\n\n<div class=\"wp-block-columns alignfull are-vertically-aligned-center is-layout-flex wp-container-core-columns-is-layout-28f84493 wp-block-columns-is-layout-flex\">\n<div class=\"wp-block-column is-vertically-aligned-center is-style-default is-layout-flow wp-block-column-is-layout-flow\">\n<p class=\"has-xx-large-font-size\" style=\"text-decoration:underline\">Le Berger Am\u00e9ricain miniature&nbsp;: un petit chien qui a tout l\u2019air d\u2019un grand&nbsp;!<\/p>\n\n\n\n<p>Le Berger Am\u00e9ricain Miniature est une race dynamique et pleine de vivacit\u00e9, qui combine intelligence et \u00e9nergie dans un format compact. Originaire des \u00c9tats-Unis, il est issu du Berger Am\u00e9ricain, mais a \u00e9t\u00e9 s\u00e9lectionn\u00e9 pour \u00eatre de plus petite taille, tout en conservant les caract\u00e9ristiques de travail et de caract\u00e8re de son a\u00een\u00e9. Ce chien est particuli\u00e8rement appr\u00e9ci\u00e9 pour sa grande capacit\u00e9 d&rsquo;apprentissage et son d\u00e9sir de plaire, ce qui en fait un excellent compagnon pour les familles, les sportifs ou les personnes ayant besoin d&rsquo;un chien actif et impliqu\u00e9.<\/p>\n\n\n\n<p>Le Berger Am\u00e9ricain Miniature est naturellement tr\u00e8s loyal et protecteur envers sa famille, ce qui fait de lui un excellent chien de garde, tout en \u00e9tant doux et affectueux avec ses proches. Il est \u00e9galement tr\u00e8s sociable, mais peut \u00eatre r\u00e9serv\u00e9 avec les \u00e9trangers, ce qui en fait un chien \u00e9quilibr\u00e9, \u00e0 la fois alerte et affectueux.<\/p>\n\n\n\n<p>Ce chien a besoin d&rsquo;une grande quantit\u00e9 d&rsquo;exercice et de stimulation mentale pour \u00eatre \u00e9panoui. Il excelle dans les activit\u00e9s telles que l&rsquo;agilit\u00e9, le travail de troupeau, ou encore les sports canins. Son intelligence et sa vivacit\u00e9 en font un chien id\u00e9al pour les personnes pr\u00eates \u00e0 lui offrir un environnement stimulant et des activit\u00e9s r\u00e9guli\u00e8res. De taille modeste (environ 35 \u00e0 45 cm au garrot), il s\u2019adapte facilement \u00e0 la vie en appartement ou en maison, \u00e0 condition de pouvoir se d\u00e9penser suffisamment chaque jour.<\/p>\n\n\n\n<p>En r\u00e9sum\u00e9, le Berger Am\u00e9ricain Miniature est un chien actif, intelligent et affectueux, qui convient parfaitement aux foyers dynamiques et \u00e0 ceux qui cherchent un compagnon loyal et d\u00e9vou\u00e9<\/p>\n<\/div>\n<\/div>\n\n\n\n<hr class=\"wp-block-separator has-alpha-channel-opacity\" \/>\n\n\n\n<p class=\"has-xx-large-font-size\">Informations sur la race<\/p>\n\n\n\n<ul class=\"wp-block-list is-style-default\">\n<li>Gabarit :&nbsp;Moyen<\/li>\n\n\n\n<li>Esperance de vie :&nbsp;entre 13 et 15 ans<\/li>\n\n\n\n<li>Type de poils :&nbsp;Texture et longueur moyenne, poils droits ou ondul\u00e9s<\/li>\n\n\n\n<li>Couleur(s) de robe :&nbsp;Noir tricolore, bleu merle, rouge tricolore, rouge merle, avec ou sans t\u00e2ches blanches\/feu<\/li>\n\n\n\n<li>Taille M\u00e2le :&nbsp;De 35 \u00e0 46 cm<\/li>\n\n\n\n<li>Taille Femelle :&nbsp;De 33 \u00e0 44 cm<\/li>\n\n\n\n<li>Poids M\u00e2le :&nbsp;De 8 \u00e0 18 kgs<\/li>\n\n\n\n<li>Poids Femelle :&nbsp;De 7 \u00e0 14 kgs<\/li>\n\n\n\n<li>Perte de poils :&nbsp;La race est sujette \u00e0 deux mues par an. Un brossage r\u00e9gulier suffit pour enlever les poils morts.<\/li>\n\n\n\n<li>Besoin d&rsquo;exercice :&nbsp;Ce chien a un grand besoin de se d\u00e9penser, de faire de longues balades et d\u2019\u00eatre stimul\u00e9 au quotidien.<\/li>\n\n\n\n<li>Co\u00fbt mensuel moyen :&nbsp;environ 50\u20ac par mois<\/li>\n<\/ul>\n\n\n\n<p><\/p>\n","protected":false},"excerpt":{"rendered":"<p>Le Berger Am\u00e9ricain Miniature est un chien intelligent, dynamique et affectueux. Le Berger Am\u00e9ricain miniature&nbsp;: un petit chien qui a tout l\u2019air d\u2019un grand&nbsp;! Le Berger Am\u00e9ricain Miniature est une race dynamique et pleine de vivacit\u00e9, qui combine intelligence et \u00e9nergie dans un format compact. Originaire des \u00c9tats-Unis, il est issu du Berger Am\u00e9ricain, mais [&hellip;]<\/p>\n","protected":false},"author":25,"featured_media":0,"parent":14,"menu_order":0,"comment_status":"closed","ping_status":"closed","template":"","meta":{"footnotes":""},"class_list":["post-21","page","type-page","status-publish","hentry"],"_links":{"self":[{"href":"https:\/\/eleves.escl.fr\/wp2\/monde\/wp-json\/wp\/v2\/pages\/21","targetHints":{"allow":["GET"]}}],"collection":[{"href":"https:\/\/eleves.escl.fr\/wp2\/monde\/wp-json\/wp\/v2\/pages"}],"about":[{"href":"https:\/\/eleves.escl.fr\/wp2\/monde\/wp-json\/wp\/v2\/types\/page"}],"author":[{"embeddable":true,"href":"https:\/\/eleves.escl.fr\/wp2\/monde\/wp-json\/wp\/v2\/users\/25"}],"replies":[{"embeddable":true,"href":"https:\/\/eleves.escl.fr\/wp2\/monde\/wp-json\/wp\/v2\/comments?post=21"}],"version-history":[{"count":5,"href":"https:\/\/eleves.escl.fr\/wp2\/monde\/wp-json\/wp\/v2\/pages\/21\/revisions"}],"predecessor-version":[{"id":175,"href":"https:\/\/eleves.escl.fr\/wp2\/monde\/wp-json\/wp\/v2\/pages\/21\/revisions\/175"}],"up":[{"embeddable":true,"href":"https:\/\/eleves.escl.fr\/wp2\/monde\/wp-json\/wp\/v2\/pages\/14"}],"wp:attachment":[{"href":"https:\/\/eleves.escl.fr\/wp2\/monde\/wp-json\/wp\/v2\/media?parent=21"}],"curies":[{"name":"wp","href":"https:\/\/api.w.org\/{rel}","templated":true}]}}