{"id":24,"date":"2025-01-14T14:26:05","date_gmt":"2025-01-14T13:26:05","guid":{"rendered":"https:\/\/eleves.escl.fr\/wp2\/monde\/?page_id=24"},"modified":"2025-02-11T14:32:40","modified_gmt":"2025-02-11T13:32:40","slug":"le-bobtail","status":"publish","type":"page","link":"https:\/\/eleves.escl.fr\/wp2\/monde\/chien-de-berger\/le-bobtail\/","title":{"rendered":"Le Bobtail"},"content":{"rendered":"\n<p><strong>Le Bobtail est un chien au look unique, avec une allure robuste et un pelage \u00e9pais, connu pour sa gentillesse et son temp\u00e9rament calme<\/strong><\/p>\n\n\n\n<figure class=\"wp-block-image alignright size-full is-resized\"><img loading=\"lazy\" decoding=\"async\" width=\"658\" height=\"907\" src=\"https:\/\/eleves.escl.fr\/wp2\/monde\/wp-content\/uploads\/sites\/8\/2025\/01\/image-1.png\" alt=\"L\u2019attribut alt de cette image est vide, son nom de fichier est le-bobtail.png.\" class=\"wp-image-180\" style=\"width:317px;height:auto\" srcset=\"https:\/\/eleves.escl.fr\/wp2\/monde\/wp-content\/uploads\/sites\/8\/2025\/01\/image-1.png 658w, https:\/\/eleves.escl.fr\/wp2\/monde\/wp-content\/uploads\/sites\/8\/2025\/01\/image-1-218x300.png 218w\" sizes=\"auto, (max-width: 658px) 100vw, 658px\" \/><\/figure>\n\n\n\n<div class=\"wp-block-columns alignwide is-style-default is-layout-flex wp-container-core-columns-is-layout-28f84493 wp-block-columns-is-layout-flex\">\n<div class=\"wp-block-column is-layout-flow wp-block-column-is-layout-flow\" style=\"flex-basis:100%\">\n<p class=\"has-accent-3-color has-text-color has-link-color has-xx-large-font-size wp-elements-9c610388d1571c0c80323fd9547b1f68\" style=\"text-decoration:underline\">Le Bobtail&nbsp;: un chien protecteur de troupeau et proche de son ma\u00eetre<\/p>\n\n\n\n<p>Le Bobtail, aussi appel\u00e9 Old English Sheepdog, est un chien de taille moyenne \u00e0 grande, avec une silhouette robuste et une allure impressionnante. Son pelage \u00e9pais et dense, souvent d\u00e9crit comme un manteau de laine, lui conf\u00e8re un look distinctif, tout comme sa queue naturellement courte, ou parfois absente, d\u2019o\u00f9 son nom. Ce chien est originaire de Grande-Bretagne et a \u00e9t\u00e9 initialement utilis\u00e9 pour garder les troupeaux de moutons, ce qui explique sa nature vigilante et son instinct protecteur.<\/p>\n\n\n\n<p>Malgr\u00e9 son apparence imposante, le Bobtail est un chien au caract\u00e8re doux, calme et particuli\u00e8rement affectueux. Il est r\u00e9put\u00e9 pour \u00eatre tr\u00e8s sociable et s&rsquo;entend bien avec les enfants, ce qui en fait un excellent chien de famille. Son temp\u00e9rament \u00e9quilibr\u00e9 lui permet \u00e9galement de cohabiter harmonieusement avec d\u2019autres animaux, notamment d\u2019autres chiens et chats. C\u2019est un chien intelligent qui apprend rapidement, mais qui peut parfois \u00eatre un peu t\u00eatu, ce qui n\u00e9cessite une \u00e9ducation patiente et coh\u00e9rente.<\/p>\n\n\n\n<p>Tr\u00e8s actif, le Bobtail a besoin de beaucoup d\u2019exercice pour satisfaire son \u00e9nergie. Des promenades r\u00e9guli\u00e8res, des jeux en plein air et de la stimulation mentale sont essentiels pour son bien-\u00eatre. Bien qu\u2019il soit dynamique, il sait aussi \u00eatre calme et d\u00e9tendu \u00e0 la maison, appr\u00e9ciant les moments de tranquillit\u00e9 aupr\u00e8s de ses propri\u00e9taires. Ce chien loyal et joyeux est un compagnon id\u00e9al pour les familles qui ont suffisamment de temps \u00e0 lui consacrer et qui souhaitent un chien \u00e0 la fois protecteur, joueur et affectueux.<\/p>\n<\/div>\n<\/div>\n\n\n\n<hr class=\"wp-block-separator has-alpha-channel-opacity\" \/>\n\n\n\n<p class=\"has-xx-large-font-size\">Informations sur la race<\/p>\n\n\n\n<ul class=\"wp-block-list\">\n<li>Gabarit : Grand<\/li>\n\n\n\n<li>Esperance de vie : De 10 \u00e0 12 ans<\/li>\n\n\n\n<li>Type de poils : Abondant, hirsute, de texture bien r\u00eache et exempt de boucles<\/li>\n\n\n\n<li>Couleur(s) de robe : Tons de gris, grisonn\u00e9 ou bleu<\/li>\n\n\n\n<li>Taille M\u00e2le : 61 cm et plus<\/li>\n\n\n\n<li>Taille Femelle : 56 cm et plus<\/li>\n\n\n\n<li>Poids M\u00e2le : De 35 kg \u00e0 40 kg<\/li>\n\n\n\n<li>Poids Femelle : De 30 kg \u00e0 38 kg<\/li>\n\n\n\n<li>Perte de poils : Le Bobtail perd beaucoup de poils en raison de son pelage abondant. Il lui faut donc un entretien quotidien afin d\u2019\u00e9viter que son poil ne frise ou ne forme des boucles. Si par m\u00e9garde des n\u0153uds se forment sur son poil, il faut imp\u00e9rativement l\u2019emmener chez le toiletteur.<\/li>\n\n\n\n<li>Besoin d&rsquo;exercice : Le Bobtail est un chien sportif et endurant. Il a besoin de se d\u00e9penser r\u00e9guli\u00e8rement, tant sur le point physique que sur le plan mental. Pour cela, rien de mieux que de longues sorties enrichies de jeux avec son ma\u00eetre.<\/li>\n\n\n\n<li>Co\u00fbt mensuel moyen : Environ 150 \u20ac par mois<\/li>\n\n\n\n<li><\/li>\n<\/ul>\n","protected":false},"excerpt":{"rendered":"<p>Le Bobtail est un chien au look unique, avec une allure robuste et un pelage \u00e9pais, connu pour sa gentillesse et son temp\u00e9rament calme Le Bobtail&nbsp;: un chien protecteur de troupeau et proche de son ma\u00eetre Le Bobtail, aussi appel\u00e9 Old English Sheepdog, est un chien de taille moyenne \u00e0 grande, avec une silhouette robuste [&hellip;]<\/p>\n","protected":false},"author":25,"featured_media":0,"parent":14,"menu_order":0,"comment_status":"closed","ping_status":"closed","template":"","meta":{"footnotes":""},"class_list":["post-24","page","type-page","status-publish","hentry"],"_links":{"self":[{"href":"https:\/\/eleves.escl.fr\/wp2\/monde\/wp-json\/wp\/v2\/pages\/24","targetHints":{"allow":["GET"]}}],"collection":[{"href":"https:\/\/eleves.escl.fr\/wp2\/monde\/wp-json\/wp\/v2\/pages"}],"about":[{"href":"https:\/\/eleves.escl.fr\/wp2\/monde\/wp-json\/wp\/v2\/types\/page"}],"author":[{"embeddable":true,"href":"https:\/\/eleves.escl.fr\/wp2\/monde\/wp-json\/wp\/v2\/users\/25"}],"replies":[{"embeddable":true,"href":"https:\/\/eleves.escl.fr\/wp2\/monde\/wp-json\/wp\/v2\/comments?post=24"}],"version-history":[{"count":4,"href":"https:\/\/eleves.escl.fr\/wp2\/monde\/wp-json\/wp\/v2\/pages\/24\/revisions"}],"predecessor-version":[{"id":201,"href":"https:\/\/eleves.escl.fr\/wp2\/monde\/wp-json\/wp\/v2\/pages\/24\/revisions\/201"}],"up":[{"embeddable":true,"href":"https:\/\/eleves.escl.fr\/wp2\/monde\/wp-json\/wp\/v2\/pages\/14"}],"wp:attachment":[{"href":"https:\/\/eleves.escl.fr\/wp2\/monde\/wp-json\/wp\/v2\/media?parent=24"}],"curies":[{"name":"wp","href":"https:\/\/api.w.org\/{rel}","templated":true}]}}