{"id":27,"date":"2025-01-14T14:27:00","date_gmt":"2025-01-14T13:27:00","guid":{"rendered":"https:\/\/eleves.escl.fr\/wp2\/monde\/?page_id=27"},"modified":"2025-02-11T14:14:24","modified_gmt":"2025-02-11T13:14:24","slug":"berger-des-pyrenees","status":"publish","type":"page","link":"https:\/\/eleves.escl.fr\/wp2\/monde\/chien-de-berger\/berger-des-pyrenees\/","title":{"rendered":"Berger des Pyr\u00e9n\u00e9es"},"content":{"rendered":"\n<p class=\"is-style-default\"><strong>Le Berger des Pyr\u00e9n\u00e9es est un chien vif et intelligent, r\u00e9put\u00e9 pour son courage et son instinct protecteur.<\/strong><\/p>\n\n\n\n<figure class=\"wp-block-image alignright size-full is-resized\"><img loading=\"lazy\" decoding=\"async\" width=\"778\" height=\"883\" src=\"https:\/\/eleves.escl.fr\/wp2\/monde\/wp-content\/uploads\/sites\/8\/2025\/02\/berger-des-pyrenees-Purina-1-3.png\" alt=\"\" class=\"wp-image-192\" style=\"width:243px;height:auto\" srcset=\"https:\/\/eleves.escl.fr\/wp2\/monde\/wp-content\/uploads\/sites\/8\/2025\/02\/berger-des-pyrenees-Purina-1-3.png 778w, https:\/\/eleves.escl.fr\/wp2\/monde\/wp-content\/uploads\/sites\/8\/2025\/02\/berger-des-pyrenees-Purina-1-3-264x300.png 264w, https:\/\/eleves.escl.fr\/wp2\/monde\/wp-content\/uploads\/sites\/8\/2025\/02\/berger-des-pyrenees-Purina-1-3-768x872.png 768w\" sizes=\"auto, (max-width: 778px) 100vw, 778px\" \/><\/figure>\n\n\n\n<div class=\"wp-block-columns alignwide is-layout-flex wp-container-core-columns-is-layout-28f84493 wp-block-columns-is-layout-flex\">\n<div class=\"wp-block-column is-vertically-aligned-center is-style-default is-layout-flow wp-block-column-is-layout-flow\">\n<p class=\"has-xx-large-font-size\" style=\"text-decoration:underline\">Le Berger des Pyr\u00e9n\u00e9es&nbsp;: un chien rus\u00e9 et preneur d\u2019initiatives<\/p>\n\n\n\n<p>Le Chien des Pyr\u00e9n\u00e9es, ou Chien de Montagne des Pyr\u00e9n\u00e9es, est une race de chien originaire des montagnes des Pyr\u00e9n\u00e9es, \u00e0 la fronti\u00e8re entre la France et l&rsquo;Espagne. C\u2019est un grand chien de montagne, robuste et puissant, principalement utilis\u00e9 pour garder les troupeaux de moutons et autres animaux de ferme dans les r\u00e9gions montagneuses. Il est particuli\u00e8rement appr\u00e9ci\u00e9 pour sa fid\u00e9lit\u00e9, son courage et sa capacit\u00e9 \u00e0 prot\u00e9ger efficacement.<\/p>\n\n\n\n<p>Le Chien des Pyr\u00e9n\u00e9es est g\u00e9n\u00e9ralement blanc, parfois avec des taches jaunes ou orang\u00e9es sur la t\u00eate ou le corps. Il a un poil long, \u00e9pais et doux qui le prot\u00e8ge des intemp\u00e9ries. C\u2019est un chien calme, ind\u00e9pendant, mais \u00e9galement affectueux avec sa famille. Il peut \u00eatre un peu r\u00e9serv\u00e9 avec les \u00e9trangers, mais il est toujours tr\u00e8s protecteur.<\/p>\n\n\n\n<p>Cette race est connue pour son caract\u00e8re \u00e9quilibr\u00e9, sa gentillesse avec les enfants et son instinct naturel de protecteur. C\u2019est un chien qui a besoin d\u2019espace et de beaucoup d\u2019exercice, id\u00e9al pour une vie en ext\u00e9rieur dans un environnement rural ou montagnard.<\/p>\n<\/div>\n<\/div>\n\n\n\n<hr class=\"wp-block-separator has-alpha-channel-opacity\" \/>\n\n\n\n<p class=\"has-text-align-center has-xx-large-font-size\">Informations sur la race<\/p>\n\n\n\n<ul class=\"wp-block-list\">\n<li>Gabarit :\u00a0Petit<\/li>\n\n\n\n<li>Esperance de vie :\u00a0De 14 \u00e0 17 ans<\/li>\n\n\n\n<li>Type de poils :\u00a0Long, Mi-long, Moins que mi-long<\/li>\n\n\n\n<li>Couleur(s) de robe :\u00a0Bleu bigarr\u00e9 de noir (arlequin ou bleu ardois\u00e9), Bring\u00e9es, Fauve plus ou moins fonc\u00e9, charbonn\u00e9e ou non, Gris plus ou moins clair, Noire ou noire marqu\u00e9e de blanc<\/li>\n\n\n\n<li>Taille M\u00e2le :\u00a0De 40 cm \u00e0 54 cm<\/li>\n\n\n\n<li>Taille Femelle :\u00a0De 40 cm \u00e0 52 cm<\/li>\n\n\n\n<li>Poids M\u00e2le :\u00a0De 8 kg \u00e0 12kg<\/li>\n\n\n\n<li>Poids Femelle :\u00a0De 8 kg \u00e0 12kg<\/li>\n\n\n\n<li>Perte de poils :\u00a0Le Berger des Pyr\u00e9n\u00e9es, m\u00eame \u00e0 poil long, ne perd que moyennement de poils. Il lui faut un minimum d\u2019entretien pour garder la beaut\u00e9 de son pelage. Un brossage r\u00e9gulier (1 fois par semaine) est conseill\u00e9.<\/li>\n\n\n\n<li>Besoin d&rsquo;exercice :\u00a0Le Berger des Pyr\u00e9n\u00e9es est un chien tr\u00e8s actif. Il a besoin de s\u2019exercer tant physiquement que mentalement pour garder la forme et pour canaliser son \u00e9nergie. Ce besoin peut \u00eatre satisfait avec des balades quotidiennes d\u2019une heure et des s\u00e9ances de jeux.<\/li>\n\n\n\n<li>Co\u00fbt mensuel moyen :\u00a0Environ 60\u20ac par mois<\/li>\n<\/ul>\n\n\n\n<p><\/p>\n","protected":false},"excerpt":{"rendered":"<p>Le Berger des Pyr\u00e9n\u00e9es est un chien vif et intelligent, r\u00e9put\u00e9 pour son courage et son instinct protecteur. Le Berger des Pyr\u00e9n\u00e9es&nbsp;: un chien rus\u00e9 et preneur d\u2019initiatives Le Chien des Pyr\u00e9n\u00e9es, ou Chien de Montagne des Pyr\u00e9n\u00e9es, est une race de chien originaire des montagnes des Pyr\u00e9n\u00e9es, \u00e0 la fronti\u00e8re entre la France et [&hellip;]<\/p>\n","protected":false},"author":25,"featured_media":0,"parent":14,"menu_order":0,"comment_status":"closed","ping_status":"closed","template":"","meta":{"footnotes":""},"class_list":["post-27","page","type-page","status-publish","hentry"],"_links":{"self":[{"href":"https:\/\/eleves.escl.fr\/wp2\/monde\/wp-json\/wp\/v2\/pages\/27","targetHints":{"allow":["GET"]}}],"collection":[{"href":"https:\/\/eleves.escl.fr\/wp2\/monde\/wp-json\/wp\/v2\/pages"}],"about":[{"href":"https:\/\/eleves.escl.fr\/wp2\/monde\/wp-json\/wp\/v2\/types\/page"}],"author":[{"embeddable":true,"href":"https:\/\/eleves.escl.fr\/wp2\/monde\/wp-json\/wp\/v2\/users\/25"}],"replies":[{"embeddable":true,"href":"https:\/\/eleves.escl.fr\/wp2\/monde\/wp-json\/wp\/v2\/comments?post=27"}],"version-history":[{"count":7,"href":"https:\/\/eleves.escl.fr\/wp2\/monde\/wp-json\/wp\/v2\/pages\/27\/revisions"}],"predecessor-version":[{"id":194,"href":"https:\/\/eleves.escl.fr\/wp2\/monde\/wp-json\/wp\/v2\/pages\/27\/revisions\/194"}],"up":[{"embeddable":true,"href":"https:\/\/eleves.escl.fr\/wp2\/monde\/wp-json\/wp\/v2\/pages\/14"}],"wp:attachment":[{"href":"https:\/\/eleves.escl.fr\/wp2\/monde\/wp-json\/wp\/v2\/media?parent=27"}],"curies":[{"name":"wp","href":"https:\/\/api.w.org\/{rel}","templated":true}]}}