{"id":30,"date":"2025-01-14T14:28:58","date_gmt":"2025-01-14T13:28:58","guid":{"rendered":"https:\/\/eleves.escl.fr\/wp2\/monde\/?page_id=30"},"modified":"2025-02-11T14:31:56","modified_gmt":"2025-02-11T13:31:56","slug":"le-kelpie","status":"publish","type":"page","link":"https:\/\/eleves.escl.fr\/wp2\/monde\/chien-de-berger\/le-kelpie\/","title":{"rendered":"Le Kelpie"},"content":{"rendered":"\n<p><strong>Le Kelpie est un chien de travail australien, intelligent et \u00e9nergique, connu pour sa capacit\u00e9 \u00e0 garder et rassembler les troupeaux avec une incroyable agilit\u00e9.<\/strong><\/p>\n\n\n\n<figure class=\"wp-block-image alignright size-large is-resized\"><img loading=\"lazy\" decoding=\"async\" width=\"551\" height=\"1024\" src=\"https:\/\/eleves.escl.fr\/wp2\/monde\/wp-content\/uploads\/sites\/8\/2025\/02\/le-kelpie-I-stock-2-551x1024.png\" alt=\"\" class=\"wp-image-199\" style=\"width:264px;height:auto\" srcset=\"https:\/\/eleves.escl.fr\/wp2\/monde\/wp-content\/uploads\/sites\/8\/2025\/02\/le-kelpie-I-stock-2-551x1024.png 551w, https:\/\/eleves.escl.fr\/wp2\/monde\/wp-content\/uploads\/sites\/8\/2025\/02\/le-kelpie-I-stock-2-161x300.png 161w, https:\/\/eleves.escl.fr\/wp2\/monde\/wp-content\/uploads\/sites\/8\/2025\/02\/le-kelpie-I-stock-2.png 614w\" sizes=\"auto, (max-width: 551px) 100vw, 551px\" \/><\/figure>\n\n\n\n<div class=\"wp-block-columns alignwide is-layout-flex wp-container-core-columns-is-layout-28f84493 wp-block-columns-is-layout-flex\">\n<div class=\"wp-block-column is-layout-flow wp-block-column-is-layout-flow\">\n<p class=\"has-xx-large-font-size\" style=\"text-decoration:underline\">Le Kelpie, un chien de caract\u00e8re actif et proche de son ma\u00eetre<\/p>\n\n\n\n<p class=\"has-large-font-size\">Le Kelpie australien est une race de chien de travail extr\u00eamement agile et intelligente, \u00e9lev\u00e9e principalement pour garder les troupeaux de moutons. Originaire d&rsquo;Australie, il est r\u00e9put\u00e9 pour sa grande endurance et sa capacit\u00e9 \u00e0 travailler dans des conditions difficiles, souvent sous des temp\u00e9ratures extr\u00eames. Avec son instinct naturel de berger, il est tr\u00e8s rapide et r\u00e9actif, capable de suivre et diriger les animaux avec pr\u00e9cision. Ce chien n\u00e9cessite une activit\u00e9 physique r\u00e9guli\u00e8re et un environnement stimulant pour \u00eatre heureux. Bien qu&rsquo;il soit un excellent chien de travail, il peut aussi \u00eatre un compagnon loyal et affectueux pour une famille active.<\/p>\n\n\n\n<p><\/p>\n<\/div>\n<\/div>\n\n\n\n<hr class=\"wp-block-separator has-alpha-channel-opacity\" \/>\n\n\n\n<p class=\"has-text-align-center has-x-large-font-size\">Informations sur le race <\/p>\n\n\n\n<ul class=\"wp-block-list\">\n<li>Gabarit :\u00a0Moyen<\/li>\n\n\n\n<li>Esperance de vie :\u00a0De 10 \u00e0 14 ans<\/li>\n\n\n\n<li>Type de poils :\u00a0Court avec sous-poil dense<\/li>\n\n\n\n<li>Couleur(s) de robe :\u00a0Marron<\/li>\n\n\n\n<li>Taille M\u00e2le :\u00a0De 46 \u00e0 51 cm<\/li>\n\n\n\n<li>Taille Femelle :\u00a0Da 43 \u00e0 48 cm<\/li>\n\n\n\n<li>Poids M\u00e2le :\u00a0De 13 \u00e0 22 kg<\/li>\n\n\n\n<li>Poids Femelle :\u00a0De 11 \u00e0 20 kg<\/li>\n\n\n\n<li>Perte de poils :\u00a0Le Kelpie Australien est sujet \u00e0 d\u2019importantes pertes de poils durant ses deux mues saisonni\u00e8res. Par contre, la perte de poil reste mod\u00e9r\u00e9e en dehors de ces 2 p\u00e9riodes rendant son entretien assez facile. Un brossage 1 \u00e0 2 fois par semaine suffit pour conserver la beaut\u00e9 de sa robe en p\u00e9riode de mue.<\/li>\n\n\n\n<li>Besoin d&rsquo;exercice :\u00a0Le Kelpie est un chien tr\u00e8s actif, athl\u00e9tique et endurant. Il lui faut beaucoup d\u2019exercices physiques et intellectuelles pour se d\u00e9penser. Il est donc recommand\u00e9 d\u2019ajouter aux promenades quotidiennes des activit\u00e9s d\u2019agility ou d\u2019ob\u00e9issance.<\/li>\n\n\n\n<li>Co\u00fbt mensuel moyen :\u00a0Environ 40\u20ac par mois<\/li>\n<\/ul>\n\n\n\n<p><\/p>\n","protected":false},"excerpt":{"rendered":"<p>Le Kelpie est un chien de travail australien, intelligent et \u00e9nergique, connu pour sa capacit\u00e9 \u00e0 garder et rassembler les troupeaux avec une incroyable agilit\u00e9. Le Kelpie, un chien de caract\u00e8re actif et proche de son ma\u00eetre Le Kelpie australien est une race de chien de travail extr\u00eamement agile et intelligente, \u00e9lev\u00e9e principalement pour garder [&hellip;]<\/p>\n","protected":false},"author":25,"featured_media":0,"parent":14,"menu_order":0,"comment_status":"closed","ping_status":"closed","template":"","meta":{"footnotes":""},"class_list":["post-30","page","type-page","status-publish","hentry"],"_links":{"self":[{"href":"https:\/\/eleves.escl.fr\/wp2\/monde\/wp-json\/wp\/v2\/pages\/30","targetHints":{"allow":["GET"]}}],"collection":[{"href":"https:\/\/eleves.escl.fr\/wp2\/monde\/wp-json\/wp\/v2\/pages"}],"about":[{"href":"https:\/\/eleves.escl.fr\/wp2\/monde\/wp-json\/wp\/v2\/types\/page"}],"author":[{"embeddable":true,"href":"https:\/\/eleves.escl.fr\/wp2\/monde\/wp-json\/wp\/v2\/users\/25"}],"replies":[{"embeddable":true,"href":"https:\/\/eleves.escl.fr\/wp2\/monde\/wp-json\/wp\/v2\/comments?post=30"}],"version-history":[{"count":4,"href":"https:\/\/eleves.escl.fr\/wp2\/monde\/wp-json\/wp\/v2\/pages\/30\/revisions"}],"predecessor-version":[{"id":200,"href":"https:\/\/eleves.escl.fr\/wp2\/monde\/wp-json\/wp\/v2\/pages\/30\/revisions\/200"}],"up":[{"embeddable":true,"href":"https:\/\/eleves.escl.fr\/wp2\/monde\/wp-json\/wp\/v2\/pages\/14"}],"wp:attachment":[{"href":"https:\/\/eleves.escl.fr\/wp2\/monde\/wp-json\/wp\/v2\/media?parent=30"}],"curies":[{"name":"wp","href":"https:\/\/api.w.org\/{rel}","templated":true}]}}