{"id":36,"date":"2025-01-14T14:30:22","date_gmt":"2025-01-14T13:30:22","guid":{"rendered":"https:\/\/eleves.escl.fr\/wp2\/monde\/?page_id=36"},"modified":"2025-02-11T15:02:09","modified_gmt":"2025-02-11T14:02:09","slug":"le-sharlei","status":"publish","type":"page","link":"https:\/\/eleves.escl.fr\/wp2\/monde\/molosses\/le-sharlei\/","title":{"rendered":"Le Shar Pei"},"content":{"rendered":"\n<p><strong>Le Shar Pei est un chien au caract\u00e8re calme et ind\u00e9pendant.<\/strong><\/p>\n\n\n\n<figure class=\"wp-block-image alignright size-full is-resized\"><img loading=\"lazy\" decoding=\"async\" width=\"848\" height=\"914\" src=\"https:\/\/eleves.escl.fr\/wp2\/monde\/wp-content\/uploads\/sites\/8\/2025\/02\/le-shar-pei-I-stock-1-2.png\" alt=\"\" class=\"wp-image-211\" style=\"width:335px;height:auto\" srcset=\"https:\/\/eleves.escl.fr\/wp2\/monde\/wp-content\/uploads\/sites\/8\/2025\/02\/le-shar-pei-I-stock-1-2.png 848w, https:\/\/eleves.escl.fr\/wp2\/monde\/wp-content\/uploads\/sites\/8\/2025\/02\/le-shar-pei-I-stock-1-2-278x300.png 278w, https:\/\/eleves.escl.fr\/wp2\/monde\/wp-content\/uploads\/sites\/8\/2025\/02\/le-shar-pei-I-stock-1-2-768x828.png 768w\" sizes=\"auto, (max-width: 848px) 100vw, 848px\" \/><\/figure>\n\n\n\n<div class=\"wp-block-columns alignwide is-layout-flex wp-container-core-columns-is-layout-28f84493 wp-block-columns-is-layout-flex\">\n<div class=\"wp-block-column is-layout-flow wp-block-column-is-layout-flow\">\n<p class=\"has-xx-large-font-size\" style=\"text-decoration:underline\">Le Shar Pei (ou Sharpe\u00ef)&nbsp;: un chien ancestral \u00e0 plis<\/p>\n\n\n\n<p>Le Shar Pei est une race de chien originaire de Chine, c\u00e9l\u00e8bre pour ses plis de peau distinctifs et sa langue bleu-noir. De taille moyenne, il a un temp\u00e9rament calme, loyal et parfois r\u00e9serv\u00e9, mais il est tr\u00e8s attach\u00e9 \u00e0 sa famille. Bien qu&rsquo;il ait \u00e9t\u00e9 initialement utilis\u00e9 comme chien de garde et de chasse, le Shar Pei est aujourd&rsquo;hui un excellent compagnon, appr\u00e9ci\u00e9 pour son ind\u00e9pendance et sa nature tranquille. Ce chien n\u00e9cessite une attention particuli\u00e8re \u00e0 sa peau et \u00e0 ses plis pour \u00e9viter les infections.<\/p>\n<\/div>\n<\/div>\n\n\n\n<hr class=\"wp-block-separator has-alpha-channel-opacity\" \/>\n\n\n\n<p class=\"has-text-align-center has-x-large-font-size\">Information sur la race <\/p>\n\n\n\n<ul class=\"wp-block-list\">\n<li>Gabarit :\u00a0Moyen<\/li>\n\n\n\n<li>Esperance de vie :\u00a0De 8 \u00e0 10 ans<\/li>\n\n\n\n<li>Type de poils :\u00a0Court, dur et h\u00e9riss\u00e9<\/li>\n\n\n\n<li>Couleur(s) de robe :\u00a0Unicolore (toutes les couleurs sauf le blanc)<\/li>\n\n\n\n<li>Taille M\u00e2le :\u00a0De 44 \u00e0 51 cm<\/li>\n\n\n\n<li>Taille Femelle :\u00a0De 44 \u00e0 51 cm<\/li>\n\n\n\n<li>Poids M\u00e2le :\u00a0De18 \u00e0 25 kg<\/li>\n\n\n\n<li>Poids Femelle :\u00a0De18 \u00e0 25 kg<\/li>\n\n\n\n<li>Perte de poils :\u00a0Le Shar Pei perd des poils en quantit\u00e9. Il faut donc le brosser quotidiennement pour garder son pelage propre. Aussi, il est important d\u2019inspecter r\u00e9guli\u00e8rement les nombreux plis de son corps pour \u00e9viter les irritations et les infections.<\/li>\n\n\n\n<li>Besoin d&rsquo;exercice :\u00a0Le Shar Pei n\u2019est pas un tr\u00e8s grand sportif. Il se contentera de balades une \u00e0 deux fois par jour. Cependant, il lui faut \u00e9galement des s\u00e9ances de jeux et des exercices de stimulation mentale pour rester \u00e9quilibr\u00e9.<\/li>\n\n\n\n<li>Co\u00fbt mensuel moyen :\u00a0Environ 80 \u20ac par mois<\/li>\n<\/ul>\n","protected":false},"excerpt":{"rendered":"<p>Le Shar Pei est un chien au caract\u00e8re calme et ind\u00e9pendant. Le Shar Pei (ou Sharpe\u00ef)&nbsp;: un chien ancestral \u00e0 plis Le Shar Pei est une race de chien originaire de Chine, c\u00e9l\u00e8bre pour ses plis de peau distinctifs et sa langue bleu-noir. De taille moyenne, il a un temp\u00e9rament calme, loyal et parfois r\u00e9serv\u00e9, [&hellip;]<\/p>\n","protected":false},"author":25,"featured_media":0,"parent":33,"menu_order":0,"comment_status":"closed","ping_status":"closed","template":"","meta":{"footnotes":""},"class_list":["post-36","page","type-page","status-publish","hentry"],"_links":{"self":[{"href":"https:\/\/eleves.escl.fr\/wp2\/monde\/wp-json\/wp\/v2\/pages\/36","targetHints":{"allow":["GET"]}}],"collection":[{"href":"https:\/\/eleves.escl.fr\/wp2\/monde\/wp-json\/wp\/v2\/pages"}],"about":[{"href":"https:\/\/eleves.escl.fr\/wp2\/monde\/wp-json\/wp\/v2\/types\/page"}],"author":[{"embeddable":true,"href":"https:\/\/eleves.escl.fr\/wp2\/monde\/wp-json\/wp\/v2\/users\/25"}],"replies":[{"embeddable":true,"href":"https:\/\/eleves.escl.fr\/wp2\/monde\/wp-json\/wp\/v2\/comments?post=36"}],"version-history":[{"count":2,"href":"https:\/\/eleves.escl.fr\/wp2\/monde\/wp-json\/wp\/v2\/pages\/36\/revisions"}],"predecessor-version":[{"id":212,"href":"https:\/\/eleves.escl.fr\/wp2\/monde\/wp-json\/wp\/v2\/pages\/36\/revisions\/212"}],"up":[{"embeddable":true,"href":"https:\/\/eleves.escl.fr\/wp2\/monde\/wp-json\/wp\/v2\/pages\/33"}],"wp:attachment":[{"href":"https:\/\/eleves.escl.fr\/wp2\/monde\/wp-json\/wp\/v2\/media?parent=36"}],"curies":[{"name":"wp","href":"https:\/\/api.w.org\/{rel}","templated":true}]}}