{"id":39,"date":"2025-01-14T14:31:11","date_gmt":"2025-01-14T13:31:11","guid":{"rendered":"https:\/\/eleves.escl.fr\/wp2\/monde\/?page_id=39"},"modified":"2025-04-08T14:09:40","modified_gmt":"2025-04-08T12:09:40","slug":"le-berger-du-caucase","status":"publish","type":"page","link":"https:\/\/eleves.escl.fr\/wp2\/monde\/molosses\/le-berger-du-caucase\/","title":{"rendered":"Le Berger du Caucase"},"content":{"rendered":"\n<p><strong>Imposant par sa taille et son caract\u00e8re, le Berger du Caucase est un protecteur naturel, fid\u00e8le et courageux, pr\u00eat \u00e0 d\u00e9fendre sa famille avec une loyaut\u00e9 sans faille.<\/strong><\/p>\n\n\n\n<figure class=\"wp-block-image alignright size-full is-resized\"><img loading=\"lazy\" decoding=\"async\" width=\"637\" height=\"954\" src=\"https:\/\/eleves.escl.fr\/wp2\/monde\/wp-content\/uploads\/sites\/8\/2025\/03\/le-berger-du-caucase-les-berger-du-caucase.-com.png\" alt=\"\" class=\"wp-image-276\" style=\"width:273px;height:auto\" srcset=\"https:\/\/eleves.escl.fr\/wp2\/monde\/wp-content\/uploads\/sites\/8\/2025\/03\/le-berger-du-caucase-les-berger-du-caucase.-com.png 637w, https:\/\/eleves.escl.fr\/wp2\/monde\/wp-content\/uploads\/sites\/8\/2025\/03\/le-berger-du-caucase-les-berger-du-caucase.-com-200x300.png 200w\" sizes=\"auto, (max-width: 637px) 100vw, 637px\" \/><\/figure>\n\n\n\n<div class=\"wp-block-columns alignfull is-layout-flex wp-container-core-columns-is-layout-28f84493 wp-block-columns-is-layout-flex\">\n<div class=\"wp-block-column is-layout-flow wp-block-column-is-layout-flow\">\n<p class=\"has-xx-large-font-size\" style=\"text-decoration:underline\">Le Berger du Caucase, un bon gros g\u00e9ant \u00e0 la maison<\/p>\n\n\n\n<p>Le Berger du Caucase, \u00e9galement connu sous le nom de Caucase Shepherd, est une race de chien de grande taille originaire des montagnes du Caucase. Ce chien imposant, souvent utilis\u00e9 comme chien de garde, est particuli\u00e8rement appr\u00e9ci\u00e9 pour sa loyaut\u00e9, son courage et sa capacit\u00e9 \u00e0 prot\u00e9ger son territoire. Il poss\u00e8de une carrure robuste et une fourrure dense qui le prot\u00e8ge des intemp\u00e9ries et des temp\u00e9ratures froides. Le Berger du Caucase est \u00e9galement tr\u00e8s intelligent et ind\u00e9pendant, ce qui peut parfois rendre son \u00e9ducation un d\u00e9fi.<\/p>\n\n\n\n<p>Malgr\u00e9 son temp\u00e9rament dominant, il est extr\u00eamement attach\u00e9 \u00e0 sa famille et peut \u00eatre un compagnon doux et affectueux, surtout lorsqu&rsquo;il est bien socialis\u00e9 d\u00e8s son jeune \u00e2ge. Il a besoin d&rsquo;une grande dose d&rsquo;exercice et d&rsquo;espace, car son \u00e9nergie et son instinct de protection sont tr\u00e8s forts. Bien qu&rsquo;il soit un excellent chien de garde, il peut \u00eatre r\u00e9serv\u00e9 et m\u00e9fiant envers les \u00e9trangers, mais il est g\u00e9n\u00e9ralement calme et pos\u00e9 avec ses proches. En raison de sa taille et de son caract\u00e8re protecteur, il est recommand\u00e9 pour des propri\u00e9taires exp\u00e9riment\u00e9s, capables de lui offrir une \u00e9ducation ferme mais bienveillante.<\/p>\n<\/div>\n<\/div>\n\n\n\n<hr class=\"wp-block-separator has-alpha-channel-opacity\" \/>\n\n\n\n<p class=\"has-xx-large-font-size\">      Informations sur la race<\/p>\n\n\n\n<ul class=\"wp-block-list\">\n<li>Gabarit :&nbsp;G\u00e9ant<\/li>\n\n\n\n<li>Esperance de vie :&nbsp;De 10 \u00e0 11 ans<\/li>\n\n\n\n<li>Type de poils :&nbsp;Court ou mi-long ou long<\/li>\n\n\n\n<li>Couleur(s) de robe :&nbsp;Nuances de gris noir, paille, blanc, brun rouge\u00e2tre, bring\u00e9e ou pie<\/li>\n\n\n\n<li>Taille M\u00e2le :&nbsp;Pas moins de 65 cm<\/li>\n\n\n\n<li>Taille Femelle :&nbsp;Pas moins de 62 cm<\/li>\n\n\n\n<li>Poids M\u00e2le :&nbsp;De 50 kg \u00e0 80 kg<\/li>\n\n\n\n<li>Poids Femelle :&nbsp;De 45 kg \u00e0 80 kg<\/li>\n\n\n\n<li>Perte de poils :&nbsp;Le Berger du Caucase perd beaucoup de poils. La perte est plus importante lors des 2 mues. Il lui faut donc un entretien r\u00e9gulier pour que sa robe \u00e9paisse reste propre et le prot\u00e8ge efficacement. La vari\u00e9t\u00e9 poss\u00e9dant un poil long demande un brossage plusieurs fois par semaine. Pour les deux autres, il faut au minimum un brossage par semaine.<\/li>\n\n\n\n<li>Besoin d&rsquo;exercice :&nbsp;Le Berger du Caucase est un grand sportif qui a besoin de se d\u00e9penser pour rester \u00e9quilibr\u00e9. Il lui faut des activit\u00e9s physiques et intellectuelles ainsi que des promenades quotidiennes. Les exercices physiques et les longues promenades lui permettent notamment de garder un bon niveau d\u2019\u00e9nergie et d\u2019\u00e9viter l\u2019ob\u00e9sit\u00e9.<\/li>\n\n\n\n<li>Co\u00fbt mensuel moyen :&nbsp;Environ 165\u20ac par mois<\/li>\n<\/ul>\n","protected":false},"excerpt":{"rendered":"<p>Imposant par sa taille et son caract\u00e8re, le Berger du Caucase est un protecteur naturel, fid\u00e8le et courageux, pr\u00eat \u00e0 d\u00e9fendre sa famille avec une loyaut\u00e9 sans faille. Le Berger du Caucase, un bon gros g\u00e9ant \u00e0 la maison Le Berger du Caucase, \u00e9galement connu sous le nom de Caucase Shepherd, est une race de [&hellip;]<\/p>\n","protected":false},"author":25,"featured_media":0,"parent":33,"menu_order":0,"comment_status":"closed","ping_status":"closed","template":"","meta":{"footnotes":""},"class_list":["post-39","page","type-page","status-publish","hentry"],"_links":{"self":[{"href":"https:\/\/eleves.escl.fr\/wp2\/monde\/wp-json\/wp\/v2\/pages\/39","targetHints":{"allow":["GET"]}}],"collection":[{"href":"https:\/\/eleves.escl.fr\/wp2\/monde\/wp-json\/wp\/v2\/pages"}],"about":[{"href":"https:\/\/eleves.escl.fr\/wp2\/monde\/wp-json\/wp\/v2\/types\/page"}],"author":[{"embeddable":true,"href":"https:\/\/eleves.escl.fr\/wp2\/monde\/wp-json\/wp\/v2\/users\/25"}],"replies":[{"embeddable":true,"href":"https:\/\/eleves.escl.fr\/wp2\/monde\/wp-json\/wp\/v2\/comments?post=39"}],"version-history":[{"count":3,"href":"https:\/\/eleves.escl.fr\/wp2\/monde\/wp-json\/wp\/v2\/pages\/39\/revisions"}],"predecessor-version":[{"id":318,"href":"https:\/\/eleves.escl.fr\/wp2\/monde\/wp-json\/wp\/v2\/pages\/39\/revisions\/318"}],"up":[{"embeddable":true,"href":"https:\/\/eleves.escl.fr\/wp2\/monde\/wp-json\/wp\/v2\/pages\/33"}],"wp:attachment":[{"href":"https:\/\/eleves.escl.fr\/wp2\/monde\/wp-json\/wp\/v2\/media?parent=39"}],"curies":[{"name":"wp","href":"https:\/\/api.w.org\/{rel}","templated":true}]}}