{"id":42,"date":"2025-01-14T14:32:07","date_gmt":"2025-01-14T13:32:07","guid":{"rendered":"https:\/\/eleves.escl.fr\/wp2\/monde\/?page_id=42"},"modified":"2025-04-08T14:12:01","modified_gmt":"2025-04-08T12:12:01","slug":"le-pinscher-nain","status":"publish","type":"page","link":"https:\/\/eleves.escl.fr\/wp2\/monde\/molosses\/le-pinscher-nain\/","title":{"rendered":"Le Pinscher  nain"},"content":{"rendered":"\n<p><strong>Petit par la taille mais grand par le caract\u00e8re, le Pinscher Nain est un chien audacieux et \u00e9nergique, toujours pr\u00eat \u00e0 prot\u00e9ger son territoire avec une loyaut\u00e9 sans faille.<\/strong><\/p>\n\n\n\n<figure class=\"wp-block-image alignright size-full is-resized\"><img loading=\"lazy\" decoding=\"async\" width=\"832\" height=\"782\" src=\"https:\/\/eleves.escl.fr\/wp2\/monde\/wp-content\/uploads\/sites\/8\/2025\/03\/le-pinscher-nain-bulle-bleue-.png\" alt=\"\" class=\"wp-image-285\" style=\"width:403px;height:auto\" srcset=\"https:\/\/eleves.escl.fr\/wp2\/monde\/wp-content\/uploads\/sites\/8\/2025\/03\/le-pinscher-nain-bulle-bleue-.png 832w, https:\/\/eleves.escl.fr\/wp2\/monde\/wp-content\/uploads\/sites\/8\/2025\/03\/le-pinscher-nain-bulle-bleue--300x282.png 300w, https:\/\/eleves.escl.fr\/wp2\/monde\/wp-content\/uploads\/sites\/8\/2025\/03\/le-pinscher-nain-bulle-bleue--768x722.png 768w\" sizes=\"auto, (max-width: 832px) 100vw, 832px\" \/><\/figure>\n\n\n\n<div class=\"wp-block-columns alignfull is-layout-flex wp-container-core-columns-is-layout-28f84493 wp-block-columns-is-layout-flex\">\n<div class=\"wp-block-column is-layout-flow wp-block-column-is-layout-flow\">\n<p class=\"has-xx-large-font-size\" style=\"text-decoration:underline\">Le Pinscher nain, un chien de petite taille au fort caract\u00e8re<\/p>\n\n\n\n<p>Le Pinscher Nain, \u00e9galement appel\u00e9 \u00ab\u00a0Mini Pinscher\u00a0\u00bb, est une petite race de chien pleine d&rsquo;\u00e9nergie, de courage et de personnalit\u00e9. Bien que sa taille compacte puisse tromper, il est connu pour son temp\u00e9rament audacieux et son instinct protecteur. Ce chien vif et intelligent est un excellent compagnon, toujours alerte et pr\u00eat \u00e0 d\u00e9fendre son territoire avec une grande d\u00e9termination.<\/p>\n\n\n\n<p>Malgr\u00e9 sa petite taille, le Pinscher Nain n&rsquo;a rien d&rsquo;un chien fragile. Il est dynamique, actif et aime les activit\u00e9s physiques, n\u00e9cessitant des exercices r\u00e9guliers pour canaliser son \u00e9nergie. Il est \u00e9galement tr\u00e8s loyal et attach\u00e9 \u00e0 ses ma\u00eetres, m\u00eame s&rsquo;il peut parfois se montrer ind\u00e9pendant et t\u00eatu. Ce chien a un besoin de socialisation pr\u00e9coce et d&rsquo;une \u00e9ducation ferme mais bienveillante pour \u00e9viter qu&rsquo;il ne devienne trop dominant ou m\u00e9fiant envers les \u00e9trangers.<\/p>\n\n\n\n<p>Le Pinscher Nain est \u00e9galement r\u00e9put\u00e9 pour sa bonne sant\u00e9, son pelage court qui n\u00e9cessite peu d&rsquo;entretien et sa facilit\u00e9 \u00e0 s&rsquo;adapter \u00e0 la vie en appartement. Malgr\u00e9 son caract\u00e8re parfois intr\u00e9pide, il est tr\u00e8s affectueux envers sa famille et peut \u00eatre un excellent compagnon pour des personnes actives ou des familles avec enfants.<\/p>\n<\/div>\n<\/div>\n\n\n\n<hr class=\"wp-block-separator has-alpha-channel-opacity\" \/>\n\n\n\n<p class=\"has-xx-large-font-size\">     Informations sur la race<\/p>\n\n\n\n<ul class=\"wp-block-list\">\n<li>Gabarit :&nbsp;Moyen<\/li>\n\n\n\n<li>Esperance de vie :&nbsp;De 12 \u00e0 15 ans<\/li>\n\n\n\n<li>Type de poils :&nbsp;Ras<\/li>\n\n\n\n<li>Couleur(s) de robe :&nbsp;Unicolore (rouge cerf, rouge-brun \u00e0 rouge-brun fonc\u00e9) ou bicolore (noire et feu)<\/li>\n\n\n\n<li>Taille M\u00e2le :&nbsp;De 45 \u00e0 50 cm<\/li>\n\n\n\n<li>Taille Femelle :&nbsp;De 45 \u00e0 50 cm<\/li>\n\n\n\n<li>Poids M\u00e2le :&nbsp;De 14 \u00e0 20 kg<\/li>\n\n\n\n<li>Poids Femelle :&nbsp;De 14 \u00e0 20 kg<\/li>\n\n\n\n<li>Perte de poils :&nbsp;La perte de poil est moyenne chez le Pinscher. Les deux vari\u00e9t\u00e9s de Pinscher (allemand et nain) ne connaissent pas de mue en raison de l\u2019absence de sous poil chez ces chiens. De ce fait, leur entretien est extr\u00eamement facile mais doit \u00eatre r\u00e9gulier. Pr\u00e9voyez un brossage hebdomadaire pour garder leur peau et leur poil en bonne sant\u00e9.<\/li>\n\n\n\n<li>Besoin d&rsquo;exercice :&nbsp;Malgr\u00e9 sa petite taille, le Pinscher est un chien qui d\u00e9borde d\u2019\u00e9nergie. Il a besoin d\u2019exercices importants et ne peut se contenter d\u2019activit\u00e9s sommaires. Il lui faut par exemple des balades quotidiennes et des jeux d\u2019endurance et d\u2019intelligence pour renforcer ses capacit\u00e9s physiques et intellectuelles.<\/li>\n\n\n\n<li>Co\u00fbt mensuel moyen :&nbsp;Environ 70\u20ac par mois<\/li>\n<\/ul>\n","protected":false},"excerpt":{"rendered":"<p>Petit par la taille mais grand par le caract\u00e8re, le Pinscher Nain est un chien audacieux et \u00e9nergique, toujours pr\u00eat \u00e0 prot\u00e9ger son territoire avec une loyaut\u00e9 sans faille. Le Pinscher nain, un chien de petite taille au fort caract\u00e8re Le Pinscher Nain, \u00e9galement appel\u00e9 \u00ab\u00a0Mini Pinscher\u00a0\u00bb, est une petite race de chien pleine d&rsquo;\u00e9nergie, [&hellip;]<\/p>\n","protected":false},"author":25,"featured_media":0,"parent":33,"menu_order":0,"comment_status":"closed","ping_status":"closed","template":"","meta":{"footnotes":""},"class_list":["post-42","page","type-page","status-publish","hentry"],"_links":{"self":[{"href":"https:\/\/eleves.escl.fr\/wp2\/monde\/wp-json\/wp\/v2\/pages\/42","targetHints":{"allow":["GET"]}}],"collection":[{"href":"https:\/\/eleves.escl.fr\/wp2\/monde\/wp-json\/wp\/v2\/pages"}],"about":[{"href":"https:\/\/eleves.escl.fr\/wp2\/monde\/wp-json\/wp\/v2\/types\/page"}],"author":[{"embeddable":true,"href":"https:\/\/eleves.escl.fr\/wp2\/monde\/wp-json\/wp\/v2\/users\/25"}],"replies":[{"embeddable":true,"href":"https:\/\/eleves.escl.fr\/wp2\/monde\/wp-json\/wp\/v2\/comments?post=42"}],"version-history":[{"count":3,"href":"https:\/\/eleves.escl.fr\/wp2\/monde\/wp-json\/wp\/v2\/pages\/42\/revisions"}],"predecessor-version":[{"id":321,"href":"https:\/\/eleves.escl.fr\/wp2\/monde\/wp-json\/wp\/v2\/pages\/42\/revisions\/321"}],"up":[{"embeddable":true,"href":"https:\/\/eleves.escl.fr\/wp2\/monde\/wp-json\/wp\/v2\/pages\/33"}],"wp:attachment":[{"href":"https:\/\/eleves.escl.fr\/wp2\/monde\/wp-json\/wp\/v2\/media?parent=42"}],"curies":[{"name":"wp","href":"https:\/\/api.w.org\/{rel}","templated":true}]}}