{"id":45,"date":"2025-01-14T14:33:40","date_gmt":"2025-01-14T13:33:40","guid":{"rendered":"https:\/\/eleves.escl.fr\/wp2\/monde\/?page_id=45"},"modified":"2025-04-08T14:11:29","modified_gmt":"2025-04-08T12:11:29","slug":"le-bulldog-continental","status":"publish","type":"page","link":"https:\/\/eleves.escl.fr\/wp2\/monde\/molosses\/le-bulldog-continental\/","title":{"rendered":"Le Bulldog Continental"},"content":{"rendered":"\n<p><strong>Le Bulldog Continental, avec son air noble et son temp\u00e9rament calme, allie \u00e9l\u00e9gance et douceur, faisant de lui un compagnon id\u00e9al pour ceux qui recherchent \u00e0 la fois dignit\u00e9 et affection.<\/strong><\/p>\n\n\n\n<figure class=\"wp-block-image alignright size-full is-resized\"><img loading=\"lazy\" decoding=\"async\" width=\"902\" height=\"628\" src=\"https:\/\/eleves.escl.fr\/wp2\/monde\/wp-content\/uploads\/sites\/8\/2025\/03\/le-bouldogb-continetal-eleveurs-Online.com_.png\" alt=\"\" class=\"wp-image-282\" style=\"width:369px;height:auto\" srcset=\"https:\/\/eleves.escl.fr\/wp2\/monde\/wp-content\/uploads\/sites\/8\/2025\/03\/le-bouldogb-continetal-eleveurs-Online.com_.png 902w, https:\/\/eleves.escl.fr\/wp2\/monde\/wp-content\/uploads\/sites\/8\/2025\/03\/le-bouldogb-continetal-eleveurs-Online.com_-300x209.png 300w, https:\/\/eleves.escl.fr\/wp2\/monde\/wp-content\/uploads\/sites\/8\/2025\/03\/le-bouldogb-continetal-eleveurs-Online.com_-768x535.png 768w\" sizes=\"auto, (max-width: 902px) 100vw, 902px\" \/><\/figure>\n\n\n\n<div class=\"wp-block-columns alignfull is-layout-flex wp-container-core-columns-is-layout-28f84493 wp-block-columns-is-layout-flex\">\n<div class=\"wp-block-column is-layout-flow wp-block-column-is-layout-flow\">\n<p class=\"has-xx-large-font-size\" style=\"text-decoration:underline\">Le Bulldog Continental, un chien autonome encore peu r\u00e9pandu<\/p>\n\n\n\n<p>Le Bulldog Continental, \u00e9galement connu sous le nom de Bulldog Anglais Continental, est une race de chien robuste et distingu\u00e9e, appr\u00e9ci\u00e9e pour sa stature imposante et son temp\u00e9rament calme. Ce chien, au visage marqu\u00e9 par des rides profondes et une expression \u00e0 la fois s\u00e9rieuse et affectueuse, poss\u00e8de un corps compact et muscl\u00e9. Bien qu\u2019il ait l\u2019apparence d\u2019un chien de garde, il est en r\u00e9alit\u00e9 connu pour sa nature douce et tranquille, ce qui en fait un excellent compagnon familial.<\/p>\n\n\n\n<p>Le Bulldog Continental est fid\u00e8le, loyal et extr\u00eamement attach\u00e9 \u00e0 ses ma\u00eetres. Il s&rsquo;entend g\u00e9n\u00e9ralement bien avec les enfants et peut cohabiter sans probl\u00e8me avec d&rsquo;autres animaux, notamment lorsqu&rsquo;il est bien socialis\u00e9. Ce chien n&rsquo;est pas particuli\u00e8rement \u00e9nergique, mais il a besoin de promenades r\u00e9guli\u00e8res pour rester en bonne sant\u00e9. Sa courte fourrure ne demande que peu d&rsquo;entretien, mais ses rides doivent \u00eatre nettoy\u00e9es r\u00e9guli\u00e8rement pour \u00e9viter les infections. En raison de son temp\u00e9rament placide et de son caract\u00e8re affectueux, le Bulldog Continental est un choix id\u00e9al pour les personnes \u00e0 la recherche d&rsquo;un chien calme et sociable, capable de s&rsquo;adapter \u00e0 la vie en famille.<\/p>\n<\/div>\n<\/div>\n\n\n\n<hr class=\"wp-block-separator has-alpha-channel-opacity\" \/>\n\n\n\n<p class=\"has-xx-large-font-size\">     Informations sur la race<\/p>\n\n\n\n<ul class=\"wp-block-list\">\n<li>Gabarit :&nbsp;Moyen<\/li>\n\n\n\n<li>Esperance de vie :&nbsp;De 12 \u00e0 14 ans<\/li>\n\n\n\n<li>Type de poils :&nbsp;Court, serr\u00e9 et fin<\/li>\n\n\n\n<li>Couleur(s) de robe :&nbsp;Toutes les couleurs tant que la truffe est noire<\/li>\n\n\n\n<li>Taille M\u00e2le :&nbsp;De 42 \u00e0 50 cm<\/li>\n\n\n\n<li>Taille Femelle :&nbsp;De 40 \u00e0 48 cm<\/li>\n\n\n\n<li>Poids M\u00e2le :&nbsp;30 Kg<\/li>\n\n\n\n<li>Poids Femelle :&nbsp;25 Kg<\/li>\n\n\n\n<li>Perte de poils :&nbsp;La perte de poil est tr\u00e8s faible chez le Bulldog Continental m\u00eame en p\u00e9riode de mue. De ce fait, il ne demande que peu d\u2019entretien. Il lui faut g\u00e9n\u00e9ralement un brossage hebdomadaire pour garder ses poils brillants.<\/li>\n\n\n\n<li>Besoin d&rsquo;exercice :&nbsp;Le Bulldog Continental est un chien actif, athl\u00e9tique et endurant. Il a besoin d\u2019exercices physiques et intellectuelles pour se d\u00e9penser convenablement. Ce besoin peut \u00eatre satisfait avec des balades quotidiennes, des randonn\u00e9es ou encore avec des jeux comme le pistage et le canicross.<\/li>\n\n\n\n<li>Co\u00fbt mensuel moyen :&nbsp;Environ 100 \u20ac par mois.<\/li>\n<\/ul>\n","protected":false},"excerpt":{"rendered":"<p>Le Bulldog Continental, avec son air noble et son temp\u00e9rament calme, allie \u00e9l\u00e9gance et douceur, faisant de lui un compagnon id\u00e9al pour ceux qui recherchent \u00e0 la fois dignit\u00e9 et affection. Le Bulldog Continental, un chien autonome encore peu r\u00e9pandu Le Bulldog Continental, \u00e9galement connu sous le nom de Bulldog Anglais Continental, est une race [&hellip;]<\/p>\n","protected":false},"author":25,"featured_media":0,"parent":33,"menu_order":0,"comment_status":"closed","ping_status":"closed","template":"","meta":{"footnotes":""},"class_list":["post-45","page","type-page","status-publish","hentry"],"_links":{"self":[{"href":"https:\/\/eleves.escl.fr\/wp2\/monde\/wp-json\/wp\/v2\/pages\/45","targetHints":{"allow":["GET"]}}],"collection":[{"href":"https:\/\/eleves.escl.fr\/wp2\/monde\/wp-json\/wp\/v2\/pages"}],"about":[{"href":"https:\/\/eleves.escl.fr\/wp2\/monde\/wp-json\/wp\/v2\/types\/page"}],"author":[{"embeddable":true,"href":"https:\/\/eleves.escl.fr\/wp2\/monde\/wp-json\/wp\/v2\/users\/25"}],"replies":[{"embeddable":true,"href":"https:\/\/eleves.escl.fr\/wp2\/monde\/wp-json\/wp\/v2\/comments?post=45"}],"version-history":[{"count":3,"href":"https:\/\/eleves.escl.fr\/wp2\/monde\/wp-json\/wp\/v2\/pages\/45\/revisions"}],"predecessor-version":[{"id":320,"href":"https:\/\/eleves.escl.fr\/wp2\/monde\/wp-json\/wp\/v2\/pages\/45\/revisions\/320"}],"up":[{"embeddable":true,"href":"https:\/\/eleves.escl.fr\/wp2\/monde\/wp-json\/wp\/v2\/pages\/33"}],"wp:attachment":[{"href":"https:\/\/eleves.escl.fr\/wp2\/monde\/wp-json\/wp\/v2\/media?parent=45"}],"curies":[{"name":"wp","href":"https:\/\/api.w.org\/{rel}","templated":true}]}}