{"id":48,"date":"2025-01-14T14:34:12","date_gmt":"2025-01-14T13:34:12","guid":{"rendered":"https:\/\/eleves.escl.fr\/wp2\/monde\/?page_id=48"},"modified":"2025-04-08T14:10:35","modified_gmt":"2025-04-08T12:10:35","slug":"le-boston-terrier","status":"publish","type":"page","link":"https:\/\/eleves.escl.fr\/wp2\/monde\/molosses\/le-boston-terrier\/","title":{"rendered":"Le Boston terrier"},"content":{"rendered":"\n<p><strong>Petit par la taille mais grand par le caract\u00e8re, le Boston Terrier est un compagnon plein d&rsquo;\u00e9nergie, de joie de vivre et d&rsquo;affection, toujours pr\u00eat \u00e0 apporter un sourire \u00e0 son entourage.<\/strong><\/p>\n\n\n\n<figure class=\"wp-block-image alignright size-full is-resized\"><img loading=\"lazy\" decoding=\"async\" width=\"816\" height=\"840\" src=\"https:\/\/eleves.escl.fr\/wp2\/monde\/wp-content\/uploads\/sites\/8\/2025\/03\/le-boston-terrier-chien.com-.png\" alt=\"\" class=\"wp-image-279\" style=\"width:363px;height:auto\" srcset=\"https:\/\/eleves.escl.fr\/wp2\/monde\/wp-content\/uploads\/sites\/8\/2025\/03\/le-boston-terrier-chien.com-.png 816w, https:\/\/eleves.escl.fr\/wp2\/monde\/wp-content\/uploads\/sites\/8\/2025\/03\/le-boston-terrier-chien.com--291x300.png 291w, https:\/\/eleves.escl.fr\/wp2\/monde\/wp-content\/uploads\/sites\/8\/2025\/03\/le-boston-terrier-chien.com--768x791.png 768w\" sizes=\"auto, (max-width: 816px) 100vw, 816px\" \/><\/figure>\n\n\n\n<div class=\"wp-block-columns alignfull is-layout-flex wp-container-core-columns-is-layout-28f84493 wp-block-columns-is-layout-flex\">\n<div class=\"wp-block-column is-layout-flow wp-block-column-is-layout-flow\">\n<p class=\"has-xx-large-font-size\" style=\"text-decoration:underline\">Le Boston Terrier, un petit molosse joyeux<\/p>\n\n\n\n<p>Le Boston Terrier est une race de chien compacte et dynamique, connue pour son caract\u00e8re vif et son apparence distingu\u00e9e, avec son masque noir distinctif sur le visage. Surnomm\u00e9 \u00ab\u00a0le gentleman am\u00e9ricain\u00a0\u00bb, il est appr\u00e9ci\u00e9 pour sa personnalit\u00e9 joyeuse, son intelligence et sa nature affectueuse. Ce petit chien a un temp\u00e9rament amical, sociable et s&rsquo;entend bien avec les enfants, les autres animaux et les adultes. Malgr\u00e9 sa petite taille, il est \u00e9nergique et aime les moments de jeu et d&rsquo;exercice, mais il est \u00e9galement content de se d\u00e9tendre \u00e0 l&rsquo;int\u00e9rieur avec ses propri\u00e9taires.<\/p>\n\n\n\n<p>Le Boston Terrier est un chien facile \u00e0 \u00e9duquer gr\u00e2ce \u00e0 sa rapidit\u00e9 d&rsquo;apprentissage, bien qu&rsquo;il puisse parfois \u00eatre un peu t\u00eatu. Sa courte fourrure n\u00e9cessite peu d&rsquo;entretien, et il s&rsquo;adapte bien \u00e0 la vie en appartement ou en ville, \u00e9tant un chien qui n&rsquo;a pas besoin de beaucoup d&rsquo;espace. C&rsquo;est un excellent compagnon de famille, toujours pr\u00eat \u00e0 partager des moments de tendresse et \u00e0 \u00e9gayer l&rsquo;atmosph\u00e8re avec son caract\u00e8re enjou\u00e9. En d\u00e9pit de son apparence \u00e9l\u00e9gante, le Boston Terrier ne manque pas de charme et d&rsquo;humour.<\/p>\n<\/div>\n<\/div>\n\n\n\n<hr class=\"wp-block-separator has-alpha-channel-opacity\" \/>\n\n\n\n<p class=\"has-xx-large-font-size\">     Informations sur la race<\/p>\n\n\n\n<ul class=\"wp-block-list\">\n<li>Gabarit :&nbsp;Petit<\/li>\n\n\n\n<li>Esperance de vie :&nbsp;De 13 \u00e0 15 ans<\/li>\n\n\n\n<li>Type de poils :&nbsp;Ras<\/li>\n\n\n\n<li>Couleur(s) de robe :&nbsp;Noir, noir et blanc ou bring\u00e9 et blanc<\/li>\n\n\n\n<li>Taille M\u00e2le :&nbsp;De 25 \u00e0 40 cm<\/li>\n\n\n\n<li>Taille Femelle :&nbsp;De 25 \u00e0 40 cm<\/li>\n\n\n\n<li>Poids M\u00e2le :&nbsp;De 6,80 \u00e0 11,35 kg<\/li>\n\n\n\n<li>Poids Femelle :&nbsp;De 6,80 \u00e0 11,35 kg<\/li>\n\n\n\n<li>Perte de poils :&nbsp;Le Boston Terrier a un poil ras, ce qui lui \u00e9vite une trop grande perte de poil en p\u00e9riode de mue. Son entretien n\u2019est ni p\u00e9nible ni contraignant puisqu\u2019un brossage par semaine avec un gant ou une brosse suffit pour rendre son poil lisse et brillant.<\/li>\n\n\n\n<li>Besoin d&rsquo;exercice :&nbsp;Le Boston Terrier est un chien vif et dynamique qui a besoin d\u2019exercices quotidiens pour s\u2019\u00e9panouir. C&rsquo;est un chien polyvalent qui peut pratiquer diff\u00e9rentes activit\u00e9s comme faire des balades, jouer au ballon, au lancer de balle, au frisbee, etc.<\/li>\n\n\n\n<li>Co\u00fbt mensuel moyen :&nbsp;Environ 60\u20ac par mois<\/li>\n<\/ul>\n","protected":false},"excerpt":{"rendered":"<p>Petit par la taille mais grand par le caract\u00e8re, le Boston Terrier est un compagnon plein d&rsquo;\u00e9nergie, de joie de vivre et d&rsquo;affection, toujours pr\u00eat \u00e0 apporter un sourire \u00e0 son entourage. Le Boston Terrier, un petit molosse joyeux Le Boston Terrier est une race de chien compacte et dynamique, connue pour son caract\u00e8re vif [&hellip;]<\/p>\n","protected":false},"author":25,"featured_media":0,"parent":33,"menu_order":0,"comment_status":"closed","ping_status":"closed","template":"","meta":{"footnotes":""},"class_list":["post-48","page","type-page","status-publish","hentry"],"_links":{"self":[{"href":"https:\/\/eleves.escl.fr\/wp2\/monde\/wp-json\/wp\/v2\/pages\/48","targetHints":{"allow":["GET"]}}],"collection":[{"href":"https:\/\/eleves.escl.fr\/wp2\/monde\/wp-json\/wp\/v2\/pages"}],"about":[{"href":"https:\/\/eleves.escl.fr\/wp2\/monde\/wp-json\/wp\/v2\/types\/page"}],"author":[{"embeddable":true,"href":"https:\/\/eleves.escl.fr\/wp2\/monde\/wp-json\/wp\/v2\/users\/25"}],"replies":[{"embeddable":true,"href":"https:\/\/eleves.escl.fr\/wp2\/monde\/wp-json\/wp\/v2\/comments?post=48"}],"version-history":[{"count":3,"href":"https:\/\/eleves.escl.fr\/wp2\/monde\/wp-json\/wp\/v2\/pages\/48\/revisions"}],"predecessor-version":[{"id":319,"href":"https:\/\/eleves.escl.fr\/wp2\/monde\/wp-json\/wp\/v2\/pages\/48\/revisions\/319"}],"up":[{"embeddable":true,"href":"https:\/\/eleves.escl.fr\/wp2\/monde\/wp-json\/wp\/v2\/pages\/33"}],"wp:attachment":[{"href":"https:\/\/eleves.escl.fr\/wp2\/monde\/wp-json\/wp\/v2\/media?parent=48"}],"curies":[{"name":"wp","href":"https:\/\/api.w.org\/{rel}","templated":true}]}}