{"id":57,"date":"2025-01-14T14:35:32","date_gmt":"2025-01-14T13:35:32","guid":{"rendered":"https:\/\/eleves.escl.fr\/wp2\/monde\/?page_id=57"},"modified":"2025-04-08T13:57:57","modified_gmt":"2025-04-08T11:57:57","slug":"le-yorkshire","status":"publish","type":"page","link":"https:\/\/eleves.escl.fr\/wp2\/monde\/terrier\/le-yorkshire\/","title":{"rendered":"Le Yorkshire"},"content":{"rendered":"\n<p><strong>Le Yorkshire Terrier, petit chien au grand c\u0153ur, s\u00e9duit par son \u00e9nergie d\u00e9bordante, son intelligence vive et son caract\u00e8re tout en douceur, faisant de lui un compagnon id\u00e9al pour les familles et les citadins.<\/strong><\/p>\n\n\n\n<figure class=\"wp-block-image alignright size-full is-resized\"><img loading=\"lazy\" decoding=\"async\" width=\"715\" height=\"933\" src=\"https:\/\/eleves.escl.fr\/wp2\/monde\/wp-content\/uploads\/sites\/8\/2025\/04\/le-yorkshire-gamm-vert.png\" alt=\"\" class=\"wp-image-305\" style=\"width:312px;height:auto\" srcset=\"https:\/\/eleves.escl.fr\/wp2\/monde\/wp-content\/uploads\/sites\/8\/2025\/04\/le-yorkshire-gamm-vert.png 715w, https:\/\/eleves.escl.fr\/wp2\/monde\/wp-content\/uploads\/sites\/8\/2025\/04\/le-yorkshire-gamm-vert-230x300.png 230w\" sizes=\"auto, (max-width: 715px) 100vw, 715px\" \/><\/figure>\n\n\n\n<div class=\"wp-block-columns alignfull is-layout-flex wp-container-core-columns-is-layout-28f84493 wp-block-columns-is-layout-flex\">\n<div class=\"wp-block-column is-layout-flow wp-block-column-is-layout-flow\">\n<p class=\"has-xx-large-font-size\" style=\"text-decoration:underline\">Le Yorkshire terrier, un chien de petite taille avec un caract\u00e8re de grand<\/p>\n\n\n\n<p>Le Yorkshire Terrier, souvent surnomm\u00e9 \u00ab\u00a0Yorkie\u00a0\u00bb, est une petite race de chien d&rsquo;origine britannique, c\u00e9l\u00e8bre pour son pelage long et soyeux ainsi que pour son temp\u00e9rament dynamique et audacieux. Bien que petit de taille, le Yorkshire Terrier est un chien plein de caract\u00e8re, souvent d\u00e9crit comme ayant une personnalit\u00e9 de \u00ab\u00a0grand chien dans un petit corps\u00a0\u00bb. Tr\u00e8s intelligent, il est rapide \u00e0 apprendre, mais peut parfois \u00eatre un peu t\u00eatu, ce qui n\u00e9cessite une \u00e9ducation douce mais ferme.<\/p>\n\n\n\n<p>Le Yorkie est extr\u00eamement attach\u00e9 \u00e0 ses propri\u00e9taires et forme des liens tr\u00e8s forts avec sa famille. Il est particuli\u00e8rement appr\u00e9ci\u00e9 pour son c\u00f4t\u00e9 affectueux, cherchant constamment la compagnie et l\u2019attention de ses ma\u00eetres. Bien qu\u2019il soit \u00e9nergique et aime les jeux, il est \u00e9galement content de se d\u00e9tendre sur ses genoux et de se faire c\u00e2liner. En raison de sa petite taille, il est particuli\u00e8rement adapt\u00e9 aux environnements urbains et \u00e0 la vie en appartement, mais il a tout de m\u00eame besoin de promenades r\u00e9guli\u00e8res pour d\u00e9penser son \u00e9nergie.<\/p>\n\n\n\n<p>Il est g\u00e9n\u00e9ralement sociable avec les autres animaux et les enfants, bien qu&rsquo;il puisse se montrer protecteur et parfois possessif envers ses proches. Le Yorkshire Terrier est aussi un excellent chien de garde, malgr\u00e9 sa taille, gr\u00e2ce \u00e0 son instinct de protection et son aboiement souvent bruyant.<\/p>\n\n\n\n<p>En r\u00e9sum\u00e9, le Yorkshire Terrier est un chien vif, intelligent et affectueux, qui, bien qu&rsquo;il soit petit, poss\u00e8de un grand c\u0153ur et est capable de s\u2019adapter \u00e0 diff\u00e9rents styles de vie, faisant de lui un compagnon id\u00e9al pour ceux qui recherchent un chien \u00e9nergique et fid\u00e8le.<\/p>\n<\/div>\n<\/div>\n\n\n\n<hr class=\"wp-block-separator has-alpha-channel-opacity\" \/>\n\n\n\n<p class=\"has-xx-large-font-size\">      Informations sur la race<\/p>\n\n\n\n<ul class=\"wp-block-list\">\n<li>Gabarit :\u00a0Petit<\/li>\n\n\n\n<li>Esperance de vie :\u00a0De 10 \u00e0 15 ans<\/li>\n\n\n\n<li>Type de poils :\u00a0Long<\/li>\n\n\n\n<li>Couleur(s) de robe :\u00a0Bleu acier fonc\u00e9 et fauve<\/li>\n\n\n\n<li>Taille M\u00e2le :\u00a0De 15 \u00e0 25 cm<\/li>\n\n\n\n<li>Taille Femelle :\u00a0De 15 \u00e0 25 cm<\/li>\n\n\n\n<li>Poids M\u00e2le :\u00a0De 2 \u00e0 3,2 kg<\/li>\n\n\n\n<li>Poids Femelle :\u00a0De 2 \u00e0 3,2 kg<\/li>\n\n\n\n<li>Perte de poils :\u00a0Le Yorkshire Terrier perd tr\u00e8s peu de poil. Il fait d\u2019ailleurs partie des rares races de chien qui ne muent pas. Toutefois, un brossage hebdomadaire, voire quotidien, s\u2019av\u00e8re n\u00e9cessaire si vous souhaitez garder ses poils propres et soyeux.<\/li>\n\n\n\n<li>Besoin d&rsquo;exercice :\u00a0Contrairement aux apparences, le Yorkshire Terrier est un chien plein d\u2019\u00e9nergie. Il a besoin de se d\u00e9penser r\u00e9guli\u00e8rement tant sur le plan physique que mental pour rester stable. Ce besoin peut \u00eatre satisfait avec des sorties quotidiennes riches en d\u00e9couvertes et des parties de jeu.<\/li>\n\n\n\n<li>Co\u00fbt mensuel moyen :\u00a0Environ 60 \u20ac par mois<\/li>\n<\/ul>\n","protected":false},"excerpt":{"rendered":"<p>Le Yorkshire Terrier, petit chien au grand c\u0153ur, s\u00e9duit par son \u00e9nergie d\u00e9bordante, son intelligence vive et son caract\u00e8re tout en douceur, faisant de lui un compagnon id\u00e9al pour les familles et les citadins. Le Yorkshire terrier, un chien de petite taille avec un caract\u00e8re de grand Le Yorkshire Terrier, souvent surnomm\u00e9 \u00ab\u00a0Yorkie\u00a0\u00bb, est une [&hellip;]<\/p>\n","protected":false},"author":25,"featured_media":0,"parent":51,"menu_order":0,"comment_status":"closed","ping_status":"closed","template":"","meta":{"footnotes":""},"class_list":["post-57","page","type-page","status-publish","hentry"],"_links":{"self":[{"href":"https:\/\/eleves.escl.fr\/wp2\/monde\/wp-json\/wp\/v2\/pages\/57","targetHints":{"allow":["GET"]}}],"collection":[{"href":"https:\/\/eleves.escl.fr\/wp2\/monde\/wp-json\/wp\/v2\/pages"}],"about":[{"href":"https:\/\/eleves.escl.fr\/wp2\/monde\/wp-json\/wp\/v2\/types\/page"}],"author":[{"embeddable":true,"href":"https:\/\/eleves.escl.fr\/wp2\/monde\/wp-json\/wp\/v2\/users\/25"}],"replies":[{"embeddable":true,"href":"https:\/\/eleves.escl.fr\/wp2\/monde\/wp-json\/wp\/v2\/comments?post=57"}],"version-history":[{"count":4,"href":"https:\/\/eleves.escl.fr\/wp2\/monde\/wp-json\/wp\/v2\/pages\/57\/revisions"}],"predecessor-version":[{"id":307,"href":"https:\/\/eleves.escl.fr\/wp2\/monde\/wp-json\/wp\/v2\/pages\/57\/revisions\/307"}],"up":[{"embeddable":true,"href":"https:\/\/eleves.escl.fr\/wp2\/monde\/wp-json\/wp\/v2\/pages\/51"}],"wp:attachment":[{"href":"https:\/\/eleves.escl.fr\/wp2\/monde\/wp-json\/wp\/v2\/media?parent=57"}],"curies":[{"name":"wp","href":"https:\/\/api.w.org\/{rel}","templated":true}]}}