{"id":60,"date":"2025-01-14T14:36:16","date_gmt":"2025-01-14T13:36:16","guid":{"rendered":"https:\/\/eleves.escl.fr\/wp2\/monde\/?page_id=60"},"modified":"2025-04-08T13:58:38","modified_gmt":"2025-04-08T11:58:38","slug":"le-staffie","status":"publish","type":"page","link":"https:\/\/eleves.escl.fr\/wp2\/monde\/terrier\/le-staffie\/","title":{"rendered":"Le Staffie"},"content":{"rendered":"\n<p><strong>Le staffie, un compagnon loyal et \u00e9nergique, allie douceur et dynamisme, pr\u00eat \u00e0 conqu\u00e9rir le c\u0153ur de tous ceux qui croiseront son regard.<\/strong><\/p>\n\n\n\n<figure class=\"wp-block-image alignright size-full is-resized\"><img loading=\"lazy\" decoding=\"async\" width=\"535\" height=\"887\" src=\"https:\/\/eleves.escl.fr\/wp2\/monde\/wp-content\/uploads\/sites\/8\/2025\/04\/le-staffie-santevet.png\" alt=\"\" class=\"wp-image-301\" style=\"width:260px;height:auto\" srcset=\"https:\/\/eleves.escl.fr\/wp2\/monde\/wp-content\/uploads\/sites\/8\/2025\/04\/le-staffie-santevet.png 535w, https:\/\/eleves.escl.fr\/wp2\/monde\/wp-content\/uploads\/sites\/8\/2025\/04\/le-staffie-santevet-181x300.png 181w\" sizes=\"auto, (max-width: 535px) 100vw, 535px\" \/><\/figure>\n\n\n\n<div class=\"wp-block-columns alignfull is-layout-flex wp-container-core-columns-is-layout-28f84493 wp-block-columns-is-layout-flex\">\n<div class=\"wp-block-column is-layout-flow wp-block-column-is-layout-flow\">\n<p class=\"has-xx-large-font-size\" style=\"text-decoration:underline\">Le Staffie, une boule d\u2019amour victime d\u2019id\u00e9es re\u00e7ues<\/p>\n\n\n\n<p>Le Staffordshire Bull Terrier, surnomm\u00e9 \u00ab\u00a0staffie\u00a0\u00bb, est une race de chien d&rsquo;origine britannique, reconnue pour sa puissance, son caract\u00e8re audacieux et sa loyaut\u00e9 sans faille. Initialement \u00e9lev\u00e9 pour les combats, le staffie a su \u00e9voluer pour devenir un excellent chien de compagnie, appr\u00e9ci\u00e9 pour son temp\u00e9rament \u00e9quilibr\u00e9 et sa nature affectueuse. Avec un corps compact, muscl\u00e9 et robuste, il pr\u00e9sente une allure athl\u00e9tique et une grande \u00e9nergie. Son apparence peut parfois lui donner un air intimidant, mais il est en r\u00e9alit\u00e9 un chien extr\u00eamement doux et tendre avec ses proches.<\/p>\n\n\n\n<p>Le staffie est connu pour son amour inconditionnel pour sa famille, en particulier pour les enfants, avec lesquels il est g\u00e9n\u00e9ralement tr\u00e8s patient et protecteur. Il est souvent d\u00e9crit comme un \u00ab\u00a0c\u00e2lin g\u00e9ant\u00a0\u00bb en raison de sa tendance \u00e0 chercher constamment l&rsquo;affection de ses ma\u00eetres. Bien qu\u2019il soit \u00e9nergique et parfois un peu t\u00eatu, il est aussi tr\u00e8s intelligent et r\u00e9actif, ce qui facilite son \u00e9ducation, \u00e0 condition qu\u2019elle soit ferme, coh\u00e9rente et positive. Il a besoin de stimulation mentale et physique pour \u00e9viter l\u2019ennui, et les promenades r\u00e9guli\u00e8res ainsi que des jeux interactifs sont essentiels pour son bien-\u00eatre.<\/p>\n\n\n\n<p>Le staffie peut \u00eatre un excellent chien de garde gr\u00e2ce \u00e0 son instinct protecteur, mais il n\u2019est pas agressif par nature. Avec une bonne socialisation d\u00e8s son plus jeune \u00e2ge, il s\u2019entend g\u00e9n\u00e9ralement bien avec d\u2019autres animaux et personnes. Cependant, en raison de son pass\u00e9 de chien de combat, il peut avoir des tendances dominantes envers certains chiens, surtout de m\u00eame sexe, ce qui n\u00e9cessite une vigilance et une gestion appropri\u00e9e dans ses interactions sociales.<\/p>\n\n\n\n<p>En r\u00e9sum\u00e9, le Staffordshire Bull Terrier est un chien loyal, courageux et affectueux qui, avec une \u00e9ducation adapt\u00e9e et une gestion de son \u00e9nergie, peut devenir un compagnon id\u00e9al pour une famille active et aimante. Son temp\u00e9rament \u00e9quilibr\u00e9 et sa capacit\u00e9 \u00e0 cr\u00e9er des liens forts avec ses propri\u00e9taires en font un chien fid\u00e8le et attachant.<\/p>\n<\/div>\n<\/div>\n\n\n\n<hr class=\"wp-block-separator has-alpha-channel-opacity\" \/>\n\n\n\n<p class=\"has-xx-large-font-size\">     Informations sur la race<\/p>\n\n\n\n<ul class=\"wp-block-list\">\n<li>Gabarit :&nbsp;Moyen<\/li>\n\n\n\n<li>Esperance de vie :&nbsp;Environ 14 ans<\/li>\n\n\n\n<li>Type de poils :&nbsp;Court<\/li>\n\n\n\n<li>Couleur(s) de robe :&nbsp;Blanc, Bleu, Bring\u00e9 (couleurs \u00e0 rayures), Fauve, Noir, Rouge<\/li>\n\n\n\n<li>Taille M\u00e2le :&nbsp;35 \u00e0 40 cm<\/li>\n\n\n\n<li>Taille Femelle :&nbsp;33 \u00e0 38 cm<\/li>\n\n\n\n<li>Poids M\u00e2le :&nbsp;12 \u00e0 17 kg<\/li>\n\n\n\n<li>Poids Femelle :&nbsp;10 \u00e0 15 kg<\/li>\n\n\n\n<li>Perte de poils :&nbsp;La perte de poils du staffie est discr\u00e8te. Elle s\u2019intensifie en automne et au printemps et n\u00e9cessite un brossage quotidien.<\/li>\n\n\n\n<li>Besoin d&rsquo;exercice :&nbsp;Pour que l\u2019animal puisse se d\u00e9barrasser de son surplus d\u2019\u00e9nergie, il est important de lui offrir des promenades quotidiennes. En plus de le d\u00e9penser physiquement, il faut \u00e9galement penser \u00e0 le d\u00e9penser mentalement. Il est donc conseill\u00e9 de lui faire pratiquer des sports canin par exemple.<\/li>\n\n\n\n<li>Co\u00fbt mensuel moyen :&nbsp;Environ 30 \u20ac par mois<\/li>\n<\/ul>\n","protected":false},"excerpt":{"rendered":"<p>Le staffie, un compagnon loyal et \u00e9nergique, allie douceur et dynamisme, pr\u00eat \u00e0 conqu\u00e9rir le c\u0153ur de tous ceux qui croiseront son regard. Le Staffie, une boule d\u2019amour victime d\u2019id\u00e9es re\u00e7ues Le Staffordshire Bull Terrier, surnomm\u00e9 \u00ab\u00a0staffie\u00a0\u00bb, est une race de chien d&rsquo;origine britannique, reconnue pour sa puissance, son caract\u00e8re audacieux et sa loyaut\u00e9 sans [&hellip;]<\/p>\n","protected":false},"author":25,"featured_media":0,"parent":51,"menu_order":0,"comment_status":"closed","ping_status":"closed","template":"","meta":{"footnotes":""},"class_list":["post-60","page","type-page","status-publish","hentry"],"_links":{"self":[{"href":"https:\/\/eleves.escl.fr\/wp2\/monde\/wp-json\/wp\/v2\/pages\/60","targetHints":{"allow":["GET"]}}],"collection":[{"href":"https:\/\/eleves.escl.fr\/wp2\/monde\/wp-json\/wp\/v2\/pages"}],"about":[{"href":"https:\/\/eleves.escl.fr\/wp2\/monde\/wp-json\/wp\/v2\/types\/page"}],"author":[{"embeddable":true,"href":"https:\/\/eleves.escl.fr\/wp2\/monde\/wp-json\/wp\/v2\/users\/25"}],"replies":[{"embeddable":true,"href":"https:\/\/eleves.escl.fr\/wp2\/monde\/wp-json\/wp\/v2\/comments?post=60"}],"version-history":[{"count":3,"href":"https:\/\/eleves.escl.fr\/wp2\/monde\/wp-json\/wp\/v2\/pages\/60\/revisions"}],"predecessor-version":[{"id":308,"href":"https:\/\/eleves.escl.fr\/wp2\/monde\/wp-json\/wp\/v2\/pages\/60\/revisions\/308"}],"up":[{"embeddable":true,"href":"https:\/\/eleves.escl.fr\/wp2\/monde\/wp-json\/wp\/v2\/pages\/51"}],"wp:attachment":[{"href":"https:\/\/eleves.escl.fr\/wp2\/monde\/wp-json\/wp\/v2\/media?parent=60"}],"curies":[{"name":"wp","href":"https:\/\/api.w.org\/{rel}","templated":true}]}}