{"id":72,"date":"2025-01-14T14:38:08","date_gmt":"2025-01-14T13:38:08","guid":{"rendered":"https:\/\/eleves.escl.fr\/wp2\/monde\/?page_id=72"},"modified":"2025-04-08T14:13:33","modified_gmt":"2025-04-08T12:13:33","slug":"le-teckels","status":"publish","type":"page","link":"https:\/\/eleves.escl.fr\/wp2\/monde\/teckels\/le-teckels\/","title":{"rendered":"Le Teckels"},"content":{"rendered":"\n<p><strong>Le teckel, ce petit chien au caract\u00e8re bien tremp\u00e9, vous fera fondre avec son regard malicieux et son courage disproportionn\u00e9 pour sa taille !<\/strong><\/p>\n\n\n\n<figure class=\"wp-block-image alignright size-full is-resized\"><img loading=\"lazy\" decoding=\"async\" width=\"847\" height=\"547\" src=\"https:\/\/eleves.escl.fr\/wp2\/monde\/wp-content\/uploads\/sites\/8\/2025\/03\/teckels-doctissimo.png\" alt=\"\" class=\"wp-image-288\" style=\"width:389px;height:auto\" srcset=\"https:\/\/eleves.escl.fr\/wp2\/monde\/wp-content\/uploads\/sites\/8\/2025\/03\/teckels-doctissimo.png 847w, https:\/\/eleves.escl.fr\/wp2\/monde\/wp-content\/uploads\/sites\/8\/2025\/03\/teckels-doctissimo-300x194.png 300w, https:\/\/eleves.escl.fr\/wp2\/monde\/wp-content\/uploads\/sites\/8\/2025\/03\/teckels-doctissimo-768x496.png 768w\" sizes=\"auto, (max-width: 847px) 100vw, 847px\" \/><\/figure>\n\n\n\n<div class=\"wp-block-columns alignfull is-layout-flex wp-container-core-columns-is-layout-28f84493 wp-block-columns-is-layout-flex\">\n<div class=\"wp-block-column is-layout-flow wp-block-column-is-layout-flow\">\n<p class=\"has-xx-large-font-size\" style=\"text-decoration:underline\">Le Teckel, un petit chien de chasse au caract\u00e8re affirm\u00e9<\/p>\n\n\n\n<p>Le teckel, ou dachshund, est une race de chien qui se distingue par son apparence unique, avec un corps long et des pattes courtes. Originaire d&rsquo;Allemagne, il a \u00e9t\u00e9 initialement \u00e9lev\u00e9 pour la chasse, en particulier pour d\u00e9terrer les blaireaux et d&rsquo;autres animaux fouisseurs gr\u00e2ce \u00e0 sa morphologie particuli\u00e8re. En effet, sa silhouette allong\u00e9e et sa petite taille lui permettaient de se faufiler dans les terriers et d&rsquo;y poursuivre sa proie. Sa forte personnalit\u00e9 et son temp\u00e9rament audacieux sont des traits caract\u00e9ristiques de cette race, qui se montre souvent intr\u00e9pide malgr\u00e9 sa petite taille.<\/p>\n\n\n\n<p>Le teckel existe en plusieurs vari\u00e9t\u00e9s de poils : lisse, long et dur. La couleur de son pelage peut varier, allant du noir et feu au chocolat, en passant par des teintes plus claires et des motifs marbr\u00e9s. Son apparence physique n\u2019est pas son seul atout : il poss\u00e8de \u00e9galement une grande intelligence et une \u00e9tonnante pers\u00e9v\u00e9rance. Le teckel est r\u00e9put\u00e9 pour son caract\u00e8re t\u00eatu, ce qui peut parfois rendre son \u00e9ducation difficile. Cependant, une fois bien \u00e9duqu\u00e9, il devient un compagnon fid\u00e8le, tr\u00e8s attach\u00e9 \u00e0 sa famille.<\/p>\n\n\n\n<p>Le teckel est un chien qui a un grand besoin d&rsquo;exercice, malgr\u00e9 sa petite taille. Il aime se promener, fouiller son environnement et jouer, mais il appr\u00e9cie \u00e9galement les moments de d\u00e9tente \u00e0 la maison avec ses ma\u00eetres. Il peut \u00eatre un peu r\u00e9serv\u00e9 envers les \u00e9trangers, mais il est g\u00e9n\u00e9ralement tr\u00e8s affectueux et protecteur envers ses proches. Son \u00e9nergie et son ind\u00e9pendance en font un chien de compagnie id\u00e9al pour les familles qui peuvent lui accorder suffisamment d&rsquo;attention et d&rsquo;activit\u00e9s physiques.<\/p>\n\n\n\n<p>En raison de sa morphologie particuli\u00e8re, le teckel doit b\u00e9n\u00e9ficier de soins particuliers, notamment pour ses vert\u00e8bres, car sa colonne vert\u00e9brale est plus fragile en raison de sa forme allong\u00e9e. Les propri\u00e9taires de teckels doivent donc veiller \u00e0 \u00e9viter les sauts et les mouvements brusques pour pr\u00e9server la sant\u00e9 de son dos.<\/p>\n\n\n\n<p>En r\u00e9sum\u00e9, le teckel est un chien qui allie caract\u00e8re, loyaut\u00e9 et \u00e9nergie. Malgr\u00e9 ses d\u00e9fis en mati\u00e8re d&rsquo;\u00e9ducation, il s&rsquo;av\u00e8re \u00eatre un compagnon agr\u00e9able et attachant pour les familles qui sauront r\u00e9pondre \u00e0 ses besoins physiques et mentaux.<\/p>\n<\/div>\n<\/div>\n\n\n\n<hr class=\"wp-block-separator has-alpha-channel-opacity\" \/>\n\n\n\n<p class=\"has-xx-large-font-size\">     Informations sur la race<\/p>\n\n\n\n<ul class=\"wp-block-list\">\n<li>Gabarit :&nbsp;Petit<\/li>\n\n\n\n<li>Esperance de vie :&nbsp;12 \u00e0 14 ans<\/li>\n\n\n\n<li>Type de poils :&nbsp;Court, Dur, Long<\/li>\n\n\n\n<li>Couleur(s) de robe :&nbsp;Fauve, Marron, Noir, Rouge<\/li>\n\n\n\n<li>Taille M\u00e2le :&nbsp;27 \u00e0 47 cm<\/li>\n\n\n\n<li>Taille Femelle :&nbsp;25 \u00e0 45 cm<\/li>\n\n\n\n<li>Poids M\u00e2le :&nbsp;3,5 \u00e0 9 kg<\/li>\n\n\n\n<li>Poids Femelle :&nbsp;3,5 \u00e0 9 kg<\/li>\n\n\n\n<li>Perte de poils :&nbsp;La perte de poils est annuelle et mod\u00e9r\u00e9e chez le teckel. Un brossage r\u00e9gulier est n\u00e9cessaire en p\u00e9riode de mue pour retirer efficacement les poils morts.<\/li>\n\n\n\n<li>Besoin d&rsquo;exercice :&nbsp;En tant que chien de chasse, le teckel a besoin d&rsquo;exercices physiques et mentaux quotidiens. Il peut se d\u00e9penser en pratiquant des sports canins et des jeux comme le pistage.<\/li>\n\n\n\n<li>Co\u00fbt mensuel moyen :&nbsp;Environ 40 \u20ac par mois<\/li>\n<\/ul>\n","protected":false},"excerpt":{"rendered":"<p>Le teckel, ce petit chien au caract\u00e8re bien tremp\u00e9, vous fera fondre avec son regard malicieux et son courage disproportionn\u00e9 pour sa taille ! Le Teckel, un petit chien de chasse au caract\u00e8re affirm\u00e9 Le teckel, ou dachshund, est une race de chien qui se distingue par son apparence unique, avec un corps long et [&hellip;]<\/p>\n","protected":false},"author":25,"featured_media":0,"parent":69,"menu_order":0,"comment_status":"closed","ping_status":"closed","template":"","meta":{"footnotes":""},"class_list":["post-72","page","type-page","status-publish","hentry"],"_links":{"self":[{"href":"https:\/\/eleves.escl.fr\/wp2\/monde\/wp-json\/wp\/v2\/pages\/72","targetHints":{"allow":["GET"]}}],"collection":[{"href":"https:\/\/eleves.escl.fr\/wp2\/monde\/wp-json\/wp\/v2\/pages"}],"about":[{"href":"https:\/\/eleves.escl.fr\/wp2\/monde\/wp-json\/wp\/v2\/types\/page"}],"author":[{"embeddable":true,"href":"https:\/\/eleves.escl.fr\/wp2\/monde\/wp-json\/wp\/v2\/users\/25"}],"replies":[{"embeddable":true,"href":"https:\/\/eleves.escl.fr\/wp2\/monde\/wp-json\/wp\/v2\/comments?post=72"}],"version-history":[{"count":3,"href":"https:\/\/eleves.escl.fr\/wp2\/monde\/wp-json\/wp\/v2\/pages\/72\/revisions"}],"predecessor-version":[{"id":322,"href":"https:\/\/eleves.escl.fr\/wp2\/monde\/wp-json\/wp\/v2\/pages\/72\/revisions\/322"}],"up":[{"embeddable":true,"href":"https:\/\/eleves.escl.fr\/wp2\/monde\/wp-json\/wp\/v2\/pages\/69"}],"wp:attachment":[{"href":"https:\/\/eleves.escl.fr\/wp2\/monde\/wp-json\/wp\/v2\/media?parent=72"}],"curies":[{"name":"wp","href":"https:\/\/api.w.org\/{rel}","templated":true}]}}