{"id":78,"date":"2025-01-14T14:41:12","date_gmt":"2025-01-14T13:41:12","guid":{"rendered":"https:\/\/eleves.escl.fr\/wp2\/monde\/?page_id=78"},"modified":"2025-04-08T14:05:14","modified_gmt":"2025-04-08T12:05:14","slug":"le-basenji","status":"publish","type":"page","link":"https:\/\/eleves.escl.fr\/wp2\/monde\/chien-primitifs\/le-basenji\/","title":{"rendered":"Le Basenji"},"content":{"rendered":"\n<p><strong>Le Basenji, petit chien \u00e9l\u00e9gant au caract\u00e8re unique, s\u00e9duit par son ind\u00e9pendance, son \u00e9nergie d\u00e9bordante et son incroyable silence, ne produisant aucun aboiement \u2013 un v\u00e9ritable myst\u00e8re canin !<\/strong><\/p>\n\n\n\n<figure class=\"wp-block-image alignright size-full is-resized\"><img loading=\"lazy\" decoding=\"async\" width=\"908\" height=\"918\" src=\"https:\/\/eleves.escl.fr\/wp2\/monde\/wp-content\/uploads\/sites\/8\/2025\/03\/le-basenji-purina.png\" alt=\"\" class=\"wp-image-257\" style=\"width:423px;height:auto\" \/><\/figure>\n\n\n\n<div class=\"wp-block-columns alignfull is-layout-flex wp-container-core-columns-is-layout-28f84493 wp-block-columns-is-layout-flex\">\n<div class=\"wp-block-column is-layout-flow wp-block-column-is-layout-flow\">\n<p class=\"has-xx-large-font-size\" style=\"text-decoration:underline\">Le Basenji&nbsp;: un petit chien vif et espi\u00e8gle<\/p>\n\n\n\n<p>Le Basenji est une race de chien originaire d&rsquo;Afrique, plus pr\u00e9cis\u00e9ment du Congo, o\u00f9 il a \u00e9t\u00e9 utilis\u00e9 pour la chasse. Reconnu pour son allure \u00e9l\u00e9gante et son temp\u00e9rament unique, le Basenji est un chien de taille petite \u00e0 moyenne, au corps muscl\u00e9 et \u00e0 la fourrure courte, lisse et brillante. Sa particularit\u00e9 la plus frappante est son incapacit\u00e9 \u00e0 aboyer, ce qui lui vaut souvent le surnom de \u00ab\u00a0chien sans aboiement\u00a0\u00bb. Cependant, il communique \u00e0 travers des sons distinctifs, comme des jappements ou des \u00ab\u00a0baroo\u00a0\u00bb \u2013 une sorte de cri semblable \u00e0 un hurlement.<\/p>\n\n\n\n<p>Le Basenji est un chien intelligent, mais \u00e9galement ind\u00e9pendant et parfois t\u00eatu. Cela peut rendre son \u00e9ducation plus complexe, car il a tendance \u00e0 suivre ses propres instincts plut\u00f4t que les instructions de son ma\u00eetre. Il est dynamique et a besoin de beaucoup d&rsquo;exercice pour satisfaire son \u00e9nergie. Sa nature de chasseur fait qu&rsquo;il peut \u00eatre tr\u00e8s curieux et poss\u00e8de un fort instinct de pr\u00e9dation, ce qui n\u00e9cessite une attention particuli\u00e8re lors des promenades.<\/p>\n\n\n\n<p>Ce chien est \u00e9galement connu pour \u00eatre propre, car il prend souvent soin de son pelage en se toilettant comme un chat. Il est affectueux avec sa famille, mais peut \u00eatre r\u00e9serv\u00e9 avec les \u00e9trangers. Bien qu&rsquo;il puisse \u00eatre un excellent compagnon, il convient mieux \u00e0 des propri\u00e9taires exp\u00e9riment\u00e9s, capables de lui offrir l&rsquo;attention et la discipline qu&rsquo;il demande.<\/p>\n\n\n\n<p>En r\u00e9sum\u00e9, le Basenji est un chien au caract\u00e8re fort et ind\u00e9pendant, plein d&rsquo;\u00e9nergie et de curiosit\u00e9, qui s\u00e9duit par son originalit\u00e9 et son silence presque total.<\/p>\n<\/div>\n<\/div>\n\n\n\n<hr class=\"wp-block-separator has-alpha-channel-opacity\" \/>\n\n\n\n<p class=\"has-xx-large-font-size\">Informations sur la race<\/p>\n\n\n\n<ul class=\"wp-block-list\">\n<li>Gabarit :&nbsp;Moyen<\/li>\n\n\n\n<li>Esperance de vie :&nbsp;De 12 ans \u00e0 14 ans<\/li>\n\n\n\n<li>Type de poils :&nbsp;Court luisant et serr\u00e9 tr\u00e8s fin<\/li>\n\n\n\n<li>Couleur(s) de robe :&nbsp;Bicolore (rouge et blanc, noir pur et blanc, noir et feu, fauve et blanc, blanc avec pastilles et marques feu) ou incolore noir ou bring\u00e9<\/li>\n\n\n\n<li>Taille M\u00e2le :&nbsp;De 42 cm \u00e0 43 cm<\/li>\n\n\n\n<li>Taille Femelle :&nbsp;De 30 cm \u00e0 40 cm<\/li>\n\n\n\n<li>Poids M\u00e2le :&nbsp;De 10 kg \u00e0 12 kg<\/li>\n\n\n\n<li>Poids Femelle :&nbsp;De 9 kg \u00e0 10 kg<\/li>\n\n\n\n<li>Perte de poils :&nbsp;Le Basenji perd tr\u00e8s peu de poils. C\u2019est aussi un chien qui demande tr\u00e8s peu d\u2019entretien en raison de sa grande propret\u00e9. Toutefois, un brossage hebdomadaire est recommand\u00e9 pour garder ses poils propres et soyeux. M\u00e9fiez-vous de ses poils qui peuvent \u00eatre l\u00e9g\u00e8rement piquants dans les v\u00eatements.<\/li>\n\n\n\n<li>Besoin d&rsquo;exercice :&nbsp;Le Basenji est un chien sportif qui a besoin d\u2019exercices r\u00e9guliers pour se d\u00e9penser. Il affectionne particuli\u00e8rement les balades quotidiennes riches en d\u00e9couvertes. Et il est \u00e0 l\u2019aise lors des s\u00e9ances de jeu comme l\u2019Agility.<\/li>\n\n\n\n<li>Co\u00fbt mensuel moyen :&nbsp;Environ 60\u20ac par mois<\/li>\n<\/ul>\n","protected":false},"excerpt":{"rendered":"<p>Le Basenji, petit chien \u00e9l\u00e9gant au caract\u00e8re unique, s\u00e9duit par son ind\u00e9pendance, son \u00e9nergie d\u00e9bordante et son incroyable silence, ne produisant aucun aboiement \u2013 un v\u00e9ritable myst\u00e8re canin ! Le Basenji&nbsp;: un petit chien vif et espi\u00e8gle Le Basenji est une race de chien originaire d&rsquo;Afrique, plus pr\u00e9cis\u00e9ment du Congo, o\u00f9 il a \u00e9t\u00e9 utilis\u00e9 [&hellip;]<\/p>\n","protected":false},"author":25,"featured_media":0,"parent":75,"menu_order":0,"comment_status":"closed","ping_status":"closed","template":"","meta":{"footnotes":""},"class_list":["post-78","page","type-page","status-publish","hentry"],"_links":{"self":[{"href":"https:\/\/eleves.escl.fr\/wp2\/monde\/wp-json\/wp\/v2\/pages\/78","targetHints":{"allow":["GET"]}}],"collection":[{"href":"https:\/\/eleves.escl.fr\/wp2\/monde\/wp-json\/wp\/v2\/pages"}],"about":[{"href":"https:\/\/eleves.escl.fr\/wp2\/monde\/wp-json\/wp\/v2\/types\/page"}],"author":[{"embeddable":true,"href":"https:\/\/eleves.escl.fr\/wp2\/monde\/wp-json\/wp\/v2\/users\/25"}],"replies":[{"embeddable":true,"href":"https:\/\/eleves.escl.fr\/wp2\/monde\/wp-json\/wp\/v2\/comments?post=78"}],"version-history":[{"count":3,"href":"https:\/\/eleves.escl.fr\/wp2\/monde\/wp-json\/wp\/v2\/pages\/78\/revisions"}],"predecessor-version":[{"id":312,"href":"https:\/\/eleves.escl.fr\/wp2\/monde\/wp-json\/wp\/v2\/pages\/78\/revisions\/312"}],"up":[{"embeddable":true,"href":"https:\/\/eleves.escl.fr\/wp2\/monde\/wp-json\/wp\/v2\/pages\/75"}],"wp:attachment":[{"href":"https:\/\/eleves.escl.fr\/wp2\/monde\/wp-json\/wp\/v2\/media?parent=78"}],"curies":[{"name":"wp","href":"https:\/\/api.w.org\/{rel}","templated":true}]}}