{"id":80,"date":"2025-01-14T14:42:23","date_gmt":"2025-01-14T13:42:23","guid":{"rendered":"https:\/\/eleves.escl.fr\/wp2\/monde\/?page_id=80"},"modified":"2025-04-08T14:06:40","modified_gmt":"2025-04-08T12:06:40","slug":"le-laika","status":"publish","type":"page","link":"https:\/\/eleves.escl.fr\/wp2\/monde\/chien-primitifs\/le-laika\/","title":{"rendered":"Le La\u00efka"},"content":{"rendered":"\n<p><strong>Laika, le courageux petit chien qui a conquis l\u2019espace, est devenue une l\u00e9gende, symbole de sacrifice et d\u2019espoir dans la course effr\u00e9n\u00e9e de l\u2019humanit\u00e9 vers les \u00e9toiles.<\/strong><\/p>\n\n\n\n<figure class=\"wp-block-image alignright size-full is-resized\"><img loading=\"lazy\" decoding=\"async\" width=\"891\" height=\"701\" src=\"https:\/\/eleves.escl.fr\/wp2\/monde\/wp-content\/uploads\/sites\/8\/2025\/03\/le-laika-freepik.png\" alt=\"\" class=\"wp-image-264\" style=\"width:328px;height:auto\" srcset=\"https:\/\/eleves.escl.fr\/wp2\/monde\/wp-content\/uploads\/sites\/8\/2025\/03\/le-laika-freepik.png 891w, https:\/\/eleves.escl.fr\/wp2\/monde\/wp-content\/uploads\/sites\/8\/2025\/03\/le-laika-freepik-300x236.png 300w, https:\/\/eleves.escl.fr\/wp2\/monde\/wp-content\/uploads\/sites\/8\/2025\/03\/le-laika-freepik-768x604.png 768w\" sizes=\"auto, (max-width: 891px) 100vw, 891px\" \/><\/figure>\n\n\n\n<div class=\"wp-block-columns alignfull is-layout-flex wp-container-core-columns-is-layout-28f84493 wp-block-columns-is-layout-flex\">\n<div class=\"wp-block-column is-layout-flow wp-block-column-is-layout-flow\">\n<p class=\"has-xx-large-font-size\" style=\"text-decoration:underline\">Le La\u00efka de Iakoutie, le chien venu du Grand Nord<\/p>\n\n\n\n<p>Laika \u00e9tait un chien sovi\u00e9tique devenu c\u00e9l\u00e8bre pour avoir \u00e9t\u00e9 le premier \u00eatre vivant \u00e0 orbiter autour de la Terre. En novembre 1957, elle a \u00e9t\u00e9 envoy\u00e9e \u00e0 bord du satellite Spoutnik 2, lanc\u00e9 par l&rsquo;Union sovi\u00e9tique, dans le cadre de la course spatiale de la guerre froide. Laika \u00e9tait un chien errant trouv\u00e9 dans les rues de Moscou et a \u00e9t\u00e9 choisie pour sa r\u00e9sistance et son temp\u00e9rament calme.<\/p>\n\n\n\n<p>Malheureusement, la mission \u00e9tait une mission \u00e0 haut risque, et Laika ne surv\u00e9cut pas \u00e0 son voyage. Elle mourut quelques heures apr\u00e8s le lancement en raison de la surchauffe et du stress. Bien que son sacrifice ait permis de recueillir des donn\u00e9es importantes sur les conditions en milieu spatial, son histoire a soulev\u00e9 de nombreuses questions \u00e9thiques concernant le traitement des animaux dans les missions spatiales.<\/p>\n\n\n\n<p>Laika est aujourd\u2019hui consid\u00e9r\u00e9e comme une h\u00e9ro\u00efne et un symbole du courage des premiers pionniers de l\u2019espace. Son histoire est un m\u00e9lange de tristesse et de reconnaissance pour ses contributions indirectes \u00e0 l&rsquo;exploration spatiale.<\/p>\n<\/div>\n<\/div>\n\n\n\n<hr class=\"wp-block-separator has-alpha-channel-opacity\" \/>\n\n\n\n<p class=\"has-xx-large-font-size\">    Informations sur la race<\/p>\n\n\n\n<ul class=\"wp-block-list\">\n<li>Gabarit :&nbsp;Moyen<\/li>\n\n\n\n<li>Esperance de vie :&nbsp;De 10 \u00e0 12 ans<\/li>\n\n\n\n<li>Type de poils :&nbsp;\u00c9pais, luisant, droit rude, de longueur moyenne avec un sous-poil tr\u00e8s bien d\u00e9velopp\u00e9, \u00e9pais et dense<\/li>\n\n\n\n<li>Couleur(s) de robe :&nbsp;Blanc et portant des t\u00e2ches de n&rsquo;importe quelle couleur (bicolore ou tricolore)<\/li>\n\n\n\n<li>Taille M\u00e2le :&nbsp;De 55 \u00e0 59 cm<\/li>\n\n\n\n<li>Taille Femelle :&nbsp;De 53 \u00e0 57 cm<\/li>\n\n\n\n<li>Poids M\u00e2le :&nbsp;De 20 \u00e0 25 kg<\/li>\n\n\n\n<li>Poids Femelle :&nbsp;De 18 \u00e0 23 kg<\/li>\n\n\n\n<li>Perte de poils :&nbsp;Le Laika de Iakoutie LAIKA perd beaucoup de poils. La perte s\u2019accentue notamment au cours de ses mues qui ont lieu en \u00e9t\u00e9 et o\u00f9 il perd tout son sous-poil. Son entretien sera donc plus rigoureux s\u2019il vit en int\u00e9rieur. 3 brossages par semaine ne seront pas trop pour pallier \u00e0 sa forte perte de poils et garder sa peau en bonne sant\u00e9.<\/li>\n\n\n\n<li>Besoin d&rsquo;exercice :&nbsp;Le Laika de Iakoutie est un chien fort et puissant. Grand sportif, il a besoin d\u2019exercices physiques et mentaux r\u00e9guliers pour garder la forme et rester stable. On recommande par exemple des balades quotidiennes et des jeux d\u2019endurance et d\u2019intelligence pour renforcer ses capacit\u00e9s.<\/li>\n\n\n\n<li>Co\u00fbt mensuel moyen :&nbsp;Environ 80\u20ac par mois<\/li>\n<\/ul>\n\n\n\n<p><\/p>\n","protected":false},"excerpt":{"rendered":"<p>Laika, le courageux petit chien qui a conquis l\u2019espace, est devenue une l\u00e9gende, symbole de sacrifice et d\u2019espoir dans la course effr\u00e9n\u00e9e de l\u2019humanit\u00e9 vers les \u00e9toiles. Le La\u00efka de Iakoutie, le chien venu du Grand Nord Laika \u00e9tait un chien sovi\u00e9tique devenu c\u00e9l\u00e8bre pour avoir \u00e9t\u00e9 le premier \u00eatre vivant \u00e0 orbiter autour de [&hellip;]<\/p>\n","protected":false},"author":25,"featured_media":0,"parent":75,"menu_order":0,"comment_status":"closed","ping_status":"closed","template":"","meta":{"footnotes":""},"class_list":["post-80","page","type-page","status-publish","hentry"],"_links":{"self":[{"href":"https:\/\/eleves.escl.fr\/wp2\/monde\/wp-json\/wp\/v2\/pages\/80","targetHints":{"allow":["GET"]}}],"collection":[{"href":"https:\/\/eleves.escl.fr\/wp2\/monde\/wp-json\/wp\/v2\/pages"}],"about":[{"href":"https:\/\/eleves.escl.fr\/wp2\/monde\/wp-json\/wp\/v2\/types\/page"}],"author":[{"embeddable":true,"href":"https:\/\/eleves.escl.fr\/wp2\/monde\/wp-json\/wp\/v2\/users\/25"}],"replies":[{"embeddable":true,"href":"https:\/\/eleves.escl.fr\/wp2\/monde\/wp-json\/wp\/v2\/comments?post=80"}],"version-history":[{"count":3,"href":"https:\/\/eleves.escl.fr\/wp2\/monde\/wp-json\/wp\/v2\/pages\/80\/revisions"}],"predecessor-version":[{"id":314,"href":"https:\/\/eleves.escl.fr\/wp2\/monde\/wp-json\/wp\/v2\/pages\/80\/revisions\/314"}],"up":[{"embeddable":true,"href":"https:\/\/eleves.escl.fr\/wp2\/monde\/wp-json\/wp\/v2\/pages\/75"}],"wp:attachment":[{"href":"https:\/\/eleves.escl.fr\/wp2\/monde\/wp-json\/wp\/v2\/media?parent=80"}],"curies":[{"name":"wp","href":"https:\/\/api.w.org\/{rel}","templated":true}]}}