{"id":86,"date":"2025-01-14T14:47:28","date_gmt":"2025-01-14T13:47:28","guid":{"rendered":"https:\/\/eleves.escl.fr\/wp2\/monde\/?page_id=86"},"modified":"2025-04-08T14:07:04","modified_gmt":"2025-04-08T12:07:04","slug":"le-spitz-allemand-nain","status":"publish","type":"page","link":"https:\/\/eleves.escl.fr\/wp2\/monde\/chien-primitifs\/le-spitz-allemand-nain\/","title":{"rendered":"Le Spitz Allemand nain"},"content":{"rendered":"\n<p><strong>Le Spitz nain allemand, avec son allure majestueuse et son caract\u00e8re enjou\u00e9, est un compagnon id\u00e9al pour ceux qui recherchent \u00e0 la fois un chien plein de vivacit\u00e9 et une boule de poils adorables \u00e0 c\u00e2liner.<\/strong><\/p>\n\n\n\n<figure class=\"wp-block-image alignright size-full is-resized\"><img loading=\"lazy\" decoding=\"async\" width=\"928\" height=\"618\" src=\"https:\/\/eleves.escl.fr\/wp2\/monde\/wp-content\/uploads\/sites\/8\/2025\/03\/le-spitz-allemand-nainpurina.png\" alt=\"\" class=\"wp-image-267\" style=\"width:365px;height:auto\" srcset=\"https:\/\/eleves.escl.fr\/wp2\/monde\/wp-content\/uploads\/sites\/8\/2025\/03\/le-spitz-allemand-nainpurina.png 928w, https:\/\/eleves.escl.fr\/wp2\/monde\/wp-content\/uploads\/sites\/8\/2025\/03\/le-spitz-allemand-nainpurina-300x200.png 300w, https:\/\/eleves.escl.fr\/wp2\/monde\/wp-content\/uploads\/sites\/8\/2025\/03\/le-spitz-allemand-nainpurina-768x511.png 768w\" sizes=\"auto, (max-width: 928px) 100vw, 928px\" \/><\/figure>\n\n\n\n<div class=\"wp-block-columns alignfull is-layout-flex wp-container-core-columns-is-layout-28f84493 wp-block-columns-is-layout-flex\">\n<div class=\"wp-block-column is-layout-flow wp-block-column-is-layout-flow\">\n<p class=\"has-xx-large-font-size\" style=\"text-decoration:underline\">Le Spitz Allemand nain, un petit chien vif et intelligent<\/p>\n\n\n\n<p>Le Spitz allemand nain, \u00e9galement appel\u00e9 Pom\u00e9ranien, est une petite race de chien au caract\u00e8re vif et \u00e0 l\u2019apparence majestueuse. D&rsquo;origine allemande, il se distingue par son pelage \u00e9pais et duveteux, souvent dans des couleurs vari\u00e9es comme l&rsquo;orange, le noir, ou le cr\u00e8me. Ce chien compact, mesurant entre 18 et 22 cm au garrot et pesant g\u00e9n\u00e9ralement entre 1,5 et 3 kg, est r\u00e9put\u00e9 pour sa personnalit\u00e9 \u00e9nergique et son esprit joyeux. Il est tr\u00e8s sociable, affectueux avec sa famille, mais peut aussi \u00eatre un peu t\u00eatu et protecteur. Gr\u00e2ce \u00e0 son intelligence, il s&rsquo;adapte bien \u00e0 la vie en appartement, tout en n\u00e9cessitant une stimulation mentale et physique r\u00e9guli\u00e8re pour rester heureux. Le Spitz nain allemand est un excellent compagnon pour ceux qui recherchent un chien loyal, dynamique et facile \u00e0 aimer.<\/p>\n<\/div>\n<\/div>\n\n\n\n<hr class=\"wp-block-separator has-alpha-channel-opacity\" \/>\n\n\n\n<p class=\"has-xx-large-font-size\">   Informations sur la race<\/p>\n\n\n\n<ul class=\"wp-block-list\">\n<li>Gabarit :&nbsp;Petit<\/li>\n\n\n\n<li>Esperance de vie :&nbsp;De 12 \u00e0 16 ans<\/li>\n\n\n\n<li>Type de poils :&nbsp;Long<\/li>\n\n\n\n<li>Couleur(s) de robe :&nbsp;Marron, blanc, noir, gris ombr\u00e9, orange, autre couleur<\/li>\n\n\n\n<li>Taille M\u00e2le :&nbsp;De 18 \u00e0 24 cm<\/li>\n\n\n\n<li>Taille Femelle :&nbsp;De 18 \u00e0 24 cm<\/li>\n\n\n\n<li>Poids M\u00e2le :&nbsp;De 2 \u00e0 20 kg<\/li>\n\n\n\n<li>Poids Femelle :&nbsp;De 2 \u00e0 20 kg<\/li>\n\n\n\n<li>Perte de poils :&nbsp;Le Spitz Allemand nain perd abondamment ses poils pendant la mue, surtout entre ses quatre et huit premiers mois. Au cours de cette p\u00e9riode qui survient deux fois par an, il est recommand\u00e9 de lui faire un brossage plusieurs fois par semaine. Cela permet notamment de retirer les poils morts et lui redonner toute sa beaut\u00e9.<\/li>\n\n\n\n<li>Besoin d&rsquo;exercice :&nbsp;Malgr\u00e9 sa petite taille, le Spitz nain est un chien endurant qui prend plaisir \u00e0 faire des exercices physiques et intellectuels. Il lui faut de longues promenades quotidiennes pour satisfaire ses besoins et maintenir son \u00e9quilibre \u00e9motionnel et physique. Toutefois, il aime beaucoup jouer avec son ma\u00eetre \u00e0 des jeux comme le frisbee ou la balle.<\/li>\n\n\n\n<li>Co\u00fbt mensuel moyen :&nbsp;Environ 40 \u20ac par mois<\/li>\n<\/ul>\n","protected":false},"excerpt":{"rendered":"<p>Le Spitz nain allemand, avec son allure majestueuse et son caract\u00e8re enjou\u00e9, est un compagnon id\u00e9al pour ceux qui recherchent \u00e0 la fois un chien plein de vivacit\u00e9 et une boule de poils adorables \u00e0 c\u00e2liner. Le Spitz Allemand nain, un petit chien vif et intelligent Le Spitz allemand nain, \u00e9galement appel\u00e9 Pom\u00e9ranien, est une [&hellip;]<\/p>\n","protected":false},"author":25,"featured_media":0,"parent":75,"menu_order":0,"comment_status":"closed","ping_status":"closed","template":"","meta":{"footnotes":""},"class_list":["post-86","page","type-page","status-publish","hentry"],"_links":{"self":[{"href":"https:\/\/eleves.escl.fr\/wp2\/monde\/wp-json\/wp\/v2\/pages\/86","targetHints":{"allow":["GET"]}}],"collection":[{"href":"https:\/\/eleves.escl.fr\/wp2\/monde\/wp-json\/wp\/v2\/pages"}],"about":[{"href":"https:\/\/eleves.escl.fr\/wp2\/monde\/wp-json\/wp\/v2\/types\/page"}],"author":[{"embeddable":true,"href":"https:\/\/eleves.escl.fr\/wp2\/monde\/wp-json\/wp\/v2\/users\/25"}],"replies":[{"embeddable":true,"href":"https:\/\/eleves.escl.fr\/wp2\/monde\/wp-json\/wp\/v2\/comments?post=86"}],"version-history":[{"count":3,"href":"https:\/\/eleves.escl.fr\/wp2\/monde\/wp-json\/wp\/v2\/pages\/86\/revisions"}],"predecessor-version":[{"id":315,"href":"https:\/\/eleves.escl.fr\/wp2\/monde\/wp-json\/wp\/v2\/pages\/86\/revisions\/315"}],"up":[{"embeddable":true,"href":"https:\/\/eleves.escl.fr\/wp2\/monde\/wp-json\/wp\/v2\/pages\/75"}],"wp:attachment":[{"href":"https:\/\/eleves.escl.fr\/wp2\/monde\/wp-json\/wp\/v2\/media?parent=86"}],"curies":[{"name":"wp","href":"https:\/\/api.w.org\/{rel}","templated":true}]}}