{"id":100,"date":"2026-03-23T20:16:50","date_gmt":"2026-03-23T19:16:50","guid":{"rendered":"https:\/\/eleves.escl.fr\/wp2\/musique\/?page_id=100"},"modified":"2026-03-23T20:20:45","modified_gmt":"2026-03-23T19:20:45","slug":"parlons-jazz","status":"publish","type":"page","link":"https:\/\/eleves.escl.fr\/wp2\/musique\/parlons-jazz\/","title":{"rendered":"PARLONS JAZZ"},"content":{"rendered":"\n<div class=\"wp-block-group alignfull is-layout-flow wp-container-core-group-is-layout-f9cb6abc wp-block-group-is-layout-flow\" style=\"margin-top:0;margin-bottom:0\">\n<div class=\"wp-block-columns alignfull is-not-stacked-on-mobile is-layout-flex wp-container-core-columns-is-layout-e154fb6a wp-block-columns-is-layout-flex\" style=\"margin-top:0;margin-bottom:0;padding-top:var(--wp--preset--spacing--40);padding-right:var(--wp--preset--spacing--40);padding-bottom:var(--wp--preset--spacing--80);padding-left:var(--wp--preset--spacing--40)\">\n<div class=\"wp-block-column is-layout-flow wp-block-column-is-layout-flow\" style=\"flex-basis:66.66%\">\n<div class=\"wp-block-group is-vertical is-content-justification-stretch is-layout-flex wp-container-core-group-is-layout-7e003bba wp-block-group-is-layout-flex\">\n<h2 class=\"wp-block-heading has-xx-large-font-size\">\u00ab&nbsp;Le Jazz&nbsp;\u00bb<\/h2>\n\n\n\n<p class=\"has-x-large-font-size\">Ce style de musique appara\u00eet aux Etats-Unis plus pr\u00e9cis\u00e9ment en Louisiane \u00e0 la Nouvelle Orl\u00e9ans \u00e0 la fin du XIX\u00e8me si\u00e8cle. Il est le fruit du m\u00e9lange entre la culture du peuple noir am\u00e9ricaine et de la culture europ\u00e9enne. Comme instruments de musique que l\u2019ont peut retrouver dans le jazz il y a le saxophone, la trompette, le trombone, la clarinette, le piano et la batterie.<\/p>\n<\/div>\n\n\n\n<figure class=\"wp-block-embed is-type-rich is-provider-spotify wp-block-embed-spotify wp-embed-aspect-21-9 wp-has-aspect-ratio\"><div class=\"wp-block-embed__wrapper\">\n<iframe title=\"Spotify Embed: Body And Soul\" style=\"border-radius: 12px\" width=\"100%\" height=\"152\" frameborder=\"0\" allowfullscreen allow=\"autoplay; clipboard-write; encrypted-media; fullscreen; picture-in-picture\" loading=\"lazy\" src=\"https:\/\/open.spotify.com\/embed\/track\/7c7yHHFdYkqBzS1DG3UIFq?si=388d7a01cb094645&amp;utm_source=oembed\"><\/iframe>\n<\/div><\/figure>\n\n\n\n<div class=\"wp-block-group is-vertical is-content-justification-stretch is-layout-flex wp-container-core-group-is-layout-7e003bba wp-block-group-is-layout-flex\">\n<figure class=\"wp-block-embed is-type-rich is-provider-spotify wp-block-embed-spotify wp-embed-aspect-21-9 wp-has-aspect-ratio\"><div class=\"wp-block-embed__wrapper\">\n<iframe title=\"Spotify Embed: Somethin&amp;apos; Stupid\" style=\"border-radius: 12px\" width=\"100%\" height=\"152\" frameborder=\"0\" allowfullscreen allow=\"autoplay; clipboard-write; encrypted-media; fullscreen; picture-in-picture\" loading=\"lazy\" src=\"https:\/\/open.spotify.com\/embed\/track\/4feXcsElKIVsGwkbnTHAfV?si=165a80d9a425452f&amp;utm_source=oembed\"><\/iframe>\n<\/div><\/figure>\n\n\n\n<div style=\"height:355px\" aria-hidden=\"true\" class=\"wp-block-spacer wp-container-content-66b1c06f\"><\/div>\n\n\n\n<figure class=\"wp-block-embed is-type-rich is-provider-spotify wp-block-embed-spotify wp-embed-aspect-21-9 wp-has-aspect-ratio\"><div class=\"wp-block-embed__wrapper\">\n<iframe title=\"Spotify Embed: Feeling Good\" style=\"border-radius: 12px\" width=\"100%\" height=\"152\" frameborder=\"0\" allowfullscreen allow=\"autoplay; clipboard-write; encrypted-media; fullscreen; picture-in-picture\" loading=\"lazy\" src=\"https:\/\/open.spotify.com\/embed\/track\/6Rqn2GFlmvmV4w9Ala0I1e?si=0fd82f0cb0d8401f&amp;utm_source=oembed\"><\/iframe>\n<\/div><\/figure>\n<\/div>\n<\/div>\n\n\n\n<div class=\"wp-block-column is-layout-flow wp-block-column-is-layout-flow\">\n<blockquote class=\"wp-block-quote has-accent-5-color has-contrast-background-color has-text-color has-background has-link-color wp-elements-6c17420063c294f26f6dcea88544df65 is-layout-flow wp-block-quote-is-layout-flow\">\n<p>Les varriantes :<\/p>\n\n\n\n<p><a href=\"https:\/\/fr.wikipedia.org\/wiki\/Acid_jazz\">Acid jazz<\/a>,&nbsp;<a href=\"https:\/\/fr.wikipedia.org\/wiki\/Afrobeat\">afrobeat<\/a>,&nbsp;<a href=\"https:\/\/fr.wikipedia.org\/wiki\/Avant-garde_jazz\">avant-garde jazz<\/a>,&nbsp;<a href=\"https:\/\/fr.wikipedia.org\/wiki\/Bebop_(musique)\">bebop<\/a>,&nbsp;<a href=\"https:\/\/fr.wikipedia.org\/wiki\/Chicago_Jazz\">Chicago Jazz<\/a>,&nbsp;<a href=\"https:\/\/fr.wikipedia.org\/wiki\/Cool_jazz\">cool jazz<\/a>,&nbsp;<a href=\"https:\/\/fr.wikipedia.org\/wiki\/Dixieland\">dixieland<\/a>,&nbsp;<a href=\"https:\/\/fr.wikipedia.org\/wiki\/%C3%89thio-jazz\">\u00e9thio-jazz<\/a>,&nbsp;<a href=\"https:\/\/fr.wikipedia.org\/wiki\/Ethno-jazz\">ethno-jazz<\/a>,&nbsp;<a href=\"https:\/\/fr.wikipedia.org\/wiki\/Free_jazz\">free jazz<\/a>,&nbsp;<a href=\"https:\/\/fr.wikipedia.org\/wiki\/Hard_bop\">hard bop<\/a>,&nbsp;<a href=\"https:\/\/fr.wikipedia.org\/wiki\/Jazz_afro-cubain\">jazz afro-cubain<\/a>,&nbsp;<a href=\"https:\/\/fr.wikipedia.org\/wiki\/Jazz_fusion\">jazz fusion<\/a>,&nbsp;<a href=\"https:\/\/fr.wikipedia.org\/wiki\/Jazz_manouche\">jazz manouche<\/a>,&nbsp;<a href=\"https:\/\/fr.wikipedia.org\/wiki\/Jazz_modal\">jazz modal<\/a>,&nbsp;<a href=\"https:\/\/fr.wikipedia.org\/wiki\/Jazz_Nouvelle-Orl%C3%A9ans\">jazz Nouvelle-Orl\u00e9ans<\/a>,&nbsp;<a href=\"https:\/\/fr.wikipedia.org\/wiki\/Jazz_punk\">jazz punk<\/a>,&nbsp;<a href=\"https:\/\/fr.wikipedia.org\/wiki\/Jazz_rap\">jazz rap<\/a>,&nbsp;<a href=\"https:\/\/fr.wikipedia.org\/wiki\/Jazz_vocal\">jazz vocal<\/a>,&nbsp;<a href=\"https:\/\/fr.wikipedia.org\/wiki\/Jazz_West_Coast\">jazz West Coast<\/a>,&nbsp;<a href=\"https:\/\/fr.wikipedia.org\/wiki\/Latin_jazz\">latin jazz<\/a>,&nbsp;<a href=\"https:\/\/fr.wikipedia.org\/wiki\/Mainstream_jazz\">mainstream<\/a>,&nbsp;<a href=\"https:\/\/fr.wikipedia.org\/wiki\/N%C3%A9o-bop\">n\u00e9o-bop<\/a>,&nbsp;<a href=\"https:\/\/fr.wikipedia.org\/wiki\/Nu_jazz\">nu jazz<\/a>,&nbsp;<a href=\"https:\/\/fr.wikipedia.org\/wiki\/Piano_stride\">piano stride<\/a>,&nbsp;<a href=\"https:\/\/fr.wikipedia.org\/wiki\/Post-bop\">post-bop<\/a>,&nbsp;<a href=\"https:\/\/fr.wikipedia.org\/wiki\/Ska-jazz\">ska-jazz<\/a>,&nbsp;<a href=\"https:\/\/fr.wikipedia.org\/wiki\/Smooth_jazz\">smooth jazz<\/a>,&nbsp;<a href=\"https:\/\/fr.wikipedia.org\/wiki\/Soul_jazz\">soul jazz<\/a>,&nbsp;<a href=\"https:\/\/fr.wikipedia.org\/wiki\/Swing_(musique)\">swing<\/a>,&nbsp;<a href=\"https:\/\/fr.wikipedia.org\/wiki\/Third_stream\">third stream<\/a><\/p>\n\n\n\n<div class=\"wp-block-cover\"><img loading=\"lazy\" decoding=\"async\" width=\"658\" height=\"914\" class=\"wp-block-cover__image-background wp-image-123 size-full\" alt=\"\" src=\"https:\/\/eleves.escl.fr\/wp2\/musique\/wp-content\/uploads\/sites\/29\/2026\/03\/IMG_0560.jpeg\" data-object-fit=\"cover\" srcset=\"https:\/\/eleves.escl.fr\/wp2\/musique\/wp-content\/uploads\/sites\/29\/2026\/03\/IMG_0560.jpeg 658w, https:\/\/eleves.escl.fr\/wp2\/musique\/wp-content\/uploads\/sites\/29\/2026\/03\/IMG_0560-216x300.jpeg 216w\" sizes=\"auto, (max-width: 658px) 100vw, 658px\" \/><span aria-hidden=\"true\" class=\"wp-block-cover__background has-background-dim-0 has-background-dim\" style=\"background-color:#895137\"><\/span><div class=\"wp-block-cover__inner-container is-layout-flow wp-block-cover-is-layout-flow\">\n<div style=\"height:var(--wp--preset--spacing--20)\" aria-hidden=\"true\" class=\"wp-block-spacer\"><\/div>\n<\/div><\/div>\n<\/blockquote>\n\n\n\n<p><strong>ARTISTE ASSOCIER:<\/strong><\/p>\n\n\n\n<p>\u00b0RAY CHARLES<\/p>\n\n\n\n<p>\u00b0LOUIS ARMSTRONG<\/p>\n\n\n\n<p>\u00b0AMY WINEHOUSE<\/p>\n\n\n\n<p>\u00b0NORAH JONES<\/p>\n\n\n\n<p>\u00b0NAT KING COLE<\/p>\n\n\n\n<p>\u00b0BOBBY TIMMONS<\/p>\n\n\n\n<p>\u00b0MACEO PARKER<\/p>\n\n\n\n<p>\u00b0EDDY LOUISS<\/p>\n<\/div>\n<\/div>\n<\/div>\n","protected":false},"excerpt":{"rendered":"<p>\u00ab&nbsp;Le Jazz&nbsp;\u00bb Ce style de musique appara\u00eet aux Etats-Unis plus pr\u00e9cis\u00e9ment en Louisiane \u00e0 la Nouvelle Orl\u00e9ans \u00e0 la fin du XIX\u00e8me si\u00e8cle. Il est le fruit du m\u00e9lange entre la culture du peuple noir am\u00e9ricaine et de la culture europ\u00e9enne. Comme instruments de musique que l\u2019ont peut retrouver dans le jazz il y a [&hellip;]<\/p>\n","protected":false},"author":48,"featured_media":0,"parent":0,"menu_order":0,"comment_status":"closed","ping_status":"closed","template":"","meta":{"footnotes":""},"class_list":["post-100","page","type-page","status-publish","hentry"],"_links":{"self":[{"href":"https:\/\/eleves.escl.fr\/wp2\/musique\/wp-json\/wp\/v2\/pages\/100","targetHints":{"allow":["GET"]}}],"collection":[{"href":"https:\/\/eleves.escl.fr\/wp2\/musique\/wp-json\/wp\/v2\/pages"}],"about":[{"href":"https:\/\/eleves.escl.fr\/wp2\/musique\/wp-json\/wp\/v2\/types\/page"}],"author":[{"embeddable":true,"href":"https:\/\/eleves.escl.fr\/wp2\/musique\/wp-json\/wp\/v2\/users\/48"}],"replies":[{"embeddable":true,"href":"https:\/\/eleves.escl.fr\/wp2\/musique\/wp-json\/wp\/v2\/comments?post=100"}],"version-history":[{"count":4,"href":"https:\/\/eleves.escl.fr\/wp2\/musique\/wp-json\/wp\/v2\/pages\/100\/revisions"}],"predecessor-version":[{"id":169,"href":"https:\/\/eleves.escl.fr\/wp2\/musique\/wp-json\/wp\/v2\/pages\/100\/revisions\/169"}],"wp:attachment":[{"href":"https:\/\/eleves.escl.fr\/wp2\/musique\/wp-json\/wp\/v2\/media?parent=100"}],"curies":[{"name":"wp","href":"https:\/\/api.w.org\/{rel}","templated":true}]}}