{"id":102,"date":"2026-03-23T20:17:17","date_gmt":"2026-03-23T19:17:17","guid":{"rendered":"https:\/\/eleves.escl.fr\/wp2\/musique\/?page_id=102"},"modified":"2026-03-23T20:17:17","modified_gmt":"2026-03-23T19:17:17","slug":"parlons-musique-classique","status":"publish","type":"page","link":"https:\/\/eleves.escl.fr\/wp2\/musique\/parlons-musique-classique\/","title":{"rendered":"PARLONS MUSIQUE CLASSIQUE"},"content":{"rendered":"\n<div class=\"wp-block-group alignfull is-layout-flow wp-container-core-group-is-layout-f9cb6abc wp-block-group-is-layout-flow\" style=\"margin-top:0;margin-bottom:0\">\n<div class=\"wp-block-columns alignfull is-not-stacked-on-mobile is-layout-flex wp-container-core-columns-is-layout-e154fb6a wp-block-columns-is-layout-flex\" style=\"margin-top:0;margin-bottom:0;padding-top:var(--wp--preset--spacing--40);padding-right:var(--wp--preset--spacing--40);padding-bottom:var(--wp--preset--spacing--80);padding-left:var(--wp--preset--spacing--40)\">\n<div class=\"wp-block-column is-layout-flow wp-block-column-is-layout-flow\" style=\"flex-basis:66.66%\">\n<div class=\"wp-block-group is-vertical is-content-justification-stretch is-layout-flex wp-container-core-group-is-layout-7e003bba wp-block-group-is-layout-flex\">\n<h2 class=\"wp-block-heading has-xx-large-font-size\">\u00ab&nbsp;La Musique Classique&nbsp;\u00bb<\/h2>\n\n\n\n<p class=\"has-x-large-font-size\">La Musique Classique trouve son origine dans le chant chr\u00e9tien diffus\u00e9 par les communaut\u00e9s des premiers si\u00e8cles. Ce style de musique donne une suite \u00e0 la musique de la Gr\u00e8ce Antique et \u00e0 celle de la Rome Antique. Il appara\u00eet vers les ann\u00e9es 1750-1780. La Musique Classique utilise comme instruments le violon, l\u2019alto, le violoncelle, la contrebasse, la basse, la guitare, le banjo, et la harpe. <\/p>\n\n\n\n<figure class=\"wp-block-embed is-type-rich is-provider-spotify wp-block-embed-spotify wp-embed-aspect-21-9 wp-has-aspect-ratio\" style=\"margin-top:var(--wp--preset--spacing--80);margin-bottom:var(--wp--preset--spacing--80)\"><div class=\"wp-block-embed__wrapper\">\n<iframe title=\"Spotify Embed: Lacrimosa\" style=\"border-radius: 12px\" width=\"100%\" height=\"152\" frameborder=\"0\" allowfullscreen allow=\"autoplay; clipboard-write; encrypted-media; fullscreen; picture-in-picture\" loading=\"lazy\" src=\"https:\/\/open.spotify.com\/embed\/track\/59RZ5SRrzwUZm0b8QXQOI1?si=08930a9db0f64593&amp;utm_source=oembed\"><\/iframe>\n<\/div><\/figure>\n\n\n\n<div style=\"height:194px\" aria-hidden=\"true\" class=\"wp-block-spacer wp-container-content-8b3f83b1\"><\/div>\n\n\n\n<figure class=\"wp-block-embed is-type-rich is-provider-spotify wp-block-embed-spotify wp-embed-aspect-21-9 wp-has-aspect-ratio\" style=\"margin-top:var(--wp--preset--spacing--80);margin-bottom:var(--wp--preset--spacing--80)\"><div class=\"wp-block-embed__wrapper\">\n<iframe title=\"Spotify Embed: Libertango - Arr. for Orchestra\" style=\"border-radius: 12px\" width=\"100%\" height=\"152\" frameborder=\"0\" allowfullscreen allow=\"autoplay; clipboard-write; encrypted-media; fullscreen; picture-in-picture\" loading=\"lazy\" src=\"https:\/\/open.spotify.com\/embed\/track\/03iFEOix4gu82m5nX8ldzf?si=bfd17cee534d47b7&amp;utm_source=oembed\"><\/iframe>\n<\/div><\/figure>\n<\/div>\n<\/div>\n\n\n\n<div class=\"wp-block-column is-layout-flow wp-block-column-is-layout-flow\">\n<div class=\"wp-block-cover\"><img loading=\"lazy\" decoding=\"async\" width=\"1024\" height=\"1024\" class=\"wp-block-cover__image-background wp-image-141 size-large\" alt=\"\" src=\"https:\/\/eleves.escl.fr\/wp2\/musique\/wp-content\/uploads\/sites\/29\/2026\/03\/Classical_music_composers_montage-1024x1024.jpg\" data-object-fit=\"cover\" srcset=\"https:\/\/eleves.escl.fr\/wp2\/musique\/wp-content\/uploads\/sites\/29\/2026\/03\/Classical_music_composers_montage-1024x1024.jpg 1024w, https:\/\/eleves.escl.fr\/wp2\/musique\/wp-content\/uploads\/sites\/29\/2026\/03\/Classical_music_composers_montage-300x300.jpg 300w, https:\/\/eleves.escl.fr\/wp2\/musique\/wp-content\/uploads\/sites\/29\/2026\/03\/Classical_music_composers_montage-150x150.jpg 150w, https:\/\/eleves.escl.fr\/wp2\/musique\/wp-content\/uploads\/sites\/29\/2026\/03\/Classical_music_composers_montage-768x768.jpg 768w, https:\/\/eleves.escl.fr\/wp2\/musique\/wp-content\/uploads\/sites\/29\/2026\/03\/Classical_music_composers_montage-1536x1536.jpg 1536w, https:\/\/eleves.escl.fr\/wp2\/musique\/wp-content\/uploads\/sites\/29\/2026\/03\/Classical_music_composers_montage-2048x2048.jpg 2048w\" sizes=\"auto, (max-width: 1024px) 100vw, 1024px\" \/><span aria-hidden=\"true\" class=\"wp-block-cover__background has-background-dim-0 has-background-dim\" style=\"background-color:#6f655b\"><\/span><div class=\"wp-block-cover__inner-container is-layout-flow wp-block-cover-is-layout-flow\">\n<div style=\"height:var(--wp--preset--spacing--20)\" aria-hidden=\"true\" class=\"wp-block-spacer\"><\/div>\n<\/div><\/div>\n\n\n\n<p>ARTISTE ASSOCIER:<\/p>\n\n\n\n<p>\u00b0JEAN SEBASTIAN BACH<\/p>\n\n\n\n<p>\u00b0FREDERIC CHOPIN<\/p>\n\n\n\n<p>BEETHOVEN<\/p>\n\n\n\n<p><br>\u00b0FRANZ  LISZT<\/p>\n\n\n\n<figure class=\"wp-block-embed is-type-rich is-provider-spotify wp-block-embed-spotify wp-embed-aspect-21-9 wp-has-aspect-ratio\" style=\"margin-top:var(--wp--preset--spacing--50);margin-right:var(--wp--preset--spacing--20);margin-bottom:var(--wp--preset--spacing--50);margin-left:var(--wp--preset--spacing--20)\"><div class=\"wp-block-embed__wrapper\">\n<iframe title=\"Spotify Embed: Valse Sentimentale No. 2 in G Minor\" style=\"border-radius: 12px\" width=\"100%\" height=\"152\" frameborder=\"0\" allowfullscreen allow=\"autoplay; clipboard-write; encrypted-media; fullscreen; picture-in-picture\" loading=\"lazy\" src=\"https:\/\/open.spotify.com\/embed\/track\/2FHiDX6Rde40f2ZzcbVdPo?si=fed5c43e4df74645&amp;utm_source=oembed\"><\/iframe>\n<\/div><\/figure>\n\n\n\n<figure class=\"wp-block-embed is-type-rich is-provider-spotify wp-block-embed-spotify wp-embed-aspect-21-9 wp-has-aspect-ratio\"><div class=\"wp-block-embed__wrapper\">\n<iframe title=\"Spotify Embed: Reflections\" style=\"border-radius: 12px\" width=\"100%\" height=\"152\" frameborder=\"0\" allowfullscreen allow=\"autoplay; clipboard-write; encrypted-media; fullscreen; picture-in-picture\" loading=\"lazy\" src=\"https:\/\/open.spotify.com\/embed\/track\/5Zf25eS8E1znm9mez4cGsm?si=e0233e5320ce4353&amp;utm_source=oembed\"><\/iframe>\n<\/div><\/figure>\n<\/div>\n<\/div>\n<\/div>\n","protected":false},"excerpt":{"rendered":"<p>\u00ab&nbsp;La Musique Classique&nbsp;\u00bb La Musique Classique trouve son origine dans le chant chr\u00e9tien diffus\u00e9 par les communaut\u00e9s des premiers si\u00e8cles. Ce style de musique donne une suite \u00e0 la musique de la Gr\u00e8ce Antique et \u00e0 celle de la Rome Antique. Il appara\u00eet vers les ann\u00e9es 1750-1780. La Musique Classique utilise comme instruments le violon, [&hellip;]<\/p>\n","protected":false},"author":48,"featured_media":0,"parent":0,"menu_order":0,"comment_status":"closed","ping_status":"closed","template":"","meta":{"footnotes":""},"class_list":["post-102","page","type-page","status-publish","hentry"],"_links":{"self":[{"href":"https:\/\/eleves.escl.fr\/wp2\/musique\/wp-json\/wp\/v2\/pages\/102","targetHints":{"allow":["GET"]}}],"collection":[{"href":"https:\/\/eleves.escl.fr\/wp2\/musique\/wp-json\/wp\/v2\/pages"}],"about":[{"href":"https:\/\/eleves.escl.fr\/wp2\/musique\/wp-json\/wp\/v2\/types\/page"}],"author":[{"embeddable":true,"href":"https:\/\/eleves.escl.fr\/wp2\/musique\/wp-json\/wp\/v2\/users\/48"}],"replies":[{"embeddable":true,"href":"https:\/\/eleves.escl.fr\/wp2\/musique\/wp-json\/wp\/v2\/comments?post=102"}],"version-history":[{"count":3,"href":"https:\/\/eleves.escl.fr\/wp2\/musique\/wp-json\/wp\/v2\/pages\/102\/revisions"}],"predecessor-version":[{"id":143,"href":"https:\/\/eleves.escl.fr\/wp2\/musique\/wp-json\/wp\/v2\/pages\/102\/revisions\/143"}],"wp:attachment":[{"href":"https:\/\/eleves.escl.fr\/wp2\/musique\/wp-json\/wp\/v2\/media?parent=102"}],"curies":[{"name":"wp","href":"https:\/\/api.w.org\/{rel}","templated":true}]}}