{"id":111,"date":"2026-03-23T20:18:28","date_gmt":"2026-03-23T19:18:28","guid":{"rendered":"https:\/\/eleves.escl.fr\/wp2\/musique\/?page_id=111"},"modified":"2026-03-23T20:20:23","modified_gmt":"2026-03-23T19:20:23","slug":"parlons-reggae","status":"publish","type":"page","link":"https:\/\/eleves.escl.fr\/wp2\/musique\/parlons-reggae\/","title":{"rendered":"PARLONS REGGAE"},"content":{"rendered":"\n<div class=\"wp-block-group alignfull is-layout-flow wp-container-core-group-is-layout-f9cb6abc wp-block-group-is-layout-flow\" style=\"margin-top:0;margin-bottom:0\">\n<div class=\"wp-block-columns alignfull is-not-stacked-on-mobile is-layout-flex wp-container-core-columns-is-layout-e154fb6a wp-block-columns-is-layout-flex\" style=\"margin-top:0;margin-bottom:0;padding-top:var(--wp--preset--spacing--40);padding-right:var(--wp--preset--spacing--40);padding-bottom:var(--wp--preset--spacing--80);padding-left:var(--wp--preset--spacing--40)\">\n<div class=\"wp-block-column is-layout-flow wp-block-column-is-layout-flow\" style=\"flex-basis:66.66%\">\n<div class=\"wp-block-group is-vertical is-content-justification-stretch is-layout-flex wp-container-core-group-is-layout-7e003bba wp-block-group-is-layout-flex\">\n<h2 class=\"wp-block-heading has-xx-large-font-size\">\u00ab&nbsp;Le Reggae&nbsp;\u00bb<\/h2>\n\n\n\n<p class=\"has-x-large-font-size\">Le Reggae trouve ses racines en Jama\u00efque \u00e0 la fin du XIX\u00e8me si\u00e8cle dans la ville de Kingston. Ce style de musique a conquis le monde et a obtenu un caract\u00e8re embl\u00e9matique rastafari. Malheureusement sa nature fondamentale reste m\u00e9connue. Les instruments de Reggae sont la batterie, la basse, le chant, le conga et la guitare. <\/p>\n\n\n\n<figure class=\"wp-block-embed is-type-rich is-provider-spotify wp-block-embed-spotify wp-embed-aspect-21-9 wp-has-aspect-ratio\"><div class=\"wp-block-embed__wrapper\">\n<iframe title=\"Spotify Embed: Sun Is Shining\" style=\"border-radius: 12px\" width=\"100%\" height=\"152\" frameborder=\"0\" allowfullscreen allow=\"autoplay; clipboard-write; encrypted-media; fullscreen; picture-in-picture\" loading=\"lazy\" src=\"https:\/\/open.spotify.com\/embed\/track\/2pZJhvpin385eqAFRp3ASJ?si=ddbdd2ef9637403e&amp;utm_source=oembed\"><\/iframe>\n<\/div><\/figure>\n\n\n\n<div style=\"height:291px\" aria-hidden=\"true\" class=\"wp-block-spacer wp-container-content-8f7133d3\"><\/div>\n\n\n\n<figure class=\"wp-block-embed is-type-rich is-provider-spotify wp-block-embed-spotify wp-embed-aspect-21-9 wp-has-aspect-ratio\" style=\"margin-top:var(--wp--preset--spacing--40);margin-bottom:var(--wp--preset--spacing--40)\"><div class=\"wp-block-embed__wrapper\">\n<iframe title=\"Spotify Embed: Bongo Bong\" style=\"border-radius: 12px\" width=\"100%\" height=\"152\" frameborder=\"0\" allowfullscreen allow=\"autoplay; clipboard-write; encrypted-media; fullscreen; picture-in-picture\" loading=\"lazy\" src=\"https:\/\/open.spotify.com\/embed\/track\/00SmB7n85SKROGjybsyq5i?si=716b830128d54259&amp;utm_source=oembed\"><\/iframe>\n<\/div><\/figure>\n<\/div>\n\n\n\n<figure class=\"wp-block-embed is-type-rich is-provider-spotify wp-block-embed-spotify wp-embed-aspect-21-9 wp-has-aspect-ratio\" style=\"margin-top:279px;margin-bottom:279px\"><div class=\"wp-block-embed__wrapper\">\n<iframe title=\"Spotify Embed: DtMF\" style=\"border-radius: 12px\" width=\"100%\" height=\"152\" frameborder=\"0\" allowfullscreen allow=\"autoplay; clipboard-write; encrypted-media; fullscreen; picture-in-picture\" loading=\"lazy\" src=\"https:\/\/open.spotify.com\/embed\/track\/3sK8wGT43QFpWrvNQsrQya?si=8ec6f4deb6354086&amp;utm_source=oembed\"><\/iframe>\n<\/div><\/figure>\n<\/div>\n\n\n\n<div class=\"wp-block-column is-layout-flow wp-block-column-is-layout-flow\">\n<blockquote class=\"wp-block-quote has-accent-5-color has-contrast-background-color has-text-color has-background has-link-color wp-elements-a9c0ca35456209bc4922671c83c9b4d0 is-layout-flow wp-block-quote-is-layout-flow\">\n<p>Les variantes:<\/p>\n\n\n\n<p><a href=\"https:\/\/fr.wikipedia.org\/wiki\/Reggae_fusion\">Reggae fusion<\/a>,&nbsp;<a href=\"https:\/\/fr.wikipedia.org\/wiki\/Seggae\">seggae<\/a>,&nbsp;<a href=\"https:\/\/fr.wikipedia.org\/wiki\/Samba-reggae\">samba-reggae<\/a>,&nbsp;<a href=\"https:\/\/fr.wikipedia.org\/wiki\/Drum_and_bass\">drum and bass<\/a>,&nbsp;<a href=\"https:\/\/fr.wikipedia.org\/wiki\/Jungle_(musique)\">jungle<\/a><\/p>\n\n\n\n<p><a href=\"https:\/\/fr.wikipedia.org\/wiki\/Roots_reggae\">Roots reggae<\/a>,&nbsp;<a href=\"https:\/\/fr.wikipedia.org\/wiki\/Lovers_rock\">lovers rock<\/a>,&nbsp;<a href=\"https:\/\/fr.wikipedia.org\/wiki\/Reggae_en_espa%C3%B1ol\">reggae en espa\u00f1ol<\/a><\/p>\n<\/blockquote>\n\n\n\n<div class=\"wp-block-cover\"><img loading=\"lazy\" decoding=\"async\" width=\"486\" height=\"599\" class=\"wp-block-cover__image-background wp-image-128 size-full\" alt=\"\" src=\"https:\/\/eleves.escl.fr\/wp2\/musique\/wp-content\/uploads\/sites\/29\/2026\/03\/IMG_0561.jpeg\" data-object-fit=\"cover\" srcset=\"https:\/\/eleves.escl.fr\/wp2\/musique\/wp-content\/uploads\/sites\/29\/2026\/03\/IMG_0561.jpeg 486w, https:\/\/eleves.escl.fr\/wp2\/musique\/wp-content\/uploads\/sites\/29\/2026\/03\/IMG_0561-243x300.jpeg 243w\" sizes=\"auto, (max-width: 486px) 100vw, 486px\" \/><span aria-hidden=\"true\" class=\"wp-block-cover__background has-background-dim-0 has-background-dim\" style=\"background-color:#6a4943\"><\/span><div class=\"wp-block-cover__inner-container is-layout-flow wp-block-cover-is-layout-flow\">\n<div style=\"height:var(--wp--preset--spacing--20)\" aria-hidden=\"true\" class=\"wp-block-spacer\"><\/div>\n<\/div><\/div>\n\n\n\n<p><em><strong>ARTISTE ASSOCIER<\/strong><\/em><\/p>\n\n\n\n<p>\u00b0JIMMY CLIFF<\/p>\n\n\n\n<p>\u00b0ALPHA BLONDY<\/p>\n\n\n\n<p>\u00b0TONTON DAVID<\/p>\n\n\n\n<p>\u00b0RITTA MARLEY<\/p>\n\n\n\n<p>\u00b0JONNY NASSH<\/p>\n<\/div>\n<\/div>\n\n\n\n<div class=\"wp-block-columns alignfull is-style-section-2 is-layout-flex wp-container-core-columns-is-layout-d9884270 wp-block-columns-is-layout-flex is-style-section-2--1\" style=\"padding-top:0;padding-bottom:0\">\n<div class=\"wp-block-column is-layout-flow wp-block-column-is-layout-flow\" style=\"flex-basis:50%\"><\/div>\n\n\n\n<div class=\"wp-block-column is-layout-flow wp-block-column-is-layout-flow\" style=\"flex-basis:50%\"><\/div>\n<\/div>\n<\/div>\n","protected":false},"excerpt":{"rendered":"<p>\u00ab&nbsp;Le Reggae&nbsp;\u00bb Le Reggae trouve ses racines en Jama\u00efque \u00e0 la fin du XIX\u00e8me si\u00e8cle dans la ville de Kingston. Ce style de musique a conquis le monde et a obtenu un caract\u00e8re embl\u00e9matique rastafari. Malheureusement sa nature fondamentale reste m\u00e9connue. Les instruments de Reggae sont la batterie, la basse, le chant, le conga et [&hellip;]<\/p>\n","protected":false},"author":48,"featured_media":0,"parent":0,"menu_order":0,"comment_status":"closed","ping_status":"closed","template":"","meta":{"footnotes":""},"class_list":["post-111","page","type-page","status-publish","hentry"],"_links":{"self":[{"href":"https:\/\/eleves.escl.fr\/wp2\/musique\/wp-json\/wp\/v2\/pages\/111","targetHints":{"allow":["GET"]}}],"collection":[{"href":"https:\/\/eleves.escl.fr\/wp2\/musique\/wp-json\/wp\/v2\/pages"}],"about":[{"href":"https:\/\/eleves.escl.fr\/wp2\/musique\/wp-json\/wp\/v2\/types\/page"}],"author":[{"embeddable":true,"href":"https:\/\/eleves.escl.fr\/wp2\/musique\/wp-json\/wp\/v2\/users\/48"}],"replies":[{"embeddable":true,"href":"https:\/\/eleves.escl.fr\/wp2\/musique\/wp-json\/wp\/v2\/comments?post=111"}],"version-history":[{"count":5,"href":"https:\/\/eleves.escl.fr\/wp2\/musique\/wp-json\/wp\/v2\/pages\/111\/revisions"}],"predecessor-version":[{"id":168,"href":"https:\/\/eleves.escl.fr\/wp2\/musique\/wp-json\/wp\/v2\/pages\/111\/revisions\/168"}],"wp:attachment":[{"href":"https:\/\/eleves.escl.fr\/wp2\/musique\/wp-json\/wp\/v2\/media?parent=111"}],"curies":[{"name":"wp","href":"https:\/\/api.w.org\/{rel}","templated":true}]}}