{"id":113,"date":"2026-03-23T20:18:08","date_gmt":"2026-03-23T19:18:08","guid":{"rendered":"https:\/\/eleves.escl.fr\/wp2\/musique\/?page_id=113"},"modified":"2026-03-23T20:18:08","modified_gmt":"2026-03-23T19:18:08","slug":"parlons-rap","status":"publish","type":"page","link":"https:\/\/eleves.escl.fr\/wp2\/musique\/parlons-rap\/","title":{"rendered":"PARLONS RAP"},"content":{"rendered":"\n<div class=\"wp-block-group alignfull is-layout-flow wp-container-core-group-is-layout-f9cb6abc wp-block-group-is-layout-flow\" style=\"margin-top:0;margin-bottom:0\">\n<div class=\"wp-block-columns alignfull is-not-stacked-on-mobile is-layout-flex wp-container-core-columns-is-layout-e154fb6a wp-block-columns-is-layout-flex\" style=\"margin-top:0;margin-bottom:0;padding-top:var(--wp--preset--spacing--40);padding-right:var(--wp--preset--spacing--40);padding-bottom:var(--wp--preset--spacing--80);padding-left:var(--wp--preset--spacing--40)\">\n<div class=\"wp-block-column is-layout-flow wp-block-column-is-layout-flow\" style=\"flex-basis:66.66%\">\n<div class=\"wp-block-group is-vertical is-content-justification-stretch is-layout-flex wp-container-core-group-is-layout-7e003bba wp-block-group-is-layout-flex\">\n<h2 class=\"wp-block-heading has-xx-large-font-size\">\u00ab&nbsp;Le Rap&nbsp;\u00bb<\/h2>\n\n\n\n<p class=\"has-x-large-font-size\">Le Rap est un mouvement culturel et musical qui tire ses origines du Hip-Pop. Il appara\u00eet au d\u00e9but des ann\u00e9es 1970 dans les ghettos am\u00e9ricains et se caract\u00e9rise par une direction tr\u00e8s rythm\u00e9e. Le piano et la guitare jouent des r\u00f4les cruciaux dans l\u2019\u00e9laboration de la musique Rap en tant qu\u2019instruments symboliques de ce style de musique.<\/p>\n\n\n\n<figure class=\"wp-block-embed is-type-rich is-provider-spotify wp-block-embed-spotify wp-embed-aspect-21-9 wp-has-aspect-ratio\"><div class=\"wp-block-embed__wrapper\">\n<iframe title=\"Spotify Embed: Ma Benz (feat. Lord Kossity)\" style=\"border-radius: 12px\" width=\"100%\" height=\"152\" frameborder=\"0\" allowfullscreen allow=\"autoplay; clipboard-write; encrypted-media; fullscreen; picture-in-picture\" loading=\"lazy\" src=\"https:\/\/open.spotify.com\/embed\/track\/61vUa5Xpm5Gtsk7ZAGPN5N?si=6128e0763ab54daf&amp;utm_source=oembed\"><\/iframe>\n<\/div><\/figure>\n\n\n\n<div style=\"height:401px\" aria-hidden=\"true\" class=\"wp-block-spacer wp-container-content-1a64f520\"><\/div>\n\n\n\n<figure class=\"wp-block-embed is-type-rich is-provider-spotify wp-block-embed-spotify wp-embed-aspect-21-9 wp-has-aspect-ratio\"><div class=\"wp-block-embed__wrapper\">\n<iframe title=\"Spotify Embed: Still D.R.E.\" style=\"border-radius: 12px\" width=\"100%\" height=\"152\" frameborder=\"0\" allowfullscreen allow=\"autoplay; clipboard-write; encrypted-media; fullscreen; picture-in-picture\" loading=\"lazy\" src=\"https:\/\/open.spotify.com\/embed\/track\/503OTo2dSqe7qk76rgsbep?si=37a5b43feb7a4902&amp;utm_source=oembed\"><\/iframe>\n<\/div><\/figure>\n<\/div>\n<\/div>\n\n\n\n<div class=\"wp-block-column is-layout-flow wp-block-column-is-layout-flow\">\n<div class=\"wp-block-cover\"><img loading=\"lazy\" decoding=\"async\" width=\"642\" height=\"553\" class=\"wp-block-cover__image-background wp-image-145 size-full\" alt=\"\" src=\"https:\/\/eleves.escl.fr\/wp2\/musique\/wp-content\/uploads\/sites\/29\/2026\/03\/IMG_0566.jpeg\" data-object-fit=\"cover\" srcset=\"https:\/\/eleves.escl.fr\/wp2\/musique\/wp-content\/uploads\/sites\/29\/2026\/03\/IMG_0566.jpeg 642w, https:\/\/eleves.escl.fr\/wp2\/musique\/wp-content\/uploads\/sites\/29\/2026\/03\/IMG_0566-300x258.jpeg 300w\" sizes=\"auto, (max-width: 642px) 100vw, 642px\" \/><span aria-hidden=\"true\" class=\"wp-block-cover__background has-background-dim-0 has-background-dim\" style=\"background-color:#7b766f\"><\/span><div class=\"wp-block-cover__inner-container is-layout-flow wp-block-cover-is-layout-flow\">\n<div style=\"height:var(--wp--preset--spacing--20)\" aria-hidden=\"true\" class=\"wp-block-spacer\"><\/div>\n<\/div><\/div>\n\n\n\n<p>\u00b0EMINEM<\/p>\n\n\n\n<p>\u00b0MC SOLAR<br>\u00b0FUGEES<\/p>\n\n\n\n<p>\u00b050CENT<br>\u00b0CYPRESS  HILL<\/p>\n\n\n\n<p>\u00b0COOLIO<br>MAC MILLER<\/p>\n\n\n\n<figure class=\"wp-block-embed is-type-rich is-provider-spotify wp-block-embed-spotify wp-embed-aspect-21-9 wp-has-aspect-ratio\"><div class=\"wp-block-embed__wrapper\">\n<iframe title=\"Spotify Embed: Montana Freestyle\" style=\"border-radius: 12px\" width=\"100%\" height=\"152\" frameborder=\"0\" allowfullscreen allow=\"autoplay; clipboard-write; encrypted-media; fullscreen; picture-in-picture\" loading=\"lazy\" src=\"https:\/\/open.spotify.com\/embed\/track\/2BYIlbpb6cgzyijKR20DvA?si=6365598d7ff443dd&amp;utm_source=oembed\"><\/iframe>\n<\/div><\/figure>\n\n\n\n<figure class=\"wp-block-embed is-type-rich is-provider-spotify wp-block-embed-spotify wp-embed-aspect-21-9 wp-has-aspect-ratio\"><div class=\"wp-block-embed__wrapper\">\n<iframe title=\"Spotify Embed: California Love - Original Version\" style=\"border-radius: 12px\" width=\"100%\" height=\"152\" frameborder=\"0\" allowfullscreen allow=\"autoplay; clipboard-write; encrypted-media; fullscreen; picture-in-picture\" loading=\"lazy\" src=\"https:\/\/open.spotify.com\/embed\/track\/3ia3dJETSOllPsv3LJkE35?si=2ba25cb00ed644bb&amp;utm_source=oembed\"><\/iframe>\n<\/div><\/figure>\n<\/div>\n<\/div>\n<\/div>\n","protected":false},"excerpt":{"rendered":"<p>\u00ab&nbsp;Le Rap&nbsp;\u00bb Le Rap est un mouvement culturel et musical qui tire ses origines du Hip-Pop. Il appara\u00eet au d\u00e9but des ann\u00e9es 1970 dans les ghettos am\u00e9ricains et se caract\u00e9rise par une direction tr\u00e8s rythm\u00e9e. Le piano et la guitare jouent des r\u00f4les cruciaux dans l\u2019\u00e9laboration de la musique Rap en tant qu\u2019instruments symboliques de [&hellip;]<\/p>\n","protected":false},"author":48,"featured_media":0,"parent":0,"menu_order":0,"comment_status":"closed","ping_status":"closed","template":"","meta":{"footnotes":""},"class_list":["post-113","page","type-page","status-publish","hentry"],"_links":{"self":[{"href":"https:\/\/eleves.escl.fr\/wp2\/musique\/wp-json\/wp\/v2\/pages\/113","targetHints":{"allow":["GET"]}}],"collection":[{"href":"https:\/\/eleves.escl.fr\/wp2\/musique\/wp-json\/wp\/v2\/pages"}],"about":[{"href":"https:\/\/eleves.escl.fr\/wp2\/musique\/wp-json\/wp\/v2\/types\/page"}],"author":[{"embeddable":true,"href":"https:\/\/eleves.escl.fr\/wp2\/musique\/wp-json\/wp\/v2\/users\/48"}],"replies":[{"embeddable":true,"href":"https:\/\/eleves.escl.fr\/wp2\/musique\/wp-json\/wp\/v2\/comments?post=113"}],"version-history":[{"count":2,"href":"https:\/\/eleves.escl.fr\/wp2\/musique\/wp-json\/wp\/v2\/pages\/113\/revisions"}],"predecessor-version":[{"id":146,"href":"https:\/\/eleves.escl.fr\/wp2\/musique\/wp-json\/wp\/v2\/pages\/113\/revisions\/146"}],"wp:attachment":[{"href":"https:\/\/eleves.escl.fr\/wp2\/musique\/wp-json\/wp\/v2\/media?parent=113"}],"curies":[{"name":"wp","href":"https:\/\/api.w.org\/{rel}","templated":true}]}}