{"id":117,"date":"2026-03-23T20:16:22","date_gmt":"2026-03-23T19:16:22","guid":{"rendered":"https:\/\/eleves.escl.fr\/wp2\/musique\/?page_id=117"},"modified":"2026-03-23T20:16:22","modified_gmt":"2026-03-23T19:16:22","slug":"parlons-disco","status":"publish","type":"page","link":"https:\/\/eleves.escl.fr\/wp2\/musique\/parlons-disco\/","title":{"rendered":"PARLONS DISCO"},"content":{"rendered":"\n<div class=\"wp-block-group alignfull is-layout-flow wp-container-core-group-is-layout-f9cb6abc wp-block-group-is-layout-flow\" style=\"margin-top:0;margin-bottom:0\">\n<div class=\"wp-block-columns alignfull is-not-stacked-on-mobile is-layout-flex wp-container-core-columns-is-layout-e154fb6a wp-block-columns-is-layout-flex\" style=\"margin-top:0;margin-bottom:0;padding-top:var(--wp--preset--spacing--40);padding-right:var(--wp--preset--spacing--40);padding-bottom:var(--wp--preset--spacing--80);padding-left:var(--wp--preset--spacing--40)\">\n<div class=\"wp-block-column is-layout-flow wp-block-column-is-layout-flow\" style=\"flex-basis:66.66%\">\n<div class=\"wp-block-group is-vertical is-content-justification-stretch is-layout-flex wp-container-core-group-is-layout-7e003bba wp-block-group-is-layout-flex\">\n<h2 class=\"wp-block-heading has-xx-large-font-size\">\u00ab&nbsp;Le Disco&nbsp;\u00bb<\/h2>\n\n\n\n<p class=\"has-x-large-font-size\">Le disco est un genre musical mais \u00e9galement une danse qui est n\u00e9 au milieu des ann\u00e9es 1970 aux Etats-Unis. Ce style est issu des genres Funk, Soul, Pop, Salsa et psych\u00e9d\u00e9lique. Apr\u00e8s avoir \u00e9tais particuli\u00e8rement r\u00e9pandue dans les ann\u00e9es 1970, il conna\u00eet un regain de popularit\u00e9 durant quelques temps. Ses instruments sont le chant, la guitare basse, la batterie, la trompette, le violon, le synth\u00e9tiseur, la bo\u00eete \u00e0 rythme et l\u2019\u00e9chantillonneur. <\/p>\n\n\n\n<figure class=\"wp-block-embed is-type-rich is-provider-spotify wp-block-embed-spotify wp-embed-aspect-21-9 wp-has-aspect-ratio\"><div class=\"wp-block-embed__wrapper\">\n<iframe title=\"Spotify Embed: Funkytown\" style=\"border-radius: 12px\" width=\"100%\" height=\"152\" frameborder=\"0\" allowfullscreen allow=\"autoplay; clipboard-write; encrypted-media; fullscreen; picture-in-picture\" loading=\"lazy\" src=\"https:\/\/open.spotify.com\/embed\/track\/2XVQdI3m0giGxNrwUhV3yP?si=f5357fd58c6b45f9&amp;utm_source=oembed\"><\/iframe>\n<\/div><\/figure>\n\n\n\n<div style=\"height:360px\" aria-hidden=\"true\" class=\"wp-block-spacer wp-container-content-fc7021e6\"><\/div>\n<\/div>\n\n\n\n<figure class=\"wp-block-embed is-type-rich is-provider-spotify wp-block-embed-spotify wp-embed-aspect-21-9 wp-has-aspect-ratio\"><div class=\"wp-block-embed__wrapper\">\n<iframe title=\"Spotify Embed: Stayin&amp;apos; Alive\" style=\"border-radius: 12px\" width=\"100%\" height=\"152\" frameborder=\"0\" allowfullscreen allow=\"autoplay; clipboard-write; encrypted-media; fullscreen; picture-in-picture\" loading=\"lazy\" src=\"https:\/\/open.spotify.com\/embed\/track\/75AJEYrmjmap9OWXi7RbzB?si=b3245c101d1e4e55&amp;utm_source=oembed\"><\/iframe>\n<\/div><\/figure>\n\n\n\n<figure class=\"wp-block-embed is-type-rich is-provider-spotify wp-block-embed-spotify wp-embed-aspect-21-9 wp-has-aspect-ratio\"><div class=\"wp-block-embed__wrapper\">\n<iframe title=\"Spotify Embed: Gimme! Gimme! Gimme! (A Man After Midnight)\" style=\"border-radius: 12px\" width=\"100%\" height=\"152\" frameborder=\"0\" allowfullscreen allow=\"autoplay; clipboard-write; encrypted-media; fullscreen; picture-in-picture\" loading=\"lazy\" src=\"https:\/\/open.spotify.com\/embed\/track\/4YbGZQCXVRnv0iXnlnKRB1?si=ee5ee367f8b3448e&amp;utm_source=oembed\"><\/iframe>\n<\/div><\/figure>\n<\/div>\n\n\n\n<div class=\"wp-block-column is-layout-flow wp-block-column-is-layout-flow\">\n<div class=\"wp-block-group is-content-justification-right is-nowrap is-layout-flex wp-container-core-group-is-layout-17124a9a wp-block-group-is-layout-flex\">\n<blockquote class=\"wp-block-quote has-accent-5-color has-contrast-background-color has-text-color has-background has-link-color wp-elements-c683cbb10183d58712a1384ff2de141c is-layout-flow wp-block-quote-is-layout-flow\">\n<p>Les variantes                                                <\/p>\n\n\n\n<p><a href=\"https:\/\/fr.wikipedia.org\/wiki\/Italo_disco\">Italo disco<\/a>,\u00a0<a href=\"https:\/\/fr.wikipedia.org\/wiki\/Disco-funk\">disco-funk<\/a>,\u00a0<a href=\"https:\/\/fr.wikipedia.org\/wiki\/Disco_cosmique\">disco cosmique<\/a>,\u00a0<a href=\"https:\/\/fr.wikipedia.org\/wiki\/Euro_disco\">euro disco<\/a>,\u00a0<a href=\"https:\/\/fr.wikipedia.org\/wiki\/Space_disco\">space disco<\/a>,\u00a0<a href=\"https:\/\/fr.wikipedia.org\/wiki\/Hi-NRG\">hi-NRG<\/a>,\u00a0<a href=\"https:\/\/fr.wikipedia.org\/wiki\/Disco_polo\">disco polo<\/a>,\u00a0<a href=\"https:\/\/fr.wikipedia.org\/wiki\/Nu-disco\">nu-disco<\/a>,\u00a0<a href=\"https:\/\/fr.wikipedia.org\/wiki\/Disco#Disco-pop\">disco-pop<\/a><\/p>\n<\/blockquote>\n<\/div>\n\n\n\n<div class=\"wp-block-cover\"><img loading=\"lazy\" decoding=\"async\" width=\"724\" height=\"1024\" class=\"wp-block-cover__image-background wp-image-137 size-large\" alt=\"\" src=\"https:\/\/eleves.escl.fr\/wp2\/musique\/wp-content\/uploads\/sites\/29\/2026\/03\/IMG_0565-724x1024.jpeg\" data-object-fit=\"cover\" srcset=\"https:\/\/eleves.escl.fr\/wp2\/musique\/wp-content\/uploads\/sites\/29\/2026\/03\/IMG_0565-724x1024.jpeg 724w, https:\/\/eleves.escl.fr\/wp2\/musique\/wp-content\/uploads\/sites\/29\/2026\/03\/IMG_0565-212x300.jpeg 212w, https:\/\/eleves.escl.fr\/wp2\/musique\/wp-content\/uploads\/sites\/29\/2026\/03\/IMG_0565.jpeg 736w\" sizes=\"auto, (max-width: 724px) 100vw, 724px\" \/><span aria-hidden=\"true\" class=\"wp-block-cover__background has-background-dim-0 has-background-dim\" style=\"background-color:#7a616b\"><\/span><div class=\"wp-block-cover__inner-container is-layout-flow wp-block-cover-is-layout-flow\">\n<div style=\"height:var(--wp--preset--spacing--20)\" aria-hidden=\"true\" class=\"wp-block-spacer\"><\/div>\n<\/div><\/div>\n\n\n\n<p><strong><em>ARTISTE ASSOCIER<\/em><\/strong><\/p>\n\n\n\n<p>\u00b0OTTAWAN<\/p>\n\n\n\n<p>\u00b0BLONDIE<\/p>\n\n\n\n<p>\u00b0DONNA SUMMER<\/p>\n\n\n\n<p>\u00b0BONEY M.<\/p>\n\n\n\n<p>\u00b0PATRICK JUVET<\/p>\n<\/div>\n<\/div>\n\n\n\n<div class=\"wp-block-columns alignfull is-style-section-2 is-layout-flex wp-container-core-columns-is-layout-d9884270 wp-block-columns-is-layout-flex is-style-section-2--1\" style=\"padding-top:0;padding-bottom:0\">\n<div class=\"wp-block-column is-layout-flow wp-block-column-is-layout-flow\" style=\"flex-basis:50%\"><\/div>\n\n\n\n<div class=\"wp-block-column is-layout-flow wp-block-column-is-layout-flow\" style=\"flex-basis:50%\"><\/div>\n<\/div>\n<\/div>\n","protected":false},"excerpt":{"rendered":"<p>\u00ab&nbsp;Le Disco&nbsp;\u00bb Le disco est un genre musical mais \u00e9galement une danse qui est n\u00e9 au milieu des ann\u00e9es 1970 aux Etats-Unis. Ce style est issu des genres Funk, Soul, Pop, Salsa et psych\u00e9d\u00e9lique. Apr\u00e8s avoir \u00e9tais particuli\u00e8rement r\u00e9pandue dans les ann\u00e9es 1970, il conna\u00eet un regain de popularit\u00e9 durant quelques temps. Ses instruments sont [&hellip;]<\/p>\n","protected":false},"author":48,"featured_media":0,"parent":0,"menu_order":0,"comment_status":"closed","ping_status":"closed","template":"","meta":{"footnotes":""},"class_list":["post-117","page","type-page","status-publish","hentry"],"_links":{"self":[{"href":"https:\/\/eleves.escl.fr\/wp2\/musique\/wp-json\/wp\/v2\/pages\/117","targetHints":{"allow":["GET"]}}],"collection":[{"href":"https:\/\/eleves.escl.fr\/wp2\/musique\/wp-json\/wp\/v2\/pages"}],"about":[{"href":"https:\/\/eleves.escl.fr\/wp2\/musique\/wp-json\/wp\/v2\/types\/page"}],"author":[{"embeddable":true,"href":"https:\/\/eleves.escl.fr\/wp2\/musique\/wp-json\/wp\/v2\/users\/48"}],"replies":[{"embeddable":true,"href":"https:\/\/eleves.escl.fr\/wp2\/musique\/wp-json\/wp\/v2\/comments?post=117"}],"version-history":[{"count":3,"href":"https:\/\/eleves.escl.fr\/wp2\/musique\/wp-json\/wp\/v2\/pages\/117\/revisions"}],"predecessor-version":[{"id":139,"href":"https:\/\/eleves.escl.fr\/wp2\/musique\/wp-json\/wp\/v2\/pages\/117\/revisions\/139"}],"wp:attachment":[{"href":"https:\/\/eleves.escl.fr\/wp2\/musique\/wp-json\/wp\/v2\/media?parent=117"}],"curies":[{"name":"wp","href":"https:\/\/api.w.org\/{rel}","templated":true}]}}