{"id":81,"date":"2026-03-23T20:17:35","date_gmt":"2026-03-23T19:17:35","guid":{"rendered":"https:\/\/eleves.escl.fr\/wp2\/musique\/?page_id=81"},"modified":"2026-03-23T20:17:35","modified_gmt":"2026-03-23T19:17:35","slug":"parlons-pop","status":"publish","type":"page","link":"https:\/\/eleves.escl.fr\/wp2\/musique\/parlons-pop\/","title":{"rendered":"PARLONS POP"},"content":{"rendered":"\n<div class=\"wp-block-group alignfull is-layout-flow wp-container-core-group-is-layout-f9cb6abc wp-block-group-is-layout-flow\" style=\"margin-top:0;margin-bottom:0\">\n<div class=\"wp-block-columns alignfull is-not-stacked-on-mobile is-layout-flex wp-container-core-columns-is-layout-e154fb6a wp-block-columns-is-layout-flex\" style=\"margin-top:0;margin-bottom:0;padding-top:var(--wp--preset--spacing--40);padding-right:var(--wp--preset--spacing--40);padding-bottom:var(--wp--preset--spacing--80);padding-left:var(--wp--preset--spacing--40)\">\n<div class=\"wp-block-column is-layout-flow wp-block-column-is-layout-flow\" style=\"flex-basis:66.66%\">\n<div class=\"wp-block-group is-vertical is-content-justification-stretch is-layout-flex wp-container-core-group-is-layout-7e003bba wp-block-group-is-layout-flex\">\n<h2 class=\"wp-block-heading has-xx-large-font-size\">\u00ab&nbsp;Pop Musique \u00bb<\/h2>\n\n\n\n<p class=\"has-x-large-font-size\">La Pop Musique est d\u00e9velopp\u00e9e en Angleterre et aux Etats-Unis dans le courant culturelle des ann\u00e9es 1960. Elle a \u00e9tait cr\u00e9e pour d\u00e9crire le rock&rsquo; n&rsquo; roll et les nouveaux styles musicaux des jeunes qui ont \u00e9tait influenc\u00e9s par celui-ci. La \u00a0\u00bb Pop Musique\u00a0\u00bb s&rsquo;appelait autrefois \u00ab\u00a0Popular Music\u00a0\u00bb. A la fin des ann\u00e9es 1960 le terme \u00ab\u00a0pop\u00a0\u00bb qualifiera une musique dite plus \u00ab\u00a0commerciale\u00a0\u00bb ce concentrant sur des m\u00e9lodies plus accrocheuses. <\/p>\n<\/div>\n\n\n\n<figure class=\"wp-block-embed is-type-rich is-provider-spotify wp-block-embed-spotify wp-embed-aspect-21-9 wp-has-aspect-ratio\"><div class=\"wp-block-embed__wrapper\">\n<iframe title=\"Spotify Embed: Hung Up\" style=\"border-radius: 12px\" width=\"100%\" height=\"152\" frameborder=\"0\" allowfullscreen allow=\"autoplay; clipboard-write; encrypted-media; fullscreen; picture-in-picture\" loading=\"lazy\" src=\"https:\/\/open.spotify.com\/embed\/track\/3850dYVgOFIXJh5U4BFEWH?si=d8eeee72b97c4d17&amp;utm_source=oembed\"><\/iframe>\n<\/div><\/figure>\n\n\n\n<figure class=\"wp-block-embed is-type-rich is-provider-spotify wp-block-embed-spotify wp-embed-aspect-21-9 wp-has-aspect-ratio\"><div class=\"wp-block-embed__wrapper\">\n<iframe title=\"Spotify Embed: Levitating\" style=\"border-radius: 12px\" width=\"100%\" height=\"152\" frameborder=\"0\" allowfullscreen allow=\"autoplay; clipboard-write; encrypted-media; fullscreen; picture-in-picture\" loading=\"lazy\" src=\"https:\/\/open.spotify.com\/embed\/track\/39LLxExYz6ewLAcYrzQQyP?si=e89429a9771140fc&amp;utm_source=oembed\"><\/iframe>\n<\/div><\/figure>\n\n\n\n<figure class=\"wp-block-embed is-type-rich is-provider-spotify wp-block-embed-spotify wp-embed-aspect-21-9 wp-has-aspect-ratio\"><div class=\"wp-block-embed__wrapper\">\n<iframe title=\"Spotify Embed: Billie Jean\" style=\"border-radius: 12px\" width=\"100%\" height=\"152\" frameborder=\"0\" allowfullscreen allow=\"autoplay; clipboard-write; encrypted-media; fullscreen; picture-in-picture\" loading=\"lazy\" src=\"https:\/\/open.spotify.com\/embed\/track\/7J1uxwnxfQLu4APicE5Rnj?si=4b19a3c7f95f4bea&amp;utm_source=oembed\"><\/iframe>\n<\/div><\/figure>\n\n\n\n<div style=\"height:142px\" aria-hidden=\"true\" class=\"wp-block-spacer\"><\/div>\n\n\n\n<div class=\"wp-block-group is-vertical is-content-justification-stretch is-layout-flex wp-container-core-group-is-layout-7e003bba wp-block-group-is-layout-flex\">\n<div style=\"height:110px\" aria-hidden=\"true\" class=\"wp-block-spacer wp-container-content-983b0345\"><\/div>\n<\/div>\n<\/div>\n\n\n\n<div class=\"wp-block-column is-layout-flow wp-block-column-is-layout-flow\" style=\"flex-basis:66.66%\">\n<blockquote class=\"wp-block-quote has-accent-5-color has-contrast-background-color has-text-color has-background has-link-color wp-elements-5a1830b1397656d062e5e786a7d11fa9 is-layout-flow wp-block-quote-is-layout-flow\">\n<p>Les variantes:<\/p>\n\n\n\n<p><a href=\"https:\/\/fr.wikipedia.org\/wiki\/Pop_baroque\">Pop baroque<\/a>,&nbsp;<a href=\"https:\/\/fr.wikipedia.org\/wiki\/Dance-pop\">dance-pop<\/a>,&nbsp;<a href=\"https:\/\/fr.wikipedia.org\/wiki\/Electro_pop\">electro pop<\/a>,&nbsp;<a href=\"https:\/\/fr.wikipedia.org\/wiki\/Europop\">Europop<\/a>,&nbsp;<a href=\"https:\/\/fr.wikipedia.org\/wiki\/Pop_ind%C3%A9pendante\">pop ind\u00e9pendante<\/a>,&nbsp;<a href=\"https:\/\/fr.wikipedia.org\/wiki\/Jangle_pop\">jangle pop<\/a>,&nbsp;<a href=\"https:\/\/fr.wikipedia.org\/wiki\/Pop_psych%C3%A9d%C3%A9lique\">pop psych\u00e9d\u00e9lique<\/a>,&nbsp;<a href=\"https:\/\/fr.wikipedia.org\/wiki\/Power_pop\">power pop<\/a>,&nbsp;<a href=\"https:\/\/fr.wikipedia.org\/wiki\/Synthpop\">synthpop<\/a>,&nbsp;<a href=\"https:\/\/fr.wikipedia.org\/wiki\/Sunshine_pop\">sunshine pop<\/a>,&nbsp;<a href=\"https:\/\/fr.wikipedia.org\/wiki\/Teen_pop\">teen pop<\/a>,&nbsp;<a href=\"https:\/\/fr.wikipedia.org\/wiki\/Britpop\">Britpop<\/a>,&nbsp;<a href=\"https:\/\/fr.wikipedia.org\/wiki\/Country_pop\">country pop<\/a>,&nbsp;<a href=\"https:\/\/fr.wikipedia.org\/wiki\/Girl_group\">girl group<\/a>,&nbsp;<a href=\"https:\/\/fr.wikipedia.org\/wiki\/J-pop\">J-pop<\/a>,&nbsp;<a href=\"https:\/\/fr.wikipedia.org\/wiki\/K-pop\">K-pop<\/a>,&nbsp;<a href=\"https:\/\/fr.wikipedia.org\/wiki\/C-pop\">C-pop<\/a>,&nbsp;<a href=\"https:\/\/fr.wikipedia.org\/wiki\/T-pop\">T-pop<\/a>,&nbsp;<a href=\"https:\/\/fr.wikipedia.org\/wiki\/Pop_latino\">pop latino<\/a>,&nbsp;<a href=\"https:\/\/fr.wikipedia.org\/wiki\/Pop_folk\">pop folk<\/a>,&nbsp;<a href=\"https:\/\/fr.wikipedia.org\/wiki\/Pop_rock\">pop rock<\/a>,&nbsp;<a href=\"https:\/\/fr.wikipedia.org\/wiki\/Pop_punk\">pop punk<\/a>,&nbsp;<a href=\"https:\/\/fr.wikipedia.org\/wiki\/Pop_metal\">pop metal<\/a>,&nbsp;<a href=\"https:\/\/fr.wikipedia.org\/wiki\/Pop_alternative\">pop alternative<\/a>,&nbsp;<a href=\"https:\/\/fr.wikipedia.org\/wiki\/Art_pop\">art pop<\/a>,&nbsp;<a href=\"https:\/\/fr.wikipedia.org\/wiki\/Pop_exp%C3%A9rimentale\">pop exp\u00e9rimentale<\/a>,&nbsp;<a href=\"https:\/\/fr.wikipedia.org\/wiki\/Avant-pop\">avant-pop<\/a>,&nbsp;<a href=\"https:\/\/fr.wikipedia.org\/wiki\/Afropop\">afropop<\/a>,&nbsp;<a href=\"https:\/\/fr.wikipedia.org\/wiki\/Pop_progressive\">pop progressive<\/a>,&nbsp;<a href=\"https:\/\/fr.wikipedia.org\/wiki\/Emo_pop\">emo pop<\/a>,&nbsp;<a href=\"https:\/\/fr.wikipedia.org\/wiki\/Blue-eyed_soul\">blue-eyed soul<\/a><\/p>\n<\/blockquote>\n\n\n\n<div class=\"wp-block-cover\"><img loading=\"lazy\" decoding=\"async\" width=\"576\" height=\"1024\" class=\"wp-block-cover__image-background wp-image-105 size-large\" alt=\"\" src=\"https:\/\/eleves.escl.fr\/wp2\/musique\/wp-content\/uploads\/sites\/29\/2026\/03\/IMG_0559-576x1024.jpeg\" data-object-fit=\"cover\" srcset=\"https:\/\/eleves.escl.fr\/wp2\/musique\/wp-content\/uploads\/sites\/29\/2026\/03\/IMG_0559-576x1024.jpeg 576w, https:\/\/eleves.escl.fr\/wp2\/musique\/wp-content\/uploads\/sites\/29\/2026\/03\/IMG_0559-169x300.jpeg 169w, https:\/\/eleves.escl.fr\/wp2\/musique\/wp-content\/uploads\/sites\/29\/2026\/03\/IMG_0559-768x1365.jpeg 768w, https:\/\/eleves.escl.fr\/wp2\/musique\/wp-content\/uploads\/sites\/29\/2026\/03\/IMG_0559-864x1536.jpeg 864w, https:\/\/eleves.escl.fr\/wp2\/musique\/wp-content\/uploads\/sites\/29\/2026\/03\/IMG_0559.jpeg 1080w\" sizes=\"auto, (max-width: 576px) 100vw, 576px\" \/><span aria-hidden=\"true\" class=\"wp-block-cover__background has-background-dim-0 has-background-dim\" style=\"background-color:#726b6a\"><\/span><div class=\"wp-block-cover__inner-container is-layout-flow wp-block-cover-is-layout-flow\">\n<div style=\"height:var(--wp--preset--spacing--20)\" aria-hidden=\"true\" class=\"wp-block-spacer\"><\/div>\n<\/div><\/div>\n\n\n\n<p><em><strong>ARTISTE ASSOCIER:<\/strong><\/em><\/p>\n\n\n\n<p class=\"has-text-align-left\">\u00b0 BRITNEY SPEARS                          \u00b0BEBE REXHA<\/p>\n\n\n\n<p class=\"has-text-align-left\">\u00b0ARIANA GRANDE                            \u00b0 LADY GAGA<\/p>\n\n\n\n<p>\u00b0COLPLAY                                              \u00b0RIHANNA<\/p>\n\n\n\n<p>\u00b0BEYONCE                                             \u00b0OLIVIA RODRIGO<\/p>\n\n\n\n<p>\u00b0TAYLOR SWIFT                                \u00b0LORIE<br><br>\u00b0SABRYNA CARPENTER              \u00b0LOUANE<\/p>\n\n\n\n<p>\u00b0HARRY STYLE                                   \u00b0LOUISE ATTAQUE<br><br>\u00b0JUSTIN BIEBER                               \u00b0MYLENE FARMER<\/p>\n<\/div>\n<\/div>\n\n\n\n<div class=\"wp-block-columns alignfull is-style-section-2 is-layout-flex wp-container-core-columns-is-layout-d9884270 wp-block-columns-is-layout-flex is-style-section-2--1\" style=\"padding-top:0;padding-bottom:0\">\n<div class=\"wp-block-column is-layout-flow wp-block-column-is-layout-flow\" style=\"flex-basis:50%\">\n<div class=\"wp-block-group is-vertical is-content-justification-stretch is-layout-flex wp-container-core-group-is-layout-098fff0a wp-block-group-is-layout-flex\" style=\"min-height:33vh;padding-top:var(--wp--preset--spacing--50);padding-right:var(--wp--preset--spacing--50);padding-bottom:var(--wp--preset--spacing--50);padding-left:var(--wp--preset--spacing--50)\">\n<p><\/p>\n\n\n\n<div style=\"height:0px\" aria-hidden=\"true\" class=\"wp-block-spacer wp-container-content-6388d5dc\"><\/div>\n\n\n\n<h2 class=\"wp-block-heading has-xx-large-font-size\">PRECEDENTS<\/h2>\n<\/div>\n<\/div>\n\n\n\n<div class=\"wp-block-column is-layout-flow wp-block-column-is-layout-flow\" style=\"flex-basis:50%\"><\/div>\n<\/div>\n<\/div>\n\n\n\n<p><\/p>\n","protected":false},"excerpt":{"rendered":"<p>\u00ab&nbsp;Pop Musique \u00bb La Pop Musique est d\u00e9velopp\u00e9e en Angleterre et aux Etats-Unis dans le courant culturelle des ann\u00e9es 1960. Elle a \u00e9tait cr\u00e9e pour d\u00e9crire le rock&rsquo; n&rsquo; roll et les nouveaux styles musicaux des jeunes qui ont \u00e9tait influenc\u00e9s par celui-ci. La \u00a0\u00bb Pop Musique\u00a0\u00bb s&rsquo;appelait autrefois \u00ab\u00a0Popular Music\u00a0\u00bb. A la fin des [&hellip;]<\/p>\n","protected":false},"author":48,"featured_media":0,"parent":0,"menu_order":0,"comment_status":"closed","ping_status":"closed","template":"","meta":{"footnotes":""},"class_list":["post-81","page","type-page","status-publish","hentry"],"_links":{"self":[{"href":"https:\/\/eleves.escl.fr\/wp2\/musique\/wp-json\/wp\/v2\/pages\/81","targetHints":{"allow":["GET"]}}],"collection":[{"href":"https:\/\/eleves.escl.fr\/wp2\/musique\/wp-json\/wp\/v2\/pages"}],"about":[{"href":"https:\/\/eleves.escl.fr\/wp2\/musique\/wp-json\/wp\/v2\/types\/page"}],"author":[{"embeddable":true,"href":"https:\/\/eleves.escl.fr\/wp2\/musique\/wp-json\/wp\/v2\/users\/48"}],"replies":[{"embeddable":true,"href":"https:\/\/eleves.escl.fr\/wp2\/musique\/wp-json\/wp\/v2\/comments?post=81"}],"version-history":[{"count":5,"href":"https:\/\/eleves.escl.fr\/wp2\/musique\/wp-json\/wp\/v2\/pages\/81\/revisions"}],"predecessor-version":[{"id":134,"href":"https:\/\/eleves.escl.fr\/wp2\/musique\/wp-json\/wp\/v2\/pages\/81\/revisions\/134"}],"wp:attachment":[{"href":"https:\/\/eleves.escl.fr\/wp2\/musique\/wp-json\/wp\/v2\/media?parent=81"}],"curies":[{"name":"wp","href":"https:\/\/api.w.org\/{rel}","templated":true}]}}