{"id":86,"date":"2026-03-23T20:15:59","date_gmt":"2026-03-23T19:15:59","guid":{"rendered":"https:\/\/eleves.escl.fr\/wp2\/musique\/?page_id=86"},"modified":"2026-03-23T20:15:59","modified_gmt":"2026-03-23T19:15:59","slug":"parlons-country","status":"publish","type":"page","link":"https:\/\/eleves.escl.fr\/wp2\/musique\/parlons-country\/","title":{"rendered":"PARLONS COUNTRY"},"content":{"rendered":"\n<div class=\"wp-block-group alignfull is-layout-flow wp-container-core-group-is-layout-f9cb6abc wp-block-group-is-layout-flow\" style=\"margin-top:0;margin-bottom:0\">\n<div class=\"wp-block-columns alignfull is-not-stacked-on-mobile is-layout-flex wp-container-core-columns-is-layout-e154fb6a wp-block-columns-is-layout-flex\" style=\"margin-top:0;margin-bottom:0;padding-top:var(--wp--preset--spacing--40);padding-right:var(--wp--preset--spacing--40);padding-bottom:var(--wp--preset--spacing--80);padding-left:var(--wp--preset--spacing--40)\">\n<div class=\"wp-block-column is-layout-flow wp-block-column-is-layout-flow\" style=\"flex-basis:66.66%\">\n<div class=\"wp-block-group is-vertical is-content-justification-stretch is-layout-flex wp-container-core-group-is-layout-7e003bba wp-block-group-is-layout-flex\">\n<h2 class=\"wp-block-heading has-xx-large-font-size\">\u00ab&nbsp;Country \u00bb<\/h2>\n\n\n\n<p>La musique country d\u00e9bute au d\u00e9but du XX\u00e8me si\u00e8cle. Elle est un m\u00e9lange de musique traditionnelles principalement d\u00e9velopp\u00e9e au sud des Etats-Unis mais \u00e9galement dans quelque pays d&rsquo;Europe tel que l&rsquo;Irlande ou le nord des Pays-Bas. Ce style de musique a \u00e9volu\u00e9 rapidement dans les ann\u00e9es 1920 et reste tr\u00e8s populaire aujourd&rsquo;hui. Il est rythmique, trainant, sentimental et m\u00eame \u00e9mouvant.  <\/p>\n<\/div>\n\n\n\n<figure class=\"wp-block-embed is-type-rich is-provider-spotify wp-block-embed-spotify wp-embed-aspect-21-9 wp-has-aspect-ratio\"><div class=\"wp-block-embed__wrapper\">\n<iframe title=\"Spotify Embed: Take Me Home, Country Roads\" style=\"border-radius: 12px\" width=\"100%\" height=\"152\" frameborder=\"0\" allowfullscreen allow=\"autoplay; clipboard-write; encrypted-media; fullscreen; picture-in-picture\" loading=\"lazy\" src=\"https:\/\/open.spotify.com\/embed\/track\/1QbOvACeYanja5pbnJbAmk?si=6f0295f620724a05&amp;utm_source=oembed\"><\/iframe>\n<\/div><\/figure>\n\n\n\n<div class=\"wp-block-group is-vertical is-content-justification-stretch is-layout-flex wp-container-core-group-is-layout-7e003bba wp-block-group-is-layout-flex\">\n<div style=\"height:51px\" aria-hidden=\"true\" class=\"wp-block-spacer wp-container-content-fb262ff4\"><\/div>\n\n\n\n<figure class=\"wp-block-embed is-type-rich is-provider-spotify wp-block-embed-spotify wp-embed-aspect-21-9 wp-has-aspect-ratio\"><div class=\"wp-block-embed__wrapper\">\n<iframe title=\"Spotify Embed: Jolene\" style=\"border-radius: 12px\" width=\"100%\" height=\"152\" frameborder=\"0\" allowfullscreen allow=\"autoplay; clipboard-write; encrypted-media; fullscreen; picture-in-picture\" loading=\"lazy\" src=\"https:\/\/open.spotify.com\/embed\/track\/2SpEHTbUuebeLkgs9QB7Ue?si=441082a7be3a4752&amp;utm_source=oembed\"><\/iframe>\n<\/div><\/figure>\n<\/div>\n<\/div>\n\n\n\n<div class=\"wp-block-column is-layout-flow wp-block-column-is-layout-flow\">\n<blockquote class=\"wp-block-quote has-accent-5-color has-contrast-background-color has-text-color has-background has-link-color wp-elements-984e10d04b94fff706c42b680dff9913 is-layout-flow wp-block-quote-is-layout-flow\">\n<p>Les variantes:<\/p>\n\n\n\n<p><a href=\"https:\/\/fr.wikipedia.org\/wiki\/Bakersfield_sound\">Bakersfield sound<\/a>,\u00a0<a href=\"https:\/\/fr.wikipedia.org\/wiki\/Bluegrass\">bluegrass<\/a>,\u00a0<a href=\"https:\/\/fr.wikipedia.org\/wiki\/Close_harmony\">close harmony<\/a>,\u00a0<a href=\"https:\/\/fr.wikipedia.org\/wiki\/Country_alternative\">country alternative<\/a>,\u00a0<a href=\"https:\/\/fr.wikipedia.org\/wiki\/Country_n%C3%A9o_traditionnelle\">country n\u00e9o traditionnelle<\/a>,\u00a0<a href=\"https:\/\/fr.wikipedia.org\/wiki\/Country_pop\">country pop<\/a>,\u00a0<a href=\"https:\/\/fr.wikipedia.org\/wiki\/Country_rap\">country rap<\/a>,\u00a0<a href=\"https:\/\/fr.wikipedia.org\/wiki\/Country_rock\">country rock<\/a>,\u00a0<a href=\"https:\/\/fr.wikipedia.org\/wiki\/Country_soul\">country soul<\/a>,\u00a0<a href=\"https:\/\/fr.wikipedia.org\/wiki\/Cowpunk\">cowpunk<\/a>,\u00a0<a href=\"https:\/\/fr.wikipedia.org\/wiki\/Gothabilly\">gothabilly<\/a>,\u00a0<a href=\"https:\/\/fr.wikipedia.org\/wiki\/Honky_tonk\">honky tonk<\/a>,\u00a0<a href=\"https:\/\/fr.wikipedia.org\/wiki\/Jug_band\">jug band<\/a>,\u00a0<a href=\"https:\/\/fr.wikipedia.org\/wiki\/Lubbock_(%C3%89tats-Unis)\">lubbock sound<\/a>,\u00a0<a href=\"https:\/\/fr.wikipedia.org\/wiki\/Nashville_sound\">Nashville sound<\/a>,\u00a0<a href=\"https:\/\/fr.wikipedia.org\/wiki\/Outlaw_country\">outlaw country<\/a>,\u00a0<a href=\"https:\/\/fr.wikipedia.org\/wiki\/Psychobilly\">psychobilly<\/a>,\u00a0<a href=\"https:\/\/fr.wikipedia.org\/wiki\/Red_dirt\">red dirt<\/a>,\u00a0<a href=\"https:\/\/fr.wikipedia.org\/wiki\/Rockabilly\">rockabilly<\/a>,\u00a0<a href=\"https:\/\/fr.wikipedia.org\/wiki\/Western_swing\">western swing<\/a><\/p>\n<\/blockquote>\n\n\n\n<div class=\"wp-block-cover is-light\" style=\"min-height:430px;aspect-ratio:unset;\"><img loading=\"lazy\" decoding=\"async\" width=\"1024\" height=\"1024\" class=\"wp-block-cover__image-background wp-image-164 size-full\" alt=\"\" src=\"https:\/\/eleves.escl.fr\/wp2\/musique\/wp-content\/uploads\/sites\/29\/2026\/03\/IMG_0571.jpeg\" data-object-fit=\"cover\" srcset=\"https:\/\/eleves.escl.fr\/wp2\/musique\/wp-content\/uploads\/sites\/29\/2026\/03\/IMG_0571.jpeg 1024w, https:\/\/eleves.escl.fr\/wp2\/musique\/wp-content\/uploads\/sites\/29\/2026\/03\/IMG_0571-300x300.jpeg 300w, https:\/\/eleves.escl.fr\/wp2\/musique\/wp-content\/uploads\/sites\/29\/2026\/03\/IMG_0571-150x150.jpeg 150w, https:\/\/eleves.escl.fr\/wp2\/musique\/wp-content\/uploads\/sites\/29\/2026\/03\/IMG_0571-768x768.jpeg 768w\" sizes=\"auto, (max-width: 1024px) 100vw, 1024px\" \/><span aria-hidden=\"true\" class=\"wp-block-cover__background has-background-dim-0 has-background-dim\" style=\"background-color:#b9a78e\"><\/span><div class=\"wp-block-cover__inner-container is-layout-flow wp-block-cover-is-layout-flow\">\n<div style=\"height:var(--wp--preset--spacing--20)\" aria-hidden=\"true\" class=\"wp-block-spacer\"><\/div>\n<\/div><\/div>\n\n\n\n<p><strong><em>ARTISTE ASSOCIER:<\/em><\/strong><\/p>\n\n\n\n<p><strong><strong> <\/strong><\/strong>\u00b0JOHNNY CASH         \u00b0TRICK PONY<\/p>\n\n\n\n<p>\u00b0TEXAS SIDESTEP       \u00b0ALABAMA<\/p>\n<\/div>\n<\/div>\n<\/div>\n","protected":false},"excerpt":{"rendered":"<p>\u00ab&nbsp;Country \u00bb La musique country d\u00e9bute au d\u00e9but du XX\u00e8me si\u00e8cle. Elle est un m\u00e9lange de musique traditionnelles principalement d\u00e9velopp\u00e9e au sud des Etats-Unis mais \u00e9galement dans quelque pays d&rsquo;Europe tel que l&rsquo;Irlande ou le nord des Pays-Bas. Ce style de musique a \u00e9volu\u00e9 rapidement dans les ann\u00e9es 1920 et reste tr\u00e8s populaire aujourd&rsquo;hui. Il [&hellip;]<\/p>\n","protected":false},"author":48,"featured_media":0,"parent":0,"menu_order":0,"comment_status":"closed","ping_status":"closed","template":"","meta":{"footnotes":""},"class_list":["post-86","page","type-page","status-publish","hentry"],"_links":{"self":[{"href":"https:\/\/eleves.escl.fr\/wp2\/musique\/wp-json\/wp\/v2\/pages\/86","targetHints":{"allow":["GET"]}}],"collection":[{"href":"https:\/\/eleves.escl.fr\/wp2\/musique\/wp-json\/wp\/v2\/pages"}],"about":[{"href":"https:\/\/eleves.escl.fr\/wp2\/musique\/wp-json\/wp\/v2\/types\/page"}],"author":[{"embeddable":true,"href":"https:\/\/eleves.escl.fr\/wp2\/musique\/wp-json\/wp\/v2\/users\/48"}],"replies":[{"embeddable":true,"href":"https:\/\/eleves.escl.fr\/wp2\/musique\/wp-json\/wp\/v2\/comments?post=86"}],"version-history":[{"count":5,"href":"https:\/\/eleves.escl.fr\/wp2\/musique\/wp-json\/wp\/v2\/pages\/86\/revisions"}],"predecessor-version":[{"id":166,"href":"https:\/\/eleves.escl.fr\/wp2\/musique\/wp-json\/wp\/v2\/pages\/86\/revisions\/166"}],"wp:attachment":[{"href":"https:\/\/eleves.escl.fr\/wp2\/musique\/wp-json\/wp\/v2\/media?parent=86"}],"curies":[{"name":"wp","href":"https:\/\/api.w.org\/{rel}","templated":true}]}}