{"id":159,"date":"2026-02-10T13:53:09","date_gmt":"2026-02-10T12:53:09","guid":{"rendered":"https:\/\/eleves.escl.fr\/wp2\/ongles\/?page_id=159"},"modified":"2026-03-10T14:35:32","modified_gmt":"2026-03-10T13:35:32","slug":"historique","status":"publish","type":"page","link":"https:\/\/eleves.escl.fr\/wp2\/ongles\/historique\/","title":{"rendered":"Historique"},"content":{"rendered":"\n<div class=\"wp-block-group alignfull has-global-padding is-layout-constrained wp-block-group-is-layout-constrained\" style=\"margin-top:0;margin-bottom:0;padding-top:var(--wp--preset--spacing--50);padding-bottom:var(--wp--preset--spacing--50)\">\n<div class=\"wp-block-group alignfull has-global-padding is-layout-constrained wp-block-group-is-layout-constrained\" style=\"margin-top:0;margin-bottom:0;padding-top:var(--wp--preset--spacing--50);padding-bottom:var(--wp--preset--spacing--50)\">\n<div class=\"wp-block-columns alignwide is-layout-flex wp-container-core-columns-is-layout-fa584acd wp-block-columns-is-layout-flex\">\n<div class=\"wp-block-column is-vertically-aligned-center is-layout-flow wp-block-column-is-layout-flow\">\n<p>Les premi\u00e8res preuves de soin des ongles remontent\u00a0\u00e0 5 000 ans avant notre \u00e8re, en Inde, o\u00f9 les femmes se d\u00e9coraient les mains et<strong>\u00a0les ongles avec de l\u2019henn\u00e9<\/strong>.<\/p>\n\n\n\n<p>Puis&nbsp;1 000 ans apr\u00e8s&nbsp;environ, on d\u00e9couvre dans le sud de Babylone que les hommes les peignaient avec du kh\u00f4l pour afficher leur rang social. Le noir \u00e9tait r\u00e9serv\u00e9 aux classes privil\u00e9gi\u00e9es&nbsp;tandis que le vert \u00e9tait port\u00e9 par les classes moyennes.<\/p>\n\n\n\n<p>Les plus vieux&nbsp;<strong>instruments de manucure<\/strong>&nbsp;ont \u00e9t\u00e9 d\u00e9couverts dans des tombes royales \u00e9gyptiennes. Les momies \u00e9gyptiennes ont m\u00eame droit \u00e0 une&nbsp;<strong>manucure<\/strong>&nbsp;et p\u00e9dicure post mortem.<\/p>\n\n\n\n<p id=\"caption-attachment-2444\">Set de manucure du 19\u00e8me<\/p>\n\n\n\n<p>Vers&nbsp;3 000 ans av JC, les chinois d\u00e9posaient sur leurs ongles un laque color\u00e9. Ils sont d\u2019ailleurs les premiers \u00e0 avoir invent\u00e9 le&nbsp;<strong>vernis<\/strong>. Leur recette \u00e9tait compos\u00e9 de blanc d\u2019oeufs, de cire d\u2019abeille, de gomme arabique et de teinture v\u00e9g\u00e9tale.<\/p>\n\n\n\n<p>Ensuite vers&nbsp;600 av JC&nbsp;pour faire valoir&nbsp;leur sang royal, les chinois appliquaient de l\u2019or et de l\u2019argent sur leurs ongles alors que&nbsp;les femmes \u00e9gyptiennes les recouvraient d\u2019une couleur rubis.<\/p>\n\n\n\n<p class=\"has-medium-font-size\">Au fil du temps, les femmes occidentales, ont gard\u00e9 les&nbsp;<strong>ongles courts et arrondis<\/strong>, ce qui constituait l\u2019\u00e9tiquette de la beaut\u00e9, de la sant\u00e9 et de la noblesse.&nbsp;Parfois ils \u00e9taient&nbsp;orn\u00e9s de couleurs mais tr\u00e8s discr\u00e8tes au risque d\u2019\u00eatre mal per\u00e7u.<\/p>\n<\/div>\n\n\n\n<div class=\"wp-block-column is-vertically-aligned-center is-layout-flow wp-block-column-is-layout-flow\">\n<figure class=\"wp-block-image size-full is-resized\"><img loading=\"lazy\" decoding=\"async\" width=\"259\" height=\"194\" src=\"https:\/\/eleves.escl.fr\/wp2\/ongles\/wp-content\/uploads\/sites\/24\/2026\/03\/onges-henne.jpg\" alt=\"\" class=\"wp-image-230\" style=\"width:387px;height:auto\" \/><\/figure>\n<\/div>\n<\/div>\n<\/div>\n<\/div>\n","protected":false},"excerpt":{"rendered":"<p>Les premi\u00e8res preuves de soin des ongles remontent\u00a0\u00e0 5 000 ans avant notre \u00e8re, en Inde, o\u00f9 les femmes se d\u00e9coraient les mains et\u00a0les ongles avec de l\u2019henn\u00e9. Puis&nbsp;1 000 ans apr\u00e8s&nbsp;environ, on d\u00e9couvre dans le sud de Babylone que les hommes les peignaient avec du kh\u00f4l pour afficher leur rang social. Le noir \u00e9tait [&hellip;]<\/p>\n","protected":false},"author":47,"featured_media":0,"parent":0,"menu_order":0,"comment_status":"closed","ping_status":"closed","template":"","meta":{"footnotes":""},"class_list":["post-159","page","type-page","status-publish","hentry"],"_links":{"self":[{"href":"https:\/\/eleves.escl.fr\/wp2\/ongles\/wp-json\/wp\/v2\/pages\/159","targetHints":{"allow":["GET"]}}],"collection":[{"href":"https:\/\/eleves.escl.fr\/wp2\/ongles\/wp-json\/wp\/v2\/pages"}],"about":[{"href":"https:\/\/eleves.escl.fr\/wp2\/ongles\/wp-json\/wp\/v2\/types\/page"}],"author":[{"embeddable":true,"href":"https:\/\/eleves.escl.fr\/wp2\/ongles\/wp-json\/wp\/v2\/users\/47"}],"replies":[{"embeddable":true,"href":"https:\/\/eleves.escl.fr\/wp2\/ongles\/wp-json\/wp\/v2\/comments?post=159"}],"version-history":[{"count":6,"href":"https:\/\/eleves.escl.fr\/wp2\/ongles\/wp-json\/wp\/v2\/pages\/159\/revisions"}],"predecessor-version":[{"id":231,"href":"https:\/\/eleves.escl.fr\/wp2\/ongles\/wp-json\/wp\/v2\/pages\/159\/revisions\/231"}],"wp:attachment":[{"href":"https:\/\/eleves.escl.fr\/wp2\/ongles\/wp-json\/wp\/v2\/media?parent=159"}],"curies":[{"name":"wp","href":"https:\/\/api.w.org\/{rel}","templated":true}]}}