{"id":43,"date":"2026-01-13T14:27:56","date_gmt":"2026-01-13T13:27:56","guid":{"rendered":"https:\/\/eleves.escl.fr\/wp2\/ongles\/?page_id=43"},"modified":"2026-03-10T14:40:25","modified_gmt":"2026-03-10T13:40:25","slug":"carre","status":"publish","type":"page","link":"https:\/\/eleves.escl.fr\/wp2\/ongles\/style\/forme\/carre\/","title":{"rendered":"Carr\u00e9"},"content":{"rendered":"\n<div class=\"wp-block-group alignfull has-global-padding is-layout-constrained wp-block-group-is-layout-constrained\" style=\"margin-top:0;margin-bottom:0;padding-top:var(--wp--preset--spacing--50);padding-bottom:var(--wp--preset--spacing--50)\">\n<div class=\"wp-block-columns alignwide is-layout-flex wp-container-core-columns-is-layout-fa584acd wp-block-columns-is-layout-flex\">\n<div class=\"wp-block-column is-vertically-aligned-center is-layout-flow wp-block-column-is-layout-flow\">\n<p class=\"has-text-align-center\">Carr\u00e9<\/p>\n\n\n\n<p class=\"has-text-align-center\">Rectangle arrondi <\/p>\n\n\n\n<p class=\"has-text-align-center\">Carr\u00e9 oval <\/p>\n\n\n\n<p class=\"has-text-align-center\">Carr\u00e9 arrondi<\/p>\n<\/div>\n\n\n\n<div class=\"wp-block-column is-vertically-aligned-center is-layout-flow wp-block-column-is-layout-flow\">\n<figure class=\"wp-block-image size-full\"><img loading=\"lazy\" decoding=\"async\" width=\"1280\" height=\"853\" src=\"https:\/\/eleves.escl.fr\/wp2\/ongles\/wp-content\/uploads\/sites\/24\/2026\/03\/IMG_2859.jpeg\" alt=\"\" class=\"wp-image-232\" style=\"aspect-ratio:1;object-fit:cover\" srcset=\"https:\/\/eleves.escl.fr\/wp2\/ongles\/wp-content\/uploads\/sites\/24\/2026\/03\/IMG_2859.jpeg 1280w, https:\/\/eleves.escl.fr\/wp2\/ongles\/wp-content\/uploads\/sites\/24\/2026\/03\/IMG_2859-300x200.jpeg 300w, https:\/\/eleves.escl.fr\/wp2\/ongles\/wp-content\/uploads\/sites\/24\/2026\/03\/IMG_2859-1024x682.jpeg 1024w, https:\/\/eleves.escl.fr\/wp2\/ongles\/wp-content\/uploads\/sites\/24\/2026\/03\/IMG_2859-768x512.jpeg 768w\" sizes=\"auto, (max-width: 1280px) 100vw, 1280px\" \/><\/figure>\n<\/div>\n<\/div>\n<\/div>\n\n\n\n<p><\/p>\n","protected":false},"excerpt":{"rendered":"<p>Carr\u00e9 Rectangle arrondi Carr\u00e9 oval Carr\u00e9 arrondi<\/p>\n","protected":false},"author":49,"featured_media":0,"parent":19,"menu_order":0,"comment_status":"closed","ping_status":"closed","template":"","meta":{"footnotes":""},"class_list":["post-43","page","type-page","status-publish","hentry"],"_links":{"self":[{"href":"https:\/\/eleves.escl.fr\/wp2\/ongles\/wp-json\/wp\/v2\/pages\/43","targetHints":{"allow":["GET"]}}],"collection":[{"href":"https:\/\/eleves.escl.fr\/wp2\/ongles\/wp-json\/wp\/v2\/pages"}],"about":[{"href":"https:\/\/eleves.escl.fr\/wp2\/ongles\/wp-json\/wp\/v2\/types\/page"}],"author":[{"embeddable":true,"href":"https:\/\/eleves.escl.fr\/wp2\/ongles\/wp-json\/wp\/v2\/users\/49"}],"replies":[{"embeddable":true,"href":"https:\/\/eleves.escl.fr\/wp2\/ongles\/wp-json\/wp\/v2\/comments?post=43"}],"version-history":[{"count":3,"href":"https:\/\/eleves.escl.fr\/wp2\/ongles\/wp-json\/wp\/v2\/pages\/43\/revisions"}],"predecessor-version":[{"id":234,"href":"https:\/\/eleves.escl.fr\/wp2\/ongles\/wp-json\/wp\/v2\/pages\/43\/revisions\/234"}],"up":[{"embeddable":true,"href":"https:\/\/eleves.escl.fr\/wp2\/ongles\/wp-json\/wp\/v2\/pages\/19"}],"wp:attachment":[{"href":"https:\/\/eleves.escl.fr\/wp2\/ongles\/wp-json\/wp\/v2\/media?parent=43"}],"curies":[{"name":"wp","href":"https:\/\/api.w.org\/{rel}","templated":true}]}}