{"id":18,"date":"2025-01-14T14:29:13","date_gmt":"2025-01-14T13:29:13","guid":{"rendered":"https:\/\/eleves.escl.fr\/wp2\/styles\/?page_id=18"},"modified":"2025-03-11T13:55:47","modified_gmt":"2025-03-11T12:55:47","slug":"boheme","status":"publish","type":"page","link":"https:\/\/eleves.escl.fr\/wp2\/styles\/boheme\/","title":{"rendered":"BOHEME"},"content":{"rendered":"\n<p>Un style libre et cr\u00e9atif avec des influence vintage et \u00e9thnique <\/p>\n\n\n\n<p>\u00ab La boh\u00e8me \u00bb, qui appara\u00eet dans notre vocabulaire d\u00e8s le XVIIe si\u00e8cle, d\u00e9finit assez rapidement <strong>un style de vie anti-bourgeois, une pens\u00e9e libre et souvent artistique, et une tenue vestimentaire excentrique<\/strong>.<\/p>\n\n\n\n<figure class=\"wp-block-gallery has-nested-images columns-default is-cropped wp-block-gallery-1 is-layout-flex wp-block-gallery-is-layout-flex\">\n<figure class=\"wp-block-image size-large\"><a href=\"https:\/\/eleves.escl.fr\/wp2\/styles\/240-2\/\"><img loading=\"lazy\" decoding=\"async\" width=\"735\" height=\"997\" data-id=\"122\" src=\"https:\/\/eleves.escl.fr\/wp2\/styles\/wp-content\/uploads\/sites\/7\/2025\/01\/Ellis-Iyayi-2.jpg\" alt=\"\" class=\"wp-image-122\" srcset=\"https:\/\/eleves.escl.fr\/wp2\/styles\/wp-content\/uploads\/sites\/7\/2025\/01\/Ellis-Iyayi-2.jpg 735w, https:\/\/eleves.escl.fr\/wp2\/styles\/wp-content\/uploads\/sites\/7\/2025\/01\/Ellis-Iyayi-2-221x300.jpg 221w\" sizes=\"auto, (max-width: 735px) 100vw, 735px\" \/><\/a><\/figure>\n\n\n\n<figure class=\"wp-block-image size-large\"><a href=\"https:\/\/eleves.escl.fr\/wp2\/styles\/240-2\/\"><img loading=\"lazy\" decoding=\"async\" width=\"736\" height=\"920\" data-id=\"127\" src=\"https:\/\/eleves.escl.fr\/wp2\/styles\/wp-content\/uploads\/sites\/7\/2025\/01\/JbbN-3Qw-2.jpg\" alt=\"\" class=\"wp-image-127\" srcset=\"https:\/\/eleves.escl.fr\/wp2\/styles\/wp-content\/uploads\/sites\/7\/2025\/01\/JbbN-3Qw-2.jpg 736w, https:\/\/eleves.escl.fr\/wp2\/styles\/wp-content\/uploads\/sites\/7\/2025\/01\/JbbN-3Qw-2-240x300.jpg 240w\" sizes=\"auto, (max-width: 736px) 100vw, 736px\" \/><\/a><\/figure>\n\n\n\n<figure class=\"wp-block-image size-large\"><a href=\"https:\/\/eleves.escl.fr\/wp2\/styles\/240-2\/\"><img loading=\"lazy\" decoding=\"async\" width=\"736\" height=\"1012\" data-id=\"123\" src=\"https:\/\/eleves.escl.fr\/wp2\/styles\/wp-content\/uploads\/sites\/7\/2025\/01\/FfGq0L1c-2.jpg\" alt=\"\" class=\"wp-image-123\" srcset=\"https:\/\/eleves.escl.fr\/wp2\/styles\/wp-content\/uploads\/sites\/7\/2025\/01\/FfGq0L1c-2.jpg 736w, https:\/\/eleves.escl.fr\/wp2\/styles\/wp-content\/uploads\/sites\/7\/2025\/01\/FfGq0L1c-2-218x300.jpg 218w\" sizes=\"auto, (max-width: 736px) 100vw, 736px\" \/><\/a><\/figure>\n\n\n\n<figure class=\"wp-block-image size-large\"><a href=\"https:\/\/eleves.escl.fr\/wp2\/styles\/240-2\/\"><img loading=\"lazy\" decoding=\"async\" width=\"576\" height=\"1024\" data-id=\"124\" src=\"https:\/\/eleves.escl.fr\/wp2\/styles\/wp-content\/uploads\/sites\/7\/2025\/01\/k2H05AUP-2-576x1024.jpg\" alt=\"\" class=\"wp-image-124\" srcset=\"https:\/\/eleves.escl.fr\/wp2\/styles\/wp-content\/uploads\/sites\/7\/2025\/01\/k2H05AUP-2-576x1024.jpg 576w, https:\/\/eleves.escl.fr\/wp2\/styles\/wp-content\/uploads\/sites\/7\/2025\/01\/k2H05AUP-2-169x300.jpg 169w, https:\/\/eleves.escl.fr\/wp2\/styles\/wp-content\/uploads\/sites\/7\/2025\/01\/k2H05AUP-2.jpg 736w\" sizes=\"auto, (max-width: 576px) 100vw, 576px\" \/><\/a><\/figure>\n\n\n\n<figure class=\"wp-block-image size-large\"><a href=\"https:\/\/eleves.escl.fr\/wp2\/styles\/240-2\/\"><img loading=\"lazy\" decoding=\"async\" width=\"736\" height=\"828\" data-id=\"125\" src=\"https:\/\/eleves.escl.fr\/wp2\/styles\/wp-content\/uploads\/sites\/7\/2025\/01\/OcB8Vxjg-2.jpg\" alt=\"\" class=\"wp-image-125\" srcset=\"https:\/\/eleves.escl.fr\/wp2\/styles\/wp-content\/uploads\/sites\/7\/2025\/01\/OcB8Vxjg-2.jpg 736w, https:\/\/eleves.escl.fr\/wp2\/styles\/wp-content\/uploads\/sites\/7\/2025\/01\/OcB8Vxjg-2-267x300.jpg 267w\" sizes=\"auto, (max-width: 736px) 100vw, 736px\" \/><\/a><\/figure>\n\n\n\n<figure class=\"wp-block-image size-large\"><a href=\"https:\/\/eleves.escl.fr\/wp2\/styles\/240-2\/\"><img loading=\"lazy\" decoding=\"async\" width=\"576\" height=\"1024\" data-id=\"126\" src=\"https:\/\/eleves.escl.fr\/wp2\/styles\/wp-content\/uploads\/sites\/7\/2025\/01\/Outfit-inspo-summer-outfit-inspo-long-skirt-amazon-inspo-egypt-outfit-inspo-2-576x1024.jpg\" alt=\"\" class=\"wp-image-126\" srcset=\"https:\/\/eleves.escl.fr\/wp2\/styles\/wp-content\/uploads\/sites\/7\/2025\/01\/Outfit-inspo-summer-outfit-inspo-long-skirt-amazon-inspo-egypt-outfit-inspo-2-576x1024.jpg 576w, https:\/\/eleves.escl.fr\/wp2\/styles\/wp-content\/uploads\/sites\/7\/2025\/01\/Outfit-inspo-summer-outfit-inspo-long-skirt-amazon-inspo-egypt-outfit-inspo-2-169x300.jpg 169w, https:\/\/eleves.escl.fr\/wp2\/styles\/wp-content\/uploads\/sites\/7\/2025\/01\/Outfit-inspo-summer-outfit-inspo-long-skirt-amazon-inspo-egypt-outfit-inspo-2.jpg 736w\" sizes=\"auto, (max-width: 576px) 100vw, 576px\" \/><\/a><\/figure>\n<\/figure>\n","protected":false},"excerpt":{"rendered":"<p>Un style libre et cr\u00e9atif avec des influence vintage et \u00e9thnique \u00ab La boh\u00e8me \u00bb, qui appara\u00eet dans notre vocabulaire d\u00e8s le XVIIe si\u00e8cle, d\u00e9finit assez rapidement un style de vie anti-bourgeois, une pens\u00e9e libre et souvent artistique, et une tenue vestimentaire excentrique.<\/p>\n","protected":false},"author":20,"featured_media":0,"parent":0,"menu_order":1,"comment_status":"closed","ping_status":"closed","template":"","meta":{"footnotes":""},"class_list":["post-18","page","type-page","status-publish","hentry"],"_links":{"self":[{"href":"https:\/\/eleves.escl.fr\/wp2\/styles\/wp-json\/wp\/v2\/pages\/18","targetHints":{"allow":["GET"]}}],"collection":[{"href":"https:\/\/eleves.escl.fr\/wp2\/styles\/wp-json\/wp\/v2\/pages"}],"about":[{"href":"https:\/\/eleves.escl.fr\/wp2\/styles\/wp-json\/wp\/v2\/types\/page"}],"author":[{"embeddable":true,"href":"https:\/\/eleves.escl.fr\/wp2\/styles\/wp-json\/wp\/v2\/users\/20"}],"replies":[{"embeddable":true,"href":"https:\/\/eleves.escl.fr\/wp2\/styles\/wp-json\/wp\/v2\/comments?post=18"}],"version-history":[{"count":7,"href":"https:\/\/eleves.escl.fr\/wp2\/styles\/wp-json\/wp\/v2\/pages\/18\/revisions"}],"predecessor-version":[{"id":248,"href":"https:\/\/eleves.escl.fr\/wp2\/styles\/wp-json\/wp\/v2\/pages\/18\/revisions\/248"}],"wp:attachment":[{"href":"https:\/\/eleves.escl.fr\/wp2\/styles\/wp-json\/wp\/v2\/media?parent=18"}],"curies":[{"name":"wp","href":"https:\/\/api.w.org\/{rel}","templated":true}]}}