{"id":2,"date":"2024-12-17T14:35:45","date_gmt":"2024-12-17T13:35:45","guid":{"rendered":"https:\/\/eleves.escl.fr\/wp2\/styles\/?page_id=2"},"modified":"2025-03-11T13:57:46","modified_gmt":"2025-03-11T12:57:46","slug":"page-d-exemple","status":"publish","type":"page","link":"https:\/\/eleves.escl.fr\/wp2\/styles\/page-d-exemple\/","title":{"rendered":"CASUAL"},"content":{"rendered":"\n<p>Un Style confortable et d\u00e9contract\u00e9 id\u00e9al pour le quotidien<\/p>\n\n\n\n<p>Le terme anglais \u00ab casual \u00bb se traduit par les mots \u00ab&nbsp;<strong>d\u00e9contract\u00e9<\/strong>&nbsp;\u00bb ou \u00ab relax \u00bb. Comme style vestimentaire, il s&rsquo;agit d&rsquo;une tenue l\u00e9g\u00e8re et moins formelle.<\/p>\n\n\n\n<p><\/p>\n\n\n\n<figure class=\"wp-block-gallery has-nested-images columns-default is-cropped wp-block-gallery-1 is-layout-flex wp-block-gallery-is-layout-flex\">\n<figure class=\"wp-block-image size-large\"><a href=\"https:\/\/eleves.escl.fr\/wp2\/styles\/casual-2\/\"><img loading=\"lazy\" decoding=\"async\" width=\"539\" height=\"788\" data-id=\"158\" src=\"https:\/\/eleves.escl.fr\/wp2\/styles\/wp-content\/uploads\/sites\/7\/2025\/01\/1lAiqDlb-2-edited.jpg\" alt=\"\" class=\"wp-image-158\" srcset=\"https:\/\/eleves.escl.fr\/wp2\/styles\/wp-content\/uploads\/sites\/7\/2025\/01\/1lAiqDlb-2-edited.jpg 539w, https:\/\/eleves.escl.fr\/wp2\/styles\/wp-content\/uploads\/sites\/7\/2025\/01\/1lAiqDlb-2-edited-205x300.jpg 205w\" sizes=\"auto, (max-width: 539px) 100vw, 539px\" \/><\/a><\/figure>\n\n\n\n<figure class=\"wp-block-image size-large\"><a href=\"https:\/\/eleves.escl.fr\/wp2\/styles\/casual-2\/\"><img loading=\"lazy\" decoding=\"async\" width=\"679\" height=\"906\" data-id=\"159\" src=\"https:\/\/eleves.escl.fr\/wp2\/styles\/wp-content\/uploads\/sites\/7\/2025\/01\/17emZ4Ip-2-edited.jpg\" alt=\"\" class=\"wp-image-159\" srcset=\"https:\/\/eleves.escl.fr\/wp2\/styles\/wp-content\/uploads\/sites\/7\/2025\/01\/17emZ4Ip-2-edited.jpg 679w, https:\/\/eleves.escl.fr\/wp2\/styles\/wp-content\/uploads\/sites\/7\/2025\/01\/17emZ4Ip-2-edited-225x300.jpg 225w\" sizes=\"auto, (max-width: 679px) 100vw, 679px\" \/><\/a><\/figure>\n\n\n\n<figure class=\"wp-block-image size-large\"><a href=\"https:\/\/eleves.escl.fr\/wp2\/styles\/casual-2\/\"><img loading=\"lazy\" decoding=\"async\" width=\"410\" height=\"512\" data-id=\"160\" src=\"https:\/\/eleves.escl.fr\/wp2\/styles\/wp-content\/uploads\/sites\/7\/2025\/01\/2D1Pqlwm-2-edited.jpg\" alt=\"\" class=\"wp-image-160\" srcset=\"https:\/\/eleves.escl.fr\/wp2\/styles\/wp-content\/uploads\/sites\/7\/2025\/01\/2D1Pqlwm-2-edited.jpg 410w, https:\/\/eleves.escl.fr\/wp2\/styles\/wp-content\/uploads\/sites\/7\/2025\/01\/2D1Pqlwm-2-edited-240x300.jpg 240w\" sizes=\"auto, (max-width: 410px) 100vw, 410px\" \/><\/a><\/figure>\n\n\n\n<figure class=\"wp-block-image size-large\"><a href=\"https:\/\/eleves.escl.fr\/wp2\/styles\/casual-2\/\"><img loading=\"lazy\" decoding=\"async\" width=\"631\" height=\"835\" data-id=\"164\" src=\"https:\/\/eleves.escl.fr\/wp2\/styles\/wp-content\/uploads\/sites\/7\/2025\/01\/yUrgZ2Kj-2-edited.jpg\" alt=\"\" class=\"wp-image-164\" srcset=\"https:\/\/eleves.escl.fr\/wp2\/styles\/wp-content\/uploads\/sites\/7\/2025\/01\/yUrgZ2Kj-2-edited.jpg 631w, https:\/\/eleves.escl.fr\/wp2\/styles\/wp-content\/uploads\/sites\/7\/2025\/01\/yUrgZ2Kj-2-edited-227x300.jpg 227w\" sizes=\"auto, (max-width: 631px) 100vw, 631px\" \/><\/a><\/figure>\n\n\n\n<figure class=\"wp-block-image size-large\"><a href=\"https:\/\/eleves.escl.fr\/wp2\/styles\/casual-2\/\"><img loading=\"lazy\" decoding=\"async\" width=\"672\" height=\"896\" data-id=\"163\" src=\"https:\/\/eleves.escl.fr\/wp2\/styles\/wp-content\/uploads\/sites\/7\/2025\/01\/Adidas-Gazelle-Outfit-\ud83c\udf43-2-edited.jpg\" alt=\"\" class=\"wp-image-163\" srcset=\"https:\/\/eleves.escl.fr\/wp2\/styles\/wp-content\/uploads\/sites\/7\/2025\/01\/Adidas-Gazelle-Outfit-\ud83c\udf43-2-edited.jpg 672w, https:\/\/eleves.escl.fr\/wp2\/styles\/wp-content\/uploads\/sites\/7\/2025\/01\/Adidas-Gazelle-Outfit-\ud83c\udf43-2-edited-225x300.jpg 225w\" sizes=\"auto, (max-width: 672px) 100vw, 672px\" \/><\/a><\/figure>\n\n\n\n<figure class=\"wp-block-image size-large\"><a href=\"https:\/\/eleves.escl.fr\/wp2\/styles\/casual-2\/\"><img loading=\"lazy\" decoding=\"async\" width=\"474\" height=\"711\" data-id=\"138\" src=\"https:\/\/eleves.escl.fr\/wp2\/styles\/wp-content\/uploads\/sites\/7\/2025\/01\/cuMR_8xK-2.jpg\" alt=\"\" class=\"wp-image-138\" srcset=\"https:\/\/eleves.escl.fr\/wp2\/styles\/wp-content\/uploads\/sites\/7\/2025\/01\/cuMR_8xK-2.jpg 474w, https:\/\/eleves.escl.fr\/wp2\/styles\/wp-content\/uploads\/sites\/7\/2025\/01\/cuMR_8xK-2-200x300.jpg 200w\" sizes=\"auto, (max-width: 474px) 100vw, 474px\" \/><\/a><\/figure>\n<\/figure>\n","protected":false},"excerpt":{"rendered":"<p>Un Style confortable et d\u00e9contract\u00e9 id\u00e9al pour le quotidien Le terme anglais \u00ab casual \u00bb se traduit par les mots \u00ab&nbsp;d\u00e9contract\u00e9&nbsp;\u00bb ou \u00ab relax \u00bb. Comme style vestimentaire, il s&rsquo;agit d&rsquo;une tenue l\u00e9g\u00e8re et moins formelle.<\/p>\n","protected":false},"author":15,"featured_media":0,"parent":0,"menu_order":3,"comment_status":"closed","ping_status":"closed","template":"","meta":{"footnotes":""},"class_list":["post-2","page","type-page","status-publish","hentry"],"_links":{"self":[{"href":"https:\/\/eleves.escl.fr\/wp2\/styles\/wp-json\/wp\/v2\/pages\/2","targetHints":{"allow":["GET"]}}],"collection":[{"href":"https:\/\/eleves.escl.fr\/wp2\/styles\/wp-json\/wp\/v2\/pages"}],"about":[{"href":"https:\/\/eleves.escl.fr\/wp2\/styles\/wp-json\/wp\/v2\/types\/page"}],"author":[{"embeddable":true,"href":"https:\/\/eleves.escl.fr\/wp2\/styles\/wp-json\/wp\/v2\/users\/15"}],"replies":[{"embeddable":true,"href":"https:\/\/eleves.escl.fr\/wp2\/styles\/wp-json\/wp\/v2\/comments?post=2"}],"version-history":[{"count":7,"href":"https:\/\/eleves.escl.fr\/wp2\/styles\/wp-json\/wp\/v2\/pages\/2\/revisions"}],"predecessor-version":[{"id":253,"href":"https:\/\/eleves.escl.fr\/wp2\/styles\/wp-json\/wp\/v2\/pages\/2\/revisions\/253"}],"wp:attachment":[{"href":"https:\/\/eleves.escl.fr\/wp2\/styles\/wp-json\/wp\/v2\/media?parent=2"}],"curies":[{"name":"wp","href":"https:\/\/api.w.org\/{rel}","templated":true}]}}