{"id":24,"date":"2025-01-14T14:31:44","date_gmt":"2025-01-14T13:31:44","guid":{"rendered":"https:\/\/eleves.escl.fr\/wp2\/styles\/?page_id=24"},"modified":"2025-03-11T14:00:51","modified_gmt":"2025-03-11T13:00:51","slug":"streetwear","status":"publish","type":"page","link":"https:\/\/eleves.escl.fr\/wp2\/styles\/streetwear\/","title":{"rendered":"STREETWEAR"},"content":{"rendered":"\n<p>Un style inspir\u00e9 de la culture urbaine alliant confort et attitude <\/p>\n\n\n\n<p>Le streetwear, terme pouvant \u00eatre traduit par \u00ab <strong>ce qu&rsquo;on porte dans la rue<\/strong> \u00bb, parfois appel\u00e9 skatewear, est un style vestimentaire apparu au milieu des ann\u00e9es 1980 et qui conna\u00eet son apog\u00e9e dans les ann\u00e9es 1990. Il reste \u00e9troitement li\u00e9 \u00e0 la musique et plus particuli\u00e8rement au rap.<\/p>\n\n\n\n<figure class=\"wp-block-gallery has-nested-images columns-default is-cropped wp-block-gallery-1 is-layout-flex wp-block-gallery-is-layout-flex\">\n<figure class=\"wp-block-image size-large\"><a href=\"https:\/\/eleves.escl.fr\/wp2\/styles\/streetwear-2\/\"><img loading=\"lazy\" decoding=\"async\" width=\"578\" height=\"925\" data-id=\"180\" src=\"https:\/\/eleves.escl.fr\/wp2\/styles\/wp-content\/uploads\/sites\/7\/2025\/01\/outfits-fashion-style-edited.jpg\" alt=\"\" class=\"wp-image-180\" srcset=\"https:\/\/eleves.escl.fr\/wp2\/styles\/wp-content\/uploads\/sites\/7\/2025\/01\/outfits-fashion-style-edited.jpg 578w, https:\/\/eleves.escl.fr\/wp2\/styles\/wp-content\/uploads\/sites\/7\/2025\/01\/outfits-fashion-style-edited-187x300.jpg 187w\" sizes=\"auto, (max-width: 578px) 100vw, 578px\" \/><\/a><\/figure>\n\n\n\n<figure class=\"wp-block-image size-large\"><a href=\"https:\/\/eleves.escl.fr\/wp2\/styles\/streetwear-2\/\"><img loading=\"lazy\" decoding=\"async\" width=\"623\" height=\"1138\" data-id=\"179\" src=\"https:\/\/eleves.escl.fr\/wp2\/styles\/wp-content\/uploads\/sites\/7\/2025\/01\/dESwBYyR-edited.jpg\" alt=\"\" class=\"wp-image-179\" srcset=\"https:\/\/eleves.escl.fr\/wp2\/styles\/wp-content\/uploads\/sites\/7\/2025\/01\/dESwBYyR-edited.jpg 623w, https:\/\/eleves.escl.fr\/wp2\/styles\/wp-content\/uploads\/sites\/7\/2025\/01\/dESwBYyR-edited-164x300.jpg 164w, https:\/\/eleves.escl.fr\/wp2\/styles\/wp-content\/uploads\/sites\/7\/2025\/01\/dESwBYyR-edited-561x1024.jpg 561w\" sizes=\"auto, (max-width: 623px) 100vw, 623px\" \/><\/a><\/figure>\n\n\n\n<figure class=\"wp-block-image size-large\"><a href=\"https:\/\/eleves.escl.fr\/wp2\/styles\/streetwear-2\/\"><img loading=\"lazy\" decoding=\"async\" width=\"735\" height=\"954\" data-id=\"156\" src=\"https:\/\/eleves.escl.fr\/wp2\/styles\/wp-content\/uploads\/sites\/7\/2025\/01\/4c4rBDzZ.jpg\" alt=\"\" class=\"wp-image-156\" srcset=\"https:\/\/eleves.escl.fr\/wp2\/styles\/wp-content\/uploads\/sites\/7\/2025\/01\/4c4rBDzZ.jpg 735w, https:\/\/eleves.escl.fr\/wp2\/styles\/wp-content\/uploads\/sites\/7\/2025\/01\/4c4rBDzZ-231x300.jpg 231w\" sizes=\"auto, (max-width: 735px) 100vw, 735px\" \/><\/a><\/figure>\n\n\n\n<figure class=\"wp-block-image size-large\"><a href=\"https:\/\/eleves.escl.fr\/wp2\/styles\/streetwear-2\/\"><img loading=\"lazy\" decoding=\"async\" width=\"548\" height=\"974\" data-id=\"184\" src=\"https:\/\/eleves.escl.fr\/wp2\/styles\/wp-content\/uploads\/sites\/7\/2025\/01\/IOYXUcOD-edited.jpg\" alt=\"\" class=\"wp-image-184\" srcset=\"https:\/\/eleves.escl.fr\/wp2\/styles\/wp-content\/uploads\/sites\/7\/2025\/01\/IOYXUcOD-edited.jpg 548w, https:\/\/eleves.escl.fr\/wp2\/styles\/wp-content\/uploads\/sites\/7\/2025\/01\/IOYXUcOD-edited-169x300.jpg 169w\" sizes=\"auto, (max-width: 548px) 100vw, 548px\" \/><\/a><\/figure>\n\n\n\n<figure class=\"wp-block-image size-large\"><a href=\"https:\/\/eleves.escl.fr\/wp2\/styles\/streetwear-2\/\"><img loading=\"lazy\" decoding=\"async\" width=\"639\" height=\"799\" data-id=\"186\" src=\"https:\/\/eleves.escl.fr\/wp2\/styles\/wp-content\/uploads\/sites\/7\/2025\/01\/Street-style-men-street-wear-men-summer-outfits-men-edited.jpg\" alt=\"\" class=\"wp-image-186\" srcset=\"https:\/\/eleves.escl.fr\/wp2\/styles\/wp-content\/uploads\/sites\/7\/2025\/01\/Street-style-men-street-wear-men-summer-outfits-men-edited.jpg 639w, https:\/\/eleves.escl.fr\/wp2\/styles\/wp-content\/uploads\/sites\/7\/2025\/01\/Street-style-men-street-wear-men-summer-outfits-men-edited-240x300.jpg 240w\" sizes=\"auto, (max-width: 639px) 100vw, 639px\" \/><\/a><\/figure>\n\n\n\n<figure class=\"wp-block-image size-large\"><a href=\"https:\/\/eleves.escl.fr\/wp2\/styles\/streetwear-2\/\"><img loading=\"lazy\" decoding=\"async\" width=\"574\" height=\"1020\" data-id=\"189\" src=\"https:\/\/eleves.escl.fr\/wp2\/styles\/wp-content\/uploads\/sites\/7\/2025\/01\/u2VJG_P0-edited.jpg\" alt=\"\" class=\"wp-image-189\" srcset=\"https:\/\/eleves.escl.fr\/wp2\/styles\/wp-content\/uploads\/sites\/7\/2025\/01\/u2VJG_P0-edited.jpg 574w, https:\/\/eleves.escl.fr\/wp2\/styles\/wp-content\/uploads\/sites\/7\/2025\/01\/u2VJG_P0-edited-169x300.jpg 169w\" sizes=\"auto, (max-width: 574px) 100vw, 574px\" \/><\/a><\/figure>\n<\/figure>\n","protected":false},"excerpt":{"rendered":"<p>Un style inspir\u00e9 de la culture urbaine alliant confort et attitude Le streetwear, terme pouvant \u00eatre traduit par \u00ab ce qu&rsquo;on porte dans la rue \u00bb, parfois appel\u00e9 skatewear, est un style vestimentaire apparu au milieu des ann\u00e9es 1980 et qui conna\u00eet son apog\u00e9e dans les ann\u00e9es 1990. Il reste \u00e9troitement li\u00e9 \u00e0 la musique [&hellip;]<\/p>\n","protected":false},"author":20,"featured_media":0,"parent":0,"menu_order":15,"comment_status":"closed","ping_status":"closed","template":"","meta":{"footnotes":""},"class_list":["post-24","page","type-page","status-publish","hentry"],"_links":{"self":[{"href":"https:\/\/eleves.escl.fr\/wp2\/styles\/wp-json\/wp\/v2\/pages\/24","targetHints":{"allow":["GET"]}}],"collection":[{"href":"https:\/\/eleves.escl.fr\/wp2\/styles\/wp-json\/wp\/v2\/pages"}],"about":[{"href":"https:\/\/eleves.escl.fr\/wp2\/styles\/wp-json\/wp\/v2\/types\/page"}],"author":[{"embeddable":true,"href":"https:\/\/eleves.escl.fr\/wp2\/styles\/wp-json\/wp\/v2\/users\/20"}],"replies":[{"embeddable":true,"href":"https:\/\/eleves.escl.fr\/wp2\/styles\/wp-json\/wp\/v2\/comments?post=24"}],"version-history":[{"count":6,"href":"https:\/\/eleves.escl.fr\/wp2\/styles\/wp-json\/wp\/v2\/pages\/24\/revisions"}],"predecessor-version":[{"id":283,"href":"https:\/\/eleves.escl.fr\/wp2\/styles\/wp-json\/wp\/v2\/pages\/24\/revisions\/283"}],"wp:attachment":[{"href":"https:\/\/eleves.escl.fr\/wp2\/styles\/wp-json\/wp\/v2\/media?parent=24"}],"curies":[{"name":"wp","href":"https:\/\/api.w.org\/{rel}","templated":true}]}}