{"id":31,"date":"2025-01-14T14:33:59","date_gmt":"2025-01-14T13:33:59","guid":{"rendered":"https:\/\/eleves.escl.fr\/wp2\/styles\/?page_id=31"},"modified":"2025-03-11T14:00:23","modified_gmt":"2025-03-11T13:00:23","slug":"fasion","status":"publish","type":"page","link":"https:\/\/eleves.escl.fr\/wp2\/styles\/fasion\/","title":{"rendered":"FASHION"},"content":{"rendered":"\n<p>Un style \u00e0 la pointe de la mode, tendance, exp\u00e9rimental et avant-gardiste <\/p>\n\n\n\n<p><strong>l&rsquo;apparence du look fashion est dict\u00e9e uniquement par les grandes tendances de la saison<\/strong>.<\/p>\n\n\n\n<figure class=\"wp-block-gallery has-nested-images columns-default is-cropped wp-block-gallery-1 is-layout-flex wp-block-gallery-is-layout-flex\">\n<figure class=\"wp-block-image size-large\"><a href=\"https:\/\/eleves.escl.fr\/wp2\/styles\/fashion-2\/\"><img loading=\"lazy\" decoding=\"async\" width=\"612\" height=\"1024\" data-id=\"218\" src=\"https:\/\/eleves.escl.fr\/wp2\/styles\/wp-content\/uploads\/sites\/7\/2025\/02\/kZaXcCMw-612x1024.jpg\" alt=\"\" class=\"wp-image-218\" srcset=\"https:\/\/eleves.escl.fr\/wp2\/styles\/wp-content\/uploads\/sites\/7\/2025\/02\/kZaXcCMw-612x1024.jpg 612w, https:\/\/eleves.escl.fr\/wp2\/styles\/wp-content\/uploads\/sites\/7\/2025\/02\/kZaXcCMw-179x300.jpg 179w, https:\/\/eleves.escl.fr\/wp2\/styles\/wp-content\/uploads\/sites\/7\/2025\/02\/kZaXcCMw.jpg 736w\" sizes=\"auto, (max-width: 612px) 100vw, 612px\" \/><\/a><\/figure>\n\n\n\n<figure class=\"wp-block-image size-large\"><a href=\"https:\/\/eleves.escl.fr\/wp2\/styles\/fashion-2\/\"><img loading=\"lazy\" decoding=\"async\" width=\"683\" height=\"1024\" data-id=\"214\" src=\"https:\/\/eleves.escl.fr\/wp2\/styles\/wp-content\/uploads\/sites\/7\/2025\/02\/GO-on-my-tik-tok_0verl00ked-fashionInspiration\u2026-683x1024.jpg\" alt=\"\" class=\"wp-image-214\" srcset=\"https:\/\/eleves.escl.fr\/wp2\/styles\/wp-content\/uploads\/sites\/7\/2025\/02\/GO-on-my-tik-tok_0verl00ked-fashionInspiration\u2026-683x1024.jpg 683w, https:\/\/eleves.escl.fr\/wp2\/styles\/wp-content\/uploads\/sites\/7\/2025\/02\/GO-on-my-tik-tok_0verl00ked-fashionInspiration\u2026-200x300.jpg 200w, https:\/\/eleves.escl.fr\/wp2\/styles\/wp-content\/uploads\/sites\/7\/2025\/02\/GO-on-my-tik-tok_0verl00ked-fashionInspiration\u2026.jpg 736w\" sizes=\"auto, (max-width: 683px) 100vw, 683px\" \/><\/a><\/figure>\n\n\n\n<figure class=\"wp-block-image size-large\"><a href=\"https:\/\/eleves.escl.fr\/wp2\/styles\/fashion-2\/\"><img loading=\"lazy\" decoding=\"async\" width=\"736\" height=\"920\" data-id=\"219\" src=\"https:\/\/eleves.escl.fr\/wp2\/styles\/wp-content\/uploads\/sites\/7\/2025\/02\/Instagram.jpg\" alt=\"\" class=\"wp-image-219\" srcset=\"https:\/\/eleves.escl.fr\/wp2\/styles\/wp-content\/uploads\/sites\/7\/2025\/02\/Instagram.jpg 736w, https:\/\/eleves.escl.fr\/wp2\/styles\/wp-content\/uploads\/sites\/7\/2025\/02\/Instagram-240x300.jpg 240w\" sizes=\"auto, (max-width: 736px) 100vw, 736px\" \/><\/a><\/figure>\n\n\n\n<figure class=\"wp-block-image size-large\"><a href=\"https:\/\/eleves.escl.fr\/wp2\/styles\/fashion-2\/\"><img loading=\"lazy\" decoding=\"async\" width=\"565\" height=\"1024\" data-id=\"220\" src=\"https:\/\/eleves.escl.fr\/wp2\/styles\/wp-content\/uploads\/sites\/7\/2025\/02\/HTY6j03v-565x1024.jpg\" alt=\"\" class=\"wp-image-220\" srcset=\"https:\/\/eleves.escl.fr\/wp2\/styles\/wp-content\/uploads\/sites\/7\/2025\/02\/HTY6j03v-565x1024.jpg 565w, https:\/\/eleves.escl.fr\/wp2\/styles\/wp-content\/uploads\/sites\/7\/2025\/02\/HTY6j03v-166x300.jpg 166w, https:\/\/eleves.escl.fr\/wp2\/styles\/wp-content\/uploads\/sites\/7\/2025\/02\/HTY6j03v.jpg 736w\" sizes=\"auto, (max-width: 565px) 100vw, 565px\" \/><\/a><\/figure>\n\n\n\n<figure class=\"wp-block-image size-large\"><a href=\"https:\/\/eleves.escl.fr\/wp2\/styles\/fashion-2\/\"><img loading=\"lazy\" decoding=\"async\" width=\"625\" height=\"1024\" data-id=\"216\" src=\"https:\/\/eleves.escl.fr\/wp2\/styles\/wp-content\/uploads\/sites\/7\/2025\/02\/@_lilian_loria-on-insta-625x1024.jpg\" alt=\"\" class=\"wp-image-216\" srcset=\"https:\/\/eleves.escl.fr\/wp2\/styles\/wp-content\/uploads\/sites\/7\/2025\/02\/@_lilian_loria-on-insta-625x1024.jpg 625w, https:\/\/eleves.escl.fr\/wp2\/styles\/wp-content\/uploads\/sites\/7\/2025\/02\/@_lilian_loria-on-insta-183x300.jpg 183w, https:\/\/eleves.escl.fr\/wp2\/styles\/wp-content\/uploads\/sites\/7\/2025\/02\/@_lilian_loria-on-insta.jpg 736w\" sizes=\"auto, (max-width: 625px) 100vw, 625px\" \/><\/a><\/figure>\n\n\n\n<figure class=\"wp-block-image size-large\"><a href=\"https:\/\/eleves.escl.fr\/wp2\/styles\/fashion-2\/\"><img loading=\"lazy\" decoding=\"async\" width=\"555\" height=\"790\" data-id=\"215\" src=\"https:\/\/eleves.escl.fr\/wp2\/styles\/wp-content\/uploads\/sites\/7\/2025\/02\/hExHImOL.jpg\" alt=\"\" class=\"wp-image-215\" srcset=\"https:\/\/eleves.escl.fr\/wp2\/styles\/wp-content\/uploads\/sites\/7\/2025\/02\/hExHImOL.jpg 555w, https:\/\/eleves.escl.fr\/wp2\/styles\/wp-content\/uploads\/sites\/7\/2025\/02\/hExHImOL-211x300.jpg 211w\" sizes=\"auto, (max-width: 555px) 100vw, 555px\" \/><\/a><\/figure>\n<\/figure>\n","protected":false},"excerpt":{"rendered":"<p>Un style \u00e0 la pointe de la mode, tendance, exp\u00e9rimental et avant-gardiste l&rsquo;apparence du look fashion est dict\u00e9e uniquement par les grandes tendances de la saison.<\/p>\n","protected":false},"author":20,"featured_media":0,"parent":0,"menu_order":11,"comment_status":"closed","ping_status":"closed","template":"","meta":{"footnotes":""},"class_list":["post-31","page","type-page","status-publish","hentry"],"_links":{"self":[{"href":"https:\/\/eleves.escl.fr\/wp2\/styles\/wp-json\/wp\/v2\/pages\/31","targetHints":{"allow":["GET"]}}],"collection":[{"href":"https:\/\/eleves.escl.fr\/wp2\/styles\/wp-json\/wp\/v2\/pages"}],"about":[{"href":"https:\/\/eleves.escl.fr\/wp2\/styles\/wp-json\/wp\/v2\/types\/page"}],"author":[{"embeddable":true,"href":"https:\/\/eleves.escl.fr\/wp2\/styles\/wp-json\/wp\/v2\/users\/20"}],"replies":[{"embeddable":true,"href":"https:\/\/eleves.escl.fr\/wp2\/styles\/wp-json\/wp\/v2\/comments?post=31"}],"version-history":[{"count":7,"href":"https:\/\/eleves.escl.fr\/wp2\/styles\/wp-json\/wp\/v2\/pages\/31\/revisions"}],"predecessor-version":[{"id":293,"href":"https:\/\/eleves.escl.fr\/wp2\/styles\/wp-json\/wp\/v2\/pages\/31\/revisions\/293"}],"wp:attachment":[{"href":"https:\/\/eleves.escl.fr\/wp2\/styles\/wp-json\/wp\/v2\/media?parent=31"}],"curies":[{"name":"wp","href":"https:\/\/api.w.org\/{rel}","templated":true}]}}