{"id":2,"date":"2024-10-09T23:03:12","date_gmt":"2024-10-09T21:03:12","guid":{"rendered":"https:\/\/eleves.escl.fr\/wp2\/?page_id=2"},"modified":"2026-01-20T14:15:31","modified_gmt":"2026-01-20T13:15:31","slug":"page-d-exemple","status":"publish","type":"page","link":"https:\/\/eleves.escl.fr\/wp2\/","title":{"rendered":"Le Site des Sites"},"content":{"rendered":"\n<figure class=\"wp-block-image size-large has-custom-border\"><img loading=\"lazy\" decoding=\"async\" width=\"1024\" height=\"683\" src=\"https:\/\/eleves.escl.fr\/wp2\/wp-content\/uploads\/2025\/02\/IMG_0428-1024x683.jpg\" alt=\"\" class=\"wp-image-55\" style=\"border-radius:6px;box-shadow:var(--wp--preset--shadow--natural)\" srcset=\"https:\/\/eleves.escl.fr\/wp2\/wp-content\/uploads\/2025\/02\/IMG_0428-1024x683.jpg 1024w, https:\/\/eleves.escl.fr\/wp2\/wp-content\/uploads\/2025\/02\/IMG_0428-300x200.jpg 300w, https:\/\/eleves.escl.fr\/wp2\/wp-content\/uploads\/2025\/02\/IMG_0428-768x512.jpg 768w, https:\/\/eleves.escl.fr\/wp2\/wp-content\/uploads\/2025\/02\/IMG_0428-1536x1024.jpg 1536w, https:\/\/eleves.escl.fr\/wp2\/wp-content\/uploads\/2025\/02\/IMG_0428-2048x1365.jpg 2048w\" sizes=\"auto, (max-width: 1024px) 100vw, 1024px\" \/><\/figure>\n\n\n\n<p>Vous entrez sur le site support de toutes les cr\u00e9ations de sites des <a href=\"https:\/\/eleves.escl.fr\/wp2\/wp-login.php\">\u00e9l\u00e8ves<\/a>.<\/p>\n\n\n\n<blockquote class=\"wp-block-quote is-layout-flow wp-block-quote-is-layout-flow\">\n<p>La cr\u00e9ation de site web est un petit jeu qui me permet de montrer ce que je peux faire, et comment je peux le faire.<\/p>\n<\/blockquote>\n\n\n\n<p>Cela refl\u00e8te les capacit\u00e9s de chacun \u00e0 cr\u00e9er son propre site web.<\/p>\n\n\n\n<blockquote class=\"wp-block-quote is-layout-flow wp-block-quote-is-layout-flow\">\n<p>J&rsquo;ai envie de pr\u00e9senter mes cr\u00e9ations et de m&rsquo;en servir dans le futur.<\/p>\n<\/blockquote>\n\n\n\n<p>En tant que visiteur, vous pouvez parcourir les cr\u00e9ations qui ont le m\u00e9rite d&rsquo;\u00eatre le fruit d&rsquo;un projet de :<\/p>\n\n\n\n<p><a href=\"https:\/\/eleves.escl.fr\/wp2\/les-sites\/\" data-type=\"page\" data-id=\"13\">Premi\u00e8res STD2A 2024-2025<\/a> et des <a href=\"https:\/\/eleves.escl.fr\/wp2\/page-d-exemple\/annee-2025-2026\/\" data-type=\"page\" data-id=\"109\">Premi\u00e8res STD2A 2025-2026<\/a>.<\/p>\n\n\n\n<figure class=\"wp-block-image size-large has-custom-border wp-duotone-unset-1\" style=\"margin-top:0;margin-bottom:0\"><img loading=\"lazy\" decoding=\"async\" width=\"1024\" height=\"614\" src=\"https:\/\/eleves.escl.fr\/wp2\/wp-content\/uploads\/2025\/01\/cropped-IMG_5169-scaled-1-1024x614.jpg\" alt=\"\" class=\"wp-image-17\" style=\"border-style:none;border-width:0px;border-radius:10px;box-shadow:var(--wp--preset--shadow--natural)\" srcset=\"https:\/\/eleves.escl.fr\/wp2\/wp-content\/uploads\/2025\/01\/cropped-IMG_5169-scaled-1-1024x614.jpg 1024w, https:\/\/eleves.escl.fr\/wp2\/wp-content\/uploads\/2025\/01\/cropped-IMG_5169-scaled-1-300x180.jpg 300w, https:\/\/eleves.escl.fr\/wp2\/wp-content\/uploads\/2025\/01\/cropped-IMG_5169-scaled-1-768x460.jpg 768w, https:\/\/eleves.escl.fr\/wp2\/wp-content\/uploads\/2025\/01\/cropped-IMG_5169-scaled-1-1536x921.jpg 1536w, https:\/\/eleves.escl.fr\/wp2\/wp-content\/uploads\/2025\/01\/cropped-IMG_5169-scaled-1.jpg 2000w\" sizes=\"auto, (max-width: 1024px) 100vw, 1024px\" \/><\/figure>\n\n\n\n<p>Enfin, vous trouverez les books ici :<\/p>\n\n\n\n<figure class=\"wp-block-image size-large has-custom-border\"><a href=\"https:\/\/eleves.escl.fr\/wp2\/y2026\/\"><img loading=\"lazy\" decoding=\"async\" width=\"1024\" height=\"683\" src=\"https:\/\/eleves.escl.fr\/wp2\/wp-content\/uploads\/2025\/05\/ChatGPT-Image-1-avr.-2025-22_25_48-1024x683.png\" alt=\"\" class=\"wp-image-93\" style=\"border-style:none;border-width:0px;border-radius:12px;box-shadow:var(--wp--preset--shadow--natural)\" srcset=\"https:\/\/eleves.escl.fr\/wp2\/wp-content\/uploads\/2025\/05\/ChatGPT-Image-1-avr.-2025-22_25_48-1024x683.png 1024w, https:\/\/eleves.escl.fr\/wp2\/wp-content\/uploads\/2025\/05\/ChatGPT-Image-1-avr.-2025-22_25_48-300x200.png 300w, https:\/\/eleves.escl.fr\/wp2\/wp-content\/uploads\/2025\/05\/ChatGPT-Image-1-avr.-2025-22_25_48-768x512.png 768w, https:\/\/eleves.escl.fr\/wp2\/wp-content\/uploads\/2025\/05\/ChatGPT-Image-1-avr.-2025-22_25_48.png 1536w\" sizes=\"auto, (max-width: 1024px) 100vw, 1024px\" \/><\/a><\/figure>\n","protected":false},"excerpt":{"rendered":"<p>Vous entrez sur le site support de toutes les cr\u00e9ations de sites des \u00e9l\u00e8ves. La cr\u00e9ation de site web est un petit jeu qui me permet de montrer ce que je peux faire, et comment je peux le faire. Cela refl\u00e8te les capacit\u00e9s de chacun \u00e0 cr\u00e9er son propre site web. J&rsquo;ai envie de pr\u00e9senter [&hellip;]<\/p>\n","protected":false},"author":1,"featured_media":20,"parent":0,"menu_order":0,"comment_status":"closed","ping_status":"open","template":"","meta":{"footnotes":""},"class_list":["post-2","page","type-page","status-publish","has-post-thumbnail","hentry"],"_links":{"self":[{"href":"https:\/\/eleves.escl.fr\/wp2\/wp-json\/wp\/v2\/pages\/2","targetHints":{"allow":["GET"]}}],"collection":[{"href":"https:\/\/eleves.escl.fr\/wp2\/wp-json\/wp\/v2\/pages"}],"about":[{"href":"https:\/\/eleves.escl.fr\/wp2\/wp-json\/wp\/v2\/types\/page"}],"author":[{"embeddable":true,"href":"https:\/\/eleves.escl.fr\/wp2\/wp-json\/wp\/v2\/users\/1"}],"replies":[{"embeddable":true,"href":"https:\/\/eleves.escl.fr\/wp2\/wp-json\/wp\/v2\/comments?post=2"}],"version-history":[{"count":10,"href":"https:\/\/eleves.escl.fr\/wp2\/wp-json\/wp\/v2\/pages\/2\/revisions"}],"predecessor-version":[{"id":117,"href":"https:\/\/eleves.escl.fr\/wp2\/wp-json\/wp\/v2\/pages\/2\/revisions\/117"}],"wp:featuredmedia":[{"embeddable":true,"href":"https:\/\/eleves.escl.fr\/wp2\/wp-json\/wp\/v2\/media\/20"}],"wp:attachment":[{"href":"https:\/\/eleves.escl.fr\/wp2\/wp-json\/wp\/v2\/media?parent=2"}],"curies":[{"name":"wp","href":"https:\/\/api.w.org\/{rel}","templated":true}]}}