{"id":31,"date":"2025-01-22T11:57:07","date_gmt":"2025-01-22T10:57:07","guid":{"rendered":"https:\/\/eleves.escl.fr\/wp2\/?page_id=31"},"modified":"2026-03-17T14:15:47","modified_gmt":"2026-03-17T13:15:47","slug":"image-map-comment-ca-marche","status":"publish","type":"page","link":"https:\/\/eleves.escl.fr\/wp2\/image-map-comment-ca-marche\/","title":{"rendered":"Image Map : comment \u00e7a marche ?"},"content":{"rendered":"\n<p>Sous Gimp, on ouvre l&rsquo;image et s\u00e9lectionne <strong>Filtres <\/strong>puis <strong>Web <\/strong>puis <strong>Image Cliquable Web<\/strong><\/p>\n\n\n\n<figure class=\"wp-block-image size-large\"><img loading=\"lazy\" decoding=\"async\" width=\"1024\" height=\"576\" src=\"https:\/\/eleves.escl.fr\/wp2\/wp-content\/uploads\/2025\/01\/Capture-decran-2025-01-22-113650-1024x576.png\" alt=\"\" class=\"wp-image-33\" srcset=\"https:\/\/eleves.escl.fr\/wp2\/wp-content\/uploads\/2025\/01\/Capture-decran-2025-01-22-113650-1024x576.png 1024w, https:\/\/eleves.escl.fr\/wp2\/wp-content\/uploads\/2025\/01\/Capture-decran-2025-01-22-113650-300x169.png 300w, https:\/\/eleves.escl.fr\/wp2\/wp-content\/uploads\/2025\/01\/Capture-decran-2025-01-22-113650-768x432.png 768w, https:\/\/eleves.escl.fr\/wp2\/wp-content\/uploads\/2025\/01\/Capture-decran-2025-01-22-113650-1536x864.png 1536w, https:\/\/eleves.escl.fr\/wp2\/wp-content\/uploads\/2025\/01\/Capture-decran-2025-01-22-113650.png 1920w\" sizes=\"auto, (max-width: 1024px) 100vw, 1024px\" \/><\/figure>\n\n\n\n<p>On cr\u00e9e ensuite toutes les zones cliquables dans l&rsquo;image:<\/p>\n\n\n\n<figure class=\"wp-block-gallery has-nested-images columns-default is-cropped wp-block-gallery-1 is-layout-flex wp-block-gallery-is-layout-flex\">\n<figure class=\"wp-block-image size-large\"><img loading=\"lazy\" decoding=\"async\" width=\"962\" height=\"546\" data-id=\"37\" src=\"https:\/\/eleves.escl.fr\/wp2\/wp-content\/uploads\/2025\/01\/Capture-decran-2025-01-22-114428.png\" alt=\"\" class=\"wp-image-37\" srcset=\"https:\/\/eleves.escl.fr\/wp2\/wp-content\/uploads\/2025\/01\/Capture-decran-2025-01-22-114428.png 962w, https:\/\/eleves.escl.fr\/wp2\/wp-content\/uploads\/2025\/01\/Capture-decran-2025-01-22-114428-300x170.png 300w, https:\/\/eleves.escl.fr\/wp2\/wp-content\/uploads\/2025\/01\/Capture-decran-2025-01-22-114428-768x436.png 768w\" sizes=\"auto, (max-width: 962px) 100vw, 962px\" \/><\/figure>\n<\/figure>\n\n\n\n<p>Une fois toutes les zones cr\u00e9\u00e9es, on r\u00e9cup\u00e8re le code HTML avec <strong>Affichage <\/strong>puis <strong>Source<\/strong>, ou bien on peut r\u00e9cup\u00e9rer le source du fichier <strong>.map<\/strong> qui est cr\u00e9\u00e9 avec l&rsquo;outil.<\/p>\n\n\n\n<p>On choisit un bloc HTML personnalis\u00e9 dans lequel on colle le code HTML produit par Gimp<\/p>\n\n\n\n<pre class=\"wp-block-code\"><code>&lt;img src=\"&#91;IMG_2226] (import\u00e9e)\" width=\"1828\" height=\"1828\" border=\"0\" usemap=\"#map\" \/&gt;\n\n&lt;map name=\"map\"&gt;\n&lt;!-- #$-:Image map file created by GIMP Image Map plug-in --&gt;\n&lt;!-- #$-:GIMP Image Map plug-in by Maurits Rijk --&gt;\n&lt;!-- #$-:Please do not edit lines starting with \"#$\" --&gt;\n&lt;!-- #$VERSION:2.3 --&gt;\n&lt;!-- #$AUTHOR:A. Noblet  --&gt;\n&lt;area shape=\"circle\" coords=\"233,887,138\" href=\"http:\/\/eleves.escl.fr\/wp2\/description-de-limage\/#avion\" \/&gt;\n&lt;area shape=\"circle\" coords=\"760,1461,27\" href=\"http:\/\/eleves.escl.fr\/wp2\/description-de-limage\/#hirondelle\" \/&gt;\n&lt;area shape=\"rect\" coords=\"1161,1293,1554,1440\" href=\"http:\/\/eleves.escl.fr\/wp2\/description-de-limage\/#paras\" \/&gt;\n&lt;\/map&gt;\n<\/code><\/pre>\n\n\n\n<p>On vient ensuite modifier le <strong>src <\/strong>de <strong>img <\/strong>pour mettre le bon URL de l&rsquo;image : <a href=\"https:\/\/eleves.escl.fr\/wp2\/wp-content\/uploads\/2025\/01\/IMG_2226.jpg\"><strong>https:\/\/eleves.escl.fr\/wp2\/wp-content\/uploads\/2025\/01\/IMG_2226.jpg<\/strong><\/a><\/p>\n\n\n\n<p>Et on ajoute le script du d\u00e9but, en gras, ainsi que le class=\u00a0\u00bbmap\u00a0\u00bb :<\/p>\n\n\n\n<pre class=\"wp-block-code\"><code><strong>&lt;script src=\"https:\/\/ajax.googleapis.com\/ajax\/libs\/jquery\/3.3.1\/jquery.min.js\">&lt;\/script>\n&lt;script type=\"text\/javascript\" src=\"https:\/\/cdnjs.cloudflare.com\/ajax\/libs\/maphilight\/1.4.0\/jquery.maphilight.min.js\">&lt;\/script>\n&lt;script type=\"text\/javascript\">\n$(function() {\n$('.map').maphilight();\n});\n&lt;\/script><\/strong>\n\n\n&lt;img src=\"<strong>https:\/\/eleves.escl.fr\/wp2\/wp-content\/uploads\/2025\/01\/IMG_2226.jpg<\/strong>\" width=\"1828\" height=\"1828\" border=\"0\" usemap=\"#map\"  <strong>class=\"map\"<\/strong>\/>\n\n&lt;map name=\"map\">\n&lt;!-- #$-:Image map file created by GIMP Image Map plug-in -->\n&lt;!-- #$-:GIMP Image Map plug-in by Maurits Rijk -->\n&lt;!-- #$-:Please do not edit lines starting with \"#$\" -->\n&lt;!-- #$VERSION:2.3 -->\n&lt;!-- #$AUTHOR:A. Noblet  -->\n&lt;area shape=\"circle\" coords=\"233,887,138\" href=\"http:\/\/eleves.escl.fr\/wp2\/description-de-limage\/#avion\" \/>\n&lt;area shape=\"circle\" coords=\"760,1461,27\" href=\"http:\/\/eleves.escl.fr\/wp2\/description-de-limage\/#hirondelle\" \/>\n&lt;area shape=\"rect\" coords=\"1161,1293,1554,1440\" href=\"http:\/\/eleves.escl.fr\/wp2\/description-de-limage\/#paras\" \/>\n&lt;\/map>\n<\/code><\/pre>\n\n\n\n<p>Ce qui donne : <\/p>\n\n\n\n<style>\n  .mycenter {\n    display: block;\n    margin-left: auto;\n    margin-right: auto;\n  }\n<\/style>\n\n<script src=\"https:\/\/ajax.googleapis.com\/ajax\/libs\/jquery\/3.3.1\/jquery.min.js\">\n<\/script>\n<script type=\"text\/javascript\" src=\"https:\/\/cdnjs.cloudflare.com\/ajax\/libs\/maphilight\/1.4.0\/jquery.maphilight.min.js\"><\/script>\n<script type=\"text\/javascript\">\n$(function() {\n$('.map').maphilight();\n});\n<\/script>\n<p>\n<img decoding=\"async\" src=\"https:\/\/eleves.escl.fr\/wp2\/wp-content\/uploads\/2025\/01\/IMG_2226-1024x1024.jpg\" alt=\"\" class=\"map\" width=\"1024\" class=\"wp-image-19\" usemap=\"#map\" class=\"map\" class=\"mycenter\" srcset=\"https:\/\/eleves.escl.fr\/wp2\/wp-content\/uploads\/2025\/01\/IMG_2226-1024x1024.jpg 1024w, https:\/\/eleves.escl.fr\/wp2\/wp-content\/uploads\/2025\/01\/IMG_2226-300x300.jpg 300w, https:\/\/eleves.escl.fr\/wp2\/wp-content\/uploads\/2025\/01\/IMG_2226-150x150.jpg 150w, https:\/\/eleves.escl.fr\/wp2\/wp-content\/uploads\/2025\/01\/IMG_2226-768x768.jpg 768w, https:\/\/eleves.escl.fr\/wp2\/wp-content\/uploads\/2025\/01\/IMG_2226-1536x1536.jpg 1536w, https:\/\/eleves.escl.fr\/wp2\/wp-content\/uploads\/2025\/01\/IMG_2226.jpg 1828w\" sizes=\"(max-width: 1024px) 100vw, 1024px\" \/>\n\n<map name=\"map\">\n<!-- #$-:Image map file created by GIMP Image Map plug-in -->\n<!-- #$-:GIMP Image Map plug-in by Maurits Rijk -->\n<!-- #$-:Please do not edit lines starting with \"#$\" -->\n<!-- #$VERSION:2.3 -->\n<!-- #$AUTHOR:A. Noblet -->\n<area shape=\"circle\" coords=\"130,497,72\" href=\"http:\/\/eleves.escl.fr\/wp2\/description-de-limage\/#avion\" \/>\n<area shape=\"circle\" coords=\"423,819,18\" href=\"http:\/\/eleves.escl.fr\/wp2\/description-de-limage\/#hirondelle\" \/>\n<area shape=\"rect\" coords=\"660,733,860,796\" href=\"http:\/\/eleves.escl.fr\/wp2\/description-de-limage\/#paras\" \/>\n<area shape=\"circle\" coords=\"912,233,12\" href=\"http:\/\/eleves.escl.fr\/wp2\/description-de-limage\/#hirondelle\" \/>\n<\/map>\n\n\n\n<p><\/p>\n","protected":false},"excerpt":{"rendered":"<p>Sous Gimp, on ouvre l&rsquo;image et s\u00e9lectionne Filtres puis Web puis Image Cliquable Web On cr\u00e9e ensuite toutes les zones cliquables dans l&rsquo;image: Une fois toutes les zones cr\u00e9\u00e9es, on r\u00e9cup\u00e8re le code HTML avec Affichage puis Source, ou bien on peut r\u00e9cup\u00e9rer le source du fichier .map qui est cr\u00e9\u00e9 avec l&rsquo;outil. On choisit [&hellip;]<\/p>\n","protected":false},"author":1,"featured_media":0,"parent":0,"menu_order":0,"comment_status":"closed","ping_status":"closed","template":"","meta":{"footnotes":""},"class_list":["post-31","page","type-page","status-publish","hentry"],"_links":{"self":[{"href":"https:\/\/eleves.escl.fr\/wp2\/wp-json\/wp\/v2\/pages\/31","targetHints":{"allow":["GET"]}}],"collection":[{"href":"https:\/\/eleves.escl.fr\/wp2\/wp-json\/wp\/v2\/pages"}],"about":[{"href":"https:\/\/eleves.escl.fr\/wp2\/wp-json\/wp\/v2\/types\/page"}],"author":[{"embeddable":true,"href":"https:\/\/eleves.escl.fr\/wp2\/wp-json\/wp\/v2\/users\/1"}],"replies":[{"embeddable":true,"href":"https:\/\/eleves.escl.fr\/wp2\/wp-json\/wp\/v2\/comments?post=31"}],"version-history":[{"count":23,"href":"https:\/\/eleves.escl.fr\/wp2\/wp-json\/wp\/v2\/pages\/31\/revisions"}],"predecessor-version":[{"id":134,"href":"https:\/\/eleves.escl.fr\/wp2\/wp-json\/wp\/v2\/pages\/31\/revisions\/134"}],"wp:attachment":[{"href":"https:\/\/eleves.escl.fr\/wp2\/wp-json\/wp\/v2\/media?parent=31"}],"curies":[{"name":"wp","href":"https:\/\/api.w.org\/{rel}","templated":true}]}}