{"id":34,"date":"2025-01-22T11:43:11","date_gmt":"2025-01-22T10:43:11","guid":{"rendered":"https:\/\/eleves.escl.fr\/wp2\/?page_id=34"},"modified":"2025-02-04T14:52:51","modified_gmt":"2025-02-04T13:52:51","slug":"description-de-limage","status":"publish","type":"page","link":"https:\/\/eleves.escl.fr\/wp2\/description-de-limage\/","title":{"rendered":"Description de l&rsquo;image"},"content":{"rendered":"\n<p><em>On a la superposition de 3 \u00e9l\u00e9ments :<\/em><\/p>\n\n\n\n<h2 class=\"wp-block-heading\" id=\"avion\">Avion<\/h2>\n\n\n\n<pre class=\"wp-block-code\"><code>L'avion se trouve \u00e0 une altitude tr\u00e8s \u00e9lev\u00e9e (3000 m environ)<\/code><\/pre>\n\n\n\n<h2 class=\"wp-block-heading\" id=\"paras\">Parachutistes<\/h2>\n\n\n\n<pre class=\"wp-block-code\"><code>Les parachutistes viennent d'\u00eatre largu\u00e9s...<\/code><\/pre>\n\n\n\n<h2 class=\"wp-block-heading\" id=\"hirondelle\">Hirondelles<\/h2>\n\n\n\n<pre class=\"wp-block-code\"><code>Les hirondelles ne risquent rien : elles sont bien en dessous.<\/code><\/pre>\n\n\n\n<p><em>Image prise avec un Canon EOS 5D Mark II, F\/5.6, 1\/1250s, ISO 200, 400mm.<\/em><\/p>\n\n\n\n<p><\/p>\n","protected":false},"excerpt":{"rendered":"<p>On a la superposition de 3 \u00e9l\u00e9ments : Avion Parachutistes Hirondelles Image prise avec un Canon EOS 5D Mark II, F\/5.6, 1\/1250s, ISO 200, 400mm.<\/p>\n","protected":false},"author":1,"featured_media":0,"parent":0,"menu_order":0,"comment_status":"closed","ping_status":"closed","template":"","meta":{"footnotes":""},"class_list":["post-34","page","type-page","status-publish","hentry"],"_links":{"self":[{"href":"https:\/\/eleves.escl.fr\/wp2\/wp-json\/wp\/v2\/pages\/34","targetHints":{"allow":["GET"]}}],"collection":[{"href":"https:\/\/eleves.escl.fr\/wp2\/wp-json\/wp\/v2\/pages"}],"about":[{"href":"https:\/\/eleves.escl.fr\/wp2\/wp-json\/wp\/v2\/types\/page"}],"author":[{"embeddable":true,"href":"https:\/\/eleves.escl.fr\/wp2\/wp-json\/wp\/v2\/users\/1"}],"replies":[{"embeddable":true,"href":"https:\/\/eleves.escl.fr\/wp2\/wp-json\/wp\/v2\/comments?post=34"}],"version-history":[{"count":5,"href":"https:\/\/eleves.escl.fr\/wp2\/wp-json\/wp\/v2\/pages\/34\/revisions"}],"predecessor-version":[{"id":124,"href":"https:\/\/eleves.escl.fr\/wp2\/wp-json\/wp\/v2\/pages\/34\/revisions\/124"}],"wp:attachment":[{"href":"https:\/\/eleves.escl.fr\/wp2\/wp-json\/wp\/v2\/media?parent=34"}],"curies":[{"name":"wp","href":"https:\/\/api.w.org\/{rel}","templated":true}]}}