{"id":98,"date":"2025-09-02T15:02:27","date_gmt":"2025-09-02T13:02:27","guid":{"rendered":"https:\/\/eleves.escl.fr\/wp2\/?page_id=98"},"modified":"2025-09-09T13:38:14","modified_gmt":"2025-09-09T11:38:14","slug":"comment-organiser-mon-travail","status":"publish","type":"page","link":"https:\/\/eleves.escl.fr\/wp2\/comment-organiser-mon-travail\/","title":{"rendered":"Comment organiser mon travail ?"},"content":{"rendered":"\n<p>D\u00e9but de s\u00e9ance, en cours de s\u00e9ance et en fin de s\u00e9ance&#8230;<\/p>\n\n\n\n<h3 class=\"wp-block-heading\">D\u00e9but de s\u00e9ance :<\/h3>\n\n\n\n<p>Mes fichiers sont : <\/p>\n\n\n\n<ul class=\"wp-block-list\">\n<li>Sur cl\u00e9 USB<\/li>\n\n\n\n<li>Dans le Cloud du lyc\u00e9e (\u00c9cole Directe)<\/li>\n\n\n\n<li>Dans un autre Cloud (Google Drive, iCloud d&rsquo;Apple, etc.)<\/li>\n<\/ul>\n\n\n\n<p>Je dois les copier sur ordinateur dans un dossier (si ce n&rsquo;est pas d\u00e9j\u00e0 fait) sur le <strong>Bureau <\/strong>ou dans <strong>Documents<\/strong>. A noter que que si l&rsquo;on est connect\u00e9s directement au serveur, on a acc\u00e8s \u00e0 notre dossier personnalis\u00e9. <\/p>\n\n\n\n<h3 class=\"wp-block-heading\">En cours de s\u00e9ance :<\/h3>\n\n\n\n<p>Je travaille sur mes fichiers qui sont <strong>sur l&rsquo;ordinateur<\/strong>.<\/p>\n\n\n\n<h3 class=\"wp-block-heading\">Fin de s\u00e9ance :<\/h3>\n\n\n\n<p>Je copie mes fichiers sur :<\/p>\n\n\n\n<ul class=\"wp-block-list\">\n<li>Cl\u00e9 USB (je n&rsquo;oublie pas d&rsquo;\u00e9jecter la cl\u00e9 !)<\/li>\n\n\n\n<li>Dans le Cloud du lyc\u00e9e (\u00c9cole Directe)<\/li>\n\n\n\n<li>Dans un autre Cloud (Google Drive, iCloud d&rsquo;Apple, etc.)<\/li>\n<\/ul>\n\n\n\n<p>Avant d&rsquo;\u00e9teindre : je supprime mes fichiers !<\/p>\n\n\n\n<h2 class=\"wp-block-heading\">Plus important que tout : la sauvegarde<\/h2>\n\n\n\n<p>Je dois multiplier les emplacements de sauvegarde (voir <a href=\"https:\/\/www.2brightsparks.com\/download-syncbackfree.html\" target=\"_blank\" rel=\"noreferrer noopener\">SyncBackFree<\/a>) de mes fichiers \u00e0 la maison :<\/p>\n\n\n\n<ul class=\"wp-block-list\">\n<li>cl\u00e9s USB<\/li>\n\n\n\n<li>Cloud<\/li>\n\n\n\n<li>Ordinateur fixe ou portable<\/li>\n\n\n\n<li><a href=\"https:\/\/fr.wikipedia.org\/wiki\/Serveur_de_stockage_en_r%C3%A9seau\" target=\"_blank\" rel=\"noreferrer noopener\">NAS<\/a><\/li>\n<\/ul>\n","protected":false},"excerpt":{"rendered":"<p>D\u00e9but de s\u00e9ance, en cours de s\u00e9ance et en fin de s\u00e9ance&#8230; D\u00e9but de s\u00e9ance : Mes fichiers sont : Je dois les copier sur ordinateur dans un dossier (si ce n&rsquo;est pas d\u00e9j\u00e0 fait) sur le Bureau ou dans Documents. A noter que que si l&rsquo;on est connect\u00e9s directement au serveur, on a acc\u00e8s [&hellip;]<\/p>\n","protected":false},"author":1,"featured_media":0,"parent":0,"menu_order":0,"comment_status":"closed","ping_status":"closed","template":"","meta":{"footnotes":""},"class_list":["post-98","page","type-page","status-publish","hentry"],"_links":{"self":[{"href":"https:\/\/eleves.escl.fr\/wp2\/wp-json\/wp\/v2\/pages\/98","targetHints":{"allow":["GET"]}}],"collection":[{"href":"https:\/\/eleves.escl.fr\/wp2\/wp-json\/wp\/v2\/pages"}],"about":[{"href":"https:\/\/eleves.escl.fr\/wp2\/wp-json\/wp\/v2\/types\/page"}],"author":[{"embeddable":true,"href":"https:\/\/eleves.escl.fr\/wp2\/wp-json\/wp\/v2\/users\/1"}],"replies":[{"embeddable":true,"href":"https:\/\/eleves.escl.fr\/wp2\/wp-json\/wp\/v2\/comments?post=98"}],"version-history":[{"count":2,"href":"https:\/\/eleves.escl.fr\/wp2\/wp-json\/wp\/v2\/pages\/98\/revisions"}],"predecessor-version":[{"id":102,"href":"https:\/\/eleves.escl.fr\/wp2\/wp-json\/wp\/v2\/pages\/98\/revisions\/102"}],"wp:attachment":[{"href":"https:\/\/eleves.escl.fr\/wp2\/wp-json\/wp\/v2\/media?parent=98"}],"curies":[{"name":"wp","href":"https:\/\/api.w.org\/{rel}","templated":true}]}}