{"id":10,"date":"2025-03-25T14:32:17","date_gmt":"2025-03-25T13:32:17","guid":{"rendered":"https:\/\/eleves.escl.fr\/wp2\/y2026\/?page_id=10"},"modified":"2025-03-25T14:48:26","modified_gmt":"2025-03-25T13:48:26","slug":"exemple1","status":"publish","type":"page","link":"https:\/\/eleves.escl.fr\/wp2\/y2026\/exemple1\/","title":{"rendered":"Exemple1"},"content":{"rendered":"\n<p>Comme le d\u00e9signe mon nom, je suis une page destin\u00e9e \u00e0 ma pr\u00e9sentation, et mes r\u00e9alisations.<\/p>\n\n\n\n<figure class=\"wp-block-image size-large\"><img loading=\"lazy\" decoding=\"async\" width=\"1024\" height=\"683\" src=\"https:\/\/eleves.escl.fr\/wp2\/y2026\/wp-content\/uploads\/sites\/17\/2025\/03\/IMG_0093-1024x683.jpg\" alt=\"\" class=\"wp-image-16\" srcset=\"https:\/\/eleves.escl.fr\/wp2\/y2026\/wp-content\/uploads\/sites\/17\/2025\/03\/IMG_0093-1024x683.jpg 1024w, https:\/\/eleves.escl.fr\/wp2\/y2026\/wp-content\/uploads\/sites\/17\/2025\/03\/IMG_0093-300x200.jpg 300w, https:\/\/eleves.escl.fr\/wp2\/y2026\/wp-content\/uploads\/sites\/17\/2025\/03\/IMG_0093-768x512.jpg 768w, https:\/\/eleves.escl.fr\/wp2\/y2026\/wp-content\/uploads\/sites\/17\/2025\/03\/IMG_0093-1536x1024.jpg 1536w, https:\/\/eleves.escl.fr\/wp2\/y2026\/wp-content\/uploads\/sites\/17\/2025\/03\/IMG_0093-2048x1365.jpg 2048w\" sizes=\"auto, (max-width: 1024px) 100vw, 1024px\" \/><\/figure>\n\n\n\n<p><a href=\"https:\/\/eleves.escl.fr\/wp2\/y2026\/\" data-type=\"page\" data-id=\"2\">Retour \u00e0 l&rsquo;accueil.<\/a><\/p>\n\n\n\n<p><\/p>\n","protected":false},"excerpt":{"rendered":"<p>Comme le d\u00e9signe mon nom, je suis une page destin\u00e9e \u00e0 ma pr\u00e9sentation, et mes r\u00e9alisations. Retour \u00e0 l&rsquo;accueil.<\/p>\n","protected":false},"author":1,"featured_media":0,"parent":0,"menu_order":0,"comment_status":"closed","ping_status":"closed","template":"","meta":{"footnotes":""},"class_list":["post-10","page","type-page","status-publish","hentry"],"_links":{"self":[{"href":"https:\/\/eleves.escl.fr\/wp2\/y2026\/wp-json\/wp\/v2\/pages\/10","targetHints":{"allow":["GET"]}}],"collection":[{"href":"https:\/\/eleves.escl.fr\/wp2\/y2026\/wp-json\/wp\/v2\/pages"}],"about":[{"href":"https:\/\/eleves.escl.fr\/wp2\/y2026\/wp-json\/wp\/v2\/types\/page"}],"author":[{"embeddable":true,"href":"https:\/\/eleves.escl.fr\/wp2\/y2026\/wp-json\/wp\/v2\/users\/1"}],"replies":[{"embeddable":true,"href":"https:\/\/eleves.escl.fr\/wp2\/y2026\/wp-json\/wp\/v2\/comments?post=10"}],"version-history":[{"count":3,"href":"https:\/\/eleves.escl.fr\/wp2\/y2026\/wp-json\/wp\/v2\/pages\/10\/revisions"}],"predecessor-version":[{"id":17,"href":"https:\/\/eleves.escl.fr\/wp2\/y2026\/wp-json\/wp\/v2\/pages\/10\/revisions\/17"}],"wp:attachment":[{"href":"https:\/\/eleves.escl.fr\/wp2\/y2026\/wp-json\/wp\/v2\/media?parent=10"}],"curies":[{"name":"wp","href":"https:\/\/api.w.org\/{rel}","templated":true}]}}