{"id":160,"date":"2025-05-13T15:00:25","date_gmt":"2025-05-13T13:00:25","guid":{"rendered":"https:\/\/eleves.escl.fr\/wp2\/y2026\/?page_id=160"},"modified":"2025-09-21T17:33:50","modified_gmt":"2025-09-21T15:33:50","slug":"guittard-jad","status":"publish","type":"page","link":"https:\/\/eleves.escl.fr\/wp2\/y2026\/guittard-jad\/","title":{"rendered":"GUITTARD Jad"},"content":{"rendered":"\n<p>PRESENTATION<\/p>\n\n\n\n<p class=\"is-style-default has-contrast-color has-text-color has-link-color wp-elements-79dacb7d4c4c603aa8fba49dae1e061e\">Je m&rsquo;appelle Jad Guittard j&rsquo;ai 16 ans et je suis en terminal STD2A ( Sciences et Technologies du Design et des Arts Appliqu\u00e9s) au lyc\u00e9e St Pierre St Paul \u00e0 Langogne. <\/p>\n\n\n\n<p>Depuis plusieurs ann\u00e9es, je suis passionn\u00e9 par l&rsquo;univers des sneakers. Au d\u00e9part, c&rsquo;\u00e9tait un simple int\u00e9ret pour les mod\u00e8les et les marques, mais rapidement, j&rsquo;ai commenc\u00e9 \u00e0 m&rsquo;int\u00e9resser aux aspects plus profonds:<\/p>\n\n\n\n<ul class=\"wp-block-list\">\n<li>le design des formes et des lignes,<\/li>\n<\/ul>\n\n\n\n<ul class=\"wp-block-list\">\n<li>le choix des mat\u00e9riaux,<\/li>\n<\/ul>\n\n\n\n<ul class=\"wp-block-list\">\n<li>les couleurs et leur impact visuel,<\/li>\n<\/ul>\n\n\n\n<ul class=\"wp-block-list\">\n<li>ainsi que le c\u00f4t\u00e9 culturel et artistique que les sneakers repr\u00e9sentent.<\/li>\n<\/ul>\n\n\n\n<p>C&rsquo;est cette passion qui m&rsquo;a conduit \u00e0 choisir le design, car j&rsquo;aime imaginer et concevoir des objets qui englobent esth\u00e9tique, fonctionnalit\u00e9 et identit\u00e9.<\/p>\n\n\n\n<p>En STD2A, j&rsquo;ai pu d\u00e9velopper mes comp\u00e9tences dans diff\u00e9rents domaines li\u00e9s \u00e0 la cr\u00e9ation:<\/p>\n\n\n\n<ul class=\"wp-block-list\">\n<li>dessin d&rsquo;observation et d&rsquo;expression,<\/li>\n\n\n\n<li>maquette et volume,<\/li>\n\n\n\n<li>analyse d&rsquo;oeuvres et de projets design,<\/li>\n\n\n\n<li>logiciels de conception (3d,&#8230;)<\/li>\n<\/ul>\n\n\n\n<p>Mon objectif est de poursuivre mes \u00e9tudes dans le design d&rsquo;objet et de produit, afin de pouvoir un jour, avoir la chance de faire le m\u00eatier de designer.<\/p>\n\n\n\n<p>PROJETS<\/p>\n\n\n\n<figure class=\"wp-block-image size-large has-custom-border\"><img loading=\"lazy\" decoding=\"async\" width=\"1024\" height=\"610\" src=\"https:\/\/eleves.escl.fr\/wp2\/y2026\/wp-content\/uploads\/sites\/17\/2025\/09\/book-chess-1024x610.jpg\" alt=\"\" class=\"wp-image-447\" style=\"border-width:1px\" srcset=\"https:\/\/eleves.escl.fr\/wp2\/y2026\/wp-content\/uploads\/sites\/17\/2025\/09\/book-chess-1024x610.jpg 1024w, https:\/\/eleves.escl.fr\/wp2\/y2026\/wp-content\/uploads\/sites\/17\/2025\/09\/book-chess-300x179.jpg 300w, https:\/\/eleves.escl.fr\/wp2\/y2026\/wp-content\/uploads\/sites\/17\/2025\/09\/book-chess-768x457.jpg 768w, https:\/\/eleves.escl.fr\/wp2\/y2026\/wp-content\/uploads\/sites\/17\/2025\/09\/book-chess.jpg 1191w\" sizes=\"auto, (max-width: 1024px) 100vw, 1024px\" \/><\/figure>\n\n\n\n<figure class=\"wp-block-image size-large has-custom-border\"><img loading=\"lazy\" decoding=\"async\" width=\"1024\" height=\"610\" src=\"https:\/\/eleves.escl.fr\/wp2\/y2026\/wp-content\/uploads\/sites\/17\/2025\/09\/book-chess2-1024x610.jpg\" alt=\"\" class=\"wp-image-448\" style=\"border-width:1px\" srcset=\"https:\/\/eleves.escl.fr\/wp2\/y2026\/wp-content\/uploads\/sites\/17\/2025\/09\/book-chess2-1024x610.jpg 1024w, https:\/\/eleves.escl.fr\/wp2\/y2026\/wp-content\/uploads\/sites\/17\/2025\/09\/book-chess2-300x179.jpg 300w, https:\/\/eleves.escl.fr\/wp2\/y2026\/wp-content\/uploads\/sites\/17\/2025\/09\/book-chess2-768x457.jpg 768w, https:\/\/eleves.escl.fr\/wp2\/y2026\/wp-content\/uploads\/sites\/17\/2025\/09\/book-chess2.jpg 1191w\" sizes=\"auto, (max-width: 1024px) 100vw, 1024px\" \/><\/figure>\n\n\n\n<figure class=\"wp-block-image size-large has-custom-border\"><img loading=\"lazy\" decoding=\"async\" width=\"1024\" height=\"610\" src=\"https:\/\/eleves.escl.fr\/wp2\/y2026\/wp-content\/uploads\/sites\/17\/2025\/09\/book-chess3-1024x610.jpg\" alt=\"\" class=\"wp-image-449\" style=\"border-width:1px\" srcset=\"https:\/\/eleves.escl.fr\/wp2\/y2026\/wp-content\/uploads\/sites\/17\/2025\/09\/book-chess3-1024x610.jpg 1024w, https:\/\/eleves.escl.fr\/wp2\/y2026\/wp-content\/uploads\/sites\/17\/2025\/09\/book-chess3-300x179.jpg 300w, https:\/\/eleves.escl.fr\/wp2\/y2026\/wp-content\/uploads\/sites\/17\/2025\/09\/book-chess3-768x457.jpg 768w, https:\/\/eleves.escl.fr\/wp2\/y2026\/wp-content\/uploads\/sites\/17\/2025\/09\/book-chess3.jpg 1191w\" sizes=\"auto, (max-width: 1024px) 100vw, 1024px\" \/><\/figure>\n","protected":false},"excerpt":{"rendered":"<p>PRESENTATION Je m&rsquo;appelle Jad Guittard j&rsquo;ai 16 ans et je suis en terminal STD2A ( Sciences et Technologies du Design et des Arts Appliqu\u00e9s) au lyc\u00e9e St Pierre St Paul \u00e0 Langogne. Depuis plusieurs ann\u00e9es, je suis passionn\u00e9 par l&rsquo;univers des sneakers. Au d\u00e9part, c&rsquo;\u00e9tait un simple int\u00e9ret pour les mod\u00e8les et les marques, mais [&hellip;]<\/p>\n","protected":false},"author":11,"featured_media":0,"parent":0,"menu_order":0,"comment_status":"closed","ping_status":"closed","template":"","meta":{"footnotes":""},"class_list":["post-160","page","type-page","status-publish","hentry"],"_links":{"self":[{"href":"https:\/\/eleves.escl.fr\/wp2\/y2026\/wp-json\/wp\/v2\/pages\/160","targetHints":{"allow":["GET"]}}],"collection":[{"href":"https:\/\/eleves.escl.fr\/wp2\/y2026\/wp-json\/wp\/v2\/pages"}],"about":[{"href":"https:\/\/eleves.escl.fr\/wp2\/y2026\/wp-json\/wp\/v2\/types\/page"}],"author":[{"embeddable":true,"href":"https:\/\/eleves.escl.fr\/wp2\/y2026\/wp-json\/wp\/v2\/users\/11"}],"replies":[{"embeddable":true,"href":"https:\/\/eleves.escl.fr\/wp2\/y2026\/wp-json\/wp\/v2\/comments?post=160"}],"version-history":[{"count":6,"href":"https:\/\/eleves.escl.fr\/wp2\/y2026\/wp-json\/wp\/v2\/pages\/160\/revisions"}],"predecessor-version":[{"id":450,"href":"https:\/\/eleves.escl.fr\/wp2\/y2026\/wp-json\/wp\/v2\/pages\/160\/revisions\/450"}],"wp:attachment":[{"href":"https:\/\/eleves.escl.fr\/wp2\/y2026\/wp-json\/wp\/v2\/media?parent=160"}],"curies":[{"name":"wp","href":"https:\/\/api.w.org\/{rel}","templated":true}]}}