{"id":192,"date":"2025-05-13T15:04:17","date_gmt":"2025-05-13T13:04:17","guid":{"rendered":"https:\/\/eleves.escl.fr\/wp2\/y2026\/?page_id=192"},"modified":"2025-05-19T21:08:17","modified_gmt":"2025-05-19T19:08:17","slug":"brault-ethel","status":"publish","type":"page","link":"https:\/\/eleves.escl.fr\/wp2\/y2026\/brault-ethel\/","title":{"rendered":"BRAULT Ethel"},"content":{"rendered":"\n<div class=\"wp-block-group alignfull is-layout-flow wp-container-core-group-is-layout-f9cb6abc wp-block-group-is-layout-flow\" style=\"margin-top:0;margin-bottom:0\">\n<div class=\"wp-block-columns alignfull is-not-stacked-on-mobile is-layout-flex wp-container-core-columns-is-layout-e154fb6a wp-block-columns-is-layout-flex\" style=\"margin-top:0;margin-bottom:0;padding-top:var(--wp--preset--spacing--40);padding-right:var(--wp--preset--spacing--40);padding-bottom:var(--wp--preset--spacing--80);padding-left:var(--wp--preset--spacing--40)\">\n<div class=\"wp-block-column is-layout-flow wp-block-column-is-layout-flow\" style=\"flex-basis:66.66%\">\n<div class=\"wp-block-group is-vertical is-content-justification-stretch is-layout-flex wp-container-core-group-is-layout-7e003bba wp-block-group-is-layout-flex\">\n<h2 class=\"wp-block-heading has-large-font-size\">Bonjour, je m&rsquo;appel Ethel BRAULT j&rsquo;ai 16 ans et je suis en premi\u00e8re STD2A (sciences et technologies du design et des arts appliqu\u00e9s) au lyc\u00e9e St Pierre St Paul en Loz\u00e8re. <\/h2>\n<\/div>\n\n\n\n<p class=\"has-large-font-size\">J&rsquo;ai choisi cette fili\u00e8re, qui \u00e9tait pour moi une \u00e9vidence, pour d\u00e9velopper d&rsquo;avantage mes capacit\u00e9s et en apprendre sur le design et le graphisme par exemple.<\/p>\n\n\n\n<p class=\"has-large-font-size\"> Les arts mon toujours passionner depuis mon enfance. J&rsquo;ai toujours aim\u00e9e cr\u00e9e et je ne me vois pas faire autre chose que \u00e7a dans ma vie.<\/p>\n\n\n\n<div class=\"wp-block-group is-vertical is-content-justification-stretch is-layout-flex wp-container-core-group-is-layout-7e003bba wp-block-group-is-layout-flex\">\n<div style=\"height:0px\" aria-hidden=\"true\" class=\"wp-block-spacer wp-container-content-36c51660\"><\/div>\n<\/div>\n<\/div>\n\n\n\n<div class=\"wp-block-column is-layout-flow wp-block-column-is-layout-flow\" style=\"flex-basis:12vw\"><\/div>\n\n\n\n<div class=\"wp-block-column is-layout-flow wp-block-column-is-layout-flow\">\n<div class=\"wp-block-group is-content-justification-right is-nowrap is-layout-flex wp-container-core-group-is-layout-17124a9a wp-block-group-is-layout-flex\">\n<p class=\"has-text-align-left\" style=\"line-height:0.6;text-transform:uppercase;writing-mode:vertical-rl\">Atelier gratuit<\/p>\n<\/div>\n<\/div>\n<\/div>\n\n\n\n<div class=\"wp-block-columns alignfull is-style-section-2 is-layout-flex wp-container-core-columns-is-layout-d9884270 wp-block-columns-is-layout-flex is-style-section-2--1\" style=\"padding-top:0;padding-bottom:0\">\n<div class=\"wp-block-column is-layout-flow wp-block-column-is-layout-flow\" style=\"flex-basis:50%\">\n<div class=\"wp-block-group is-vertical is-content-justification-stretch is-layout-flex wp-container-core-group-is-layout-098fff0a wp-block-group-is-layout-flex\" style=\"min-height:33vh;padding-top:var(--wp--preset--spacing--50);padding-right:var(--wp--preset--spacing--50);padding-bottom:var(--wp--preset--spacing--50);padding-left:var(--wp--preset--spacing--50)\">\n<p><\/p>\n\n\n\n<div style=\"height:0px\" aria-hidden=\"true\" class=\"wp-block-spacer wp-container-content-6388d5dc\"><\/div>\n\n\n\n<h2 class=\"wp-block-heading has-xx-large-font-size\"><\/h2>\n<\/div>\n<\/div>\n\n\n\n<div class=\"wp-block-column is-layout-flow wp-block-column-is-layout-flow\" style=\"flex-basis:50%\">\n<div class=\"wp-block-cover is-light\"><img decoding=\"async\" class=\"wp-block-cover__image-background\" alt=\"Photo en gros plan de fleurs blanches sur un arri\u00e8re-plan gris\" src=\"https:\/\/eleves.escl.fr\/wp2\/y2026\/wp-content\/themes\/twentytwentyfive\/assets\/images\/botany-flowers-closeup.webp\" data-object-fit=\"cover\" \/><span aria-hidden=\"true\" class=\"wp-block-cover__background has-background-dim-0 has-background-dim\"><\/span><div class=\"wp-block-cover__inner-container is-layout-flow wp-block-cover-is-layout-flow\">\n<div style=\"height:var(--wp--preset--spacing--20)\" aria-hidden=\"true\" class=\"wp-block-spacer\"><\/div>\n<\/div><\/div>\n<\/div>\n<\/div>\n<\/div>\n\n\n\n<figure class=\"wp-block-image size-large\"><img loading=\"lazy\" decoding=\"async\" width=\"1024\" height=\"512\" src=\"https:\/\/eleves.escl.fr\/wp2\/y2026\/wp-content\/uploads\/sites\/17\/2025\/05\/20240709_125001-1024x512.jpg\" alt=\"\" class=\"wp-image-315\" srcset=\"https:\/\/eleves.escl.fr\/wp2\/y2026\/wp-content\/uploads\/sites\/17\/2025\/05\/20240709_125001-1024x512.jpg 1024w, https:\/\/eleves.escl.fr\/wp2\/y2026\/wp-content\/uploads\/sites\/17\/2025\/05\/20240709_125001-300x150.jpg 300w, https:\/\/eleves.escl.fr\/wp2\/y2026\/wp-content\/uploads\/sites\/17\/2025\/05\/20240709_125001-768x384.jpg 768w, https:\/\/eleves.escl.fr\/wp2\/y2026\/wp-content\/uploads\/sites\/17\/2025\/05\/20240709_125001-1536x768.jpg 1536w, https:\/\/eleves.escl.fr\/wp2\/y2026\/wp-content\/uploads\/sites\/17\/2025\/05\/20240709_125001-2048x1024.jpg 2048w\" sizes=\"auto, (max-width: 1024px) 100vw, 1024px\" \/><figcaption class=\"wp-element-caption\">2   AC EffectRange(1.6) enhenced_scale(1.1) enhenced_level(5.8) isOutdoor(1) result(0)  FM0 CR0.62 [0,3,-1] Prymid2 maxDarkArea0.46 maxBrightArea0.42 maxPeakNotSat3.08 dr20.13 br6.73 wdr4.21 wbr3.57 sbr1.50 ldr25.08 lns0.0 FC000000000bfalic 0000X<\/figcaption><\/figure>\n\n\n\n<figure class=\"wp-block-image size-large\"><img loading=\"lazy\" decoding=\"async\" width=\"512\" height=\"1024\" src=\"https:\/\/eleves.escl.fr\/wp2\/y2026\/wp-content\/uploads\/sites\/17\/2025\/05\/20240924_104628-512x1024.jpg\" alt=\"\" class=\"wp-image-314\" srcset=\"https:\/\/eleves.escl.fr\/wp2\/y2026\/wp-content\/uploads\/sites\/17\/2025\/05\/20240924_104628-512x1024.jpg 512w, https:\/\/eleves.escl.fr\/wp2\/y2026\/wp-content\/uploads\/sites\/17\/2025\/05\/20240924_104628-150x300.jpg 150w, https:\/\/eleves.escl.fr\/wp2\/y2026\/wp-content\/uploads\/sites\/17\/2025\/05\/20240924_104628-768x1536.jpg 768w, https:\/\/eleves.escl.fr\/wp2\/y2026\/wp-content\/uploads\/sites\/17\/2025\/05\/20240924_104628-1024x2048.jpg 1024w, https:\/\/eleves.escl.fr\/wp2\/y2026\/wp-content\/uploads\/sites\/17\/2025\/05\/20240924_104628-scaled.jpg 1280w\" sizes=\"auto, (max-width: 512px) 100vw, 512px\" \/><figcaption class=\"wp-element-caption\">0 FM1 CR1.11 [0,0,0] Prymid2 maxDarkArea0.16 maxBrightArea0.35 maxPeakNotSat2.36 dr65.92 br0.00 wdr41.99 wbr0.00 sbr0.00 ldr67.12 lns51.0 FC011111111bfalic 0000X<\/figcaption><\/figure>\n","protected":false},"excerpt":{"rendered":"<p>Bonjour, je m&rsquo;appel Ethel BRAULT j&rsquo;ai 16 ans et je suis en premi\u00e8re STD2A (sciences et technologies du design et des arts appliqu\u00e9s) au lyc\u00e9e St Pierre St Paul en Loz\u00e8re. J&rsquo;ai choisi cette fili\u00e8re, qui \u00e9tait pour moi une \u00e9vidence, pour d\u00e9velopper d&rsquo;avantage mes capacit\u00e9s et en apprendre sur le design et le graphisme [&hellip;]<\/p>\n","protected":false},"author":10,"featured_media":0,"parent":0,"menu_order":0,"comment_status":"closed","ping_status":"closed","template":"","meta":{"footnotes":""},"class_list":["post-192","page","type-page","status-publish","hentry"],"_links":{"self":[{"href":"https:\/\/eleves.escl.fr\/wp2\/y2026\/wp-json\/wp\/v2\/pages\/192","targetHints":{"allow":["GET"]}}],"collection":[{"href":"https:\/\/eleves.escl.fr\/wp2\/y2026\/wp-json\/wp\/v2\/pages"}],"about":[{"href":"https:\/\/eleves.escl.fr\/wp2\/y2026\/wp-json\/wp\/v2\/types\/page"}],"author":[{"embeddable":true,"href":"https:\/\/eleves.escl.fr\/wp2\/y2026\/wp-json\/wp\/v2\/users\/10"}],"replies":[{"embeddable":true,"href":"https:\/\/eleves.escl.fr\/wp2\/y2026\/wp-json\/wp\/v2\/comments?post=192"}],"version-history":[{"count":5,"href":"https:\/\/eleves.escl.fr\/wp2\/y2026\/wp-json\/wp\/v2\/pages\/192\/revisions"}],"predecessor-version":[{"id":318,"href":"https:\/\/eleves.escl.fr\/wp2\/y2026\/wp-json\/wp\/v2\/pages\/192\/revisions\/318"}],"wp:attachment":[{"href":"https:\/\/eleves.escl.fr\/wp2\/y2026\/wp-json\/wp\/v2\/media?parent=192"}],"curies":[{"name":"wp","href":"https:\/\/api.w.org\/{rel}","templated":true}]}}