{"id":2,"date":"2025-03-25T13:45:38","date_gmt":"2025-03-25T12:45:38","guid":{"rendered":"https:\/\/eleves.escl.fr\/wp2\/y2026\/?page_id=2"},"modified":"2025-05-20T13:45:37","modified_gmt":"2025-05-20T11:45:37","slug":"page-d-exemple","status":"publish","type":"page","link":"https:\/\/eleves.escl.fr\/wp2\/y2026\/","title":{"rendered":"Les Books des STD2A"},"content":{"rendered":"\n<figure class=\"wp-block-image size-large has-custom-border is-style-rounded\" style=\"margin-top:0;margin-right:0;margin-bottom:0;margin-left:0\"><img loading=\"lazy\" decoding=\"async\" width=\"1024\" height=\"683\" src=\"https:\/\/eleves.escl.fr\/wp2\/y2026\/wp-content\/uploads\/sites\/17\/2025\/05\/ChatGPT-Image-1-avr.-2025-22_22_36-1024x683.png\" alt=\"\" class=\"wp-image-149\" style=\"border-width:3px;border-radius:21px;box-shadow:var(--wp--preset--shadow--natural)\" srcset=\"https:\/\/eleves.escl.fr\/wp2\/y2026\/wp-content\/uploads\/sites\/17\/2025\/05\/ChatGPT-Image-1-avr.-2025-22_22_36-1024x683.png 1024w, https:\/\/eleves.escl.fr\/wp2\/y2026\/wp-content\/uploads\/sites\/17\/2025\/05\/ChatGPT-Image-1-avr.-2025-22_22_36-300x200.png 300w, https:\/\/eleves.escl.fr\/wp2\/y2026\/wp-content\/uploads\/sites\/17\/2025\/05\/ChatGPT-Image-1-avr.-2025-22_22_36-768x512.png 768w, https:\/\/eleves.escl.fr\/wp2\/y2026\/wp-content\/uploads\/sites\/17\/2025\/05\/ChatGPT-Image-1-avr.-2025-22_22_36.png 1536w\" sizes=\"auto, (max-width: 1024px) 100vw, 1024px\" \/><\/figure>\n\n\n\n<div class=\"wp-block-cover alignwide has-base-color has-text-color has-link-color has-medium-font-size wp-elements-9ee3abd4d263c83204de2fc243c1f98d\" style=\"border-radius:13px;box-shadow:var(--wp--preset--shadow--natural)\"><img loading=\"lazy\" decoding=\"async\" width=\"2560\" height=\"1707\" class=\"wp-block-cover__image-background wp-image-16\" alt=\"\" src=\"https:\/\/eleves.escl.fr\/wp2\/y2026\/wp-content\/uploads\/sites\/17\/2025\/03\/IMG_0093-scaled.jpg\" style=\"object-position:30% 100%\" data-object-fit=\"cover\" data-object-position=\"30% 100%\" srcset=\"https:\/\/eleves.escl.fr\/wp2\/y2026\/wp-content\/uploads\/sites\/17\/2025\/03\/IMG_0093-scaled.jpg 2560w, https:\/\/eleves.escl.fr\/wp2\/y2026\/wp-content\/uploads\/sites\/17\/2025\/03\/IMG_0093-300x200.jpg 300w, https:\/\/eleves.escl.fr\/wp2\/y2026\/wp-content\/uploads\/sites\/17\/2025\/03\/IMG_0093-1024x683.jpg 1024w, https:\/\/eleves.escl.fr\/wp2\/y2026\/wp-content\/uploads\/sites\/17\/2025\/03\/IMG_0093-768x512.jpg 768w, https:\/\/eleves.escl.fr\/wp2\/y2026\/wp-content\/uploads\/sites\/17\/2025\/03\/IMG_0093-1536x1024.jpg 1536w, https:\/\/eleves.escl.fr\/wp2\/y2026\/wp-content\/uploads\/sites\/17\/2025\/03\/IMG_0093-2048x1365.jpg 2048w\" sizes=\"auto, (max-width: 2560px) 100vw, 2560px\" \/><span aria-hidden=\"true\" class=\"wp-block-cover__background has-background-dim-10 has-background-dim\" style=\"background-color:#515d78\"><\/span><div class=\"wp-block-cover__inner-container has-global-padding is-layout-constrained wp-block-cover-is-layout-constrained\">\n<p class=\"has-text-align-left has-mistral-font-family has-xx-large-font-size\">Session 2026<\/p>\n<\/div><\/div>\n\n\n\n<p>Notre avenir s&rsquo;\u00e9crit en partie ici : <\/p>\n\n\n\n<blockquote class=\"wp-block-quote is-layout-flow wp-block-quote-is-layout-flow\">\n<p>Vous trouverez une page par \u00e9l\u00e8ve, dans laquelle chaque \u00e9l\u00e8ve se pr\u00e9sente et repr\u00e9sente ses travaux :<\/p>\n\n\n\n<ul class=\"wp-block-list\">\n<li><a href=\"https:\/\/eleves.escl.fr\/wp2\/y2026\/exemple1\/\" data-type=\"page\" data-id=\"10\">&#8211;exemple&#8211;<\/a><\/li>\n\n\n\n<li><a href=\"https:\/\/eleves.escl.fr\/wp2\/y2026\/barou-louise\/\" data-type=\"page\" data-id=\"181\">BAROU Louise<\/a><\/li>\n\n\n\n<li><a href=\"https:\/\/eleves.escl.fr\/wp2\/y2026\/boucher-eloise\/\" data-type=\"page\" data-id=\"207\">BOUCHER Eloise<\/a><\/li>\n\n\n\n<li><a href=\"https:\/\/eleves.escl.fr\/wp2\/y2026\/brault-ethel\/\" data-type=\"page\" data-id=\"192\">BRAULT Ethel<\/a><\/li>\n\n\n\n<li><a href=\"https:\/\/eleves.escl.fr\/wp2\/y2026\/castyon-alban\/\" data-type=\"page\" data-id=\"161\">CASTYON Alban<\/a><\/li>\n\n\n\n<li><a href=\"https:\/\/eleves.escl.fr\/wp2\/y2026\/corral-anaelle\/\" data-type=\"page\" data-id=\"164\">CORRAL Ana\u00eblle<\/a><\/li>\n\n\n\n<li><a href=\"https:\/\/eleves.escl.fr\/wp2\/y2026\/fassiaux-camille\/\" data-type=\"page\" data-id=\"210\">FASSIAUX Camille<\/a><\/li>\n\n\n\n<li><a href=\"https:\/\/eleves.escl.fr\/wp2\/vultura\/2025\/05\/12\/ambrus-feyer\/\">FEYER Ambrus<\/a><\/li>\n\n\n\n<li><a href=\"https:\/\/eleves.escl.fr\/wp2\/vultura\/2025\/05\/12\/nathan-garcia\/\" data-type=\"link\" data-id=\"https:\/\/eleves.escl.fr\/wp2\/vultura\/2025\/05\/12\/nathan-garcia\/\">GARCIA Nathan<\/a><\/li>\n\n\n\n<li><a href=\"https:\/\/eleves.escl.fr\/wp2\/y2026\/gibert-tozetti-capucine\/\" data-type=\"page\" data-id=\"196\">GIBERT-TOZETTI Capucine<\/a><\/li>\n\n\n\n<li><a href=\"https:\/\/eleves.escl.fr\/wp2\/y2026\/lucie-guilbaud\/\" data-type=\"link\" data-id=\"https:\/\/eleves.escl.fr\/wp2\/y2026\/lucie-guilbaud\/\">GUIBAUD Lucie<\/a><\/li>\n\n\n\n<li><a href=\"https:\/\/eleves.escl.fr\/wp2\/y2026\/guittard-jad\/\" data-type=\"page\" data-id=\"160\">GUITTARD Jad<\/a><\/li>\n\n\n\n<li><a href=\"https:\/\/eleves.escl.fr\/wp2\/y2026\/hebrard-charline\/\" data-type=\"page\" data-id=\"321\">HEBRARD Charline<\/a><\/li>\n\n\n\n<li><a href=\"https:\/\/eleves.escl.fr\/wp2\/y2026\/larroque-roman\/\" data-type=\"page\" data-id=\"94\">LARROQUE Roman<\/a><\/li>\n\n\n\n<li><a href=\"https:\/\/eleves.escl.fr\/wp2\/y2026\/marecal-lana\/\" data-type=\"page\" data-id=\"49\">MARECAL Lana<\/a><\/li>\n\n\n\n<li><a href=\"https:\/\/eleves.escl.fr\/wp2\/y2026\/moriniere-le-bolzer-anaelle\/\" data-type=\"page\" data-id=\"85\">MORINIERE LE BOLZER Ana\u00eblle<\/a><\/li>\n\n\n\n<li><a href=\"https:\/\/eleves.escl.fr\/wp2\/y2026\/raphaelle-pascal\/\" data-type=\"page\" data-id=\"41\">PASCAL Rapha\u00eblle<\/a><\/li>\n\n\n\n<li><a href=\"https:\/\/eleves.escl.fr\/wp2\/y2026\/prieur-estelle\/\" data-type=\"page\" data-id=\"53\">PRIEUR Estelle<\/a><\/li>\n\n\n\n<li><a href=\"https:\/\/eleves.escl.fr\/wp2\/y2026\/reocreux-cloe\/\" data-type=\"page\" data-id=\"47\">REOCREUX Clo\u00e9<\/a><\/li>\n\n\n\n<li><a href=\"https:\/\/eleves.escl.fr\/wp2\/y2026\/salles-lola\/\" data-type=\"page\" data-id=\"42\">SALLES Lola<\/a><\/li>\n\n\n\n<li><a href=\"https:\/\/eleves.escl.fr\/wp2\/y2026\/samard-julianna\/\" data-type=\"page\" data-id=\"44\">SAMARD Julianna<\/a><\/li>\n\n\n\n<li><a href=\"https:\/\/eleves.escl.fr\/wp2\/y2026\/sauron-camille\/\" data-type=\"page\" data-id=\"50\">SAURON Camille<\/a><\/li>\n\n\n\n<li><a href=\"https:\/\/eleves.escl.fr\/wp2\/y2026\/verots-lili\/\" data-type=\"page\" data-id=\"48\">VEROTS Lili<\/a><\/li>\n\n\n\n<li><a href=\"https:\/\/eleves.escl.fr\/wp2\/y2026\/vignal-manon\/\" data-type=\"page\" data-id=\"45\">VIGNAL Manon<\/a><\/li>\n<\/ul>\n<\/blockquote>\n\n\n\n<p><\/p>\n","protected":false},"excerpt":{"rendered":"<p>Notre avenir s&rsquo;\u00e9crit en partie ici :<\/p>\n","protected":false},"author":1,"featured_media":0,"parent":0,"menu_order":0,"comment_status":"closed","ping_status":"open","template":"","meta":{"footnotes":""},"class_list":["post-2","page","type-page","status-publish","hentry"],"_links":{"self":[{"href":"https:\/\/eleves.escl.fr\/wp2\/y2026\/wp-json\/wp\/v2\/pages\/2","targetHints":{"allow":["GET"]}}],"collection":[{"href":"https:\/\/eleves.escl.fr\/wp2\/y2026\/wp-json\/wp\/v2\/pages"}],"about":[{"href":"https:\/\/eleves.escl.fr\/wp2\/y2026\/wp-json\/wp\/v2\/types\/page"}],"author":[{"embeddable":true,"href":"https:\/\/eleves.escl.fr\/wp2\/y2026\/wp-json\/wp\/v2\/users\/1"}],"replies":[{"embeddable":true,"href":"https:\/\/eleves.escl.fr\/wp2\/y2026\/wp-json\/wp\/v2\/comments?post=2"}],"version-history":[{"count":22,"href":"https:\/\/eleves.escl.fr\/wp2\/y2026\/wp-json\/wp\/v2\/pages\/2\/revisions"}],"predecessor-version":[{"id":333,"href":"https:\/\/eleves.escl.fr\/wp2\/y2026\/wp-json\/wp\/v2\/pages\/2\/revisions\/333"}],"wp:attachment":[{"href":"https:\/\/eleves.escl.fr\/wp2\/y2026\/wp-json\/wp\/v2\/media?parent=2"}],"curies":[{"name":"wp","href":"https:\/\/api.w.org\/{rel}","templated":true}]}}