{"id":321,"date":"2025-05-20T07:35:00","date_gmt":"2025-05-20T05:35:00","guid":{"rendered":"https:\/\/eleves.escl.fr\/wp2\/y2026\/?page_id=321"},"modified":"2025-05-20T07:54:08","modified_gmt":"2025-05-20T05:54:08","slug":"hebrard-charline","status":"publish","type":"page","link":"https:\/\/eleves.escl.fr\/wp2\/y2026\/hebrard-charline\/","title":{"rendered":"HEBRARD Charline"},"content":{"rendered":"\n<p>Bonjour, je m\u2019appelle Charline HEBRARD, j\u2019ai 17 ans, et je suis actuellement en premi\u00e8re STD2A au lyc\u00e9e Saint Pierre Saint Paul, \u00e0 Langogne.<\/p>\n\n\n\n<p>J\u2019ai toujours aim\u00e9 imaginer, cr\u00e9er, dessiner. C\u2019est ce go\u00fbt pour la cr\u00e9ation qui m\u2019a naturellement men\u00e9e vers la fili\u00e8re STD2A. Pendant ces ann\u00e9es, j\u2019ai d\u00e9couvert plusieurs domaines li\u00e9s au design : le design textile, le design d\u2019objet, le design d\u2019espace ou encore le graphisme. Ces exp\u00e9riences m\u2019ont appris \u00e0 construire un projet, de l\u2019id\u00e9e de d\u00e9part jusqu\u2019\u00e0 la r\u00e9alisation finale.<\/p>\n\n\n\n<p>Ce que je pr\u00e9f\u00e8re, c\u2019est tout ce qui touche \u00e0 l\u2019am\u00e9nagement et \u00e0 l\u2019architecture. J\u2019aime penser des espaces, r\u00e9fl\u00e9chir \u00e0 leur organisation, \u00e0 leur ambiance, et \u00e0 la mani\u00e8re dont on s\u2019y sent. Aujourd\u2019hui, je souhaite continuer dans cette voie et apprendre de mani\u00e8re plus concr\u00e8te et professionnelle.<\/p>\n\n\n\n<p>Votre formation repr\u00e9sente pour moi une vraie opportunit\u00e9 de progresser, de mieux me pr\u00e9parer au m\u00e9tier que je vise : travailler dans l\u2019architecture ou le design d\u2019int\u00e9rieur. Je suis motiv\u00e9e, curieuse et pr\u00eate \u00e0 m\u2019impliquer s\u00e9rieusement pour avancer dans cette direction.<\/p>\n\n\n\n<p>Voici l\u2019un des projets r\u00e9alis\u00e9s en premi\u00e8re ann\u00e9e de STD2A : la cr\u00e9ation d\u2019un site web, con\u00e7u en bin\u00f4me avec une camarade.<\/p>\n\n\n\n<p><a href=\"https:\/\/eleves.escl.fr\/wp2\/corps\/\">Les Dessins du Corps<\/a><\/p>\n","protected":false},"excerpt":{"rendered":"<p>Bonjour, je m\u2019appelle Charline HEBRARD, j\u2019ai 17 ans, et je suis actuellement en premi\u00e8re STD2A au lyc\u00e9e Saint Pierre Saint Paul, \u00e0 Langogne. J\u2019ai toujours aim\u00e9 imaginer, cr\u00e9er, dessiner. C\u2019est ce go\u00fbt pour la cr\u00e9ation qui m\u2019a naturellement men\u00e9e vers la fili\u00e8re STD2A. Pendant ces ann\u00e9es, j\u2019ai d\u00e9couvert plusieurs domaines li\u00e9s au design : le [&hellip;]<\/p>\n","protected":false},"author":8,"featured_media":0,"parent":0,"menu_order":0,"comment_status":"closed","ping_status":"closed","template":"","meta":{"footnotes":""},"class_list":["post-321","page","type-page","status-publish","hentry"],"_links":{"self":[{"href":"https:\/\/eleves.escl.fr\/wp2\/y2026\/wp-json\/wp\/v2\/pages\/321","targetHints":{"allow":["GET"]}}],"collection":[{"href":"https:\/\/eleves.escl.fr\/wp2\/y2026\/wp-json\/wp\/v2\/pages"}],"about":[{"href":"https:\/\/eleves.escl.fr\/wp2\/y2026\/wp-json\/wp\/v2\/types\/page"}],"author":[{"embeddable":true,"href":"https:\/\/eleves.escl.fr\/wp2\/y2026\/wp-json\/wp\/v2\/users\/8"}],"replies":[{"embeddable":true,"href":"https:\/\/eleves.escl.fr\/wp2\/y2026\/wp-json\/wp\/v2\/comments?post=321"}],"version-history":[{"count":2,"href":"https:\/\/eleves.escl.fr\/wp2\/y2026\/wp-json\/wp\/v2\/pages\/321\/revisions"}],"predecessor-version":[{"id":324,"href":"https:\/\/eleves.escl.fr\/wp2\/y2026\/wp-json\/wp\/v2\/pages\/321\/revisions\/324"}],"wp:attachment":[{"href":"https:\/\/eleves.escl.fr\/wp2\/y2026\/wp-json\/wp\/v2\/media?parent=321"}],"curies":[{"name":"wp","href":"https:\/\/api.w.org\/{rel}","templated":true}]}}